{"id":31626,"date":"2022-06-13T13:26:01","date_gmt":"2022-06-13T11:26:01","guid":{"rendered":"https:\/\/staging.lucky-hunter.com\/product\/niggeloh-blood-tracking-lead-trail-ultra\/"},"modified":"2022-10-28T11:59:40","modified_gmt":"2022-10-28T09:59:40","slug":"niggeloh-blood-tracking-lead-trail-ultra","status":"publish","type":"product","link":"https:\/\/staging.lucky-hunter.com\/fr\/product\/niggeloh-blood-tracking-lead-trail-ultra\/","title":{"rendered":"Laisse de Recherche au Sang Niggeloh &#8211; Trail Ultra"},"content":{"rendered":"<h2><strong>Laisse de pistage de haute qualit\u00e9 de 20 mm, par la marque allemande Niggeloh<\/strong><\/h2>\n<p>Le design \u00e0 cotes obliques, typique de Niggeloh, vous permet de tenir cette laisse confortablement et fermement.<\/p>\n<p>La nouvelle technique de sangle \u00e0 bords renforc\u00e9s prot\u00e8ge votre main des br\u00fblures abrasives.<\/p>\n<p>La laisse Niggeloh TRAIL Ultra est r\u00e9sistante \u00e0 l&#8217;eau et \u00e0 la salet\u00e9, durable et capable d\u2019endurer les pires conditions d&#8217;usure.<\/p>\n<p>Ultra-l\u00e9g\u00e8re, elle mesure 12 m de long et 20 mm de large.<\/p>\n<p>Jaune fluo et rouge fluo (cotes obliques) avec BANDES R\u00c9FL\u00c9CHISSANTES tress\u00e9es.<\/p>\n<p>Le stoppeur en cuir vous avertit un m\u00e8tre avant la fin de la laisse.<\/p>\n","protected":false},"excerpt":{"rendered":"<p>La laisse Niggeloh TRAIL Ultra est r\u00e9sistante \u00e0 l&#8217;eau et \u00e0 la salet\u00e9, durable et capable d\u2019endurer les pires conditions d&#8217;usure.<\/p>\n","protected":false},"featured_media":30879,"template":"","meta":[],"product_brand":[8199],"product_cat":[8261],"product_tag":[],"yoast_head":"<!-- This site is optimized with the Yoast SEO plugin v24.3 - https:\/\/yoast.com\/wordpress\/plugins\/seo\/ -->\n<title>Niggeloh Blood Tracking Lead &quot;TRAIL Ultra&quot;<\/title>\n<meta name=\"description\" content=\"Niggeloh \u201cTRAIL Ultra&quot; dog leash is water resistant, long-lasting, keeps clean and endures your worst conditions of wear and tear.\" \/>\n<meta name=\"robots\" content=\"noindex, follow, max-snippet:-1, max-image-preview:large, max-video-preview:-1\" \/>\n<meta property=\"og:locale\" content=\"fr_FR\" \/>\n<meta property=\"og:type\" content=\"article\" \/>\n<meta property=\"og:title\" content=\"Niggeloh Blood Tracking Lead &quot;TRAIL Ultra&quot;\" \/>\n<meta property=\"og:description\" content=\"Niggeloh \u201cTRAIL Ultra&quot; dog leash is water resistant, long-lasting, keeps clean and endures your worst conditions of wear and tear.\" \/>\n<meta property=\"og:url\" content=\"https:\/\/staging.lucky-hunter.com\/fr\/product\/niggeloh-blood-tracking-lead-trail-ultra\/\" \/>\n<meta property=\"og:site_name\" content=\"Lucky-Hunter\" \/>\n<meta property=\"article:modified_time\" content=\"2022-10-28T09:59:40+00:00\" \/>\n<meta property=\"og:image\" content=\"https:\/\/staging.lucky-hunter.com\/wp-content\/uploads\/2022\/06\/NI-161700001-Schweissriemen-TRAIL-20mm-12M-rot-gelb_frei-medium-1.png\" \/>\n\t<meta property=\"og:image:width\" content=\"1600\" \/>\n\t<meta property=\"og:image:height\" content=\"294\" \/>\n\t<meta property=\"og:image:type\" content=\"image\/png\" \/>\n<meta name=\"twitter:card\" content=\"summary_large_image\" \/>\n<meta name=\"twitter:label1\" content=\"Dur\u00e9e de lecture estim\u00e9e\" \/>\n\t<meta name=\"twitter:data1\" content=\"1 minute\" \/>\n<script type=\"application\/ld+json\" class=\"yoast-schema-graph\">{\"@context\":\"https:\/\/schema.org\",\"@graph\":[{\"@type\":\"WebPage\",\"@id\":\"https:\/\/staging.lucky-hunter.com\/fr\/product\/niggeloh-blood-tracking-lead-trail-ultra\/\",\"url\":\"https:\/\/staging.lucky-hunter.com\/fr\/product\/niggeloh-blood-tracking-lead-trail-ultra\/\",\"name\":\"Niggeloh Blood Tracking Lead \\\"TRAIL Ultra\\\"\",\"isPartOf\":{\"@id\":\"https:\/\/staging.lucky-hunter.com\/#website\"},\"primaryImageOfPage\":{\"@id\":\"https:\/\/staging.lucky-hunter.com\/fr\/product\/niggeloh-blood-tracking-lead-trail-ultra\/#primaryimage\"},\"image\":{\"@id\":\"https:\/\/staging.lucky-hunter.com\/fr\/product\/niggeloh-blood-tracking-lead-trail-ultra\/#primaryimage\"},\"thumbnailUrl\":\"https:\/\/staging.lucky-hunter.com\/wp-content\/uploads\/2022\/06\/NI-161700001-Schweissriemen-TRAIL-20mm-12M-rot-gelb_frei-medium-1.png\",\"datePublished\":\"2022-06-13T11:26:01+00:00\",\"dateModified\":\"2022-10-28T09:59:40+00:00\",\"description\":\"Niggeloh \u201cTRAIL Ultra\\\" dog leash is water resistant, long-lasting, keeps clean and endures your worst conditions of wear and tear.\",\"breadcrumb\":{\"@id\":\"https:\/\/staging.lucky-hunter.com\/fr\/product\/niggeloh-blood-tracking-lead-trail-ultra\/#breadcrumb\"},\"inLanguage\":\"fr-FR\",\"potentialAction\":[{\"@type\":\"ReadAction\",\"target\":[\"https:\/\/staging.lucky-hunter.com\/fr\/product\/niggeloh-blood-tracking-lead-trail-ultra\/\"]}]},{\"@type\":\"ImageObject\",\"inLanguage\":\"fr-FR\",\"@id\":\"https:\/\/staging.lucky-hunter.com\/fr\/product\/niggeloh-blood-tracking-lead-trail-ultra\/#primaryimage\",\"url\":\"https:\/\/staging.lucky-hunter.com\/wp-content\/uploads\/2022\/06\/NI-161700001-Schweissriemen-TRAIL-20mm-12M-rot-gelb_frei-medium-1.png\",\"contentUrl\":\"https:\/\/staging.lucky-hunter.com\/wp-content\/uploads\/2022\/06\/NI-161700001-Schweissriemen-TRAIL-20mm-12M-rot-gelb_frei-medium-1.png\",\"width\":1600,\"height\":294},{\"@type\":\"BreadcrumbList\",\"@id\":\"https:\/\/staging.lucky-hunter.com\/fr\/product\/niggeloh-blood-tracking-lead-trail-ultra\/#breadcrumb\",\"itemListElement\":[{\"@type\":\"ListItem\",\"position\":1,\"name\":\"Home\",\"item\":\"https:\/\/staging.lucky-hunter.com\/fr\/\"},{\"@type\":\"ListItem\",\"position\":2,\"name\":\"Boutique\",\"item\":\"https:\/\/staging.lucky-hunter.com\/fr\/shop\/\"},{\"@type\":\"ListItem\",\"position\":3,\"name\":\"Laisse de Recherche au Sang Niggeloh &#8211; Trail Ultra\"}]},{\"@type\":\"WebSite\",\"@id\":\"https:\/\/staging.lucky-hunter.com\/#website\",\"url\":\"https:\/\/staging.lucky-hunter.com\/\",\"name\":\"Lucky-Hunter\",\"description\":\"Gear Up or Give Up\",\"potentialAction\":[{\"@type\":\"SearchAction\",\"target\":{\"@type\":\"EntryPoint\",\"urlTemplate\":\"https:\/\/staging.lucky-hunter.com\/?s={search_term_string}\"},\"query-input\":{\"@type\":\"PropertyValueSpecification\",\"valueRequired\":true,\"valueName\":\"search_term_string\"}}],\"inLanguage\":\"fr-FR\"}]}<\/script>\n<!-- \/ Yoast SEO plugin. -->","yoast_head_json":{"title":"Niggeloh Blood Tracking Lead \"TRAIL Ultra\"","description":"Niggeloh \u201cTRAIL Ultra\" dog leash is water resistant, long-lasting, keeps clean and endures your worst conditions of wear and tear.","robots":{"index":"noindex","follow":"follow","max-snippet":"max-snippet:-1","max-image-preview":"max-image-preview:large","max-video-preview":"max-video-preview:-1"},"og_locale":"fr_FR","og_type":"article","og_title":"Niggeloh Blood Tracking Lead \"TRAIL Ultra\"","og_description":"Niggeloh \u201cTRAIL Ultra\" dog leash is water resistant, long-lasting, keeps clean and endures your worst conditions of wear and tear.","og_url":"https:\/\/staging.lucky-hunter.com\/fr\/product\/niggeloh-blood-tracking-lead-trail-ultra\/","og_site_name":"Lucky-Hunter","article_modified_time":"2022-10-28T09:59:40+00:00","og_image":[{"width":1600,"height":294,"url":"https:\/\/staging.lucky-hunter.com\/wp-content\/uploads\/2022\/06\/NI-161700001-Schweissriemen-TRAIL-20mm-12M-rot-gelb_frei-medium-1.png","type":"image\/png"}],"twitter_card":"summary_large_image","twitter_misc":{"Dur\u00e9e de lecture estim\u00e9e":"1 minute"},"schema":{"@context":"https:\/\/schema.org","@graph":[{"@type":"WebPage","@id":"https:\/\/staging.lucky-hunter.com\/fr\/product\/niggeloh-blood-tracking-lead-trail-ultra\/","url":"https:\/\/staging.lucky-hunter.com\/fr\/product\/niggeloh-blood-tracking-lead-trail-ultra\/","name":"Niggeloh Blood Tracking Lead \"TRAIL Ultra\"","isPartOf":{"@id":"https:\/\/staging.lucky-hunter.com\/#website"},"primaryImageOfPage":{"@id":"https:\/\/staging.lucky-hunter.com\/fr\/product\/niggeloh-blood-tracking-lead-trail-ultra\/#primaryimage"},"image":{"@id":"https:\/\/staging.lucky-hunter.com\/fr\/product\/niggeloh-blood-tracking-lead-trail-ultra\/#primaryimage"},"thumbnailUrl":"https:\/\/staging.lucky-hunter.com\/wp-content\/uploads\/2022\/06\/NI-161700001-Schweissriemen-TRAIL-20mm-12M-rot-gelb_frei-medium-1.png","datePublished":"2022-06-13T11:26:01+00:00","dateModified":"2022-10-28T09:59:40+00:00","description":"Niggeloh \u201cTRAIL Ultra\" dog leash is water resistant, long-lasting, keeps clean and endures your worst conditions of wear and tear.","breadcrumb":{"@id":"https:\/\/staging.lucky-hunter.com\/fr\/product\/niggeloh-blood-tracking-lead-trail-ultra\/#breadcrumb"},"inLanguage":"fr-FR","potentialAction":[{"@type":"ReadAction","target":["https:\/\/staging.lucky-hunter.com\/fr\/product\/niggeloh-blood-tracking-lead-trail-ultra\/"]}]},{"@type":"ImageObject","inLanguage":"fr-FR","@id":"https:\/\/staging.lucky-hunter.com\/fr\/product\/niggeloh-blood-tracking-lead-trail-ultra\/#primaryimage","url":"https:\/\/staging.lucky-hunter.com\/wp-content\/uploads\/2022\/06\/NI-161700001-Schweissriemen-TRAIL-20mm-12M-rot-gelb_frei-medium-1.png","contentUrl":"https:\/\/staging.lucky-hunter.com\/wp-content\/uploads\/2022\/06\/NI-161700001-Schweissriemen-TRAIL-20mm-12M-rot-gelb_frei-medium-1.png","width":1600,"height":294},{"@type":"BreadcrumbList","@id":"https:\/\/staging.lucky-hunter.com\/fr\/product\/niggeloh-blood-tracking-lead-trail-ultra\/#breadcrumb","itemListElement":[{"@type":"ListItem","position":1,"name":"Home","item":"https:\/\/staging.lucky-hunter.com\/fr\/"},{"@type":"ListItem","position":2,"name":"Boutique","item":"https:\/\/staging.lucky-hunter.com\/fr\/shop\/"},{"@type":"ListItem","position":3,"name":"Laisse de Recherche au Sang Niggeloh &#8211; Trail Ultra"}]},{"@type":"WebSite","@id":"https:\/\/staging.lucky-hunter.com\/#website","url":"https:\/\/staging.lucky-hunter.com\/","name":"Lucky-Hunter","description":"Gear Up or Give Up","potentialAction":[{"@type":"SearchAction","target":{"@type":"EntryPoint","urlTemplate":"https:\/\/staging.lucky-hunter.com\/?s={search_term_string}"},"query-input":{"@type":"PropertyValueSpecification","valueRequired":true,"valueName":"search_term_string"}}],"inLanguage":"fr-FR"}]}},"_links":{"self":[{"href":"https:\/\/staging.lucky-hunter.com\/fr\/wp-json\/wp\/v2\/product\/31626"}],"collection":[{"href":"https:\/\/staging.lucky-hunter.com\/fr\/wp-json\/wp\/v2\/product"}],"about":[{"href":"https:\/\/staging.lucky-hunter.com\/fr\/wp-json\/wp\/v2\/types\/product"}],"wp:featuredmedia":[{"embeddable":true,"href":"https:\/\/staging.lucky-hunter.com\/fr\/wp-json\/wp\/v2\/media\/30879"}],"wp:attachment":[{"href":"https:\/\/staging.lucky-hunter.com\/fr\/wp-json\/wp\/v2\/media?parent=31626"}],"wp:term":[{"taxonomy":"product_brand","embeddable":true,"href":"https:\/\/staging.lucky-hunter.com\/fr\/wp-json\/wp\/v2\/product_brand?post=31626"},{"taxonomy":"product_cat","embeddable":true,"href":"https:\/\/staging.lucky-hunter.com\/fr\/wp-json\/wp\/v2\/product_cat?post=31626"},{"taxonomy":"product_tag","embeddable":true,"href":"https:\/\/staging.lucky-hunter.com\/fr\/wp-json\/wp\/v2\/product_tag?post=31626"}],"curies":[{"name":"wp","href":"https:\/\/api.w.org\/{rel}","templated":true}]}}