{"id":31621,"date":"2022-06-21T12:50:38","date_gmt":"2022-06-21T10:50:38","guid":{"rendered":"https:\/\/staging.lucky-hunter.com\/product\/beavertail-headrest-hunters-pillow\/"},"modified":"2022-10-28T11:59:37","modified_gmt":"2022-10-28T09:59:37","slug":"beavertail-headrest-hunters-pillow","status":"publish","type":"product","link":"https:\/\/staging.lucky-hunter.com\/fr\/product\/beavertail-headrest-hunters-pillow\/","title":{"rendered":"Appui-t\u00eate Beavertail &#8211; Le Coussin du Chasseur"},"content":{"rendered":"<p>Appui-t\u00eate polyvalent avec rembourrage en mousse, con\u00e7u pour s\u2019ajouter au dossier de votre bateau Beavertail Final Attack ou \u00e0 celui de votre aff\u00fbt Predator.<\/p>\n<p>Avec ce nouvel appui-t\u00eate, vous pouvez rester allong\u00e9 confortablement dans l\u2019aff\u00fbt pendant de nombreuses heures. En plus, le coussin vous aidera \u00e0 vous prot\u00e9ger du froid.<\/p>\n<p>L\u00e9ger et tr\u00e8s facile \u00e0 transporter.<\/p>\n<p>Fait de mat\u00e9riaux durables et r\u00e9sistants aux intemp\u00e9ries.<\/p>\n<p>Dimensions : 40 x 25 x 10 cm<\/p>\n<p>\u00a0<\/p>\n","protected":false},"excerpt":{"rendered":"<p>Appui-t\u00eate polyvalent avec rembourrage en mousse, con\u00e7u pour votre bateau Beavertail Final Attack ou votre aff\u00fbt Predator. Restez allong\u00e9 confortablement et au chaud pendant des heures.<\/p>\n","protected":false},"featured_media":115017,"template":"","meta":[],"product_brand":[8133],"product_cat":[8171],"product_tag":[],"yoast_head":"<!-- This site is optimized with the Yoast SEO plugin v24.3 - https:\/\/yoast.com\/wordpress\/plugins\/seo\/ -->\n<title>Beavertail Headrest - Hunters Pillow. Lucky-Hunter.com<\/title>\n<meta name=\"description\" content=\"Multi purpose foam filled headrest designed for your Beavertail Final Attack boat and Predator blind. Stay warm and comfortable.\" \/>\n<meta name=\"robots\" content=\"noindex, follow, max-snippet:-1, max-image-preview:large, max-video-preview:-1\" \/>\n<meta property=\"og:locale\" content=\"fr_FR\" \/>\n<meta property=\"og:type\" content=\"article\" \/>\n<meta property=\"og:title\" content=\"Beavertail Headrest - Hunters Pillow. Lucky-Hunter.com\" \/>\n<meta property=\"og:description\" content=\"Multi purpose foam filled headrest designed for your Beavertail Final Attack boat and Predator blind. Stay warm and comfortable.\" \/>\n<meta property=\"og:url\" content=\"https:\/\/staging.lucky-hunter.com\/product\/beavertail-headrest-hunters-pillow\/\" \/>\n<meta property=\"og:site_name\" content=\"Lucky-Hunter\" \/>\n<meta property=\"article:modified_time\" content=\"2022-10-28T09:59:37+00:00\" \/>\n<meta property=\"og:image\" content=\"https:\/\/staging.lucky-hunter.com\/wp-content\/uploads\/2022\/06\/PU-505-removebg.png\" \/>\n\t<meta property=\"og:image:width\" content=\"800\" \/>\n\t<meta property=\"og:image:height\" content=\"800\" \/>\n\t<meta property=\"og:image:type\" content=\"image\/png\" \/>\n<meta name=\"twitter:card\" content=\"summary_large_image\" \/>\n<meta name=\"twitter:label1\" content=\"Dur\u00e9e de lecture estim\u00e9e\" \/>\n\t<meta name=\"twitter:data1\" content=\"1 minute\" \/>\n<script type=\"application\/ld+json\" class=\"yoast-schema-graph\">{\"@context\":\"https:\/\/schema.org\",\"@graph\":[{\"@type\":\"WebPage\",\"@id\":\"https:\/\/staging.lucky-hunter.com\/product\/beavertail-headrest-hunters-pillow\/\",\"url\":\"https:\/\/staging.lucky-hunter.com\/product\/beavertail-headrest-hunters-pillow\/\",\"name\":\"Beavertail Headrest - Hunters Pillow. Lucky-Hunter.com\",\"isPartOf\":{\"@id\":\"https:\/\/staging.lucky-hunter.com\/#website\"},\"primaryImageOfPage\":{\"@id\":\"https:\/\/staging.lucky-hunter.com\/product\/beavertail-headrest-hunters-pillow\/#primaryimage\"},\"image\":{\"@id\":\"https:\/\/staging.lucky-hunter.com\/product\/beavertail-headrest-hunters-pillow\/#primaryimage\"},\"thumbnailUrl\":\"https:\/\/staging.lucky-hunter.com\/wp-content\/uploads\/2022\/06\/PU-505-removebg.png\",\"datePublished\":\"2022-06-21T10:50:38+00:00\",\"dateModified\":\"2022-10-28T09:59:37+00:00\",\"description\":\"Multi purpose foam filled headrest designed for your Beavertail Final Attack boat and Predator blind. Stay warm and comfortable.\",\"breadcrumb\":{\"@id\":\"https:\/\/staging.lucky-hunter.com\/product\/beavertail-headrest-hunters-pillow\/#breadcrumb\"},\"inLanguage\":\"fr-FR\",\"potentialAction\":[{\"@type\":\"ReadAction\",\"target\":[\"https:\/\/staging.lucky-hunter.com\/product\/beavertail-headrest-hunters-pillow\/\"]}]},{\"@type\":\"ImageObject\",\"inLanguage\":\"fr-FR\",\"@id\":\"https:\/\/staging.lucky-hunter.com\/product\/beavertail-headrest-hunters-pillow\/#primaryimage\",\"url\":\"https:\/\/staging.lucky-hunter.com\/wp-content\/uploads\/2022\/06\/PU-505-removebg.png\",\"contentUrl\":\"https:\/\/staging.lucky-hunter.com\/wp-content\/uploads\/2022\/06\/PU-505-removebg.png\",\"width\":800,\"height\":800},{\"@type\":\"BreadcrumbList\",\"@id\":\"https:\/\/staging.lucky-hunter.com\/product\/beavertail-headrest-hunters-pillow\/#breadcrumb\",\"itemListElement\":[{\"@type\":\"ListItem\",\"position\":1,\"name\":\"Home\",\"item\":\"https:\/\/staging.lucky-hunter.com\/fr\/\"},{\"@type\":\"ListItem\",\"position\":2,\"name\":\"Boutique\",\"item\":\"https:\/\/staging.lucky-hunter.com\/fr\/shop\/\"},{\"@type\":\"ListItem\",\"position\":3,\"name\":\"Appui-t\u00eate Beavertail &#8211; Le Coussin du Chasseur\"}]},{\"@type\":\"WebSite\",\"@id\":\"https:\/\/staging.lucky-hunter.com\/#website\",\"url\":\"https:\/\/staging.lucky-hunter.com\/\",\"name\":\"Lucky-Hunter\",\"description\":\"Gear Up or Give Up\",\"potentialAction\":[{\"@type\":\"SearchAction\",\"target\":{\"@type\":\"EntryPoint\",\"urlTemplate\":\"https:\/\/staging.lucky-hunter.com\/?s={search_term_string}\"},\"query-input\":{\"@type\":\"PropertyValueSpecification\",\"valueRequired\":true,\"valueName\":\"search_term_string\"}}],\"inLanguage\":\"fr-FR\"}]}<\/script>\n<!-- \/ Yoast SEO plugin. -->","yoast_head_json":{"title":"Beavertail Headrest - Hunters Pillow. Lucky-Hunter.com","description":"Multi purpose foam filled headrest designed for your Beavertail Final Attack boat and Predator blind. Stay warm and comfortable.","robots":{"index":"noindex","follow":"follow","max-snippet":"max-snippet:-1","max-image-preview":"max-image-preview:large","max-video-preview":"max-video-preview:-1"},"og_locale":"fr_FR","og_type":"article","og_title":"Beavertail Headrest - Hunters Pillow. Lucky-Hunter.com","og_description":"Multi purpose foam filled headrest designed for your Beavertail Final Attack boat and Predator blind. Stay warm and comfortable.","og_url":"https:\/\/staging.lucky-hunter.com\/product\/beavertail-headrest-hunters-pillow\/","og_site_name":"Lucky-Hunter","article_modified_time":"2022-10-28T09:59:37+00:00","og_image":[{"width":800,"height":800,"url":"https:\/\/staging.lucky-hunter.com\/wp-content\/uploads\/2022\/06\/PU-505-removebg.png","type":"image\/png"}],"twitter_card":"summary_large_image","twitter_misc":{"Dur\u00e9e de lecture estim\u00e9e":"1 minute"},"schema":{"@context":"https:\/\/schema.org","@graph":[{"@type":"WebPage","@id":"https:\/\/staging.lucky-hunter.com\/product\/beavertail-headrest-hunters-pillow\/","url":"https:\/\/staging.lucky-hunter.com\/product\/beavertail-headrest-hunters-pillow\/","name":"Beavertail Headrest - Hunters Pillow. Lucky-Hunter.com","isPartOf":{"@id":"https:\/\/staging.lucky-hunter.com\/#website"},"primaryImageOfPage":{"@id":"https:\/\/staging.lucky-hunter.com\/product\/beavertail-headrest-hunters-pillow\/#primaryimage"},"image":{"@id":"https:\/\/staging.lucky-hunter.com\/product\/beavertail-headrest-hunters-pillow\/#primaryimage"},"thumbnailUrl":"https:\/\/staging.lucky-hunter.com\/wp-content\/uploads\/2022\/06\/PU-505-removebg.png","datePublished":"2022-06-21T10:50:38+00:00","dateModified":"2022-10-28T09:59:37+00:00","description":"Multi purpose foam filled headrest designed for your Beavertail Final Attack boat and Predator blind. Stay warm and comfortable.","breadcrumb":{"@id":"https:\/\/staging.lucky-hunter.com\/product\/beavertail-headrest-hunters-pillow\/#breadcrumb"},"inLanguage":"fr-FR","potentialAction":[{"@type":"ReadAction","target":["https:\/\/staging.lucky-hunter.com\/product\/beavertail-headrest-hunters-pillow\/"]}]},{"@type":"ImageObject","inLanguage":"fr-FR","@id":"https:\/\/staging.lucky-hunter.com\/product\/beavertail-headrest-hunters-pillow\/#primaryimage","url":"https:\/\/staging.lucky-hunter.com\/wp-content\/uploads\/2022\/06\/PU-505-removebg.png","contentUrl":"https:\/\/staging.lucky-hunter.com\/wp-content\/uploads\/2022\/06\/PU-505-removebg.png","width":800,"height":800},{"@type":"BreadcrumbList","@id":"https:\/\/staging.lucky-hunter.com\/product\/beavertail-headrest-hunters-pillow\/#breadcrumb","itemListElement":[{"@type":"ListItem","position":1,"name":"Home","item":"https:\/\/staging.lucky-hunter.com\/fr\/"},{"@type":"ListItem","position":2,"name":"Boutique","item":"https:\/\/staging.lucky-hunter.com\/fr\/shop\/"},{"@type":"ListItem","position":3,"name":"Appui-t\u00eate Beavertail &#8211; Le Coussin du Chasseur"}]},{"@type":"WebSite","@id":"https:\/\/staging.lucky-hunter.com\/#website","url":"https:\/\/staging.lucky-hunter.com\/","name":"Lucky-Hunter","description":"Gear Up or Give Up","potentialAction":[{"@type":"SearchAction","target":{"@type":"EntryPoint","urlTemplate":"https:\/\/staging.lucky-hunter.com\/?s={search_term_string}"},"query-input":{"@type":"PropertyValueSpecification","valueRequired":true,"valueName":"search_term_string"}}],"inLanguage":"fr-FR"}]}},"_links":{"self":[{"href":"https:\/\/staging.lucky-hunter.com\/fr\/wp-json\/wp\/v2\/product\/31621"}],"collection":[{"href":"https:\/\/staging.lucky-hunter.com\/fr\/wp-json\/wp\/v2\/product"}],"about":[{"href":"https:\/\/staging.lucky-hunter.com\/fr\/wp-json\/wp\/v2\/types\/product"}],"wp:featuredmedia":[{"embeddable":true,"href":"https:\/\/staging.lucky-hunter.com\/fr\/wp-json\/wp\/v2\/media\/115017"}],"wp:attachment":[{"href":"https:\/\/staging.lucky-hunter.com\/fr\/wp-json\/wp\/v2\/media?parent=31621"}],"wp:term":[{"taxonomy":"product_brand","embeddable":true,"href":"https:\/\/staging.lucky-hunter.com\/fr\/wp-json\/wp\/v2\/product_brand?post=31621"},{"taxonomy":"product_cat","embeddable":true,"href":"https:\/\/staging.lucky-hunter.com\/fr\/wp-json\/wp\/v2\/product_cat?post=31621"},{"taxonomy":"product_tag","embeddable":true,"href":"https:\/\/staging.lucky-hunter.com\/fr\/wp-json\/wp\/v2\/product_tag?post=31621"}],"curies":[{"name":"wp","href":"https:\/\/api.w.org\/{rel}","templated":true}]}}