{"id":31620,"date":"2022-06-21T14:14:57","date_gmt":"2022-06-21T12:14:57","guid":{"rendered":"https:\/\/staging.lucky-hunter.com\/product\/beavertail-ghillie-mat\/"},"modified":"2022-11-22T15:17:13","modified_gmt":"2022-11-22T14:17:13","slug":"beavertail-ghillie-mat","status":"publish","type":"product","link":"https:\/\/staging.lucky-hunter.com\/fr\/product\/beavertail-ghillie-mat\/","title":{"rendered":"Natte Ghillie Beavertail"},"content":{"rendered":"<h2><strong>Camouflage naturel et efficace pour votre aff\u00fbt de chasse<\/strong><\/h2>\n<p>Exclusivit\u00e9 Beavertail, cette natte de type ghillie comprend plus de 1200 brins et un support en filet robuste nou\u00e9 \u00e0 la main.<\/p>\n<p>Elle est tr\u00e8s durable et ne risque pas de se fissurer ou de se d\u00e9chirer comme le font les feuilles de palmier dont sont faits de nombreux produits ghillie.<\/p>\n<p>S&#8217;enroule facilement autour des coins et s&#8217;adapte \u00e0 toutes les formes d\u2019aff\u00fbt.<\/p>\n<p>Peut \u00eatre teinte ou peinte pour n&#8217;importe quelle utilisation.<\/p>\n<p>Chaque natte dispose de 3 crochets \u00e0 clipser.<\/p>\n<p>Une natte couvre environ 1,8 m2.<\/p>\n<p>\u00a0<\/p>\n","protected":false},"excerpt":{"rendered":"<p>Exclusivit\u00e9 Beavertail, cette natte de type ghillie comprend plus de 1200 brins et un support en filet robuste nou\u00e9 \u00e0 la main.<\/p>\n","protected":false},"featured_media":56375,"template":"","meta":[],"product_brand":[8133],"product_cat":[8164],"product_tag":[],"yoast_head":"<!-- This site is optimized with the Yoast SEO plugin v24.3 - https:\/\/yoast.com\/wordpress\/plugins\/seo\/ -->\n<title>Beavertail Ghillie Mat - Natural and effective camouflage for hunting blinds<\/title>\n<meta name=\"description\" content=\"This exclusive Beavertail Ghillie Mat has more than 1,200 strands per mat and a hand-tied on rugged net backing.\" \/>\n<meta name=\"robots\" content=\"noindex, follow, max-snippet:-1, max-image-preview:large, max-video-preview:-1\" \/>\n<meta property=\"og:locale\" content=\"fr_FR\" \/>\n<meta property=\"og:type\" content=\"article\" \/>\n<meta property=\"og:title\" content=\"Beavertail Ghillie Mat - Natural and effective camouflage for hunting blinds\" \/>\n<meta property=\"og:description\" content=\"This exclusive Beavertail Ghillie Mat has more than 1,200 strands per mat and a hand-tied on rugged net backing.\" \/>\n<meta property=\"og:url\" content=\"https:\/\/staging.lucky-hunter.com\/product\/beavertail-ghillie-mat\/\" \/>\n<meta property=\"og:site_name\" content=\"Lucky-Hunter\" \/>\n<meta property=\"article:modified_time\" content=\"2022-11-22T14:17:13+00:00\" \/>\n<meta property=\"og:image\" content=\"https:\/\/staging.lucky-hunter.com\/wp-content\/uploads\/2022\/06\/LS-256.png\" \/>\n\t<meta property=\"og:image:width\" content=\"1000\" \/>\n\t<meta property=\"og:image:height\" content=\"1000\" \/>\n\t<meta property=\"og:image:type\" content=\"image\/png\" \/>\n<meta name=\"twitter:card\" content=\"summary_large_image\" \/>\n<meta name=\"twitter:label1\" content=\"Dur\u00e9e de lecture estim\u00e9e\" \/>\n\t<meta name=\"twitter:data1\" content=\"1 minute\" \/>\n<script type=\"application\/ld+json\" class=\"yoast-schema-graph\">{\"@context\":\"https:\/\/schema.org\",\"@graph\":[{\"@type\":\"WebPage\",\"@id\":\"https:\/\/staging.lucky-hunter.com\/product\/beavertail-ghillie-mat\/\",\"url\":\"https:\/\/staging.lucky-hunter.com\/product\/beavertail-ghillie-mat\/\",\"name\":\"Beavertail Ghillie Mat - Natural and effective camouflage for hunting blinds\",\"isPartOf\":{\"@id\":\"https:\/\/staging.lucky-hunter.com\/#website\"},\"primaryImageOfPage\":{\"@id\":\"https:\/\/staging.lucky-hunter.com\/product\/beavertail-ghillie-mat\/#primaryimage\"},\"image\":{\"@id\":\"https:\/\/staging.lucky-hunter.com\/product\/beavertail-ghillie-mat\/#primaryimage\"},\"thumbnailUrl\":\"https:\/\/staging.lucky-hunter.com\/wp-content\/uploads\/2022\/06\/LS-256.png\",\"datePublished\":\"2022-06-21T12:14:57+00:00\",\"dateModified\":\"2022-11-22T14:17:13+00:00\",\"description\":\"This exclusive Beavertail Ghillie Mat has more than 1,200 strands per mat and a hand-tied on rugged net backing.\",\"breadcrumb\":{\"@id\":\"https:\/\/staging.lucky-hunter.com\/product\/beavertail-ghillie-mat\/#breadcrumb\"},\"inLanguage\":\"fr-FR\",\"potentialAction\":[{\"@type\":\"ReadAction\",\"target\":[\"https:\/\/staging.lucky-hunter.com\/product\/beavertail-ghillie-mat\/\"]}]},{\"@type\":\"ImageObject\",\"inLanguage\":\"fr-FR\",\"@id\":\"https:\/\/staging.lucky-hunter.com\/product\/beavertail-ghillie-mat\/#primaryimage\",\"url\":\"https:\/\/staging.lucky-hunter.com\/wp-content\/uploads\/2022\/06\/LS-256.png\",\"contentUrl\":\"https:\/\/staging.lucky-hunter.com\/wp-content\/uploads\/2022\/06\/LS-256.png\",\"width\":1000,\"height\":1000,\"caption\":\"Beavertail Ghillie Mat\"},{\"@type\":\"BreadcrumbList\",\"@id\":\"https:\/\/staging.lucky-hunter.com\/product\/beavertail-ghillie-mat\/#breadcrumb\",\"itemListElement\":[{\"@type\":\"ListItem\",\"position\":1,\"name\":\"Home\",\"item\":\"https:\/\/staging.lucky-hunter.com\/fr\/\"},{\"@type\":\"ListItem\",\"position\":2,\"name\":\"Boutique\",\"item\":\"https:\/\/staging.lucky-hunter.com\/fr\/shop\/\"},{\"@type\":\"ListItem\",\"position\":3,\"name\":\"Natte Ghillie Beavertail\"}]},{\"@type\":\"WebSite\",\"@id\":\"https:\/\/staging.lucky-hunter.com\/#website\",\"url\":\"https:\/\/staging.lucky-hunter.com\/\",\"name\":\"Lucky-Hunter\",\"description\":\"Gear Up or Give Up\",\"potentialAction\":[{\"@type\":\"SearchAction\",\"target\":{\"@type\":\"EntryPoint\",\"urlTemplate\":\"https:\/\/staging.lucky-hunter.com\/?s={search_term_string}\"},\"query-input\":{\"@type\":\"PropertyValueSpecification\",\"valueRequired\":true,\"valueName\":\"search_term_string\"}}],\"inLanguage\":\"fr-FR\"}]}<\/script>\n<!-- \/ Yoast SEO plugin. -->","yoast_head_json":{"title":"Beavertail Ghillie Mat - Natural and effective camouflage for hunting blinds","description":"This exclusive Beavertail Ghillie Mat has more than 1,200 strands per mat and a hand-tied on rugged net backing.","robots":{"index":"noindex","follow":"follow","max-snippet":"max-snippet:-1","max-image-preview":"max-image-preview:large","max-video-preview":"max-video-preview:-1"},"og_locale":"fr_FR","og_type":"article","og_title":"Beavertail Ghillie Mat - Natural and effective camouflage for hunting blinds","og_description":"This exclusive Beavertail Ghillie Mat has more than 1,200 strands per mat and a hand-tied on rugged net backing.","og_url":"https:\/\/staging.lucky-hunter.com\/product\/beavertail-ghillie-mat\/","og_site_name":"Lucky-Hunter","article_modified_time":"2022-11-22T14:17:13+00:00","og_image":[{"width":1000,"height":1000,"url":"https:\/\/staging.lucky-hunter.com\/wp-content\/uploads\/2022\/06\/LS-256.png","type":"image\/png"}],"twitter_card":"summary_large_image","twitter_misc":{"Dur\u00e9e de lecture estim\u00e9e":"1 minute"},"schema":{"@context":"https:\/\/schema.org","@graph":[{"@type":"WebPage","@id":"https:\/\/staging.lucky-hunter.com\/product\/beavertail-ghillie-mat\/","url":"https:\/\/staging.lucky-hunter.com\/product\/beavertail-ghillie-mat\/","name":"Beavertail Ghillie Mat - Natural and effective camouflage for hunting blinds","isPartOf":{"@id":"https:\/\/staging.lucky-hunter.com\/#website"},"primaryImageOfPage":{"@id":"https:\/\/staging.lucky-hunter.com\/product\/beavertail-ghillie-mat\/#primaryimage"},"image":{"@id":"https:\/\/staging.lucky-hunter.com\/product\/beavertail-ghillie-mat\/#primaryimage"},"thumbnailUrl":"https:\/\/staging.lucky-hunter.com\/wp-content\/uploads\/2022\/06\/LS-256.png","datePublished":"2022-06-21T12:14:57+00:00","dateModified":"2022-11-22T14:17:13+00:00","description":"This exclusive Beavertail Ghillie Mat has more than 1,200 strands per mat and a hand-tied on rugged net backing.","breadcrumb":{"@id":"https:\/\/staging.lucky-hunter.com\/product\/beavertail-ghillie-mat\/#breadcrumb"},"inLanguage":"fr-FR","potentialAction":[{"@type":"ReadAction","target":["https:\/\/staging.lucky-hunter.com\/product\/beavertail-ghillie-mat\/"]}]},{"@type":"ImageObject","inLanguage":"fr-FR","@id":"https:\/\/staging.lucky-hunter.com\/product\/beavertail-ghillie-mat\/#primaryimage","url":"https:\/\/staging.lucky-hunter.com\/wp-content\/uploads\/2022\/06\/LS-256.png","contentUrl":"https:\/\/staging.lucky-hunter.com\/wp-content\/uploads\/2022\/06\/LS-256.png","width":1000,"height":1000,"caption":"Beavertail Ghillie Mat"},{"@type":"BreadcrumbList","@id":"https:\/\/staging.lucky-hunter.com\/product\/beavertail-ghillie-mat\/#breadcrumb","itemListElement":[{"@type":"ListItem","position":1,"name":"Home","item":"https:\/\/staging.lucky-hunter.com\/fr\/"},{"@type":"ListItem","position":2,"name":"Boutique","item":"https:\/\/staging.lucky-hunter.com\/fr\/shop\/"},{"@type":"ListItem","position":3,"name":"Natte Ghillie Beavertail"}]},{"@type":"WebSite","@id":"https:\/\/staging.lucky-hunter.com\/#website","url":"https:\/\/staging.lucky-hunter.com\/","name":"Lucky-Hunter","description":"Gear Up or Give Up","potentialAction":[{"@type":"SearchAction","target":{"@type":"EntryPoint","urlTemplate":"https:\/\/staging.lucky-hunter.com\/?s={search_term_string}"},"query-input":{"@type":"PropertyValueSpecification","valueRequired":true,"valueName":"search_term_string"}}],"inLanguage":"fr-FR"}]}},"_links":{"self":[{"href":"https:\/\/staging.lucky-hunter.com\/fr\/wp-json\/wp\/v2\/product\/31620"}],"collection":[{"href":"https:\/\/staging.lucky-hunter.com\/fr\/wp-json\/wp\/v2\/product"}],"about":[{"href":"https:\/\/staging.lucky-hunter.com\/fr\/wp-json\/wp\/v2\/types\/product"}],"wp:featuredmedia":[{"embeddable":true,"href":"https:\/\/staging.lucky-hunter.com\/fr\/wp-json\/wp\/v2\/media\/56375"}],"wp:attachment":[{"href":"https:\/\/staging.lucky-hunter.com\/fr\/wp-json\/wp\/v2\/media?parent=31620"}],"wp:term":[{"taxonomy":"product_brand","embeddable":true,"href":"https:\/\/staging.lucky-hunter.com\/fr\/wp-json\/wp\/v2\/product_brand?post=31620"},{"taxonomy":"product_cat","embeddable":true,"href":"https:\/\/staging.lucky-hunter.com\/fr\/wp-json\/wp\/v2\/product_cat?post=31620"},{"taxonomy":"product_tag","embeddable":true,"href":"https:\/\/staging.lucky-hunter.com\/fr\/wp-json\/wp\/v2\/product_tag?post=31620"}],"curies":[{"name":"wp","href":"https:\/\/api.w.org\/{rel}","templated":true}]}}