{"id":31616,"date":"2017-04-10T13:09:24","date_gmt":"2017-04-10T11:09:24","guid":{"rendered":"https:\/\/staging.lucky-hunter.com\/product\/ghg-waterproof-neotub\/"},"modified":"2022-11-16T10:53:18","modified_gmt":"2022-11-16T09:53:18","slug":"ghg-waterproof-neotub","status":"publish","type":"product","link":"https:\/\/staging.lucky-hunter.com\/fr\/product\/ghg-waterproof-neotub\/","title":{"rendered":"NeoTub \u00c9tanche GHG"},"content":{"rendered":"<p>Le NeoTub d&#8217;Avery Greenhead Gear constitue une housse de premier choix pour celui qui souhaite chasser pr\u00e8s des zones humides, o\u00f9 les oies et les canards viennent naturellement chercher \u00e0 manger et se reposer.<\/p>\n<p>Avec une housse Neotub sur votre aff\u00fbt couch\u00e9, de toutes nouvelles opportunit\u00e9s de chasse s\u2019offrent \u00e0 vous. D\u00e9sormais, vous pouvez vous allonger au sec et confortablement dans des endroits o\u00f9 c\u2019\u00e9tait jusqu\u2019\u00e0 maintenant impensable.<\/p>\n<p>Le Neotub d\u2019Avery est fait en n\u00e9opr\u00e8ne imperm\u00e9able de 3 mm d\u2019\u00e9paisseur &#8211; du m\u00eame type que celui dont sont fait les waders &#8211; et la partie inf\u00e9rieure est recouverte d\u2019une couche de polyester lamin\u00e9 600D presque indestructible.<\/p>\n<p><strong>Caract\u00e9ristiques :<\/strong><\/p>\n<ul>\n<li>\u00c9tanche jusqu&#8217;\u00e0 environ 20 cm d&#8217;eau<\/li>\n<li>Coutures coll\u00e9es, piqu\u00e9es et \u00e9tanch\u00e9es de la m\u00eame mani\u00e8re que les waders<\/li>\n<li>Design : Camouflage KW-1 &#8211; S\u00e9rie DU<\/li>\n<li>Compatible avec l\u2019aff\u00fbt GHG Ground Force.<\/li>\n<\/ul>\n","protected":false},"excerpt":{"rendered":"<p>Le NeoTub d&#8217;Avery Greenhead Gear constitue une housse de premier choix pour celui qui souhaite chasser pr\u00e8s des zones humides, o\u00f9 les oies et les canards viennent naturellement chercher \u00e0 manger et se reposer.<\/p>\n","protected":false},"featured_media":29081,"template":"","meta":[],"product_brand":[8123],"product_cat":[8164],"product_tag":[9446,9235],"yoast_head":"<!-- This site is optimized with the Yoast SEO plugin v24.3 - https:\/\/yoast.com\/wordpress\/plugins\/seo\/ -->\n<title>GHG Waterproof NeoTub - The sides and top of Avery NeoTub is made of 3 mm waterproof neoprene \u2013 same type as you know from waders<\/title>\n<meta name=\"description\" content=\"This NeoTub from Avery is an essential cover for you who wants to hunt close to the wetlands, where geese and ducks naturally seek to eat and rest.\" \/>\n<meta name=\"robots\" content=\"noindex, follow, max-snippet:-1, max-image-preview:large, max-video-preview:-1\" \/>\n<meta property=\"og:locale\" content=\"fr_FR\" \/>\n<meta property=\"og:type\" content=\"article\" \/>\n<meta property=\"og:title\" content=\"GHG Waterproof NeoTub - The sides and top of Avery NeoTub is made of 3 mm waterproof neoprene \u2013 same type as you know from waders\" \/>\n<meta property=\"og:description\" content=\"This NeoTub from Avery is an essential cover for you who wants to hunt close to the wetlands, where geese and ducks naturally seek to eat and rest.\" \/>\n<meta property=\"og:url\" content=\"https:\/\/staging.lucky-hunter.com\/product\/ghg-waterproof-neotub\/\" \/>\n<meta property=\"og:site_name\" content=\"Lucky-Hunter\" \/>\n<meta property=\"article:modified_time\" content=\"2022-11-16T09:53:18+00:00\" \/>\n<meta property=\"og:image\" content=\"https:\/\/staging.lucky-hunter.com\/wp-content\/uploads\/2017\/06\/LS-80.jpg\" \/>\n\t<meta property=\"og:image:width\" content=\"900\" \/>\n\t<meta property=\"og:image:height\" content=\"598\" \/>\n\t<meta property=\"og:image:type\" content=\"image\/jpeg\" \/>\n<meta name=\"twitter:card\" content=\"summary_large_image\" \/>\n<meta name=\"twitter:label1\" content=\"Dur\u00e9e de lecture estim\u00e9e\" \/>\n\t<meta name=\"twitter:data1\" content=\"1 minute\" \/>\n<script type=\"application\/ld+json\" class=\"yoast-schema-graph\">{\"@context\":\"https:\/\/schema.org\",\"@graph\":[{\"@type\":\"WebPage\",\"@id\":\"https:\/\/staging.lucky-hunter.com\/product\/ghg-waterproof-neotub\/\",\"url\":\"https:\/\/staging.lucky-hunter.com\/product\/ghg-waterproof-neotub\/\",\"name\":\"GHG Waterproof NeoTub - The sides and top of Avery NeoTub is made of 3 mm waterproof neoprene \u2013 same type as you know from waders\",\"isPartOf\":{\"@id\":\"https:\/\/staging.lucky-hunter.com\/#website\"},\"primaryImageOfPage\":{\"@id\":\"https:\/\/staging.lucky-hunter.com\/product\/ghg-waterproof-neotub\/#primaryimage\"},\"image\":{\"@id\":\"https:\/\/staging.lucky-hunter.com\/product\/ghg-waterproof-neotub\/#primaryimage\"},\"thumbnailUrl\":\"https:\/\/staging.lucky-hunter.com\/wp-content\/uploads\/2017\/06\/LS-80.jpg\",\"datePublished\":\"2017-04-10T11:09:24+00:00\",\"dateModified\":\"2022-11-16T09:53:18+00:00\",\"description\":\"This NeoTub from Avery is an essential cover for you who wants to hunt close to the wetlands, where geese and ducks naturally seek to eat and rest.\",\"breadcrumb\":{\"@id\":\"https:\/\/staging.lucky-hunter.com\/product\/ghg-waterproof-neotub\/#breadcrumb\"},\"inLanguage\":\"fr-FR\",\"potentialAction\":[{\"@type\":\"ReadAction\",\"target\":[\"https:\/\/staging.lucky-hunter.com\/product\/ghg-waterproof-neotub\/\"]}]},{\"@type\":\"ImageObject\",\"inLanguage\":\"fr-FR\",\"@id\":\"https:\/\/staging.lucky-hunter.com\/product\/ghg-waterproof-neotub\/#primaryimage\",\"url\":\"https:\/\/staging.lucky-hunter.com\/wp-content\/uploads\/2017\/06\/LS-80.jpg\",\"contentUrl\":\"https:\/\/staging.lucky-hunter.com\/wp-content\/uploads\/2017\/06\/LS-80.jpg\",\"width\":900,\"height\":598},{\"@type\":\"BreadcrumbList\",\"@id\":\"https:\/\/staging.lucky-hunter.com\/product\/ghg-waterproof-neotub\/#breadcrumb\",\"itemListElement\":[{\"@type\":\"ListItem\",\"position\":1,\"name\":\"Home\",\"item\":\"https:\/\/staging.lucky-hunter.com\/fr\/\"},{\"@type\":\"ListItem\",\"position\":2,\"name\":\"Boutique\",\"item\":\"https:\/\/staging.lucky-hunter.com\/fr\/shop\/\"},{\"@type\":\"ListItem\",\"position\":3,\"name\":\"NeoTub \u00c9tanche GHG\"}]},{\"@type\":\"WebSite\",\"@id\":\"https:\/\/staging.lucky-hunter.com\/#website\",\"url\":\"https:\/\/staging.lucky-hunter.com\/\",\"name\":\"Lucky-Hunter\",\"description\":\"Gear Up or Give Up\",\"potentialAction\":[{\"@type\":\"SearchAction\",\"target\":{\"@type\":\"EntryPoint\",\"urlTemplate\":\"https:\/\/staging.lucky-hunter.com\/?s={search_term_string}\"},\"query-input\":{\"@type\":\"PropertyValueSpecification\",\"valueRequired\":true,\"valueName\":\"search_term_string\"}}],\"inLanguage\":\"fr-FR\"}]}<\/script>\n<!-- \/ Yoast SEO plugin. -->","yoast_head_json":{"title":"GHG Waterproof NeoTub - The sides and top of Avery NeoTub is made of 3 mm waterproof neoprene \u2013 same type as you know from waders","description":"This NeoTub from Avery is an essential cover for you who wants to hunt close to the wetlands, where geese and ducks naturally seek to eat and rest.","robots":{"index":"noindex","follow":"follow","max-snippet":"max-snippet:-1","max-image-preview":"max-image-preview:large","max-video-preview":"max-video-preview:-1"},"og_locale":"fr_FR","og_type":"article","og_title":"GHG Waterproof NeoTub - The sides and top of Avery NeoTub is made of 3 mm waterproof neoprene \u2013 same type as you know from waders","og_description":"This NeoTub from Avery is an essential cover for you who wants to hunt close to the wetlands, where geese and ducks naturally seek to eat and rest.","og_url":"https:\/\/staging.lucky-hunter.com\/product\/ghg-waterproof-neotub\/","og_site_name":"Lucky-Hunter","article_modified_time":"2022-11-16T09:53:18+00:00","og_image":[{"width":900,"height":598,"url":"https:\/\/staging.lucky-hunter.com\/wp-content\/uploads\/2017\/06\/LS-80.jpg","type":"image\/jpeg"}],"twitter_card":"summary_large_image","twitter_misc":{"Dur\u00e9e de lecture estim\u00e9e":"1 minute"},"schema":{"@context":"https:\/\/schema.org","@graph":[{"@type":"WebPage","@id":"https:\/\/staging.lucky-hunter.com\/product\/ghg-waterproof-neotub\/","url":"https:\/\/staging.lucky-hunter.com\/product\/ghg-waterproof-neotub\/","name":"GHG Waterproof NeoTub - The sides and top of Avery NeoTub is made of 3 mm waterproof neoprene \u2013 same type as you know from waders","isPartOf":{"@id":"https:\/\/staging.lucky-hunter.com\/#website"},"primaryImageOfPage":{"@id":"https:\/\/staging.lucky-hunter.com\/product\/ghg-waterproof-neotub\/#primaryimage"},"image":{"@id":"https:\/\/staging.lucky-hunter.com\/product\/ghg-waterproof-neotub\/#primaryimage"},"thumbnailUrl":"https:\/\/staging.lucky-hunter.com\/wp-content\/uploads\/2017\/06\/LS-80.jpg","datePublished":"2017-04-10T11:09:24+00:00","dateModified":"2022-11-16T09:53:18+00:00","description":"This NeoTub from Avery is an essential cover for you who wants to hunt close to the wetlands, where geese and ducks naturally seek to eat and rest.","breadcrumb":{"@id":"https:\/\/staging.lucky-hunter.com\/product\/ghg-waterproof-neotub\/#breadcrumb"},"inLanguage":"fr-FR","potentialAction":[{"@type":"ReadAction","target":["https:\/\/staging.lucky-hunter.com\/product\/ghg-waterproof-neotub\/"]}]},{"@type":"ImageObject","inLanguage":"fr-FR","@id":"https:\/\/staging.lucky-hunter.com\/product\/ghg-waterproof-neotub\/#primaryimage","url":"https:\/\/staging.lucky-hunter.com\/wp-content\/uploads\/2017\/06\/LS-80.jpg","contentUrl":"https:\/\/staging.lucky-hunter.com\/wp-content\/uploads\/2017\/06\/LS-80.jpg","width":900,"height":598},{"@type":"BreadcrumbList","@id":"https:\/\/staging.lucky-hunter.com\/product\/ghg-waterproof-neotub\/#breadcrumb","itemListElement":[{"@type":"ListItem","position":1,"name":"Home","item":"https:\/\/staging.lucky-hunter.com\/fr\/"},{"@type":"ListItem","position":2,"name":"Boutique","item":"https:\/\/staging.lucky-hunter.com\/fr\/shop\/"},{"@type":"ListItem","position":3,"name":"NeoTub \u00c9tanche GHG"}]},{"@type":"WebSite","@id":"https:\/\/staging.lucky-hunter.com\/#website","url":"https:\/\/staging.lucky-hunter.com\/","name":"Lucky-Hunter","description":"Gear Up or Give Up","potentialAction":[{"@type":"SearchAction","target":{"@type":"EntryPoint","urlTemplate":"https:\/\/staging.lucky-hunter.com\/?s={search_term_string}"},"query-input":{"@type":"PropertyValueSpecification","valueRequired":true,"valueName":"search_term_string"}}],"inLanguage":"fr-FR"}]}},"_links":{"self":[{"href":"https:\/\/staging.lucky-hunter.com\/fr\/wp-json\/wp\/v2\/product\/31616"}],"collection":[{"href":"https:\/\/staging.lucky-hunter.com\/fr\/wp-json\/wp\/v2\/product"}],"about":[{"href":"https:\/\/staging.lucky-hunter.com\/fr\/wp-json\/wp\/v2\/types\/product"}],"wp:featuredmedia":[{"embeddable":true,"href":"https:\/\/staging.lucky-hunter.com\/fr\/wp-json\/wp\/v2\/media\/29081"}],"wp:attachment":[{"href":"https:\/\/staging.lucky-hunter.com\/fr\/wp-json\/wp\/v2\/media?parent=31616"}],"wp:term":[{"taxonomy":"product_brand","embeddable":true,"href":"https:\/\/staging.lucky-hunter.com\/fr\/wp-json\/wp\/v2\/product_brand?post=31616"},{"taxonomy":"product_cat","embeddable":true,"href":"https:\/\/staging.lucky-hunter.com\/fr\/wp-json\/wp\/v2\/product_cat?post=31616"},{"taxonomy":"product_tag","embeddable":true,"href":"https:\/\/staging.lucky-hunter.com\/fr\/wp-json\/wp\/v2\/product_tag?post=31616"}],"curies":[{"name":"wp","href":"https:\/\/api.w.org\/{rel}","templated":true}]}}