{"id":31615,"date":"2017-06-21T09:45:40","date_gmt":"2017-06-21T07:45:40","guid":{"rendered":"https:\/\/staging.lucky-hunter.com\/product\/final-attack-quick-cover\/"},"modified":"2025-07-01T13:54:56","modified_gmt":"2025-07-01T11:54:56","slug":"couverture-rapide-final-attack-camouflage-karma-wetland","status":"publish","type":"product","link":"https:\/\/staging.lucky-hunter.com\/fr\/product\/couverture-rapide-final-attack-camouflage-karma-wetland\/","title":{"rendered":"Final Attack Quick Cover &#8211; Camouflage Wetland"},"content":{"rendered":"<h2><strong>Final Attack Quick Cover &#8211; compl\u00e9ment parfait pour votre bateau\/aff\u00fbt Beavertail<\/strong><\/h2>\n<p>Structure solide et l\u00e9g\u00e8re en aluminium. Les portes battantes permettent de passer \u00e0 l\u2019action rapidement. Le profil surbaiss\u00e9 dispara\u00eet derri\u00e8re les moindres reliefs. Sangles \u00e0 v\u00e9g\u00e9tation pour se dissimuler facilement. Se fixe rapidement \u00e0 votre bateau\/aff\u00fbt Final Attack.<\/p>\n<p>Motif camouflage : Karma Wetland<\/p>\n<p>Poids : 4 kg<\/p>\n<p>Taille :\u00a0101 x 35,5 x 10 cm<\/p>\n<p><strong>Conseils<\/strong><\/p>\n<ul>\n<li>Utilisez de la boue pour r\u00e9duire la brillance du tissu. Tous les guides le font r\u00e9guli\u00e8rement.<\/li>\n<li>Utilisez les sangles \u00e0 v\u00e9g\u00e9tation pour rendre le bateau presque invisible pour les oiseaux.<\/li>\n<li>Les vis sur les supports peuvent \u00eatre remplac\u00e9es par des goupilles, il suffit de percer un trou plus grand pour la goupille. De cette mani\u00e8re, l\u2019aff\u00fbt est plus facile et plus rapide \u00e0 monter et \u00e0 d\u00e9monter.<\/li>\n<li>Ne rangez pas l\u2019aff\u00fbt mouill\u00e9. Laissez-le s\u00e9cher avant de le ranger.<\/li>\n<\/ul>\n","protected":false},"excerpt":{"rendered":"<p>Structure solide et l\u00e9g\u00e8re en aluminium. Les portes battantes permettent de passer \u00e0 l\u2019action rapidement. Le profil surbaiss\u00e9 dispara\u00eet derri\u00e8re les moindres reliefs. Sangles \u00e0 v\u00e9g\u00e9tation pour se dissimuler facilement.<\/p>\n","protected":false},"featured_media":29710,"template":"","meta":[],"product_brand":[8133],"product_cat":[8171],"product_tag":[9235],"yoast_head":"<!-- This site is optimized with the Yoast SEO plugin v24.3 - https:\/\/yoast.com\/wordpress\/plugins\/seo\/ -->\n<title>Couverture rapide Final Attack - camouflage Karma Wetland<\/title>\n<meta name=\"description\" content=\"Final Attack Quick Cover est la couverture parfaite pour votre bateau\/store Beavertail Final Attack. Cadre en aluminium solide et l\u00e9ger.\" \/>\n<meta name=\"robots\" content=\"noindex, follow, max-snippet:-1, max-image-preview:large, max-video-preview:-1\" \/>\n<meta property=\"og:locale\" content=\"fr_FR\" \/>\n<meta property=\"og:type\" content=\"article\" \/>\n<meta property=\"og:title\" content=\"Final Attack Quick Cover - Maintenant en Europe ! | Chasseur chanceux\" \/>\n<meta property=\"og:description\" content=\"Maintenant en Europe. Final Attack Quick Cover est la couverture parfaite pour votre bateau\/store Beavertail Final Attack. Cadre en aluminium solide et l\u00e9ger.\" \/>\n<meta property=\"og:url\" content=\"https:\/\/staging.lucky-hunter.com\/fr\/product\/couverture-rapide-final-attack-camouflage-karma-wetland\/\" \/>\n<meta property=\"og:site_name\" content=\"Lucky-Hunter\" \/>\n<meta property=\"article:modified_time\" content=\"2025-07-01T11:54:56+00:00\" \/>\n<meta property=\"og:image\" content=\"https:\/\/staging.lucky-hunter.com\/wp-content\/uploads\/2017\/06\/JP-25-3.png\" \/>\n\t<meta property=\"og:image:width\" content=\"1000\" \/>\n\t<meta property=\"og:image:height\" content=\"1000\" \/>\n\t<meta property=\"og:image:type\" content=\"image\/png\" \/>\n<meta name=\"twitter:card\" content=\"summary_large_image\" \/>\n<meta name=\"twitter:title\" content=\"Final Attack Quick Cover - Maintenant en Europe ! | Chasseur chanceux\" \/>\n<meta name=\"twitter:description\" content=\"Maintenant en Europe. Final Attack Quick Cover est la couverture parfaite pour votre bateau\/store Beavertail Final Attack. Cadre en aluminium solide et l\u00e9ger.\" \/>\n<meta name=\"twitter:label1\" content=\"Dur\u00e9e de lecture estim\u00e9e\" \/>\n\t<meta name=\"twitter:data1\" content=\"1 minute\" \/>\n<script type=\"application\/ld+json\" class=\"yoast-schema-graph\">{\"@context\":\"https:\/\/schema.org\",\"@graph\":[{\"@type\":\"WebPage\",\"@id\":\"https:\/\/staging.lucky-hunter.com\/fr\/product\/couverture-rapide-final-attack-camouflage-karma-wetland\/\",\"url\":\"https:\/\/staging.lucky-hunter.com\/fr\/product\/couverture-rapide-final-attack-camouflage-karma-wetland\/\",\"name\":\"Couverture rapide Final Attack - camouflage Karma Wetland\",\"isPartOf\":{\"@id\":\"https:\/\/staging.lucky-hunter.com\/#website\"},\"primaryImageOfPage\":{\"@id\":\"https:\/\/staging.lucky-hunter.com\/fr\/product\/couverture-rapide-final-attack-camouflage-karma-wetland\/#primaryimage\"},\"image\":{\"@id\":\"https:\/\/staging.lucky-hunter.com\/fr\/product\/couverture-rapide-final-attack-camouflage-karma-wetland\/#primaryimage\"},\"thumbnailUrl\":\"https:\/\/staging.lucky-hunter.com\/wp-content\/uploads\/2017\/06\/JP-25-3.png\",\"datePublished\":\"2017-06-21T07:45:40+00:00\",\"dateModified\":\"2025-07-01T11:54:56+00:00\",\"description\":\"Final Attack Quick Cover est la couverture parfaite pour votre bateau\/store Beavertail Final Attack. Cadre en aluminium solide et l\u00e9ger.\",\"breadcrumb\":{\"@id\":\"https:\/\/staging.lucky-hunter.com\/fr\/product\/couverture-rapide-final-attack-camouflage-karma-wetland\/#breadcrumb\"},\"inLanguage\":\"fr-FR\",\"potentialAction\":[{\"@type\":\"ReadAction\",\"target\":[\"https:\/\/staging.lucky-hunter.com\/fr\/product\/couverture-rapide-final-attack-camouflage-karma-wetland\/\"]}]},{\"@type\":\"ImageObject\",\"inLanguage\":\"fr-FR\",\"@id\":\"https:\/\/staging.lucky-hunter.com\/fr\/product\/couverture-rapide-final-attack-camouflage-karma-wetland\/#primaryimage\",\"url\":\"https:\/\/staging.lucky-hunter.com\/wp-content\/uploads\/2017\/06\/JP-25-3.png\",\"contentUrl\":\"https:\/\/staging.lucky-hunter.com\/wp-content\/uploads\/2017\/06\/JP-25-3.png\",\"width\":1000,\"height\":1000},{\"@type\":\"BreadcrumbList\",\"@id\":\"https:\/\/staging.lucky-hunter.com\/fr\/product\/couverture-rapide-final-attack-camouflage-karma-wetland\/#breadcrumb\",\"itemListElement\":[{\"@type\":\"ListItem\",\"position\":1,\"name\":\"Home\",\"item\":\"https:\/\/staging.lucky-hunter.com\/fr\/\"},{\"@type\":\"ListItem\",\"position\":2,\"name\":\"Boutique\",\"item\":\"https:\/\/staging.lucky-hunter.com\/fr\/shop\/\"},{\"@type\":\"ListItem\",\"position\":3,\"name\":\"Final Attack Quick Cover &#8211; Camouflage Wetland\"}]},{\"@type\":\"WebSite\",\"@id\":\"https:\/\/staging.lucky-hunter.com\/#website\",\"url\":\"https:\/\/staging.lucky-hunter.com\/\",\"name\":\"Lucky-Hunter\",\"description\":\"Gear Up or Give Up\",\"potentialAction\":[{\"@type\":\"SearchAction\",\"target\":{\"@type\":\"EntryPoint\",\"urlTemplate\":\"https:\/\/staging.lucky-hunter.com\/?s={search_term_string}\"},\"query-input\":{\"@type\":\"PropertyValueSpecification\",\"valueRequired\":true,\"valueName\":\"search_term_string\"}}],\"inLanguage\":\"fr-FR\"}]}<\/script>\n<!-- \/ Yoast SEO plugin. -->","yoast_head_json":{"title":"Couverture rapide Final Attack - camouflage Karma Wetland","description":"Final Attack Quick Cover est la couverture parfaite pour votre bateau\/store Beavertail Final Attack. Cadre en aluminium solide et l\u00e9ger.","robots":{"index":"noindex","follow":"follow","max-snippet":"max-snippet:-1","max-image-preview":"max-image-preview:large","max-video-preview":"max-video-preview:-1"},"og_locale":"fr_FR","og_type":"article","og_title":"Final Attack Quick Cover - Maintenant en Europe ! | Chasseur chanceux","og_description":"Maintenant en Europe. Final Attack Quick Cover est la couverture parfaite pour votre bateau\/store Beavertail Final Attack. Cadre en aluminium solide et l\u00e9ger.","og_url":"https:\/\/staging.lucky-hunter.com\/fr\/product\/couverture-rapide-final-attack-camouflage-karma-wetland\/","og_site_name":"Lucky-Hunter","article_modified_time":"2025-07-01T11:54:56+00:00","og_image":[{"width":1000,"height":1000,"url":"https:\/\/staging.lucky-hunter.com\/wp-content\/uploads\/2017\/06\/JP-25-3.png","type":"image\/png"}],"twitter_card":"summary_large_image","twitter_title":"Final Attack Quick Cover - Maintenant en Europe ! | Chasseur chanceux","twitter_description":"Maintenant en Europe. Final Attack Quick Cover est la couverture parfaite pour votre bateau\/store Beavertail Final Attack. Cadre en aluminium solide et l\u00e9ger.","twitter_misc":{"Dur\u00e9e de lecture estim\u00e9e":"1 minute"},"schema":{"@context":"https:\/\/schema.org","@graph":[{"@type":"WebPage","@id":"https:\/\/staging.lucky-hunter.com\/fr\/product\/couverture-rapide-final-attack-camouflage-karma-wetland\/","url":"https:\/\/staging.lucky-hunter.com\/fr\/product\/couverture-rapide-final-attack-camouflage-karma-wetland\/","name":"Couverture rapide Final Attack - camouflage Karma Wetland","isPartOf":{"@id":"https:\/\/staging.lucky-hunter.com\/#website"},"primaryImageOfPage":{"@id":"https:\/\/staging.lucky-hunter.com\/fr\/product\/couverture-rapide-final-attack-camouflage-karma-wetland\/#primaryimage"},"image":{"@id":"https:\/\/staging.lucky-hunter.com\/fr\/product\/couverture-rapide-final-attack-camouflage-karma-wetland\/#primaryimage"},"thumbnailUrl":"https:\/\/staging.lucky-hunter.com\/wp-content\/uploads\/2017\/06\/JP-25-3.png","datePublished":"2017-06-21T07:45:40+00:00","dateModified":"2025-07-01T11:54:56+00:00","description":"Final Attack Quick Cover est la couverture parfaite pour votre bateau\/store Beavertail Final Attack. Cadre en aluminium solide et l\u00e9ger.","breadcrumb":{"@id":"https:\/\/staging.lucky-hunter.com\/fr\/product\/couverture-rapide-final-attack-camouflage-karma-wetland\/#breadcrumb"},"inLanguage":"fr-FR","potentialAction":[{"@type":"ReadAction","target":["https:\/\/staging.lucky-hunter.com\/fr\/product\/couverture-rapide-final-attack-camouflage-karma-wetland\/"]}]},{"@type":"ImageObject","inLanguage":"fr-FR","@id":"https:\/\/staging.lucky-hunter.com\/fr\/product\/couverture-rapide-final-attack-camouflage-karma-wetland\/#primaryimage","url":"https:\/\/staging.lucky-hunter.com\/wp-content\/uploads\/2017\/06\/JP-25-3.png","contentUrl":"https:\/\/staging.lucky-hunter.com\/wp-content\/uploads\/2017\/06\/JP-25-3.png","width":1000,"height":1000},{"@type":"BreadcrumbList","@id":"https:\/\/staging.lucky-hunter.com\/fr\/product\/couverture-rapide-final-attack-camouflage-karma-wetland\/#breadcrumb","itemListElement":[{"@type":"ListItem","position":1,"name":"Home","item":"https:\/\/staging.lucky-hunter.com\/fr\/"},{"@type":"ListItem","position":2,"name":"Boutique","item":"https:\/\/staging.lucky-hunter.com\/fr\/shop\/"},{"@type":"ListItem","position":3,"name":"Final Attack Quick Cover &#8211; Camouflage Wetland"}]},{"@type":"WebSite","@id":"https:\/\/staging.lucky-hunter.com\/#website","url":"https:\/\/staging.lucky-hunter.com\/","name":"Lucky-Hunter","description":"Gear Up or Give Up","potentialAction":[{"@type":"SearchAction","target":{"@type":"EntryPoint","urlTemplate":"https:\/\/staging.lucky-hunter.com\/?s={search_term_string}"},"query-input":{"@type":"PropertyValueSpecification","valueRequired":true,"valueName":"search_term_string"}}],"inLanguage":"fr-FR"}]}},"_links":{"self":[{"href":"https:\/\/staging.lucky-hunter.com\/fr\/wp-json\/wp\/v2\/product\/31615"}],"collection":[{"href":"https:\/\/staging.lucky-hunter.com\/fr\/wp-json\/wp\/v2\/product"}],"about":[{"href":"https:\/\/staging.lucky-hunter.com\/fr\/wp-json\/wp\/v2\/types\/product"}],"wp:featuredmedia":[{"embeddable":true,"href":"https:\/\/staging.lucky-hunter.com\/fr\/wp-json\/wp\/v2\/media\/29710"}],"wp:attachment":[{"href":"https:\/\/staging.lucky-hunter.com\/fr\/wp-json\/wp\/v2\/media?parent=31615"}],"wp:term":[{"taxonomy":"product_brand","embeddable":true,"href":"https:\/\/staging.lucky-hunter.com\/fr\/wp-json\/wp\/v2\/product_brand?post=31615"},{"taxonomy":"product_cat","embeddable":true,"href":"https:\/\/staging.lucky-hunter.com\/fr\/wp-json\/wp\/v2\/product_cat?post=31615"},{"taxonomy":"product_tag","embeddable":true,"href":"https:\/\/staging.lucky-hunter.com\/fr\/wp-json\/wp\/v2\/product_tag?post=31615"}],"curies":[{"name":"wp","href":"https:\/\/api.w.org\/{rel}","templated":true}]}}