{"id":31611,"date":"2016-11-07T16:02:52","date_gmt":"2016-11-07T15:02:52","guid":{"rendered":"https:\/\/staging.lucky-hunter.com\/product\/all-purpose-and-game-tub\/"},"modified":"2022-11-16T13:50:02","modified_gmt":"2022-11-16T12:50:02","slug":"all-purpose-and-game-tub","status":"publish","type":"product","link":"https:\/\/staging.lucky-hunter.com\/fr\/product\/all-purpose-and-game-tub\/","title":{"rendered":"Bac \u00e0 Gibier Multi-usages"},"content":{"rendered":"<h2><strong>Transportez facilement le gibier<\/strong><\/h2>\n<p>Bac \u00e0 gibier multi-usages de haute qualit\u00e9. Facile \u00e0 tirer sur le sol gr\u00e2ce \u00e0 sa forme de luge et \u00e0 ses patins int\u00e9gr\u00e9s.<\/p>\n<p>La surface lisse permet de nettoyer le bac facilement.<\/p>\n<p>Comporte quatre \u0153illets pour attacher des cordes.<\/p>\n<p>Fabriqu\u00e9 \u00e0 partir de mat\u00e9riaux PE indestructibles qui le rendent r\u00e9sistant aux chocs et incassable.<\/p>\n<p>Le mat\u00e9riau est approuv\u00e9 pour le stockage des aliments.<\/p>\n<p>R\u00e9sistant aux temp\u00e9ratures de +70\u00b0 C \u00e0 -70\u00b0 C.<\/p>\n<p>Mesures longueur x largeur x hauteur = 90,5 x 59 x 21 cm.<\/p>\n<p>Poids environ 4,8 kg.<\/p>\n<p>Couleur verte.<\/p>\n<p>Garantie mat\u00e9rielle de 10 ans.<\/p>\n<p>S&#8217;int\u00e8gre parfaitement dans la remorque Dangate (SKU : 560623).<\/p>\n","protected":false},"excerpt":{"rendered":"<p>Bac \u00e0 gibier multi-usages de haute qualit\u00e9. Facile \u00e0 tirer sur le sol gr\u00e2ce \u00e0 sa forme de luge et \u00e0 ses patins int\u00e9gr\u00e9s. La surface lisse permet de nettoyer le bac facilement.<\/p>\n","protected":false},"featured_media":29749,"template":"","meta":[],"product_brand":[8196],"product_cat":[8155],"product_tag":[9442],"yoast_head":"<!-- This site is optimized with the Yoast SEO plugin v24.3 - https:\/\/yoast.com\/wordpress\/plugins\/seo\/ -->\n<title>All purpose and Game Tub - 10 year material warranty<\/title>\n<meta name=\"description\" content=\"Plastic tray made of durable PE material approved for storing food. The tray is perfect to transport of game in the car or at the back of your ATV.\" \/>\n<meta name=\"robots\" content=\"noindex, follow, max-snippet:-1, max-image-preview:large, max-video-preview:-1\" \/>\n<meta property=\"og:locale\" content=\"fr_FR\" \/>\n<meta property=\"og:type\" content=\"article\" \/>\n<meta property=\"og:title\" content=\"All purpose and Game Tub - 10 year material warranty\" \/>\n<meta property=\"og:description\" content=\"Plastic tray made of durable PE material approved for storing food. The tray is perfect to transport of game in the car or at the back of your ATV.\" \/>\n<meta property=\"og:url\" content=\"https:\/\/staging.lucky-hunter.com\/product\/all-purpose-and-game-tub\/\" \/>\n<meta property=\"og:site_name\" content=\"Lucky-Hunter\" \/>\n<meta property=\"article:modified_time\" content=\"2022-11-16T12:50:02+00:00\" \/>\n<meta property=\"og:image\" content=\"https:\/\/staging.lucky-hunter.com\/wp-content\/uploads\/2018\/03\/690908.png\" \/>\n\t<meta property=\"og:image:width\" content=\"1000\" \/>\n\t<meta property=\"og:image:height\" content=\"1000\" \/>\n\t<meta property=\"og:image:type\" content=\"image\/png\" \/>\n<meta name=\"twitter:card\" content=\"summary_large_image\" \/>\n<meta name=\"twitter:label1\" content=\"Dur\u00e9e de lecture estim\u00e9e\" \/>\n\t<meta name=\"twitter:data1\" content=\"1 minute\" \/>\n<script type=\"application\/ld+json\" class=\"yoast-schema-graph\">{\"@context\":\"https:\/\/schema.org\",\"@graph\":[{\"@type\":\"WebPage\",\"@id\":\"https:\/\/staging.lucky-hunter.com\/product\/all-purpose-and-game-tub\/\",\"url\":\"https:\/\/staging.lucky-hunter.com\/product\/all-purpose-and-game-tub\/\",\"name\":\"All purpose and Game Tub - 10 year material warranty\",\"isPartOf\":{\"@id\":\"https:\/\/staging.lucky-hunter.com\/#website\"},\"primaryImageOfPage\":{\"@id\":\"https:\/\/staging.lucky-hunter.com\/product\/all-purpose-and-game-tub\/#primaryimage\"},\"image\":{\"@id\":\"https:\/\/staging.lucky-hunter.com\/product\/all-purpose-and-game-tub\/#primaryimage\"},\"thumbnailUrl\":\"https:\/\/staging.lucky-hunter.com\/wp-content\/uploads\/2018\/03\/690908.png\",\"datePublished\":\"2016-11-07T15:02:52+00:00\",\"dateModified\":\"2022-11-16T12:50:02+00:00\",\"description\":\"Plastic tray made of durable PE material approved for storing food. The tray is perfect to transport of game in the car or at the back of your ATV.\",\"breadcrumb\":{\"@id\":\"https:\/\/staging.lucky-hunter.com\/product\/all-purpose-and-game-tub\/#breadcrumb\"},\"inLanguage\":\"fr-FR\",\"potentialAction\":[{\"@type\":\"ReadAction\",\"target\":[\"https:\/\/staging.lucky-hunter.com\/product\/all-purpose-and-game-tub\/\"]}]},{\"@type\":\"ImageObject\",\"inLanguage\":\"fr-FR\",\"@id\":\"https:\/\/staging.lucky-hunter.com\/product\/all-purpose-and-game-tub\/#primaryimage\",\"url\":\"https:\/\/staging.lucky-hunter.com\/wp-content\/uploads\/2018\/03\/690908.png\",\"contentUrl\":\"https:\/\/staging.lucky-hunter.com\/wp-content\/uploads\/2018\/03\/690908.png\",\"width\":1000,\"height\":1000},{\"@type\":\"BreadcrumbList\",\"@id\":\"https:\/\/staging.lucky-hunter.com\/product\/all-purpose-and-game-tub\/#breadcrumb\",\"itemListElement\":[{\"@type\":\"ListItem\",\"position\":1,\"name\":\"Home\",\"item\":\"https:\/\/staging.lucky-hunter.com\/fr\/\"},{\"@type\":\"ListItem\",\"position\":2,\"name\":\"Boutique\",\"item\":\"https:\/\/staging.lucky-hunter.com\/fr\/shop\/\"},{\"@type\":\"ListItem\",\"position\":3,\"name\":\"Bac \u00e0 Gibier Multi-usages\"}]},{\"@type\":\"WebSite\",\"@id\":\"https:\/\/staging.lucky-hunter.com\/#website\",\"url\":\"https:\/\/staging.lucky-hunter.com\/\",\"name\":\"Lucky-Hunter\",\"description\":\"Gear Up or Give Up\",\"potentialAction\":[{\"@type\":\"SearchAction\",\"target\":{\"@type\":\"EntryPoint\",\"urlTemplate\":\"https:\/\/staging.lucky-hunter.com\/?s={search_term_string}\"},\"query-input\":{\"@type\":\"PropertyValueSpecification\",\"valueRequired\":true,\"valueName\":\"search_term_string\"}}],\"inLanguage\":\"fr-FR\"}]}<\/script>\n<!-- \/ Yoast SEO plugin. -->","yoast_head_json":{"title":"All purpose and Game Tub - 10 year material warranty","description":"Plastic tray made of durable PE material approved for storing food. The tray is perfect to transport of game in the car or at the back of your ATV.","robots":{"index":"noindex","follow":"follow","max-snippet":"max-snippet:-1","max-image-preview":"max-image-preview:large","max-video-preview":"max-video-preview:-1"},"og_locale":"fr_FR","og_type":"article","og_title":"All purpose and Game Tub - 10 year material warranty","og_description":"Plastic tray made of durable PE material approved for storing food. The tray is perfect to transport of game in the car or at the back of your ATV.","og_url":"https:\/\/staging.lucky-hunter.com\/product\/all-purpose-and-game-tub\/","og_site_name":"Lucky-Hunter","article_modified_time":"2022-11-16T12:50:02+00:00","og_image":[{"width":1000,"height":1000,"url":"https:\/\/staging.lucky-hunter.com\/wp-content\/uploads\/2018\/03\/690908.png","type":"image\/png"}],"twitter_card":"summary_large_image","twitter_misc":{"Dur\u00e9e de lecture estim\u00e9e":"1 minute"},"schema":{"@context":"https:\/\/schema.org","@graph":[{"@type":"WebPage","@id":"https:\/\/staging.lucky-hunter.com\/product\/all-purpose-and-game-tub\/","url":"https:\/\/staging.lucky-hunter.com\/product\/all-purpose-and-game-tub\/","name":"All purpose and Game Tub - 10 year material warranty","isPartOf":{"@id":"https:\/\/staging.lucky-hunter.com\/#website"},"primaryImageOfPage":{"@id":"https:\/\/staging.lucky-hunter.com\/product\/all-purpose-and-game-tub\/#primaryimage"},"image":{"@id":"https:\/\/staging.lucky-hunter.com\/product\/all-purpose-and-game-tub\/#primaryimage"},"thumbnailUrl":"https:\/\/staging.lucky-hunter.com\/wp-content\/uploads\/2018\/03\/690908.png","datePublished":"2016-11-07T15:02:52+00:00","dateModified":"2022-11-16T12:50:02+00:00","description":"Plastic tray made of durable PE material approved for storing food. The tray is perfect to transport of game in the car or at the back of your ATV.","breadcrumb":{"@id":"https:\/\/staging.lucky-hunter.com\/product\/all-purpose-and-game-tub\/#breadcrumb"},"inLanguage":"fr-FR","potentialAction":[{"@type":"ReadAction","target":["https:\/\/staging.lucky-hunter.com\/product\/all-purpose-and-game-tub\/"]}]},{"@type":"ImageObject","inLanguage":"fr-FR","@id":"https:\/\/staging.lucky-hunter.com\/product\/all-purpose-and-game-tub\/#primaryimage","url":"https:\/\/staging.lucky-hunter.com\/wp-content\/uploads\/2018\/03\/690908.png","contentUrl":"https:\/\/staging.lucky-hunter.com\/wp-content\/uploads\/2018\/03\/690908.png","width":1000,"height":1000},{"@type":"BreadcrumbList","@id":"https:\/\/staging.lucky-hunter.com\/product\/all-purpose-and-game-tub\/#breadcrumb","itemListElement":[{"@type":"ListItem","position":1,"name":"Home","item":"https:\/\/staging.lucky-hunter.com\/fr\/"},{"@type":"ListItem","position":2,"name":"Boutique","item":"https:\/\/staging.lucky-hunter.com\/fr\/shop\/"},{"@type":"ListItem","position":3,"name":"Bac \u00e0 Gibier Multi-usages"}]},{"@type":"WebSite","@id":"https:\/\/staging.lucky-hunter.com\/#website","url":"https:\/\/staging.lucky-hunter.com\/","name":"Lucky-Hunter","description":"Gear Up or Give Up","potentialAction":[{"@type":"SearchAction","target":{"@type":"EntryPoint","urlTemplate":"https:\/\/staging.lucky-hunter.com\/?s={search_term_string}"},"query-input":{"@type":"PropertyValueSpecification","valueRequired":true,"valueName":"search_term_string"}}],"inLanguage":"fr-FR"}]}},"_links":{"self":[{"href":"https:\/\/staging.lucky-hunter.com\/fr\/wp-json\/wp\/v2\/product\/31611"}],"collection":[{"href":"https:\/\/staging.lucky-hunter.com\/fr\/wp-json\/wp\/v2\/product"}],"about":[{"href":"https:\/\/staging.lucky-hunter.com\/fr\/wp-json\/wp\/v2\/types\/product"}],"wp:featuredmedia":[{"embeddable":true,"href":"https:\/\/staging.lucky-hunter.com\/fr\/wp-json\/wp\/v2\/media\/29749"}],"wp:attachment":[{"href":"https:\/\/staging.lucky-hunter.com\/fr\/wp-json\/wp\/v2\/media?parent=31611"}],"wp:term":[{"taxonomy":"product_brand","embeddable":true,"href":"https:\/\/staging.lucky-hunter.com\/fr\/wp-json\/wp\/v2\/product_brand?post=31611"},{"taxonomy":"product_cat","embeddable":true,"href":"https:\/\/staging.lucky-hunter.com\/fr\/wp-json\/wp\/v2\/product_cat?post=31611"},{"taxonomy":"product_tag","embeddable":true,"href":"https:\/\/staging.lucky-hunter.com\/fr\/wp-json\/wp\/v2\/product_tag?post=31611"}],"curies":[{"name":"wp","href":"https:\/\/api.w.org\/{rel}","templated":true}]}}