{"id":31610,"date":"2021-05-16T12:13:18","date_gmt":"2021-05-16T10:13:18","guid":{"rendered":"https:\/\/staging.lucky-hunter.com\/product\/rigem-right-solid-white-beanie\/"},"modified":"2025-06-26T13:56:32","modified_gmt":"2025-06-26T11:56:32","slug":"bonnet-blanc-solid-white-rigem-right","status":"publish","type":"product","link":"https:\/\/staging.lucky-hunter.com\/fr\/product\/bonnet-blanc-solid-white-rigem-right\/","title":{"rendered":"Bonnet Blanc Solid White &#8211; Rig\u00b4Em Right"},"content":{"rendered":"<h2><strong>Bonnet avec confort maximal pour chasser sur terre et sur l&#8217;eau<\/strong><\/h2>\n<p>Un bonnet chaud et agr\u00e9able de la marque Rig\u00b4Em Right Waterfowl, en maille c\u00f4tel\u00e9e 100% acrylique, pour la chasse par temps froid et venteux.<\/p>\n<p>La couleur blanche offre un camouflage suppl\u00e9mentaire parfait lorsque les cygnes viennent du nord et que vous chassez l\u2019oie et le canard en utilisant un camouflage neige pour votre aff\u00fbt couch\u00e9. Utilisez \u00e9galement le bonnet lorsque vous portez des v\u00eatements blancs dans le bateau furtif, les jours d\u2019hiver.<\/p>\n<p>Taille unique.<\/p>\n","protected":false},"excerpt":{"rendered":"<p>Un bonnet chaud et agr\u00e9able de la marque Rig\u00b4Em Right Waterfowl, en maille c\u00f4tel\u00e9e 100% acrylique, pour la chasse par temps froid et venteux.<\/p>\n","protected":false},"featured_media":30199,"template":"","meta":[],"product_brand":[8127],"product_cat":[9141],"product_tag":[9446,9235],"yoast_head":"<!-- This site is optimized with the Yoast SEO plugin v24.3 - https:\/\/yoast.com\/wordpress\/plugins\/seo\/ -->\n<title>Bonnet Blanc Solid White - Rig\u00b4Em Right<\/title>\n<meta name=\"description\" content=\"Un bonnet chaud et agr\u00e9able de la marque Rig\u00b4Em Right Waterfowl, en maille c\u00f4tel\u00e9e 100% acrylique, pour la chasse par temps froid et venteux.\" \/>\n<meta name=\"robots\" content=\"noindex, follow, max-snippet:-1, max-image-preview:large, max-video-preview:-1\" \/>\n<meta property=\"og:locale\" content=\"fr_FR\" \/>\n<meta property=\"og:type\" content=\"article\" \/>\n<meta property=\"og:title\" content=\"Bonnet Blanc Solid White - Rig\u00b4Em Right\" \/>\n<meta property=\"og:description\" content=\"Un bonnet chaud et agr\u00e9able de la marque Rig\u00b4Em Right Waterfowl, en maille c\u00f4tel\u00e9e 100% acrylique, pour la chasse par temps froid et venteux.\" \/>\n<meta property=\"og:url\" content=\"https:\/\/staging.lucky-hunter.com\/fr\/product\/bonnet-blanc-solid-white-rigem-right\/\" \/>\n<meta property=\"og:site_name\" content=\"Lucky-Hunter\" \/>\n<meta property=\"article:modified_time\" content=\"2025-06-26T11:56:32+00:00\" \/>\n<meta property=\"og:image\" content=\"https:\/\/staging.lucky-hunter.com\/wp-content\/uploads\/2021\/05\/PU-414.png\" \/>\n\t<meta property=\"og:image:width\" content=\"1000\" \/>\n\t<meta property=\"og:image:height\" content=\"1000\" \/>\n\t<meta property=\"og:image:type\" content=\"image\/png\" \/>\n<meta name=\"twitter:card\" content=\"summary_large_image\" \/>\n<meta name=\"twitter:label1\" content=\"Dur\u00e9e de lecture estim\u00e9e\" \/>\n\t<meta name=\"twitter:data1\" content=\"1 minute\" \/>\n<script type=\"application\/ld+json\" class=\"yoast-schema-graph\">{\"@context\":\"https:\/\/schema.org\",\"@graph\":[{\"@type\":\"WebPage\",\"@id\":\"https:\/\/staging.lucky-hunter.com\/fr\/product\/bonnet-blanc-solid-white-rigem-right\/\",\"url\":\"https:\/\/staging.lucky-hunter.com\/fr\/product\/bonnet-blanc-solid-white-rigem-right\/\",\"name\":\"Bonnet Blanc Solid White - Rig\u00b4Em Right\",\"isPartOf\":{\"@id\":\"https:\/\/staging.lucky-hunter.com\/#website\"},\"primaryImageOfPage\":{\"@id\":\"https:\/\/staging.lucky-hunter.com\/fr\/product\/bonnet-blanc-solid-white-rigem-right\/#primaryimage\"},\"image\":{\"@id\":\"https:\/\/staging.lucky-hunter.com\/fr\/product\/bonnet-blanc-solid-white-rigem-right\/#primaryimage\"},\"thumbnailUrl\":\"https:\/\/staging.lucky-hunter.com\/wp-content\/uploads\/2021\/05\/PU-414.png\",\"datePublished\":\"2021-05-16T10:13:18+00:00\",\"dateModified\":\"2025-06-26T11:56:32+00:00\",\"description\":\"Un bonnet chaud et agr\u00e9able de la marque Rig\u00b4Em Right Waterfowl, en maille c\u00f4tel\u00e9e 100% acrylique, pour la chasse par temps froid et venteux.\",\"breadcrumb\":{\"@id\":\"https:\/\/staging.lucky-hunter.com\/fr\/product\/bonnet-blanc-solid-white-rigem-right\/#breadcrumb\"},\"inLanguage\":\"fr-FR\",\"potentialAction\":[{\"@type\":\"ReadAction\",\"target\":[\"https:\/\/staging.lucky-hunter.com\/fr\/product\/bonnet-blanc-solid-white-rigem-right\/\"]}]},{\"@type\":\"ImageObject\",\"inLanguage\":\"fr-FR\",\"@id\":\"https:\/\/staging.lucky-hunter.com\/fr\/product\/bonnet-blanc-solid-white-rigem-right\/#primaryimage\",\"url\":\"https:\/\/staging.lucky-hunter.com\/wp-content\/uploads\/2021\/05\/PU-414.png\",\"contentUrl\":\"https:\/\/staging.lucky-hunter.com\/wp-content\/uploads\/2021\/05\/PU-414.png\",\"width\":1000,\"height\":1000},{\"@type\":\"BreadcrumbList\",\"@id\":\"https:\/\/staging.lucky-hunter.com\/fr\/product\/bonnet-blanc-solid-white-rigem-right\/#breadcrumb\",\"itemListElement\":[{\"@type\":\"ListItem\",\"position\":1,\"name\":\"Home\",\"item\":\"https:\/\/staging.lucky-hunter.com\/fr\/\"},{\"@type\":\"ListItem\",\"position\":2,\"name\":\"Boutique\",\"item\":\"https:\/\/staging.lucky-hunter.com\/fr\/shop\/\"},{\"@type\":\"ListItem\",\"position\":3,\"name\":\"Bonnet Blanc Solid White &#8211; Rig\u00b4Em Right\"}]},{\"@type\":\"WebSite\",\"@id\":\"https:\/\/staging.lucky-hunter.com\/#website\",\"url\":\"https:\/\/staging.lucky-hunter.com\/\",\"name\":\"Lucky-Hunter\",\"description\":\"Gear Up or Give Up\",\"potentialAction\":[{\"@type\":\"SearchAction\",\"target\":{\"@type\":\"EntryPoint\",\"urlTemplate\":\"https:\/\/staging.lucky-hunter.com\/?s={search_term_string}\"},\"query-input\":{\"@type\":\"PropertyValueSpecification\",\"valueRequired\":true,\"valueName\":\"search_term_string\"}}],\"inLanguage\":\"fr-FR\"}]}<\/script>\n<!-- \/ Yoast SEO plugin. -->","yoast_head_json":{"title":"Bonnet Blanc Solid White - Rig\u00b4Em Right","description":"Un bonnet chaud et agr\u00e9able de la marque Rig\u00b4Em Right Waterfowl, en maille c\u00f4tel\u00e9e 100% acrylique, pour la chasse par temps froid et venteux.","robots":{"index":"noindex","follow":"follow","max-snippet":"max-snippet:-1","max-image-preview":"max-image-preview:large","max-video-preview":"max-video-preview:-1"},"og_locale":"fr_FR","og_type":"article","og_title":"Bonnet Blanc Solid White - Rig\u00b4Em Right","og_description":"Un bonnet chaud et agr\u00e9able de la marque Rig\u00b4Em Right Waterfowl, en maille c\u00f4tel\u00e9e 100% acrylique, pour la chasse par temps froid et venteux.","og_url":"https:\/\/staging.lucky-hunter.com\/fr\/product\/bonnet-blanc-solid-white-rigem-right\/","og_site_name":"Lucky-Hunter","article_modified_time":"2025-06-26T11:56:32+00:00","og_image":[{"width":1000,"height":1000,"url":"https:\/\/staging.lucky-hunter.com\/wp-content\/uploads\/2021\/05\/PU-414.png","type":"image\/png"}],"twitter_card":"summary_large_image","twitter_misc":{"Dur\u00e9e de lecture estim\u00e9e":"1 minute"},"schema":{"@context":"https:\/\/schema.org","@graph":[{"@type":"WebPage","@id":"https:\/\/staging.lucky-hunter.com\/fr\/product\/bonnet-blanc-solid-white-rigem-right\/","url":"https:\/\/staging.lucky-hunter.com\/fr\/product\/bonnet-blanc-solid-white-rigem-right\/","name":"Bonnet Blanc Solid White - Rig\u00b4Em Right","isPartOf":{"@id":"https:\/\/staging.lucky-hunter.com\/#website"},"primaryImageOfPage":{"@id":"https:\/\/staging.lucky-hunter.com\/fr\/product\/bonnet-blanc-solid-white-rigem-right\/#primaryimage"},"image":{"@id":"https:\/\/staging.lucky-hunter.com\/fr\/product\/bonnet-blanc-solid-white-rigem-right\/#primaryimage"},"thumbnailUrl":"https:\/\/staging.lucky-hunter.com\/wp-content\/uploads\/2021\/05\/PU-414.png","datePublished":"2021-05-16T10:13:18+00:00","dateModified":"2025-06-26T11:56:32+00:00","description":"Un bonnet chaud et agr\u00e9able de la marque Rig\u00b4Em Right Waterfowl, en maille c\u00f4tel\u00e9e 100% acrylique, pour la chasse par temps froid et venteux.","breadcrumb":{"@id":"https:\/\/staging.lucky-hunter.com\/fr\/product\/bonnet-blanc-solid-white-rigem-right\/#breadcrumb"},"inLanguage":"fr-FR","potentialAction":[{"@type":"ReadAction","target":["https:\/\/staging.lucky-hunter.com\/fr\/product\/bonnet-blanc-solid-white-rigem-right\/"]}]},{"@type":"ImageObject","inLanguage":"fr-FR","@id":"https:\/\/staging.lucky-hunter.com\/fr\/product\/bonnet-blanc-solid-white-rigem-right\/#primaryimage","url":"https:\/\/staging.lucky-hunter.com\/wp-content\/uploads\/2021\/05\/PU-414.png","contentUrl":"https:\/\/staging.lucky-hunter.com\/wp-content\/uploads\/2021\/05\/PU-414.png","width":1000,"height":1000},{"@type":"BreadcrumbList","@id":"https:\/\/staging.lucky-hunter.com\/fr\/product\/bonnet-blanc-solid-white-rigem-right\/#breadcrumb","itemListElement":[{"@type":"ListItem","position":1,"name":"Home","item":"https:\/\/staging.lucky-hunter.com\/fr\/"},{"@type":"ListItem","position":2,"name":"Boutique","item":"https:\/\/staging.lucky-hunter.com\/fr\/shop\/"},{"@type":"ListItem","position":3,"name":"Bonnet Blanc Solid White &#8211; Rig\u00b4Em Right"}]},{"@type":"WebSite","@id":"https:\/\/staging.lucky-hunter.com\/#website","url":"https:\/\/staging.lucky-hunter.com\/","name":"Lucky-Hunter","description":"Gear Up or Give Up","potentialAction":[{"@type":"SearchAction","target":{"@type":"EntryPoint","urlTemplate":"https:\/\/staging.lucky-hunter.com\/?s={search_term_string}"},"query-input":{"@type":"PropertyValueSpecification","valueRequired":true,"valueName":"search_term_string"}}],"inLanguage":"fr-FR"}]}},"_links":{"self":[{"href":"https:\/\/staging.lucky-hunter.com\/fr\/wp-json\/wp\/v2\/product\/31610"}],"collection":[{"href":"https:\/\/staging.lucky-hunter.com\/fr\/wp-json\/wp\/v2\/product"}],"about":[{"href":"https:\/\/staging.lucky-hunter.com\/fr\/wp-json\/wp\/v2\/types\/product"}],"wp:featuredmedia":[{"embeddable":true,"href":"https:\/\/staging.lucky-hunter.com\/fr\/wp-json\/wp\/v2\/media\/30199"}],"wp:attachment":[{"href":"https:\/\/staging.lucky-hunter.com\/fr\/wp-json\/wp\/v2\/media?parent=31610"}],"wp:term":[{"taxonomy":"product_brand","embeddable":true,"href":"https:\/\/staging.lucky-hunter.com\/fr\/wp-json\/wp\/v2\/product_brand?post=31610"},{"taxonomy":"product_cat","embeddable":true,"href":"https:\/\/staging.lucky-hunter.com\/fr\/wp-json\/wp\/v2\/product_cat?post=31610"},{"taxonomy":"product_tag","embeddable":true,"href":"https:\/\/staging.lucky-hunter.com\/fr\/wp-json\/wp\/v2\/product_tag?post=31610"}],"curies":[{"name":"wp","href":"https:\/\/api.w.org\/{rel}","templated":true}]}}