{"id":31604,"date":"2022-07-22T11:41:58","date_gmt":"2022-07-22T09:41:58","guid":{"rendered":"https:\/\/staging.lucky-hunter.com\/product\/banded-soft-shell-pant-max7\/"},"modified":"2022-11-22T15:17:13","modified_gmt":"2022-11-22T14:17:13","slug":"banded-soft-shell-pant-max7","status":"publish","type":"product","link":"https:\/\/staging.lucky-hunter.com\/fr\/product\/banded-soft-shell-pant-max7\/","title":{"rendered":"Pantalon Softshell pour Waders Banded &#8211; Max7"},"content":{"rendered":"<h4><a href=\"https:\/\/staging.lucky-hunter.com\/wp-content\/uploads\/2022\/08\/Storrelsesguide-Herre-Engelsk.pdf\" target=\"_blank\" rel=\"noopener\"><strong>Voir le guide des tailles ici<\/strong><\/a><\/h4>\n<h2><strong>Votre nouveau pantalon pr\u00e9f\u00e9r\u00e9 !<\/strong><\/h2>\n<div>\n<div>C&#8217;est le genre de pantalon que vous enfilez et que vous n&#8217;enlevez plus jamais.<\/div>\n<div><\/div>\n<div>Utilisez-les avec votre veste ou votre sweat \u00e0 capuche Banded et vous obtenez un ensemble parfait &#8211; mais le pantalon est \u00e9galement tr\u00e8s \u00e9l\u00e9gant en soi.<\/div>\n<div><\/div>\n<div>Gr\u00e2ce au tissu softshell extensible dans les 4 sens et \u00e0 sa doublure en micro-polaire, c\u2019est le pantalon ultime en mati\u00e8re de confort et de flexibilit\u00e9.<\/div>\n<div><\/div>\n<div>\u00c9quip\u00e9 de deux poches chauffe-mains et de gu\u00eatres r\u00e9glables int\u00e9gr\u00e9es.<\/div>\n<div><\/div>\n<div>S\u2019int\u00e8gre parfaitement aux waders et peut aussi se porter s\u00e9par\u00e9ment pour allier confort et \u00e9l\u00e9gance.<\/div>\n<div><\/div>\n<div><strong>Caract\u00e9ristiques\u00a0:<\/strong><\/div>\n<ul>\n<li>Confection en softshell<\/li>\n<li>Genoux articul\u00e9s pour une plus grande libert\u00e9 de mouvement<\/li>\n<li>Tissu extensible dans les 4 sens<\/li>\n<li>Deux poches chauffe-mains<\/li>\n<li>Gu\u00eatres \u00e0 velcro int\u00e9gr\u00e9es aux chevilles<\/li>\n<\/ul>\n<\/div>\n<p>\u00a0<\/p>\n","protected":false},"excerpt":{"rendered":"<p>C&#8217;est le genre de pantalon que vous enfilez et que vous n&#8217;enlevez plus jamais. S\u2019int\u00e8gre parfaitement aux waders Banded et peut aussi se porter s\u00e9par\u00e9ment pour allier confort et \u00e9l\u00e9gance.<\/p>\n","protected":false},"featured_media":54475,"template":"","meta":[],"product_brand":[8137],"product_cat":[8265],"product_tag":[],"yoast_head":"<!-- This site is optimized with the Yoast SEO plugin v24.3 - https:\/\/yoast.com\/wordpress\/plugins\/seo\/ -->\n<title>Pantalon Softshell Banded - Max7. Votre nouveau pantalon pr\u00e9f\u00e9r\u00e9 !<\/title>\n<meta name=\"description\" content=\"C&#039;est le genre de pantalon que vous enfilez et que vous n&#039;enlevez plus jamais. S\u2019int\u00e8gre parfaitement aux waders Banded et peut aussi se porter s\u00e9par\u00e9ment pour allier confort et \u00e9l\u00e9gance.\" \/>\n<meta name=\"robots\" content=\"noindex, follow, max-snippet:-1, max-image-preview:large, max-video-preview:-1\" \/>\n<meta property=\"og:locale\" content=\"fr_FR\" \/>\n<meta property=\"og:type\" content=\"article\" \/>\n<meta property=\"og:title\" content=\"Pantalon Softshell Banded - Max7. Votre nouveau pantalon pr\u00e9f\u00e9r\u00e9 !\" \/>\n<meta property=\"og:description\" content=\"C&#039;est le genre de pantalon que vous enfilez et que vous n&#039;enlevez plus jamais. S\u2019int\u00e8gre parfaitement aux waders Banded et peut aussi se porter s\u00e9par\u00e9ment pour allier confort et \u00e9l\u00e9gance.\" \/>\n<meta property=\"og:url\" content=\"https:\/\/staging.lucky-hunter.com\/product\/banded-soft-shell-pant-max7\/\" \/>\n<meta property=\"og:site_name\" content=\"Lucky-Hunter\" \/>\n<meta property=\"article:modified_time\" content=\"2022-11-22T14:17:13+00:00\" \/>\n<meta property=\"og:image\" content=\"https:\/\/staging.lucky-hunter.com\/wp-content\/uploads\/2022\/07\/JB-0222.png\" \/>\n\t<meta property=\"og:image:width\" content=\"1000\" \/>\n\t<meta property=\"og:image:height\" content=\"1000\" \/>\n\t<meta property=\"og:image:type\" content=\"image\/png\" \/>\n<meta name=\"twitter:card\" content=\"summary_large_image\" \/>\n<meta name=\"twitter:label1\" content=\"Dur\u00e9e de lecture estim\u00e9e\" \/>\n\t<meta name=\"twitter:data1\" content=\"1 minute\" \/>\n<script type=\"application\/ld+json\" class=\"yoast-schema-graph\">{\"@context\":\"https:\/\/schema.org\",\"@graph\":[{\"@type\":\"WebPage\",\"@id\":\"https:\/\/staging.lucky-hunter.com\/product\/banded-soft-shell-pant-max7\/\",\"url\":\"https:\/\/staging.lucky-hunter.com\/product\/banded-soft-shell-pant-max7\/\",\"name\":\"Pantalon Softshell Banded - Max7. Votre nouveau pantalon pr\u00e9f\u00e9r\u00e9 !\",\"isPartOf\":{\"@id\":\"https:\/\/staging.lucky-hunter.com\/#website\"},\"primaryImageOfPage\":{\"@id\":\"https:\/\/staging.lucky-hunter.com\/product\/banded-soft-shell-pant-max7\/#primaryimage\"},\"image\":{\"@id\":\"https:\/\/staging.lucky-hunter.com\/product\/banded-soft-shell-pant-max7\/#primaryimage\"},\"thumbnailUrl\":\"https:\/\/staging.lucky-hunter.com\/wp-content\/uploads\/2022\/07\/JB-0222.png\",\"datePublished\":\"2022-07-22T09:41:58+00:00\",\"dateModified\":\"2022-11-22T14:17:13+00:00\",\"description\":\"C'est le genre de pantalon que vous enfilez et que vous n'enlevez plus jamais. S\u2019int\u00e8gre parfaitement aux waders Banded et peut aussi se porter s\u00e9par\u00e9ment pour allier confort et \u00e9l\u00e9gance.\",\"breadcrumb\":{\"@id\":\"https:\/\/staging.lucky-hunter.com\/product\/banded-soft-shell-pant-max7\/#breadcrumb\"},\"inLanguage\":\"fr-FR\",\"potentialAction\":[{\"@type\":\"ReadAction\",\"target\":[\"https:\/\/staging.lucky-hunter.com\/product\/banded-soft-shell-pant-max7\/\"]}]},{\"@type\":\"ImageObject\",\"inLanguage\":\"fr-FR\",\"@id\":\"https:\/\/staging.lucky-hunter.com\/product\/banded-soft-shell-pant-max7\/#primaryimage\",\"url\":\"https:\/\/staging.lucky-hunter.com\/wp-content\/uploads\/2022\/07\/JB-0222.png\",\"contentUrl\":\"https:\/\/staging.lucky-hunter.com\/wp-content\/uploads\/2022\/07\/JB-0222.png\",\"width\":1000,\"height\":1000},{\"@type\":\"BreadcrumbList\",\"@id\":\"https:\/\/staging.lucky-hunter.com\/product\/banded-soft-shell-pant-max7\/#breadcrumb\",\"itemListElement\":[{\"@type\":\"ListItem\",\"position\":1,\"name\":\"Home\",\"item\":\"https:\/\/staging.lucky-hunter.com\/fr\/\"},{\"@type\":\"ListItem\",\"position\":2,\"name\":\"Boutique\",\"item\":\"https:\/\/staging.lucky-hunter.com\/fr\/shop\/\"},{\"@type\":\"ListItem\",\"position\":3,\"name\":\"Pantalon Softshell pour Waders Banded &#8211; Max7\"}]},{\"@type\":\"WebSite\",\"@id\":\"https:\/\/staging.lucky-hunter.com\/#website\",\"url\":\"https:\/\/staging.lucky-hunter.com\/\",\"name\":\"Lucky-Hunter\",\"description\":\"Gear Up or Give Up\",\"potentialAction\":[{\"@type\":\"SearchAction\",\"target\":{\"@type\":\"EntryPoint\",\"urlTemplate\":\"https:\/\/staging.lucky-hunter.com\/?s={search_term_string}\"},\"query-input\":{\"@type\":\"PropertyValueSpecification\",\"valueRequired\":true,\"valueName\":\"search_term_string\"}}],\"inLanguage\":\"fr-FR\"}]}<\/script>\n<!-- \/ Yoast SEO plugin. -->","yoast_head_json":{"title":"Pantalon Softshell Banded - Max7. Votre nouveau pantalon pr\u00e9f\u00e9r\u00e9 !","description":"C'est le genre de pantalon que vous enfilez et que vous n'enlevez plus jamais. S\u2019int\u00e8gre parfaitement aux waders Banded et peut aussi se porter s\u00e9par\u00e9ment pour allier confort et \u00e9l\u00e9gance.","robots":{"index":"noindex","follow":"follow","max-snippet":"max-snippet:-1","max-image-preview":"max-image-preview:large","max-video-preview":"max-video-preview:-1"},"og_locale":"fr_FR","og_type":"article","og_title":"Pantalon Softshell Banded - Max7. Votre nouveau pantalon pr\u00e9f\u00e9r\u00e9 !","og_description":"C'est le genre de pantalon que vous enfilez et que vous n'enlevez plus jamais. S\u2019int\u00e8gre parfaitement aux waders Banded et peut aussi se porter s\u00e9par\u00e9ment pour allier confort et \u00e9l\u00e9gance.","og_url":"https:\/\/staging.lucky-hunter.com\/product\/banded-soft-shell-pant-max7\/","og_site_name":"Lucky-Hunter","article_modified_time":"2022-11-22T14:17:13+00:00","og_image":[{"width":1000,"height":1000,"url":"https:\/\/staging.lucky-hunter.com\/wp-content\/uploads\/2022\/07\/JB-0222.png","type":"image\/png"}],"twitter_card":"summary_large_image","twitter_misc":{"Dur\u00e9e de lecture estim\u00e9e":"1 minute"},"schema":{"@context":"https:\/\/schema.org","@graph":[{"@type":"WebPage","@id":"https:\/\/staging.lucky-hunter.com\/product\/banded-soft-shell-pant-max7\/","url":"https:\/\/staging.lucky-hunter.com\/product\/banded-soft-shell-pant-max7\/","name":"Pantalon Softshell Banded - Max7. Votre nouveau pantalon pr\u00e9f\u00e9r\u00e9 !","isPartOf":{"@id":"https:\/\/staging.lucky-hunter.com\/#website"},"primaryImageOfPage":{"@id":"https:\/\/staging.lucky-hunter.com\/product\/banded-soft-shell-pant-max7\/#primaryimage"},"image":{"@id":"https:\/\/staging.lucky-hunter.com\/product\/banded-soft-shell-pant-max7\/#primaryimage"},"thumbnailUrl":"https:\/\/staging.lucky-hunter.com\/wp-content\/uploads\/2022\/07\/JB-0222.png","datePublished":"2022-07-22T09:41:58+00:00","dateModified":"2022-11-22T14:17:13+00:00","description":"C'est le genre de pantalon que vous enfilez et que vous n'enlevez plus jamais. S\u2019int\u00e8gre parfaitement aux waders Banded et peut aussi se porter s\u00e9par\u00e9ment pour allier confort et \u00e9l\u00e9gance.","breadcrumb":{"@id":"https:\/\/staging.lucky-hunter.com\/product\/banded-soft-shell-pant-max7\/#breadcrumb"},"inLanguage":"fr-FR","potentialAction":[{"@type":"ReadAction","target":["https:\/\/staging.lucky-hunter.com\/product\/banded-soft-shell-pant-max7\/"]}]},{"@type":"ImageObject","inLanguage":"fr-FR","@id":"https:\/\/staging.lucky-hunter.com\/product\/banded-soft-shell-pant-max7\/#primaryimage","url":"https:\/\/staging.lucky-hunter.com\/wp-content\/uploads\/2022\/07\/JB-0222.png","contentUrl":"https:\/\/staging.lucky-hunter.com\/wp-content\/uploads\/2022\/07\/JB-0222.png","width":1000,"height":1000},{"@type":"BreadcrumbList","@id":"https:\/\/staging.lucky-hunter.com\/product\/banded-soft-shell-pant-max7\/#breadcrumb","itemListElement":[{"@type":"ListItem","position":1,"name":"Home","item":"https:\/\/staging.lucky-hunter.com\/fr\/"},{"@type":"ListItem","position":2,"name":"Boutique","item":"https:\/\/staging.lucky-hunter.com\/fr\/shop\/"},{"@type":"ListItem","position":3,"name":"Pantalon Softshell pour Waders Banded &#8211; Max7"}]},{"@type":"WebSite","@id":"https:\/\/staging.lucky-hunter.com\/#website","url":"https:\/\/staging.lucky-hunter.com\/","name":"Lucky-Hunter","description":"Gear Up or Give Up","potentialAction":[{"@type":"SearchAction","target":{"@type":"EntryPoint","urlTemplate":"https:\/\/staging.lucky-hunter.com\/?s={search_term_string}"},"query-input":{"@type":"PropertyValueSpecification","valueRequired":true,"valueName":"search_term_string"}}],"inLanguage":"fr-FR"}]}},"_links":{"self":[{"href":"https:\/\/staging.lucky-hunter.com\/fr\/wp-json\/wp\/v2\/product\/31604"}],"collection":[{"href":"https:\/\/staging.lucky-hunter.com\/fr\/wp-json\/wp\/v2\/product"}],"about":[{"href":"https:\/\/staging.lucky-hunter.com\/fr\/wp-json\/wp\/v2\/types\/product"}],"wp:featuredmedia":[{"embeddable":true,"href":"https:\/\/staging.lucky-hunter.com\/fr\/wp-json\/wp\/v2\/media\/54475"}],"wp:attachment":[{"href":"https:\/\/staging.lucky-hunter.com\/fr\/wp-json\/wp\/v2\/media?parent=31604"}],"wp:term":[{"taxonomy":"product_brand","embeddable":true,"href":"https:\/\/staging.lucky-hunter.com\/fr\/wp-json\/wp\/v2\/product_brand?post=31604"},{"taxonomy":"product_cat","embeddable":true,"href":"https:\/\/staging.lucky-hunter.com\/fr\/wp-json\/wp\/v2\/product_cat?post=31604"},{"taxonomy":"product_tag","embeddable":true,"href":"https:\/\/staging.lucky-hunter.com\/fr\/wp-json\/wp\/v2\/product_tag?post=31604"}],"curies":[{"name":"wp","href":"https:\/\/api.w.org\/{rel}","templated":true}]}}