{"id":31582,"date":"2017-08-31T17:26:12","date_gmt":"2017-08-31T15:26:12","guid":{"rendered":"https:\/\/staging.lucky-hunter.com\/product\/avery-sporting-dog-mallard-2\/"},"modified":"2024-06-28T04:30:30","modified_gmt":"2024-06-28T02:30:30","slug":"avery-sporting-dog-mallard-2","status":"publish","type":"product","link":"https:\/\/staging.lucky-hunter.com\/fr\/product\/avery-sporting-dog-mallard-2\/","title":{"rendered":"Avery Sporting Dog &#8211; Colvert EZ Bird"},"content":{"rendered":"<div class=\"video video-fit mb\" style=\"padding-top:56.25%;\"><p><iframe width=\"1020\" height=\"574\" src=\"https:\/\/www.youtube.com\/embed\/9JOe2fY-vJs?wmode=transparent&amp;rel=0&amp;feature=oembed\" frameborder=\"0\" allowfullscreen><\/iframe><\/p>\n<\/div>\n<h2>Avery Sporting Dog &#8211; Colvert EZ Bird<\/h2>\n<p>Avec deux tiers de la taille et du poids d&#8217;un oiseau adulte de taille normale, les mannequins Avery EZ sont parfaits pour le dressage. Ils permettent aux chiens plus jeunes ou plus petits de gagner en confiance et d\u2019apprendre \u00e0 rapporter l&#8217;oiseau syst\u00e9matiquement.<\/p>\n<p>Rempli de mousse dense pour la flottabilit\u00e9 et pour que la texture ressemble \u00e0 celle d&#8217;un vrai canard, le corps est \u00e9galement recouvert de PVC qui emp\u00eache le chien de serrer trop fort.<\/p>\n<p>Le rev\u00eatement sur\u00e9lev\u00e9 pour les dents V-Grip permet \u00e0 votre chien de saisir fermement l&#8217;oiseau, et la t\u00eate flottante en plastique dur le d\u00e9couragera de secouer l\u2019oiseau. En somme, cela entra\u00eenera le chien \u00e0 porter l&#8217;oiseau correctement lorsqu\u2019il va le chercher.<\/p>\n<p>Le corps de l&#8217;oiseau comporte une longue corde de lancer avec une poign\u00e9e int\u00e9gr\u00e9e, ce qui facilite le lancer sur terre comme dans l&#8217;eau et garantit une bonne pr\u00e9cision. Disponible dans des couleurs r\u00e9alistes et en forme de colvert. Ne laissez pas votre chien s\u2019ennuyer, variez les mannequins d\u2019entra\u00eenement.<\/p>\n<p>Produit sans phtalates nocifs.<\/p>\n<p>Amusez votre chien avec des mannequins vari\u00e9s pour l&#8217;entra\u00eenement.<\/p>\n<p>Fabriqu\u00e9 sans phtalates nocifs.<\/p>\n","protected":false},"excerpt":{"rendered":"<p>Les mannequins d&#8217;entra\u00eenement Avery EZ Bird Retriever mesurent 2\/3 de la taille et du poids d&#8217;un oiseau adulte de taille normale, ce qui permet aux chiens plus jeunes ou plus petits de gagner en confiance pour r\u00e9cup\u00e9rer l&#8217;oiseau \u00e0 port\u00e9e de main de mani\u00e8re coh\u00e9rente.<\/p>\n","protected":false},"featured_media":29554,"template":"","meta":[],"product_brand":[8123],"product_cat":[8188],"product_tag":[9502],"yoast_head":"<!-- This site is optimized with the Yoast SEO plugin v24.3 - https:\/\/yoast.com\/wordpress\/plugins\/seo\/ -->\n<title>Avery Sporting Dog - Mannequin d&#039;entra\u00eenement colvert | Chasseur chanceux<\/title>\n<meta name=\"description\" content=\"Entra\u00eenez votre chien \u00e0 aller chercher les oiseaux abattus. Les mannequins de dressage Avery Sporting Dog mesurent 2\/3 de la taille d&#039;un vrai oiseau, pour dresser votre chien en toute confiance.\" \/>\n<meta name=\"robots\" content=\"noindex, follow, max-snippet:-1, max-image-preview:large, max-video-preview:-1\" \/>\n<meta property=\"og:locale\" content=\"fr_FR\" \/>\n<meta property=\"og:type\" content=\"article\" \/>\n<meta property=\"og:title\" content=\"Avery Sporting Dog - Mannequin d&#039;entra\u00eenement de faisan | Chasseur chanceux\" \/>\n<meta property=\"og:description\" content=\"Entra\u00eenez votre chien \u00e0 aller chercher les oiseaux abattus. Les mannequins de dressage Avery Sporting Dog mesurent 2\/3 de la taille d&#039;un vrai oiseau, pour dresser votre chien en toute confiance.\" \/>\n<meta property=\"og:url\" content=\"https:\/\/staging.lucky-hunter.com\/product\/avery-sporting-dog-mallard-2\/\" \/>\n<meta property=\"og:site_name\" content=\"Lucky-Hunter\" \/>\n<meta property=\"article:modified_time\" content=\"2024-06-28T02:30:30+00:00\" \/>\n<meta property=\"og:image\" content=\"https:\/\/staging.lucky-hunter.com\/wp-content\/uploads\/2017\/11\/JH-64-EZ-Mallard.png\" \/>\n\t<meta property=\"og:image:width\" content=\"1000\" \/>\n\t<meta property=\"og:image:height\" content=\"1000\" \/>\n\t<meta property=\"og:image:type\" content=\"image\/png\" \/>\n<meta name=\"twitter:card\" content=\"summary_large_image\" \/>\n<meta name=\"twitter:title\" content=\"Avery Sporting Dog - Faisan | Chasseur chanceux\" \/>\n<meta name=\"twitter:description\" content=\"Entra\u00eenez votre chien \u00e0 aller chercher les oiseaux abattus. Les mannequins de dressage Avery Sporting Dog mesurent 2\/3 de la taille d&#039;un vrai oiseau, pour dresser votre chien en toute confiance.\" \/>\n<meta name=\"twitter:label1\" content=\"Dur\u00e9e de lecture estim\u00e9e\" \/>\n\t<meta name=\"twitter:data1\" content=\"1 minute\" \/>\n<script type=\"application\/ld+json\" class=\"yoast-schema-graph\">{\"@context\":\"https:\/\/schema.org\",\"@graph\":[{\"@type\":\"WebPage\",\"@id\":\"https:\/\/staging.lucky-hunter.com\/product\/avery-sporting-dog-mallard-2\/\",\"url\":\"https:\/\/staging.lucky-hunter.com\/product\/avery-sporting-dog-mallard-2\/\",\"name\":\"Avery Sporting Dog - Mannequin d'entra\u00eenement colvert | Chasseur chanceux\",\"isPartOf\":{\"@id\":\"https:\/\/staging.lucky-hunter.com\/#website\"},\"primaryImageOfPage\":{\"@id\":\"https:\/\/staging.lucky-hunter.com\/product\/avery-sporting-dog-mallard-2\/#primaryimage\"},\"image\":{\"@id\":\"https:\/\/staging.lucky-hunter.com\/product\/avery-sporting-dog-mallard-2\/#primaryimage\"},\"thumbnailUrl\":\"https:\/\/staging.lucky-hunter.com\/wp-content\/uploads\/2017\/11\/JH-64-EZ-Mallard.png\",\"datePublished\":\"2017-08-31T15:26:12+00:00\",\"dateModified\":\"2024-06-28T02:30:30+00:00\",\"description\":\"Entra\u00eenez votre chien \u00e0 aller chercher les oiseaux abattus. Les mannequins de dressage Avery Sporting Dog mesurent 2\/3 de la taille d'un vrai oiseau, pour dresser votre chien en toute confiance.\",\"breadcrumb\":{\"@id\":\"https:\/\/staging.lucky-hunter.com\/product\/avery-sporting-dog-mallard-2\/#breadcrumb\"},\"inLanguage\":\"fr-FR\",\"potentialAction\":[{\"@type\":\"ReadAction\",\"target\":[\"https:\/\/staging.lucky-hunter.com\/product\/avery-sporting-dog-mallard-2\/\"]}]},{\"@type\":\"ImageObject\",\"inLanguage\":\"fr-FR\",\"@id\":\"https:\/\/staging.lucky-hunter.com\/product\/avery-sporting-dog-mallard-2\/#primaryimage\",\"url\":\"https:\/\/staging.lucky-hunter.com\/wp-content\/uploads\/2017\/11\/JH-64-EZ-Mallard.png\",\"contentUrl\":\"https:\/\/staging.lucky-hunter.com\/wp-content\/uploads\/2017\/11\/JH-64-EZ-Mallard.png\",\"width\":1000,\"height\":1000},{\"@type\":\"BreadcrumbList\",\"@id\":\"https:\/\/staging.lucky-hunter.com\/product\/avery-sporting-dog-mallard-2\/#breadcrumb\",\"itemListElement\":[{\"@type\":\"ListItem\",\"position\":1,\"name\":\"Home\",\"item\":\"https:\/\/staging.lucky-hunter.com\/fr\/\"},{\"@type\":\"ListItem\",\"position\":2,\"name\":\"Boutique\",\"item\":\"https:\/\/staging.lucky-hunter.com\/fr\/shop\/\"},{\"@type\":\"ListItem\",\"position\":3,\"name\":\"Avery Sporting Dog &#8211; Colvert EZ Bird\"}]},{\"@type\":\"WebSite\",\"@id\":\"https:\/\/staging.lucky-hunter.com\/#website\",\"url\":\"https:\/\/staging.lucky-hunter.com\/\",\"name\":\"Lucky-Hunter\",\"description\":\"Gear Up or Give Up\",\"potentialAction\":[{\"@type\":\"SearchAction\",\"target\":{\"@type\":\"EntryPoint\",\"urlTemplate\":\"https:\/\/staging.lucky-hunter.com\/?s={search_term_string}\"},\"query-input\":{\"@type\":\"PropertyValueSpecification\",\"valueRequired\":true,\"valueName\":\"search_term_string\"}}],\"inLanguage\":\"fr-FR\"}]}<\/script>\n<!-- \/ Yoast SEO plugin. -->","yoast_head_json":{"title":"Avery Sporting Dog - Mannequin d'entra\u00eenement colvert | Chasseur chanceux","description":"Entra\u00eenez votre chien \u00e0 aller chercher les oiseaux abattus. Les mannequins de dressage Avery Sporting Dog mesurent 2\/3 de la taille d'un vrai oiseau, pour dresser votre chien en toute confiance.","robots":{"index":"noindex","follow":"follow","max-snippet":"max-snippet:-1","max-image-preview":"max-image-preview:large","max-video-preview":"max-video-preview:-1"},"og_locale":"fr_FR","og_type":"article","og_title":"Avery Sporting Dog - Mannequin d'entra\u00eenement de faisan | Chasseur chanceux","og_description":"Entra\u00eenez votre chien \u00e0 aller chercher les oiseaux abattus. Les mannequins de dressage Avery Sporting Dog mesurent 2\/3 de la taille d'un vrai oiseau, pour dresser votre chien en toute confiance.","og_url":"https:\/\/staging.lucky-hunter.com\/product\/avery-sporting-dog-mallard-2\/","og_site_name":"Lucky-Hunter","article_modified_time":"2024-06-28T02:30:30+00:00","og_image":[{"width":1000,"height":1000,"url":"https:\/\/staging.lucky-hunter.com\/wp-content\/uploads\/2017\/11\/JH-64-EZ-Mallard.png","type":"image\/png"}],"twitter_card":"summary_large_image","twitter_title":"Avery Sporting Dog - Faisan | Chasseur chanceux","twitter_description":"Entra\u00eenez votre chien \u00e0 aller chercher les oiseaux abattus. Les mannequins de dressage Avery Sporting Dog mesurent 2\/3 de la taille d'un vrai oiseau, pour dresser votre chien en toute confiance.","twitter_misc":{"Dur\u00e9e de lecture estim\u00e9e":"1 minute"},"schema":{"@context":"https:\/\/schema.org","@graph":[{"@type":"WebPage","@id":"https:\/\/staging.lucky-hunter.com\/product\/avery-sporting-dog-mallard-2\/","url":"https:\/\/staging.lucky-hunter.com\/product\/avery-sporting-dog-mallard-2\/","name":"Avery Sporting Dog - Mannequin d'entra\u00eenement colvert | Chasseur chanceux","isPartOf":{"@id":"https:\/\/staging.lucky-hunter.com\/#website"},"primaryImageOfPage":{"@id":"https:\/\/staging.lucky-hunter.com\/product\/avery-sporting-dog-mallard-2\/#primaryimage"},"image":{"@id":"https:\/\/staging.lucky-hunter.com\/product\/avery-sporting-dog-mallard-2\/#primaryimage"},"thumbnailUrl":"https:\/\/staging.lucky-hunter.com\/wp-content\/uploads\/2017\/11\/JH-64-EZ-Mallard.png","datePublished":"2017-08-31T15:26:12+00:00","dateModified":"2024-06-28T02:30:30+00:00","description":"Entra\u00eenez votre chien \u00e0 aller chercher les oiseaux abattus. Les mannequins de dressage Avery Sporting Dog mesurent 2\/3 de la taille d'un vrai oiseau, pour dresser votre chien en toute confiance.","breadcrumb":{"@id":"https:\/\/staging.lucky-hunter.com\/product\/avery-sporting-dog-mallard-2\/#breadcrumb"},"inLanguage":"fr-FR","potentialAction":[{"@type":"ReadAction","target":["https:\/\/staging.lucky-hunter.com\/product\/avery-sporting-dog-mallard-2\/"]}]},{"@type":"ImageObject","inLanguage":"fr-FR","@id":"https:\/\/staging.lucky-hunter.com\/product\/avery-sporting-dog-mallard-2\/#primaryimage","url":"https:\/\/staging.lucky-hunter.com\/wp-content\/uploads\/2017\/11\/JH-64-EZ-Mallard.png","contentUrl":"https:\/\/staging.lucky-hunter.com\/wp-content\/uploads\/2017\/11\/JH-64-EZ-Mallard.png","width":1000,"height":1000},{"@type":"BreadcrumbList","@id":"https:\/\/staging.lucky-hunter.com\/product\/avery-sporting-dog-mallard-2\/#breadcrumb","itemListElement":[{"@type":"ListItem","position":1,"name":"Home","item":"https:\/\/staging.lucky-hunter.com\/fr\/"},{"@type":"ListItem","position":2,"name":"Boutique","item":"https:\/\/staging.lucky-hunter.com\/fr\/shop\/"},{"@type":"ListItem","position":3,"name":"Avery Sporting Dog &#8211; Colvert EZ Bird"}]},{"@type":"WebSite","@id":"https:\/\/staging.lucky-hunter.com\/#website","url":"https:\/\/staging.lucky-hunter.com\/","name":"Lucky-Hunter","description":"Gear Up or Give Up","potentialAction":[{"@type":"SearchAction","target":{"@type":"EntryPoint","urlTemplate":"https:\/\/staging.lucky-hunter.com\/?s={search_term_string}"},"query-input":{"@type":"PropertyValueSpecification","valueRequired":true,"valueName":"search_term_string"}}],"inLanguage":"fr-FR"}]}},"_links":{"self":[{"href":"https:\/\/staging.lucky-hunter.com\/fr\/wp-json\/wp\/v2\/product\/31582"}],"collection":[{"href":"https:\/\/staging.lucky-hunter.com\/fr\/wp-json\/wp\/v2\/product"}],"about":[{"href":"https:\/\/staging.lucky-hunter.com\/fr\/wp-json\/wp\/v2\/types\/product"}],"wp:featuredmedia":[{"embeddable":true,"href":"https:\/\/staging.lucky-hunter.com\/fr\/wp-json\/wp\/v2\/media\/29554"}],"wp:attachment":[{"href":"https:\/\/staging.lucky-hunter.com\/fr\/wp-json\/wp\/v2\/media?parent=31582"}],"wp:term":[{"taxonomy":"product_brand","embeddable":true,"href":"https:\/\/staging.lucky-hunter.com\/fr\/wp-json\/wp\/v2\/product_brand?post=31582"},{"taxonomy":"product_cat","embeddable":true,"href":"https:\/\/staging.lucky-hunter.com\/fr\/wp-json\/wp\/v2\/product_cat?post=31582"},{"taxonomy":"product_tag","embeddable":true,"href":"https:\/\/staging.lucky-hunter.com\/fr\/wp-json\/wp\/v2\/product_tag?post=31582"}],"curies":[{"name":"wp","href":"https:\/\/api.w.org\/{rel}","templated":true}]}}