{"id":31578,"date":"2021-11-02T16:45:55","date_gmt":"2021-11-02T15:45:55","guid":{"rendered":"https:\/\/staging.lucky-hunter.com\/product\/lucky-duck-gear-down-blind-3-0\/"},"modified":"2025-06-24T15:29:08","modified_gmt":"2025-06-24T13:29:08","slug":"affut-couche-lucky-duck-gear-down-blind-3-0","status":"publish","type":"product","link":"https:\/\/staging.lucky-hunter.com\/fr\/product\/affut-couche-lucky-duck-gear-down-blind-3-0\/","title":{"rendered":"Aff\u00fbt Couch\u00e9 Lucky Duck Gear Down Blind 3.0"},"content":{"rendered":"<h2><strong>L\u2019aff\u00fbt couch\u00e9 le plus portable sur le march\u00e9<\/strong><\/h2>\n<p>Gear Down Blind 3.0 de Lucky Duck vous permet de rester hors de vue et de vous concentrer sur la chasse. Il est extr\u00eamement l\u00e9ger &#8211; seulement 4,5 kg &#8211; et dispose de sangles de sac \u00e0 dos pour un transport facile.<\/p>\n<p>Son design compact permet de gagner beaucoup de place dans votre remorque ou dans le coffre de votre voiture.<\/p>\n<p>Le tissu de couleur fonc\u00e9e contraste avec la couleur de la v\u00e9g\u00e9tation pour plus de discr\u00e9tion et il est r\u00e9sistant \u00e0 l&#8217;eau.<\/p>\n<p>Le Gear Down Blind a un design \u00e0 profil surbaiss\u00e9 qui minimise les ombres et aide \u00e0 duper les oiseaux.<\/p>\n<p><strong>Caract\u00e9ristiques :<\/strong><\/p>\n<ul>\n<li>Couverture r\u00e9versible &#8211; pour les tireurs droitiers ou gauchers<\/li>\n<li>Maillage enduit de PVC sur le dossier<\/li>\n<li>Une fois pli\u00e9, il est de la taille d&#8217;un sac \u00e0 dos<\/li>\n<li>Sangles de sac \u00e0 dos int\u00e9gr\u00e9es<\/li>\n<li>Si\u00e8ge et coussin rembourr\u00e9s pour rester confortable toute la journ\u00e9e<\/li>\n<li>Sangles et poches \u00e0 v\u00e9g\u00e9tation<\/li>\n<li>180 cm de long et 61 cm de large<\/li>\n<li>Rembourrage de 3,8 cm d&#8217;\u00e9paisseur.<\/li>\n<\/ul>\n","protected":false},"excerpt":{"rendered":"<p>Lucky Duck Gear Down Blind 3.0 vous permet de rester hors de vue et de vous concentrer sur la chasse. Il est extr\u00eamement l\u00e9ger &#8211; seulement 4,5 kg.<\/p>\n","protected":false},"featured_media":56239,"template":"","meta":[],"product_brand":[8124],"product_cat":[8161],"product_tag":[9446],"yoast_head":"<!-- This site is optimized with the Yoast SEO plugin v24.3 - https:\/\/yoast.com\/wordpress\/plugins\/seo\/ -->\n<title>Aff\u00fbt Couch\u00e9 Lucky Duck Gear Down Blind 3.0<\/title>\n<meta name=\"description\" content=\"Lucky Duck Gear Down Blind 3.0 vous permet de rester hors de vue et de vous concentrer sur la chasse. Seulement 4,5 kg.\" \/>\n<meta name=\"robots\" content=\"noindex, follow, max-snippet:-1, max-image-preview:large, max-video-preview:-1\" \/>\n<meta property=\"og:locale\" content=\"fr_FR\" \/>\n<meta property=\"og:type\" content=\"article\" \/>\n<meta property=\"og:title\" content=\"Aff\u00fbt Couch\u00e9 Lucky Duck Gear Down Blind 3.0\" \/>\n<meta property=\"og:description\" content=\"Lucky Duck Gear Down Blind 3.0 vous permet de rester hors de vue et de vous concentrer sur la chasse. Seulement 4,5 kg.\" \/>\n<meta property=\"og:url\" content=\"https:\/\/staging.lucky-hunter.com\/fr\/product\/affut-couche-lucky-duck-gear-down-blind-3-0\/\" \/>\n<meta property=\"og:site_name\" content=\"Lucky-Hunter\" \/>\n<meta property=\"article:modified_time\" content=\"2025-06-24T13:29:08+00:00\" \/>\n<meta property=\"og:image\" content=\"https:\/\/staging.lucky-hunter.com\/wp-content\/uploads\/2021\/11\/LS-400.png\" \/>\n\t<meta property=\"og:image:width\" content=\"1000\" \/>\n\t<meta property=\"og:image:height\" content=\"1000\" \/>\n\t<meta property=\"og:image:type\" content=\"image\/png\" \/>\n<meta name=\"twitter:card\" content=\"summary_large_image\" \/>\n<meta name=\"twitter:label1\" content=\"Dur\u00e9e de lecture estim\u00e9e\" \/>\n\t<meta name=\"twitter:data1\" content=\"1 minute\" \/>\n<script type=\"application\/ld+json\" class=\"yoast-schema-graph\">{\"@context\":\"https:\/\/schema.org\",\"@graph\":[{\"@type\":\"WebPage\",\"@id\":\"https:\/\/staging.lucky-hunter.com\/fr\/product\/affut-couche-lucky-duck-gear-down-blind-3-0\/\",\"url\":\"https:\/\/staging.lucky-hunter.com\/fr\/product\/affut-couche-lucky-duck-gear-down-blind-3-0\/\",\"name\":\"Aff\u00fbt Couch\u00e9 Lucky Duck Gear Down Blind 3.0\",\"isPartOf\":{\"@id\":\"https:\/\/staging.lucky-hunter.com\/#website\"},\"primaryImageOfPage\":{\"@id\":\"https:\/\/staging.lucky-hunter.com\/fr\/product\/affut-couche-lucky-duck-gear-down-blind-3-0\/#primaryimage\"},\"image\":{\"@id\":\"https:\/\/staging.lucky-hunter.com\/fr\/product\/affut-couche-lucky-duck-gear-down-blind-3-0\/#primaryimage\"},\"thumbnailUrl\":\"https:\/\/staging.lucky-hunter.com\/wp-content\/uploads\/2021\/11\/LS-400.png\",\"datePublished\":\"2021-11-02T15:45:55+00:00\",\"dateModified\":\"2025-06-24T13:29:08+00:00\",\"description\":\"Lucky Duck Gear Down Blind 3.0 vous permet de rester hors de vue et de vous concentrer sur la chasse. Seulement 4,5 kg.\",\"breadcrumb\":{\"@id\":\"https:\/\/staging.lucky-hunter.com\/fr\/product\/affut-couche-lucky-duck-gear-down-blind-3-0\/#breadcrumb\"},\"inLanguage\":\"fr-FR\",\"potentialAction\":[{\"@type\":\"ReadAction\",\"target\":[\"https:\/\/staging.lucky-hunter.com\/fr\/product\/affut-couche-lucky-duck-gear-down-blind-3-0\/\"]}]},{\"@type\":\"ImageObject\",\"inLanguage\":\"fr-FR\",\"@id\":\"https:\/\/staging.lucky-hunter.com\/fr\/product\/affut-couche-lucky-duck-gear-down-blind-3-0\/#primaryimage\",\"url\":\"https:\/\/staging.lucky-hunter.com\/wp-content\/uploads\/2021\/11\/LS-400.png\",\"contentUrl\":\"https:\/\/staging.lucky-hunter.com\/wp-content\/uploads\/2021\/11\/LS-400.png\",\"width\":1000,\"height\":1000,\"caption\":\"Layout blind\"},{\"@type\":\"BreadcrumbList\",\"@id\":\"https:\/\/staging.lucky-hunter.com\/fr\/product\/affut-couche-lucky-duck-gear-down-blind-3-0\/#breadcrumb\",\"itemListElement\":[{\"@type\":\"ListItem\",\"position\":1,\"name\":\"Home\",\"item\":\"https:\/\/staging.lucky-hunter.com\/fr\/\"},{\"@type\":\"ListItem\",\"position\":2,\"name\":\"Boutique\",\"item\":\"https:\/\/staging.lucky-hunter.com\/fr\/shop\/\"},{\"@type\":\"ListItem\",\"position\":3,\"name\":\"Aff\u00fbt Couch\u00e9 Lucky Duck Gear Down Blind 3.0\"}]},{\"@type\":\"WebSite\",\"@id\":\"https:\/\/staging.lucky-hunter.com\/#website\",\"url\":\"https:\/\/staging.lucky-hunter.com\/\",\"name\":\"Lucky-Hunter\",\"description\":\"Gear Up or Give Up\",\"potentialAction\":[{\"@type\":\"SearchAction\",\"target\":{\"@type\":\"EntryPoint\",\"urlTemplate\":\"https:\/\/staging.lucky-hunter.com\/?s={search_term_string}\"},\"query-input\":{\"@type\":\"PropertyValueSpecification\",\"valueRequired\":true,\"valueName\":\"search_term_string\"}}],\"inLanguage\":\"fr-FR\"}]}<\/script>\n<!-- \/ Yoast SEO plugin. -->","yoast_head_json":{"title":"Aff\u00fbt Couch\u00e9 Lucky Duck Gear Down Blind 3.0","description":"Lucky Duck Gear Down Blind 3.0 vous permet de rester hors de vue et de vous concentrer sur la chasse. Seulement 4,5 kg.","robots":{"index":"noindex","follow":"follow","max-snippet":"max-snippet:-1","max-image-preview":"max-image-preview:large","max-video-preview":"max-video-preview:-1"},"og_locale":"fr_FR","og_type":"article","og_title":"Aff\u00fbt Couch\u00e9 Lucky Duck Gear Down Blind 3.0","og_description":"Lucky Duck Gear Down Blind 3.0 vous permet de rester hors de vue et de vous concentrer sur la chasse. Seulement 4,5 kg.","og_url":"https:\/\/staging.lucky-hunter.com\/fr\/product\/affut-couche-lucky-duck-gear-down-blind-3-0\/","og_site_name":"Lucky-Hunter","article_modified_time":"2025-06-24T13:29:08+00:00","og_image":[{"width":1000,"height":1000,"url":"https:\/\/staging.lucky-hunter.com\/wp-content\/uploads\/2021\/11\/LS-400.png","type":"image\/png"}],"twitter_card":"summary_large_image","twitter_misc":{"Dur\u00e9e de lecture estim\u00e9e":"1 minute"},"schema":{"@context":"https:\/\/schema.org","@graph":[{"@type":"WebPage","@id":"https:\/\/staging.lucky-hunter.com\/fr\/product\/affut-couche-lucky-duck-gear-down-blind-3-0\/","url":"https:\/\/staging.lucky-hunter.com\/fr\/product\/affut-couche-lucky-duck-gear-down-blind-3-0\/","name":"Aff\u00fbt Couch\u00e9 Lucky Duck Gear Down Blind 3.0","isPartOf":{"@id":"https:\/\/staging.lucky-hunter.com\/#website"},"primaryImageOfPage":{"@id":"https:\/\/staging.lucky-hunter.com\/fr\/product\/affut-couche-lucky-duck-gear-down-blind-3-0\/#primaryimage"},"image":{"@id":"https:\/\/staging.lucky-hunter.com\/fr\/product\/affut-couche-lucky-duck-gear-down-blind-3-0\/#primaryimage"},"thumbnailUrl":"https:\/\/staging.lucky-hunter.com\/wp-content\/uploads\/2021\/11\/LS-400.png","datePublished":"2021-11-02T15:45:55+00:00","dateModified":"2025-06-24T13:29:08+00:00","description":"Lucky Duck Gear Down Blind 3.0 vous permet de rester hors de vue et de vous concentrer sur la chasse. Seulement 4,5 kg.","breadcrumb":{"@id":"https:\/\/staging.lucky-hunter.com\/fr\/product\/affut-couche-lucky-duck-gear-down-blind-3-0\/#breadcrumb"},"inLanguage":"fr-FR","potentialAction":[{"@type":"ReadAction","target":["https:\/\/staging.lucky-hunter.com\/fr\/product\/affut-couche-lucky-duck-gear-down-blind-3-0\/"]}]},{"@type":"ImageObject","inLanguage":"fr-FR","@id":"https:\/\/staging.lucky-hunter.com\/fr\/product\/affut-couche-lucky-duck-gear-down-blind-3-0\/#primaryimage","url":"https:\/\/staging.lucky-hunter.com\/wp-content\/uploads\/2021\/11\/LS-400.png","contentUrl":"https:\/\/staging.lucky-hunter.com\/wp-content\/uploads\/2021\/11\/LS-400.png","width":1000,"height":1000,"caption":"Layout blind"},{"@type":"BreadcrumbList","@id":"https:\/\/staging.lucky-hunter.com\/fr\/product\/affut-couche-lucky-duck-gear-down-blind-3-0\/#breadcrumb","itemListElement":[{"@type":"ListItem","position":1,"name":"Home","item":"https:\/\/staging.lucky-hunter.com\/fr\/"},{"@type":"ListItem","position":2,"name":"Boutique","item":"https:\/\/staging.lucky-hunter.com\/fr\/shop\/"},{"@type":"ListItem","position":3,"name":"Aff\u00fbt Couch\u00e9 Lucky Duck Gear Down Blind 3.0"}]},{"@type":"WebSite","@id":"https:\/\/staging.lucky-hunter.com\/#website","url":"https:\/\/staging.lucky-hunter.com\/","name":"Lucky-Hunter","description":"Gear Up or Give Up","potentialAction":[{"@type":"SearchAction","target":{"@type":"EntryPoint","urlTemplate":"https:\/\/staging.lucky-hunter.com\/?s={search_term_string}"},"query-input":{"@type":"PropertyValueSpecification","valueRequired":true,"valueName":"search_term_string"}}],"inLanguage":"fr-FR"}]}},"_links":{"self":[{"href":"https:\/\/staging.lucky-hunter.com\/fr\/wp-json\/wp\/v2\/product\/31578"}],"collection":[{"href":"https:\/\/staging.lucky-hunter.com\/fr\/wp-json\/wp\/v2\/product"}],"about":[{"href":"https:\/\/staging.lucky-hunter.com\/fr\/wp-json\/wp\/v2\/types\/product"}],"wp:featuredmedia":[{"embeddable":true,"href":"https:\/\/staging.lucky-hunter.com\/fr\/wp-json\/wp\/v2\/media\/56239"}],"wp:attachment":[{"href":"https:\/\/staging.lucky-hunter.com\/fr\/wp-json\/wp\/v2\/media?parent=31578"}],"wp:term":[{"taxonomy":"product_brand","embeddable":true,"href":"https:\/\/staging.lucky-hunter.com\/fr\/wp-json\/wp\/v2\/product_brand?post=31578"},{"taxonomy":"product_cat","embeddable":true,"href":"https:\/\/staging.lucky-hunter.com\/fr\/wp-json\/wp\/v2\/product_cat?post=31578"},{"taxonomy":"product_tag","embeddable":true,"href":"https:\/\/staging.lucky-hunter.com\/fr\/wp-json\/wp\/v2\/product_tag?post=31578"}],"curies":[{"name":"wp","href":"https:\/\/api.w.org\/{rel}","templated":true}]}}