{"id":31572,"date":"2017-02-28T14:33:55","date_gmt":"2017-02-28T13:33:55","guid":{"rendered":"https:\/\/staging.lucky-hunter.com\/product\/deerhunter-max-5-gloves\/"},"modified":"2022-11-22T15:17:13","modified_gmt":"2022-11-22T14:17:13","slug":"deerhunter-max-5-gloves","status":"publish","type":"product","link":"https:\/\/staging.lucky-hunter.com\/fr\/product\/deerhunter-max-5-gloves\/","title":{"rendered":"Gants Deerhunter Max 5"},"content":{"rendered":"<p>Gants de chasse Danish Deerhunter en camouflage Realtree Max-5 avec points en silicone &#8211; Absolument parfait pour la chasse au gibier d\u2019eau.<\/p>\n<p>Gants souples et confortables avec picots en silicone sur toute la paume, les c\u00f4t\u00e9s et le pouce pour une meilleure prise en main et microsu\u00e8de sur le bout de l\u2019index et du pouce.<\/p>\n<p>Taille M &#8211; 2XL.<\/p>\n","protected":false},"excerpt":{"rendered":"<p>Gants de chasse de la marque danoise Deerhunter avec camouflage Realtree Max-5 et alv\u00e9oles en silicone &#8211; Absolument parfaits pour la chasse au gibier d\u2019eau.<\/p>\n","protected":false},"featured_media":29885,"template":"","meta":[],"product_brand":[8194],"product_cat":[9215],"product_tag":[9235],"yoast_head":"<!-- This site is optimized with the Yoast SEO plugin v24.3 - https:\/\/yoast.com\/wordpress\/plugins\/seo\/ -->\n<title>Deerhunter Max 5 Gloves - Soft and comfortable gloves with silicone gripper<\/title>\n<meta name=\"description\" content=\"Hunting Gloves from Danish Deerhunter in Realtree Max-5 Camouflage with Silicone Dots - Absolutely perfect for waterfowl hunting.\" \/>\n<meta name=\"robots\" content=\"noindex, follow, max-snippet:-1, max-image-preview:large, max-video-preview:-1\" \/>\n<meta property=\"og:locale\" content=\"fr_FR\" \/>\n<meta property=\"og:type\" content=\"article\" \/>\n<meta property=\"og:title\" content=\"Deerhunter Max 5 Gloves - Soft and comfortable gloves with silicone gripper\" \/>\n<meta property=\"og:description\" content=\"Hunting Gloves from Danish Deerhunter in Realtree Max-5 Camouflage with Silicone Dots - Absolutely perfect for waterfowl hunting.\" \/>\n<meta property=\"og:url\" content=\"https:\/\/staging.lucky-hunter.com\/product\/deerhunter-max-5-gloves\/\" \/>\n<meta property=\"og:site_name\" content=\"Lucky-Hunter\" \/>\n<meta property=\"article:modified_time\" content=\"2022-11-22T14:17:13+00:00\" \/>\n<meta property=\"og:image\" content=\"https:\/\/staging.lucky-hunter.com\/wp-content\/uploads\/2017\/02\/DH-8061.png\" \/>\n\t<meta property=\"og:image:width\" content=\"1000\" \/>\n\t<meta property=\"og:image:height\" content=\"1000\" \/>\n\t<meta property=\"og:image:type\" content=\"image\/png\" \/>\n<meta name=\"twitter:card\" content=\"summary_large_image\" \/>\n<meta name=\"twitter:label1\" content=\"Dur\u00e9e de lecture estim\u00e9e\" \/>\n\t<meta name=\"twitter:data1\" content=\"1 minute\" \/>\n<script type=\"application\/ld+json\" class=\"yoast-schema-graph\">{\"@context\":\"https:\/\/schema.org\",\"@graph\":[{\"@type\":\"WebPage\",\"@id\":\"https:\/\/staging.lucky-hunter.com\/product\/deerhunter-max-5-gloves\/\",\"url\":\"https:\/\/staging.lucky-hunter.com\/product\/deerhunter-max-5-gloves\/\",\"name\":\"Deerhunter Max 5 Gloves - Soft and comfortable gloves with silicone gripper\",\"isPartOf\":{\"@id\":\"https:\/\/staging.lucky-hunter.com\/#website\"},\"primaryImageOfPage\":{\"@id\":\"https:\/\/staging.lucky-hunter.com\/product\/deerhunter-max-5-gloves\/#primaryimage\"},\"image\":{\"@id\":\"https:\/\/staging.lucky-hunter.com\/product\/deerhunter-max-5-gloves\/#primaryimage\"},\"thumbnailUrl\":\"https:\/\/staging.lucky-hunter.com\/wp-content\/uploads\/2017\/02\/DH-8061.png\",\"datePublished\":\"2017-02-28T13:33:55+00:00\",\"dateModified\":\"2022-11-22T14:17:13+00:00\",\"description\":\"Hunting Gloves from Danish Deerhunter in Realtree Max-5 Camouflage with Silicone Dots - Absolutely perfect for waterfowl hunting.\",\"breadcrumb\":{\"@id\":\"https:\/\/staging.lucky-hunter.com\/product\/deerhunter-max-5-gloves\/#breadcrumb\"},\"inLanguage\":\"fr-FR\",\"potentialAction\":[{\"@type\":\"ReadAction\",\"target\":[\"https:\/\/staging.lucky-hunter.com\/product\/deerhunter-max-5-gloves\/\"]}]},{\"@type\":\"ImageObject\",\"inLanguage\":\"fr-FR\",\"@id\":\"https:\/\/staging.lucky-hunter.com\/product\/deerhunter-max-5-gloves\/#primaryimage\",\"url\":\"https:\/\/staging.lucky-hunter.com\/wp-content\/uploads\/2017\/02\/DH-8061.png\",\"contentUrl\":\"https:\/\/staging.lucky-hunter.com\/wp-content\/uploads\/2017\/02\/DH-8061.png\",\"width\":1000,\"height\":1000},{\"@type\":\"BreadcrumbList\",\"@id\":\"https:\/\/staging.lucky-hunter.com\/product\/deerhunter-max-5-gloves\/#breadcrumb\",\"itemListElement\":[{\"@type\":\"ListItem\",\"position\":1,\"name\":\"Home\",\"item\":\"https:\/\/staging.lucky-hunter.com\/fr\/\"},{\"@type\":\"ListItem\",\"position\":2,\"name\":\"Boutique\",\"item\":\"https:\/\/staging.lucky-hunter.com\/fr\/shop\/\"},{\"@type\":\"ListItem\",\"position\":3,\"name\":\"Gants Deerhunter Max 5\"}]},{\"@type\":\"WebSite\",\"@id\":\"https:\/\/staging.lucky-hunter.com\/#website\",\"url\":\"https:\/\/staging.lucky-hunter.com\/\",\"name\":\"Lucky-Hunter\",\"description\":\"Gear Up or Give Up\",\"potentialAction\":[{\"@type\":\"SearchAction\",\"target\":{\"@type\":\"EntryPoint\",\"urlTemplate\":\"https:\/\/staging.lucky-hunter.com\/?s={search_term_string}\"},\"query-input\":{\"@type\":\"PropertyValueSpecification\",\"valueRequired\":true,\"valueName\":\"search_term_string\"}}],\"inLanguage\":\"fr-FR\"}]}<\/script>\n<!-- \/ Yoast SEO plugin. -->","yoast_head_json":{"title":"Deerhunter Max 5 Gloves - Soft and comfortable gloves with silicone gripper","description":"Hunting Gloves from Danish Deerhunter in Realtree Max-5 Camouflage with Silicone Dots - Absolutely perfect for waterfowl hunting.","robots":{"index":"noindex","follow":"follow","max-snippet":"max-snippet:-1","max-image-preview":"max-image-preview:large","max-video-preview":"max-video-preview:-1"},"og_locale":"fr_FR","og_type":"article","og_title":"Deerhunter Max 5 Gloves - Soft and comfortable gloves with silicone gripper","og_description":"Hunting Gloves from Danish Deerhunter in Realtree Max-5 Camouflage with Silicone Dots - Absolutely perfect for waterfowl hunting.","og_url":"https:\/\/staging.lucky-hunter.com\/product\/deerhunter-max-5-gloves\/","og_site_name":"Lucky-Hunter","article_modified_time":"2022-11-22T14:17:13+00:00","og_image":[{"width":1000,"height":1000,"url":"https:\/\/staging.lucky-hunter.com\/wp-content\/uploads\/2017\/02\/DH-8061.png","type":"image\/png"}],"twitter_card":"summary_large_image","twitter_misc":{"Dur\u00e9e de lecture estim\u00e9e":"1 minute"},"schema":{"@context":"https:\/\/schema.org","@graph":[{"@type":"WebPage","@id":"https:\/\/staging.lucky-hunter.com\/product\/deerhunter-max-5-gloves\/","url":"https:\/\/staging.lucky-hunter.com\/product\/deerhunter-max-5-gloves\/","name":"Deerhunter Max 5 Gloves - Soft and comfortable gloves with silicone gripper","isPartOf":{"@id":"https:\/\/staging.lucky-hunter.com\/#website"},"primaryImageOfPage":{"@id":"https:\/\/staging.lucky-hunter.com\/product\/deerhunter-max-5-gloves\/#primaryimage"},"image":{"@id":"https:\/\/staging.lucky-hunter.com\/product\/deerhunter-max-5-gloves\/#primaryimage"},"thumbnailUrl":"https:\/\/staging.lucky-hunter.com\/wp-content\/uploads\/2017\/02\/DH-8061.png","datePublished":"2017-02-28T13:33:55+00:00","dateModified":"2022-11-22T14:17:13+00:00","description":"Hunting Gloves from Danish Deerhunter in Realtree Max-5 Camouflage with Silicone Dots - Absolutely perfect for waterfowl hunting.","breadcrumb":{"@id":"https:\/\/staging.lucky-hunter.com\/product\/deerhunter-max-5-gloves\/#breadcrumb"},"inLanguage":"fr-FR","potentialAction":[{"@type":"ReadAction","target":["https:\/\/staging.lucky-hunter.com\/product\/deerhunter-max-5-gloves\/"]}]},{"@type":"ImageObject","inLanguage":"fr-FR","@id":"https:\/\/staging.lucky-hunter.com\/product\/deerhunter-max-5-gloves\/#primaryimage","url":"https:\/\/staging.lucky-hunter.com\/wp-content\/uploads\/2017\/02\/DH-8061.png","contentUrl":"https:\/\/staging.lucky-hunter.com\/wp-content\/uploads\/2017\/02\/DH-8061.png","width":1000,"height":1000},{"@type":"BreadcrumbList","@id":"https:\/\/staging.lucky-hunter.com\/product\/deerhunter-max-5-gloves\/#breadcrumb","itemListElement":[{"@type":"ListItem","position":1,"name":"Home","item":"https:\/\/staging.lucky-hunter.com\/fr\/"},{"@type":"ListItem","position":2,"name":"Boutique","item":"https:\/\/staging.lucky-hunter.com\/fr\/shop\/"},{"@type":"ListItem","position":3,"name":"Gants Deerhunter Max 5"}]},{"@type":"WebSite","@id":"https:\/\/staging.lucky-hunter.com\/#website","url":"https:\/\/staging.lucky-hunter.com\/","name":"Lucky-Hunter","description":"Gear Up or Give Up","potentialAction":[{"@type":"SearchAction","target":{"@type":"EntryPoint","urlTemplate":"https:\/\/staging.lucky-hunter.com\/?s={search_term_string}"},"query-input":{"@type":"PropertyValueSpecification","valueRequired":true,"valueName":"search_term_string"}}],"inLanguage":"fr-FR"}]}},"_links":{"self":[{"href":"https:\/\/staging.lucky-hunter.com\/fr\/wp-json\/wp\/v2\/product\/31572"}],"collection":[{"href":"https:\/\/staging.lucky-hunter.com\/fr\/wp-json\/wp\/v2\/product"}],"about":[{"href":"https:\/\/staging.lucky-hunter.com\/fr\/wp-json\/wp\/v2\/types\/product"}],"wp:featuredmedia":[{"embeddable":true,"href":"https:\/\/staging.lucky-hunter.com\/fr\/wp-json\/wp\/v2\/media\/29885"}],"wp:attachment":[{"href":"https:\/\/staging.lucky-hunter.com\/fr\/wp-json\/wp\/v2\/media?parent=31572"}],"wp:term":[{"taxonomy":"product_brand","embeddable":true,"href":"https:\/\/staging.lucky-hunter.com\/fr\/wp-json\/wp\/v2\/product_brand?post=31572"},{"taxonomy":"product_cat","embeddable":true,"href":"https:\/\/staging.lucky-hunter.com\/fr\/wp-json\/wp\/v2\/product_cat?post=31572"},{"taxonomy":"product_tag","embeddable":true,"href":"https:\/\/staging.lucky-hunter.com\/fr\/wp-json\/wp\/v2\/product_tag?post=31572"}],"curies":[{"name":"wp","href":"https:\/\/api.w.org\/{rel}","templated":true}]}}