{"id":31570,"date":"2016-11-07T16:16:03","date_gmt":"2016-11-07T15:16:03","guid":{"rendered":"https:\/\/staging.lucky-hunter.com\/product\/duck-decoy-bag\/"},"modified":"2024-09-12T11:32:15","modified_gmt":"2024-09-12T09:32:15","slug":"duck-decoy-bag","status":"publish","type":"product","link":"https:\/\/staging.lucky-hunter.com\/fr\/product\/duck-decoy-bag\/","title":{"rendered":"Sac \u00e0 formes de canard &#8211; Sac en toile 12 emplacements"},"content":{"rendered":"<h2><strong>Sac \u00e0 formes de canard &#8211; En toile durable<\/strong><\/h2>\n<p>Ce sac \u00e0 formes \u00e0 12 emplacements est fait d&#8217;une toile tr\u00e8s r\u00e9sistante et de haute qualit\u00e9 et est tr\u00e8s pratique lorsque vous devez transporter vos formes de la voiture \u00e0 la zone de chasse.<\/p>\n<p>En m\u00eame temps, vous prot\u00e9gez la surface d\u00e9licate du flocage afin que vos formes restent beaux pendant de nombreuses ann\u00e9es.<\/p>\n<p>Le sac est muni d\u2019un filet au fond pour que l&#8217;eau puisse s&#8217;\u00e9couler des formes avant de les remettre dans la voiture. Ainsi, le sac s&#8217;\u00e9gouttera et s\u00e9chera plus rapidement qu&#8217;un mod\u00e8le enti\u00e8rement en toile.<\/p>\n<p>Couleur\u00a0: olive<\/p>\n<p>Dimensions environ 101 x 50 x 35 cm.<\/p>\n<p>Vendu \u00e0 l&#8217;unit\u00e9<\/p>\n<p><iframe title=\"Dangate Duck Decoy Bag\" width=\"1020\" height=\"574\" src=\"https:\/\/www.youtube.com\/embed\/b-fBF94LhbM?wmode=transparent&amp;rel=0&amp;feature=oembed&#038;enablejsapi=1&#038;origin=https:\/\/staging.lucky-hunter.com\" frameborder=\"0\" allow=\"accelerometer; autoplay; clipboard-write; encrypted-media; gyroscope; picture-in-picture; web-share\" allowfullscreen><\/iframe><\/p>\n","protected":false},"excerpt":{"rendered":"<p>Fabriqu\u00e9 avec une toile de qualit\u00e9 et tr\u00e8s r\u00e9sistante, ce sac \u00e0 formes dispose de 12 emplacements et se r\u00e9v\u00e8le tr\u00e8s pratique lorsque vous devez transporter vos formes dans la voiture et vers votre zone de chasse.<\/p>\n","protected":false},"featured_media":30720,"template":"","meta":[],"product_brand":[8121],"product_cat":[9321],"product_tag":[9235],"yoast_head":"<!-- This site is optimized with the Yoast SEO plugin v24.3 - https:\/\/yoast.com\/wordpress\/plugins\/seo\/ -->\n<title>Sac \u00e0 formes pour canards - Toile durable | Lucky Hunter<\/title>\n<meta name=\"description\" content=\"Toile durable. Le sac \u00e0 formes pour canards est parfait pour transporter jusqu&#039;\u00e0 douze formes avec vous. Comme le sac est en toile, il peut rester dans l&#039;eau pendant de longues p\u00e9riodes.\" \/>\n<meta name=\"robots\" content=\"noindex, follow, max-snippet:-1, max-image-preview:large, max-video-preview:-1\" \/>\n<meta property=\"og:locale\" content=\"fr_FR\" \/>\n<meta property=\"og:type\" content=\"article\" \/>\n<meta property=\"og:title\" content=\"Duck Decoy Bag - Durable Canvas | Lucky Hunter\" \/>\n<meta property=\"og:description\" content=\"Toile durable. Le sac \u00e0 formes pour canards est parfait pour transporter jusqu&#039;\u00e0 douze formes avec vous. Comme le sac est en toile, il peut rester dans l&#039;eau pendant de longues p\u00e9riodes.\" \/>\n<meta property=\"og:url\" content=\"https:\/\/staging.lucky-hunter.com\/fr\/product\/duck-decoy-bag\/\" \/>\n<meta property=\"og:site_name\" content=\"Lucky-Hunter\" \/>\n<meta property=\"article:modified_time\" content=\"2024-09-12T09:32:15+00:00\" \/>\n<meta property=\"og:image\" content=\"https:\/\/staging.lucky-hunter.com\/wp-content\/uploads\/2016\/11\/LF-135.png\" \/>\n\t<meta property=\"og:image:width\" content=\"1000\" \/>\n\t<meta property=\"og:image:height\" content=\"1000\" \/>\n\t<meta property=\"og:image:type\" content=\"image\/png\" \/>\n<meta name=\"twitter:card\" content=\"summary_large_image\" \/>\n<meta name=\"twitter:title\" content=\"Sac \u00e0 formes pour canards - Toile durable | Lucky Hunter\" \/>\n<meta name=\"twitter:description\" content=\"Toile durable. Le sac \u00e0 formes pour canards est parfait pour transporter jusqu&#039;\u00e0 douze formes avec vous. Comme le sac est en toile, il peut rester dans l&#039;eau pendant de longues p\u00e9riodes.\" \/>\n<meta name=\"twitter:label1\" content=\"Dur\u00e9e de lecture estim\u00e9e\" \/>\n\t<meta name=\"twitter:data1\" content=\"1 minute\" \/>\n<script type=\"application\/ld+json\" class=\"yoast-schema-graph\">{\"@context\":\"https:\/\/schema.org\",\"@graph\":[{\"@type\":\"WebPage\",\"@id\":\"https:\/\/staging.lucky-hunter.com\/fr\/product\/duck-decoy-bag\/\",\"url\":\"https:\/\/staging.lucky-hunter.com\/fr\/product\/duck-decoy-bag\/\",\"name\":\"Sac \u00e0 formes pour canards - Toile durable | Lucky Hunter\",\"isPartOf\":{\"@id\":\"https:\/\/staging.lucky-hunter.com\/#website\"},\"primaryImageOfPage\":{\"@id\":\"https:\/\/staging.lucky-hunter.com\/fr\/product\/duck-decoy-bag\/#primaryimage\"},\"image\":{\"@id\":\"https:\/\/staging.lucky-hunter.com\/fr\/product\/duck-decoy-bag\/#primaryimage\"},\"thumbnailUrl\":\"https:\/\/staging.lucky-hunter.com\/wp-content\/uploads\/2016\/11\/LF-135.png\",\"datePublished\":\"2016-11-07T15:16:03+00:00\",\"dateModified\":\"2024-09-12T09:32:15+00:00\",\"description\":\"Toile durable. Le sac \u00e0 formes pour canards est parfait pour transporter jusqu'\u00e0 douze formes avec vous. Comme le sac est en toile, il peut rester dans l'eau pendant de longues p\u00e9riodes.\",\"breadcrumb\":{\"@id\":\"https:\/\/staging.lucky-hunter.com\/fr\/product\/duck-decoy-bag\/#breadcrumb\"},\"inLanguage\":\"fr-FR\",\"potentialAction\":[{\"@type\":\"ReadAction\",\"target\":[\"https:\/\/staging.lucky-hunter.com\/fr\/product\/duck-decoy-bag\/\"]}]},{\"@type\":\"ImageObject\",\"inLanguage\":\"fr-FR\",\"@id\":\"https:\/\/staging.lucky-hunter.com\/fr\/product\/duck-decoy-bag\/#primaryimage\",\"url\":\"https:\/\/staging.lucky-hunter.com\/wp-content\/uploads\/2016\/11\/LF-135.png\",\"contentUrl\":\"https:\/\/staging.lucky-hunter.com\/wp-content\/uploads\/2016\/11\/LF-135.png\",\"width\":1000,\"height\":1000},{\"@type\":\"BreadcrumbList\",\"@id\":\"https:\/\/staging.lucky-hunter.com\/fr\/product\/duck-decoy-bag\/#breadcrumb\",\"itemListElement\":[{\"@type\":\"ListItem\",\"position\":1,\"name\":\"Home\",\"item\":\"https:\/\/staging.lucky-hunter.com\/fr\/\"},{\"@type\":\"ListItem\",\"position\":2,\"name\":\"Boutique\",\"item\":\"https:\/\/staging.lucky-hunter.com\/fr\/shop\/\"},{\"@type\":\"ListItem\",\"position\":3,\"name\":\"Sac \u00e0 formes de canard &#8211; Sac en toile 12 emplacements\"}]},{\"@type\":\"WebSite\",\"@id\":\"https:\/\/staging.lucky-hunter.com\/#website\",\"url\":\"https:\/\/staging.lucky-hunter.com\/\",\"name\":\"Lucky-Hunter\",\"description\":\"Gear Up or Give Up\",\"potentialAction\":[{\"@type\":\"SearchAction\",\"target\":{\"@type\":\"EntryPoint\",\"urlTemplate\":\"https:\/\/staging.lucky-hunter.com\/?s={search_term_string}\"},\"query-input\":{\"@type\":\"PropertyValueSpecification\",\"valueRequired\":true,\"valueName\":\"search_term_string\"}}],\"inLanguage\":\"fr-FR\"}]}<\/script>\n<!-- \/ Yoast SEO plugin. -->","yoast_head_json":{"title":"Sac \u00e0 formes pour canards - Toile durable | Lucky Hunter","description":"Toile durable. Le sac \u00e0 formes pour canards est parfait pour transporter jusqu'\u00e0 douze formes avec vous. Comme le sac est en toile, il peut rester dans l'eau pendant de longues p\u00e9riodes.","robots":{"index":"noindex","follow":"follow","max-snippet":"max-snippet:-1","max-image-preview":"max-image-preview:large","max-video-preview":"max-video-preview:-1"},"og_locale":"fr_FR","og_type":"article","og_title":"Duck Decoy Bag - Durable Canvas | Lucky Hunter","og_description":"Toile durable. Le sac \u00e0 formes pour canards est parfait pour transporter jusqu'\u00e0 douze formes avec vous. Comme le sac est en toile, il peut rester dans l'eau pendant de longues p\u00e9riodes.","og_url":"https:\/\/staging.lucky-hunter.com\/fr\/product\/duck-decoy-bag\/","og_site_name":"Lucky-Hunter","article_modified_time":"2024-09-12T09:32:15+00:00","og_image":[{"width":1000,"height":1000,"url":"https:\/\/staging.lucky-hunter.com\/wp-content\/uploads\/2016\/11\/LF-135.png","type":"image\/png"}],"twitter_card":"summary_large_image","twitter_title":"Sac \u00e0 formes pour canards - Toile durable | Lucky Hunter","twitter_description":"Toile durable. Le sac \u00e0 formes pour canards est parfait pour transporter jusqu'\u00e0 douze formes avec vous. Comme le sac est en toile, il peut rester dans l'eau pendant de longues p\u00e9riodes.","twitter_misc":{"Dur\u00e9e de lecture estim\u00e9e":"1 minute"},"schema":{"@context":"https:\/\/schema.org","@graph":[{"@type":"WebPage","@id":"https:\/\/staging.lucky-hunter.com\/fr\/product\/duck-decoy-bag\/","url":"https:\/\/staging.lucky-hunter.com\/fr\/product\/duck-decoy-bag\/","name":"Sac \u00e0 formes pour canards - Toile durable | Lucky Hunter","isPartOf":{"@id":"https:\/\/staging.lucky-hunter.com\/#website"},"primaryImageOfPage":{"@id":"https:\/\/staging.lucky-hunter.com\/fr\/product\/duck-decoy-bag\/#primaryimage"},"image":{"@id":"https:\/\/staging.lucky-hunter.com\/fr\/product\/duck-decoy-bag\/#primaryimage"},"thumbnailUrl":"https:\/\/staging.lucky-hunter.com\/wp-content\/uploads\/2016\/11\/LF-135.png","datePublished":"2016-11-07T15:16:03+00:00","dateModified":"2024-09-12T09:32:15+00:00","description":"Toile durable. Le sac \u00e0 formes pour canards est parfait pour transporter jusqu'\u00e0 douze formes avec vous. Comme le sac est en toile, il peut rester dans l'eau pendant de longues p\u00e9riodes.","breadcrumb":{"@id":"https:\/\/staging.lucky-hunter.com\/fr\/product\/duck-decoy-bag\/#breadcrumb"},"inLanguage":"fr-FR","potentialAction":[{"@type":"ReadAction","target":["https:\/\/staging.lucky-hunter.com\/fr\/product\/duck-decoy-bag\/"]}]},{"@type":"ImageObject","inLanguage":"fr-FR","@id":"https:\/\/staging.lucky-hunter.com\/fr\/product\/duck-decoy-bag\/#primaryimage","url":"https:\/\/staging.lucky-hunter.com\/wp-content\/uploads\/2016\/11\/LF-135.png","contentUrl":"https:\/\/staging.lucky-hunter.com\/wp-content\/uploads\/2016\/11\/LF-135.png","width":1000,"height":1000},{"@type":"BreadcrumbList","@id":"https:\/\/staging.lucky-hunter.com\/fr\/product\/duck-decoy-bag\/#breadcrumb","itemListElement":[{"@type":"ListItem","position":1,"name":"Home","item":"https:\/\/staging.lucky-hunter.com\/fr\/"},{"@type":"ListItem","position":2,"name":"Boutique","item":"https:\/\/staging.lucky-hunter.com\/fr\/shop\/"},{"@type":"ListItem","position":3,"name":"Sac \u00e0 formes de canard &#8211; Sac en toile 12 emplacements"}]},{"@type":"WebSite","@id":"https:\/\/staging.lucky-hunter.com\/#website","url":"https:\/\/staging.lucky-hunter.com\/","name":"Lucky-Hunter","description":"Gear Up or Give Up","potentialAction":[{"@type":"SearchAction","target":{"@type":"EntryPoint","urlTemplate":"https:\/\/staging.lucky-hunter.com\/?s={search_term_string}"},"query-input":{"@type":"PropertyValueSpecification","valueRequired":true,"valueName":"search_term_string"}}],"inLanguage":"fr-FR"}]}},"_links":{"self":[{"href":"https:\/\/staging.lucky-hunter.com\/fr\/wp-json\/wp\/v2\/product\/31570"}],"collection":[{"href":"https:\/\/staging.lucky-hunter.com\/fr\/wp-json\/wp\/v2\/product"}],"about":[{"href":"https:\/\/staging.lucky-hunter.com\/fr\/wp-json\/wp\/v2\/types\/product"}],"wp:featuredmedia":[{"embeddable":true,"href":"https:\/\/staging.lucky-hunter.com\/fr\/wp-json\/wp\/v2\/media\/30720"}],"wp:attachment":[{"href":"https:\/\/staging.lucky-hunter.com\/fr\/wp-json\/wp\/v2\/media?parent=31570"}],"wp:term":[{"taxonomy":"product_brand","embeddable":true,"href":"https:\/\/staging.lucky-hunter.com\/fr\/wp-json\/wp\/v2\/product_brand?post=31570"},{"taxonomy":"product_cat","embeddable":true,"href":"https:\/\/staging.lucky-hunter.com\/fr\/wp-json\/wp\/v2\/product_cat?post=31570"},{"taxonomy":"product_tag","embeddable":true,"href":"https:\/\/staging.lucky-hunter.com\/fr\/wp-json\/wp\/v2\/product_tag?post=31570"}],"curies":[{"name":"wp","href":"https:\/\/api.w.org\/{rel}","templated":true}]}}