{"id":31569,"date":"2018-05-17T09:14:28","date_gmt":"2018-05-17T07:14:28","guid":{"rendered":"https:\/\/staging.lucky-hunter.com\/product\/ghg-long-tailed-duck-decoys\/"},"modified":"2024-09-12T10:58:34","modified_gmt":"2024-09-12T08:58:34","slug":"ghg-long-tailed-duck-decoys","status":"publish","type":"product","link":"https:\/\/staging.lucky-hunter.com\/fr\/product\/ghg-long-tailed-duck-decoys\/","title":{"rendered":"Formes de canard \u00e0 longue queue GHG"},"content":{"rendered":"<h2><strong><span style=\"vertical-align: inherit;\"><span style=\"vertical-align: inherit;\">Canard \u00e0 longue queue GHG &#8211; formes de canard remplis de mousse de haute qualit\u00e9\u00a0<\/span><\/span><\/strong><\/h2>\n<p>Lorsque vous achetez des formes de l\u2019am\u00e9ricain GHG (Greenhead Gear), vous avez la garantie d&#8217;une excellente finition et durabilit\u00e9.<\/p>\n<p><span style=\"vertical-align: inherit;\"><span style=\"vertical-align: inherit;\">Dans la bo\u00eete se trouvent 6 canards \u00e0 longue queue :<\/span><\/span><\/p>\n<ul>\n<li><span style=\"vertical-align: inherit;\"><span style=\"vertical-align: inherit;\">4 malards<\/span><\/span><\/li>\n<li><span style=\"vertical-align: inherit;\"><span style=\"vertical-align: inherit;\">2 poules<\/span><\/span><\/li>\n<\/ul>\n<p>Les formes ont de tr\u00e8s beaux d\u00e9tails et sont fabriqu\u00e9s en plastique poly\u00e9thyl\u00e8ne r\u00e9sistant. Ils sont remplis de mousse, ce qui garantit leur forme et leur flottaison, m\u00eame en cas d\u2019utilisation intensive.<\/p>\n<p>Le canard \u00e0 longue queue est un petit canard plongeur d&#8217;environ 43 cm de long. Son corps est g\u00e9n\u00e9ralement de couleur claire et ses ailes sont fonc\u00e9es. Les couleurs printani\u00e8res sont plus vives en hiver qu&#8217;en \u00e9t\u00e9. Le m\u00e2le a les plumes de la queue \u00e9tendues et peut donc mesurer jusqu&#8217;\u00e0 60 cm de la pointe du bec au bout de la queue.<\/p>\n<p>Le canard \u00e0 longue queue est le seul canard \u00e0 changer de plumage trois fois par an. Les m\u00e2les adultes pr\u00e9sentent une plume alternative suppl\u00e9mentaire en hiver.<\/p>\n","protected":false},"excerpt":{"rendered":"<p>Lorsque vous achetez des formes de la marque am\u00e9ricaine GHG (Greenhead Gear), vous avez la garantie d&#8217;un produit dont la finition et la durabilit\u00e9 sont excellentes. Les formes arborent des d\u00e9tails magnifiques et sont fabriqu\u00e9es en plastique poly\u00e9thyl\u00e8ne r\u00e9sistant, ce qui les emp\u00eache de se d\u00e9former ou de perdre leur flottabilit\u00e9, m\u00eame en cas d&#8217;utilisation intensive.<\/p>\n","protected":false},"featured_media":29831,"template":"","meta":[],"product_brand":[8125],"product_cat":[8250],"product_tag":[9235],"yoast_head":"<!-- This site is optimized with the Yoast SEO plugin v24.3 - https:\/\/yoast.com\/wordpress\/plugins\/seo\/ -->\n<title>Formes de canard \u00e0 longue queue GHG remplies de mousse | Lucky Hunter<\/title>\n<meta name=\"description\" content=\"Formes de haute qualit\u00e9 remplies de mousse. Les formes de canard \u00e0 longue queue remplies de mousse de la s\u00e9rie Pro-Grade de GHG sont parfaites sur l&#039;eau.\" \/>\n<meta name=\"robots\" content=\"noindex, follow, max-snippet:-1, max-image-preview:large, max-video-preview:-1\" \/>\n<meta property=\"og:locale\" content=\"fr_FR\" \/>\n<meta property=\"og:type\" content=\"article\" \/>\n<meta property=\"og:title\" content=\"GHG Long-Tailed Duck Foam Filled Decoys | Lucky Hunter\" \/>\n<meta property=\"og:description\" content=\"Formes de canard \u00e0 longue queue GHG remplies de mousse\" \/>\n<meta property=\"og:url\" content=\"https:\/\/staging.lucky-hunter.com\/product\/ghg-long-tailed-duck-decoys\/\" \/>\n<meta property=\"og:site_name\" content=\"Lucky-Hunter\" \/>\n<meta property=\"article:modified_time\" content=\"2024-09-12T08:58:34+00:00\" \/>\n<meta property=\"og:image\" content=\"https:\/\/staging.lucky-hunter.com\/wp-content\/uploads\/2018\/05\/LF-385-3.png\" \/>\n\t<meta property=\"og:image:width\" content=\"1000\" \/>\n\t<meta property=\"og:image:height\" content=\"1000\" \/>\n\t<meta property=\"og:image:type\" content=\"image\/png\" \/>\n<meta name=\"twitter:card\" content=\"summary_large_image\" \/>\n<meta name=\"twitter:title\" content=\"Formes de haute qualit\u00e9 remplies de mousse. Les formes de canard \u00e0 longue queue remplies de mousse de la s\u00e9rie Pro-Grade de GHG sont parfaites sur l&#039;eau.\" \/>\n<meta name=\"twitter:description\" content=\"Formes de haute qualit\u00e9 remplies de mousse. Les formes de canard \u00e0 longue queue remplies de mousse de la s\u00e9rie Pro-Grade de GHG sont parfaites sur l&#039;eau.\" \/>\n<meta name=\"twitter:label1\" content=\"Dur\u00e9e de lecture estim\u00e9e\" \/>\n\t<meta name=\"twitter:data1\" content=\"1 minute\" \/>\n<script type=\"application\/ld+json\" class=\"yoast-schema-graph\">{\"@context\":\"https:\/\/schema.org\",\"@graph\":[{\"@type\":\"WebPage\",\"@id\":\"https:\/\/staging.lucky-hunter.com\/product\/ghg-long-tailed-duck-decoys\/\",\"url\":\"https:\/\/staging.lucky-hunter.com\/product\/ghg-long-tailed-duck-decoys\/\",\"name\":\"Formes de canard \u00e0 longue queue GHG remplies de mousse | Lucky Hunter\",\"isPartOf\":{\"@id\":\"https:\/\/staging.lucky-hunter.com\/#website\"},\"primaryImageOfPage\":{\"@id\":\"https:\/\/staging.lucky-hunter.com\/product\/ghg-long-tailed-duck-decoys\/#primaryimage\"},\"image\":{\"@id\":\"https:\/\/staging.lucky-hunter.com\/product\/ghg-long-tailed-duck-decoys\/#primaryimage\"},\"thumbnailUrl\":\"https:\/\/staging.lucky-hunter.com\/wp-content\/uploads\/2018\/05\/LF-385-3.png\",\"datePublished\":\"2018-05-17T07:14:28+00:00\",\"dateModified\":\"2024-09-12T08:58:34+00:00\",\"description\":\"Formes de haute qualit\u00e9 remplies de mousse. Les formes de canard \u00e0 longue queue remplies de mousse de la s\u00e9rie Pro-Grade de GHG sont parfaites sur l'eau.\",\"breadcrumb\":{\"@id\":\"https:\/\/staging.lucky-hunter.com\/product\/ghg-long-tailed-duck-decoys\/#breadcrumb\"},\"inLanguage\":\"fr-FR\",\"potentialAction\":[{\"@type\":\"ReadAction\",\"target\":[\"https:\/\/staging.lucky-hunter.com\/product\/ghg-long-tailed-duck-decoys\/\"]}]},{\"@type\":\"ImageObject\",\"inLanguage\":\"fr-FR\",\"@id\":\"https:\/\/staging.lucky-hunter.com\/product\/ghg-long-tailed-duck-decoys\/#primaryimage\",\"url\":\"https:\/\/staging.lucky-hunter.com\/wp-content\/uploads\/2018\/05\/LF-385-3.png\",\"contentUrl\":\"https:\/\/staging.lucky-hunter.com\/wp-content\/uploads\/2018\/05\/LF-385-3.png\",\"width\":1000,\"height\":1000},{\"@type\":\"BreadcrumbList\",\"@id\":\"https:\/\/staging.lucky-hunter.com\/product\/ghg-long-tailed-duck-decoys\/#breadcrumb\",\"itemListElement\":[{\"@type\":\"ListItem\",\"position\":1,\"name\":\"Home\",\"item\":\"https:\/\/staging.lucky-hunter.com\/fr\/\"},{\"@type\":\"ListItem\",\"position\":2,\"name\":\"Boutique\",\"item\":\"https:\/\/staging.lucky-hunter.com\/fr\/shop\/\"},{\"@type\":\"ListItem\",\"position\":3,\"name\":\"Formes de canard \u00e0 longue queue GHG\"}]},{\"@type\":\"WebSite\",\"@id\":\"https:\/\/staging.lucky-hunter.com\/#website\",\"url\":\"https:\/\/staging.lucky-hunter.com\/\",\"name\":\"Lucky-Hunter\",\"description\":\"Gear Up or Give Up\",\"potentialAction\":[{\"@type\":\"SearchAction\",\"target\":{\"@type\":\"EntryPoint\",\"urlTemplate\":\"https:\/\/staging.lucky-hunter.com\/?s={search_term_string}\"},\"query-input\":{\"@type\":\"PropertyValueSpecification\",\"valueRequired\":true,\"valueName\":\"search_term_string\"}}],\"inLanguage\":\"fr-FR\"}]}<\/script>\n<!-- \/ Yoast SEO plugin. -->","yoast_head_json":{"title":"Formes de canard \u00e0 longue queue GHG remplies de mousse | Lucky Hunter","description":"Formes de haute qualit\u00e9 remplies de mousse. Les formes de canard \u00e0 longue queue remplies de mousse de la s\u00e9rie Pro-Grade de GHG sont parfaites sur l'eau.","robots":{"index":"noindex","follow":"follow","max-snippet":"max-snippet:-1","max-image-preview":"max-image-preview:large","max-video-preview":"max-video-preview:-1"},"og_locale":"fr_FR","og_type":"article","og_title":"GHG Long-Tailed Duck Foam Filled Decoys | Lucky Hunter","og_description":"Formes de canard \u00e0 longue queue GHG remplies de mousse","og_url":"https:\/\/staging.lucky-hunter.com\/product\/ghg-long-tailed-duck-decoys\/","og_site_name":"Lucky-Hunter","article_modified_time":"2024-09-12T08:58:34+00:00","og_image":[{"width":1000,"height":1000,"url":"https:\/\/staging.lucky-hunter.com\/wp-content\/uploads\/2018\/05\/LF-385-3.png","type":"image\/png"}],"twitter_card":"summary_large_image","twitter_title":"Formes de haute qualit\u00e9 remplies de mousse. Les formes de canard \u00e0 longue queue remplies de mousse de la s\u00e9rie Pro-Grade de GHG sont parfaites sur l'eau.","twitter_description":"Formes de haute qualit\u00e9 remplies de mousse. Les formes de canard \u00e0 longue queue remplies de mousse de la s\u00e9rie Pro-Grade de GHG sont parfaites sur l'eau.","twitter_misc":{"Dur\u00e9e de lecture estim\u00e9e":"1 minute"},"schema":{"@context":"https:\/\/schema.org","@graph":[{"@type":"WebPage","@id":"https:\/\/staging.lucky-hunter.com\/product\/ghg-long-tailed-duck-decoys\/","url":"https:\/\/staging.lucky-hunter.com\/product\/ghg-long-tailed-duck-decoys\/","name":"Formes de canard \u00e0 longue queue GHG remplies de mousse | Lucky Hunter","isPartOf":{"@id":"https:\/\/staging.lucky-hunter.com\/#website"},"primaryImageOfPage":{"@id":"https:\/\/staging.lucky-hunter.com\/product\/ghg-long-tailed-duck-decoys\/#primaryimage"},"image":{"@id":"https:\/\/staging.lucky-hunter.com\/product\/ghg-long-tailed-duck-decoys\/#primaryimage"},"thumbnailUrl":"https:\/\/staging.lucky-hunter.com\/wp-content\/uploads\/2018\/05\/LF-385-3.png","datePublished":"2018-05-17T07:14:28+00:00","dateModified":"2024-09-12T08:58:34+00:00","description":"Formes de haute qualit\u00e9 remplies de mousse. Les formes de canard \u00e0 longue queue remplies de mousse de la s\u00e9rie Pro-Grade de GHG sont parfaites sur l'eau.","breadcrumb":{"@id":"https:\/\/staging.lucky-hunter.com\/product\/ghg-long-tailed-duck-decoys\/#breadcrumb"},"inLanguage":"fr-FR","potentialAction":[{"@type":"ReadAction","target":["https:\/\/staging.lucky-hunter.com\/product\/ghg-long-tailed-duck-decoys\/"]}]},{"@type":"ImageObject","inLanguage":"fr-FR","@id":"https:\/\/staging.lucky-hunter.com\/product\/ghg-long-tailed-duck-decoys\/#primaryimage","url":"https:\/\/staging.lucky-hunter.com\/wp-content\/uploads\/2018\/05\/LF-385-3.png","contentUrl":"https:\/\/staging.lucky-hunter.com\/wp-content\/uploads\/2018\/05\/LF-385-3.png","width":1000,"height":1000},{"@type":"BreadcrumbList","@id":"https:\/\/staging.lucky-hunter.com\/product\/ghg-long-tailed-duck-decoys\/#breadcrumb","itemListElement":[{"@type":"ListItem","position":1,"name":"Home","item":"https:\/\/staging.lucky-hunter.com\/fr\/"},{"@type":"ListItem","position":2,"name":"Boutique","item":"https:\/\/staging.lucky-hunter.com\/fr\/shop\/"},{"@type":"ListItem","position":3,"name":"Formes de canard \u00e0 longue queue GHG"}]},{"@type":"WebSite","@id":"https:\/\/staging.lucky-hunter.com\/#website","url":"https:\/\/staging.lucky-hunter.com\/","name":"Lucky-Hunter","description":"Gear Up or Give Up","potentialAction":[{"@type":"SearchAction","target":{"@type":"EntryPoint","urlTemplate":"https:\/\/staging.lucky-hunter.com\/?s={search_term_string}"},"query-input":{"@type":"PropertyValueSpecification","valueRequired":true,"valueName":"search_term_string"}}],"inLanguage":"fr-FR"}]}},"_links":{"self":[{"href":"https:\/\/staging.lucky-hunter.com\/fr\/wp-json\/wp\/v2\/product\/31569"}],"collection":[{"href":"https:\/\/staging.lucky-hunter.com\/fr\/wp-json\/wp\/v2\/product"}],"about":[{"href":"https:\/\/staging.lucky-hunter.com\/fr\/wp-json\/wp\/v2\/types\/product"}],"wp:featuredmedia":[{"embeddable":true,"href":"https:\/\/staging.lucky-hunter.com\/fr\/wp-json\/wp\/v2\/media\/29831"}],"wp:attachment":[{"href":"https:\/\/staging.lucky-hunter.com\/fr\/wp-json\/wp\/v2\/media?parent=31569"}],"wp:term":[{"taxonomy":"product_brand","embeddable":true,"href":"https:\/\/staging.lucky-hunter.com\/fr\/wp-json\/wp\/v2\/product_brand?post=31569"},{"taxonomy":"product_cat","embeddable":true,"href":"https:\/\/staging.lucky-hunter.com\/fr\/wp-json\/wp\/v2\/product_cat?post=31569"},{"taxonomy":"product_tag","embeddable":true,"href":"https:\/\/staging.lucky-hunter.com\/fr\/wp-json\/wp\/v2\/product_tag?post=31569"}],"curies":[{"name":"wp","href":"https:\/\/api.w.org\/{rel}","templated":true}]}}