{"id":31568,"date":"2018-05-29T09:27:46","date_gmt":"2018-05-29T07:27:46","guid":{"rendered":"https:\/\/staging.lucky-hunter.com\/product\/female-widgeon-call\/"},"modified":"2022-10-28T11:59:31","modified_gmt":"2022-10-28T09:59:31","slug":"female-widgeon-call","status":"publish","type":"product","link":"https:\/\/staging.lucky-hunter.com\/fr\/product\/female-widgeon-call\/","title":{"rendered":"Appeau de canard siffleur femelle"},"content":{"rendered":"<h2>Appeau de canard siffleur femelle &#8211; recr\u00e9ez le cri du canard siffleur femelle europ\u00e9en<\/h2>\n<p><strong>NOUVEAU pour la saison de chasse 2018<\/strong><\/p>\n<p>Avec cet appeau \u00e0 canard de haute qualit\u00e9 en acrylique durable, vous pouvez reproduire le son <em>brut<\/em> caract\u00e9ristique du canard siffleur femelle.<\/p>\n<p>Cet appeau est tr\u00e8s facile \u00e0 utiliser et n\u00e9cessite tr\u00e8s peu de pratique pour \u00eatre ma\u00eetris\u00e9. Vous pouvez donc passer moins de temps \u00e0 pratiquer chez vous et plus de temps \u00e0 chasser\u00a0!<\/p>\n<p>Le canard siffleur est un oiseau des zones humides ouvertes. Ce sont des prairies humides ou des marais avec une v\u00e9g\u00e9tation plus haute. Ils se nourrit g\u00e9n\u00e9ralement en picorant des plantes ou en broutant, ce qu&#8217;il fait tr\u00e8s volontiers.<\/p>\n<p>Le canard siffleur se reproduit dans les r\u00e9gions les plus septentrionales de l&#8217;Europe et en dehors de la saison de reproduction, il est tr\u00e8s gr\u00e9gaire et forme de grands troupeaux.<\/p>\n<div class=\"page\" title=\"Page 1\"><\/div>\n<p>\u00a0<\/p>\n<p>\u00a0<\/p>\n","protected":false},"excerpt":{"rendered":"<p>Avec cet appeau \u00e0 canard de haute qualit\u00e9 en acrylique durable, vous pouvez reproduire le <em>cri caract\u00e9ristique<\/em> de la cane siffleuse. Facile \u00e0 utiliser et r\u00e9sistant ann\u00e9e apr\u00e8s ann\u00e9e.<\/p>\n","protected":false},"featured_media":30564,"template":"","meta":[],"product_brand":[8121],"product_cat":[8167],"product_tag":[9235],"yoast_head":"<!-- This site is optimized with the Yoast SEO plugin v24.3 - https:\/\/yoast.com\/wordpress\/plugins\/seo\/ -->\n<title>Female Widgeon Call - High Quality Game Calls | Lucky Hunter<\/title>\n<meta name=\"description\" content=\"High quality, fantastic call. The durable and reliable Female Widgeon Call is perfect to recreate the sound of the female widgeon when out hunting.\" \/>\n<meta name=\"robots\" content=\"noindex, follow, max-snippet:-1, max-image-preview:large, max-video-preview:-1\" \/>\n<meta property=\"og:locale\" content=\"fr_FR\" \/>\n<meta property=\"og:type\" content=\"article\" \/>\n<meta property=\"og:title\" content=\"Female Widgeon Call - High Quality Game Calls | Lucky Hunter\" \/>\n<meta property=\"og:description\" content=\"High quality, fantastic call. The durable and reliable Female Widgeon Call is perfect to recreate the sound of the female widgeon when out hunting.\" \/>\n<meta property=\"og:url\" content=\"https:\/\/staging.lucky-hunter.com\/product\/female-widgeon-call\/\" \/>\n<meta property=\"og:site_name\" content=\"Lucky-Hunter\" \/>\n<meta property=\"article:modified_time\" content=\"2022-10-28T09:59:31+00:00\" \/>\n<meta property=\"og:image\" content=\"https:\/\/staging.lucky-hunter.com\/wp-content\/uploads\/2018\/05\/LK-318.png\" \/>\n\t<meta property=\"og:image:width\" content=\"1000\" \/>\n\t<meta property=\"og:image:height\" content=\"1000\" \/>\n\t<meta property=\"og:image:type\" content=\"image\/png\" \/>\n<meta name=\"twitter:card\" content=\"summary_large_image\" \/>\n<meta name=\"twitter:title\" content=\"Female Widgeon Call - High Quality Game Calls | Lucky Hunter\" \/>\n<meta name=\"twitter:description\" content=\"High quality, fantastic call. The durable and reliable Female Widgeon Call is perfect to recreate the sound of the female widgeon when out hunting.\" \/>\n<meta name=\"twitter:label1\" content=\"Dur\u00e9e de lecture estim\u00e9e\" \/>\n\t<meta name=\"twitter:data1\" content=\"1 minute\" \/>\n<script type=\"application\/ld+json\" class=\"yoast-schema-graph\">{\"@context\":\"https:\/\/schema.org\",\"@graph\":[{\"@type\":\"WebPage\",\"@id\":\"https:\/\/staging.lucky-hunter.com\/product\/female-widgeon-call\/\",\"url\":\"https:\/\/staging.lucky-hunter.com\/product\/female-widgeon-call\/\",\"name\":\"Female Widgeon Call - High Quality Game Calls | Lucky Hunter\",\"isPartOf\":{\"@id\":\"https:\/\/staging.lucky-hunter.com\/#website\"},\"primaryImageOfPage\":{\"@id\":\"https:\/\/staging.lucky-hunter.com\/product\/female-widgeon-call\/#primaryimage\"},\"image\":{\"@id\":\"https:\/\/staging.lucky-hunter.com\/product\/female-widgeon-call\/#primaryimage\"},\"thumbnailUrl\":\"https:\/\/staging.lucky-hunter.com\/wp-content\/uploads\/2018\/05\/LK-318.png\",\"datePublished\":\"2018-05-29T07:27:46+00:00\",\"dateModified\":\"2022-10-28T09:59:31+00:00\",\"description\":\"High quality, fantastic call. The durable and reliable Female Widgeon Call is perfect to recreate the sound of the female widgeon when out hunting.\",\"breadcrumb\":{\"@id\":\"https:\/\/staging.lucky-hunter.com\/product\/female-widgeon-call\/#breadcrumb\"},\"inLanguage\":\"fr-FR\",\"potentialAction\":[{\"@type\":\"ReadAction\",\"target\":[\"https:\/\/staging.lucky-hunter.com\/product\/female-widgeon-call\/\"]}]},{\"@type\":\"ImageObject\",\"inLanguage\":\"fr-FR\",\"@id\":\"https:\/\/staging.lucky-hunter.com\/product\/female-widgeon-call\/#primaryimage\",\"url\":\"https:\/\/staging.lucky-hunter.com\/wp-content\/uploads\/2018\/05\/LK-318.png\",\"contentUrl\":\"https:\/\/staging.lucky-hunter.com\/wp-content\/uploads\/2018\/05\/LK-318.png\",\"width\":1000,\"height\":1000},{\"@type\":\"BreadcrumbList\",\"@id\":\"https:\/\/staging.lucky-hunter.com\/product\/female-widgeon-call\/#breadcrumb\",\"itemListElement\":[{\"@type\":\"ListItem\",\"position\":1,\"name\":\"Home\",\"item\":\"https:\/\/staging.lucky-hunter.com\/fr\/\"},{\"@type\":\"ListItem\",\"position\":2,\"name\":\"Boutique\",\"item\":\"https:\/\/staging.lucky-hunter.com\/fr\/shop\/\"},{\"@type\":\"ListItem\",\"position\":3,\"name\":\"Appeau de canard siffleur femelle\"}]},{\"@type\":\"WebSite\",\"@id\":\"https:\/\/staging.lucky-hunter.com\/#website\",\"url\":\"https:\/\/staging.lucky-hunter.com\/\",\"name\":\"Lucky-Hunter\",\"description\":\"Gear Up or Give Up\",\"potentialAction\":[{\"@type\":\"SearchAction\",\"target\":{\"@type\":\"EntryPoint\",\"urlTemplate\":\"https:\/\/staging.lucky-hunter.com\/?s={search_term_string}\"},\"query-input\":{\"@type\":\"PropertyValueSpecification\",\"valueRequired\":true,\"valueName\":\"search_term_string\"}}],\"inLanguage\":\"fr-FR\"}]}<\/script>\n<!-- \/ Yoast SEO plugin. -->","yoast_head_json":{"title":"Female Widgeon Call - High Quality Game Calls | Lucky Hunter","description":"High quality, fantastic call. The durable and reliable Female Widgeon Call is perfect to recreate the sound of the female widgeon when out hunting.","robots":{"index":"noindex","follow":"follow","max-snippet":"max-snippet:-1","max-image-preview":"max-image-preview:large","max-video-preview":"max-video-preview:-1"},"og_locale":"fr_FR","og_type":"article","og_title":"Female Widgeon Call - High Quality Game Calls | Lucky Hunter","og_description":"High quality, fantastic call. The durable and reliable Female Widgeon Call is perfect to recreate the sound of the female widgeon when out hunting.","og_url":"https:\/\/staging.lucky-hunter.com\/product\/female-widgeon-call\/","og_site_name":"Lucky-Hunter","article_modified_time":"2022-10-28T09:59:31+00:00","og_image":[{"width":1000,"height":1000,"url":"https:\/\/staging.lucky-hunter.com\/wp-content\/uploads\/2018\/05\/LK-318.png","type":"image\/png"}],"twitter_card":"summary_large_image","twitter_title":"Female Widgeon Call - High Quality Game Calls | Lucky Hunter","twitter_description":"High quality, fantastic call. The durable and reliable Female Widgeon Call is perfect to recreate the sound of the female widgeon when out hunting.","twitter_misc":{"Dur\u00e9e de lecture estim\u00e9e":"1 minute"},"schema":{"@context":"https:\/\/schema.org","@graph":[{"@type":"WebPage","@id":"https:\/\/staging.lucky-hunter.com\/product\/female-widgeon-call\/","url":"https:\/\/staging.lucky-hunter.com\/product\/female-widgeon-call\/","name":"Female Widgeon Call - High Quality Game Calls | Lucky Hunter","isPartOf":{"@id":"https:\/\/staging.lucky-hunter.com\/#website"},"primaryImageOfPage":{"@id":"https:\/\/staging.lucky-hunter.com\/product\/female-widgeon-call\/#primaryimage"},"image":{"@id":"https:\/\/staging.lucky-hunter.com\/product\/female-widgeon-call\/#primaryimage"},"thumbnailUrl":"https:\/\/staging.lucky-hunter.com\/wp-content\/uploads\/2018\/05\/LK-318.png","datePublished":"2018-05-29T07:27:46+00:00","dateModified":"2022-10-28T09:59:31+00:00","description":"High quality, fantastic call. The durable and reliable Female Widgeon Call is perfect to recreate the sound of the female widgeon when out hunting.","breadcrumb":{"@id":"https:\/\/staging.lucky-hunter.com\/product\/female-widgeon-call\/#breadcrumb"},"inLanguage":"fr-FR","potentialAction":[{"@type":"ReadAction","target":["https:\/\/staging.lucky-hunter.com\/product\/female-widgeon-call\/"]}]},{"@type":"ImageObject","inLanguage":"fr-FR","@id":"https:\/\/staging.lucky-hunter.com\/product\/female-widgeon-call\/#primaryimage","url":"https:\/\/staging.lucky-hunter.com\/wp-content\/uploads\/2018\/05\/LK-318.png","contentUrl":"https:\/\/staging.lucky-hunter.com\/wp-content\/uploads\/2018\/05\/LK-318.png","width":1000,"height":1000},{"@type":"BreadcrumbList","@id":"https:\/\/staging.lucky-hunter.com\/product\/female-widgeon-call\/#breadcrumb","itemListElement":[{"@type":"ListItem","position":1,"name":"Home","item":"https:\/\/staging.lucky-hunter.com\/fr\/"},{"@type":"ListItem","position":2,"name":"Boutique","item":"https:\/\/staging.lucky-hunter.com\/fr\/shop\/"},{"@type":"ListItem","position":3,"name":"Appeau de canard siffleur femelle"}]},{"@type":"WebSite","@id":"https:\/\/staging.lucky-hunter.com\/#website","url":"https:\/\/staging.lucky-hunter.com\/","name":"Lucky-Hunter","description":"Gear Up or Give Up","potentialAction":[{"@type":"SearchAction","target":{"@type":"EntryPoint","urlTemplate":"https:\/\/staging.lucky-hunter.com\/?s={search_term_string}"},"query-input":{"@type":"PropertyValueSpecification","valueRequired":true,"valueName":"search_term_string"}}],"inLanguage":"fr-FR"}]}},"_links":{"self":[{"href":"https:\/\/staging.lucky-hunter.com\/fr\/wp-json\/wp\/v2\/product\/31568"}],"collection":[{"href":"https:\/\/staging.lucky-hunter.com\/fr\/wp-json\/wp\/v2\/product"}],"about":[{"href":"https:\/\/staging.lucky-hunter.com\/fr\/wp-json\/wp\/v2\/types\/product"}],"wp:featuredmedia":[{"embeddable":true,"href":"https:\/\/staging.lucky-hunter.com\/fr\/wp-json\/wp\/v2\/media\/30564"}],"wp:attachment":[{"href":"https:\/\/staging.lucky-hunter.com\/fr\/wp-json\/wp\/v2\/media?parent=31568"}],"wp:term":[{"taxonomy":"product_brand","embeddable":true,"href":"https:\/\/staging.lucky-hunter.com\/fr\/wp-json\/wp\/v2\/product_brand?post=31568"},{"taxonomy":"product_cat","embeddable":true,"href":"https:\/\/staging.lucky-hunter.com\/fr\/wp-json\/wp\/v2\/product_cat?post=31568"},{"taxonomy":"product_tag","embeddable":true,"href":"https:\/\/staging.lucky-hunter.com\/fr\/wp-json\/wp\/v2\/product_tag?post=31568"}],"curies":[{"name":"wp","href":"https:\/\/api.w.org\/{rel}","templated":true}]}}