{"id":31566,"date":"2017-08-16T16:44:33","date_gmt":"2017-08-16T14:44:33","guid":{"rendered":"https:\/\/staging.lucky-hunter.com\/product\/sillosocks-pinkfoot-flockedsox-sentry\/"},"modified":"2022-10-28T11:59:31","modified_gmt":"2022-10-28T09:59:31","slug":"sillosocks-pinkfoot-flockedsox-sentry","status":"publish","type":"product","link":"https:\/\/staging.lucky-hunter.com\/fr\/product\/sillosocks-pinkfoot-flockedsox-sentry\/","title":{"rendered":"Sillosocks Pinkfoot Flockedsox &#8211; Sentinelle"},"content":{"rendered":"<h2>Leurre sentinelle Sillosocks Pinkfoot Flockedsox<\/h2>\n<p>Ce nouveau leurre de Sillosocks est un hybride entre un leurre Pinkfoot \u00e0 corps entier et la manche \u00e0 air unique que de nombreux chasseurs d&#8217;oies aiment compl\u00e9ter avec les leurres traditionnels. Ceux-ci vous permettent de constituer votre troupeau avec des mat\u00e9riaux l\u00e9gers, sans pour autant perdre la sensation r\u00e9aliste.<\/p>\n<p>Le leurre a du flocage sur la t\u00eate et la poitrine. Les Sillosocks Pinkfoot Flockedsox sont fabriqu\u00e9s \u00e0 partir d\u2019un mat\u00e9riau l\u00e9ger et sont donc faciles \u00e0 transporter. Con\u00e7us pour \u00eatre aussi r\u00e9alistes que possible sans s&#8217;\u00e9loigner de la construction l\u00e9g\u00e8re traditionnelle.<\/p>\n<p>Le sac \u00e0 vent est fabriqu\u00e9 en tissu Tyvek solide qui r\u00e9sistera facilement aux vents violents. Cela contribuera donc \u00e0 ajouter un mouvement r\u00e9aliste aux leurres. Cela les rendra plus attrayants pour les proies potentielles.<\/p>\n<p>Le pliage et le stockage\/transport sont \u00e9galement faciles \u00e0 suivre et \u00e0 r\u00e9aliser. Ces leurres utilisent la m\u00eame technologie brevet\u00e9e pour leur construction, ils sont donc tr\u00e8s faciles \u00e0 d\u00e9monter et \u00e0 transporter.<\/p>\n<p>Vous aurez g\u00e9n\u00e9ralement beaucoup de leurres composant votre troupeau, donc la gamme Sillosocks vous permet d&#8217;ajouter des leurres \u00e0 votre collection sans ajouter de poids suppl\u00e9mentaire Cela vous permet de transporter plus facilement des leurres dans une remorque ou m\u00eame sur un vol si vous souhaitez emmener des extras en vacances. Vous pouvez les utiliser seuls ou avec votre troupeau principal de leurres solides. Ceux-ci permettent d\u2019ajouter beaucoup plus de mouvement \u00e0 un troupeau, car ils sont beaucoup plus l\u00e9gers et souples que les leurres traditionnels. Par cons\u00e9quent, vous aurez plus de chance d&#8217;attirer votre proie pour la chasse.<\/p>\n<p>B\u00e2ton de montage inclus.<\/p>\n<p>Vendu s\u00e9par\u00e9ment.<\/p>\n","protected":false},"excerpt":{"rendered":"<p>Ce nouveau leurre de Sillosocks est un hybride entre un leurre d&#8217;oie \u00e0 bec court int\u00e9gral et la manche \u00e0 air unique que de nombreux chasseurs d&#8217;oie aiment int\u00e9grer avec des leurres traditionnels.<\/p>\n","protected":false},"featured_media":29406,"template":"","meta":[],"product_brand":[8126],"product_cat":[8157,8162,8176],"product_tag":[],"yoast_head":"<!-- This site is optimized with the Yoast SEO plugin v24.3 - https:\/\/yoast.com\/wordpress\/plugins\/seo\/ -->\n<title>Sillosocks Pinkfoot Flockedsox - Sentry | Lucky Hunter<\/title>\n<meta name=\"description\" content=\"Hybrid of solid body and windsock decoys. Sillosocks Pinkfoot Flockedsox are the perfect complement to your decoy spread on the hunt.\" \/>\n<meta name=\"robots\" content=\"noindex, follow, max-snippet:-1, max-image-preview:large, max-video-preview:-1\" \/>\n<meta property=\"og:locale\" content=\"fr_FR\" \/>\n<meta property=\"og:type\" content=\"article\" \/>\n<meta property=\"og:title\" content=\"Sillosocks Pinkfoot Flockedsox - Sentry | Lucky Hunter\" \/>\n<meta property=\"og:description\" content=\"Hybrid of solid body and windsock decoys. Sillosocks Pinkfoot Flockedsox are the perfect complement to your decoy spread on the hunt.\" \/>\n<meta property=\"og:url\" content=\"https:\/\/staging.lucky-hunter.com\/fr\/product\/sillosocks-pinkfoot-flockedsox-sentry\/\" \/>\n<meta property=\"og:site_name\" content=\"Lucky-Hunter\" \/>\n<meta property=\"article:modified_time\" content=\"2022-10-28T09:59:31+00:00\" \/>\n<meta property=\"og:image\" content=\"https:\/\/staging.lucky-hunter.com\/wp-content\/uploads\/2017\/08\/LF-144-1.png\" \/>\n\t<meta property=\"og:image:width\" content=\"1000\" \/>\n\t<meta property=\"og:image:height\" content=\"1000\" \/>\n\t<meta property=\"og:image:type\" content=\"image\/png\" \/>\n<meta name=\"twitter:card\" content=\"summary_large_image\" \/>\n<meta name=\"twitter:title\" content=\"Sillosocks Pinkfoot Flockedsox - Sentry | Lucky Hunter\" \/>\n<meta name=\"twitter:description\" content=\"Hybrid of solid body and windsock decoys. Sillosocks Pinkfoot Flockedsox are the perfect complement to your decoy spread on the hunt.\" \/>\n<meta name=\"twitter:label1\" content=\"Dur\u00e9e de lecture estim\u00e9e\" \/>\n\t<meta name=\"twitter:data1\" content=\"2 minutes\" \/>\n<script type=\"application\/ld+json\" class=\"yoast-schema-graph\">{\"@context\":\"https:\/\/schema.org\",\"@graph\":[{\"@type\":\"WebPage\",\"@id\":\"https:\/\/staging.lucky-hunter.com\/fr\/product\/sillosocks-pinkfoot-flockedsox-sentry\/\",\"url\":\"https:\/\/staging.lucky-hunter.com\/fr\/product\/sillosocks-pinkfoot-flockedsox-sentry\/\",\"name\":\"Sillosocks Pinkfoot Flockedsox - Sentry | Lucky Hunter\",\"isPartOf\":{\"@id\":\"https:\/\/staging.lucky-hunter.com\/#website\"},\"primaryImageOfPage\":{\"@id\":\"https:\/\/staging.lucky-hunter.com\/fr\/product\/sillosocks-pinkfoot-flockedsox-sentry\/#primaryimage\"},\"image\":{\"@id\":\"https:\/\/staging.lucky-hunter.com\/fr\/product\/sillosocks-pinkfoot-flockedsox-sentry\/#primaryimage\"},\"thumbnailUrl\":\"https:\/\/staging.lucky-hunter.com\/wp-content\/uploads\/2017\/08\/LF-144-1.png\",\"datePublished\":\"2017-08-16T14:44:33+00:00\",\"dateModified\":\"2022-10-28T09:59:31+00:00\",\"description\":\"Hybrid of solid body and windsock decoys. Sillosocks Pinkfoot Flockedsox are the perfect complement to your decoy spread on the hunt.\",\"breadcrumb\":{\"@id\":\"https:\/\/staging.lucky-hunter.com\/fr\/product\/sillosocks-pinkfoot-flockedsox-sentry\/#breadcrumb\"},\"inLanguage\":\"fr-FR\",\"potentialAction\":[{\"@type\":\"ReadAction\",\"target\":[\"https:\/\/staging.lucky-hunter.com\/fr\/product\/sillosocks-pinkfoot-flockedsox-sentry\/\"]}]},{\"@type\":\"ImageObject\",\"inLanguage\":\"fr-FR\",\"@id\":\"https:\/\/staging.lucky-hunter.com\/fr\/product\/sillosocks-pinkfoot-flockedsox-sentry\/#primaryimage\",\"url\":\"https:\/\/staging.lucky-hunter.com\/wp-content\/uploads\/2017\/08\/LF-144-1.png\",\"contentUrl\":\"https:\/\/staging.lucky-hunter.com\/wp-content\/uploads\/2017\/08\/LF-144-1.png\",\"width\":1000,\"height\":1000},{\"@type\":\"BreadcrumbList\",\"@id\":\"https:\/\/staging.lucky-hunter.com\/fr\/product\/sillosocks-pinkfoot-flockedsox-sentry\/#breadcrumb\",\"itemListElement\":[{\"@type\":\"ListItem\",\"position\":1,\"name\":\"Home\",\"item\":\"https:\/\/staging.lucky-hunter.com\/fr\/\"},{\"@type\":\"ListItem\",\"position\":2,\"name\":\"Boutique\",\"item\":\"https:\/\/staging.lucky-hunter.com\/fr\/shop\/\"},{\"@type\":\"ListItem\",\"position\":3,\"name\":\"Sillosocks Pinkfoot Flockedsox &#8211; Sentinelle\"}]},{\"@type\":\"WebSite\",\"@id\":\"https:\/\/staging.lucky-hunter.com\/#website\",\"url\":\"https:\/\/staging.lucky-hunter.com\/\",\"name\":\"Lucky-Hunter\",\"description\":\"Gear Up or Give Up\",\"potentialAction\":[{\"@type\":\"SearchAction\",\"target\":{\"@type\":\"EntryPoint\",\"urlTemplate\":\"https:\/\/staging.lucky-hunter.com\/?s={search_term_string}\"},\"query-input\":{\"@type\":\"PropertyValueSpecification\",\"valueRequired\":true,\"valueName\":\"search_term_string\"}}],\"inLanguage\":\"fr-FR\"}]}<\/script>\n<!-- \/ Yoast SEO plugin. -->","yoast_head_json":{"title":"Sillosocks Pinkfoot Flockedsox - Sentry | Lucky Hunter","description":"Hybrid of solid body and windsock decoys. Sillosocks Pinkfoot Flockedsox are the perfect complement to your decoy spread on the hunt.","robots":{"index":"noindex","follow":"follow","max-snippet":"max-snippet:-1","max-image-preview":"max-image-preview:large","max-video-preview":"max-video-preview:-1"},"og_locale":"fr_FR","og_type":"article","og_title":"Sillosocks Pinkfoot Flockedsox - Sentry | Lucky Hunter","og_description":"Hybrid of solid body and windsock decoys. Sillosocks Pinkfoot Flockedsox are the perfect complement to your decoy spread on the hunt.","og_url":"https:\/\/staging.lucky-hunter.com\/fr\/product\/sillosocks-pinkfoot-flockedsox-sentry\/","og_site_name":"Lucky-Hunter","article_modified_time":"2022-10-28T09:59:31+00:00","og_image":[{"width":1000,"height":1000,"url":"https:\/\/staging.lucky-hunter.com\/wp-content\/uploads\/2017\/08\/LF-144-1.png","type":"image\/png"}],"twitter_card":"summary_large_image","twitter_title":"Sillosocks Pinkfoot Flockedsox - Sentry | Lucky Hunter","twitter_description":"Hybrid of solid body and windsock decoys. Sillosocks Pinkfoot Flockedsox are the perfect complement to your decoy spread on the hunt.","twitter_misc":{"Dur\u00e9e de lecture estim\u00e9e":"2 minutes"},"schema":{"@context":"https:\/\/schema.org","@graph":[{"@type":"WebPage","@id":"https:\/\/staging.lucky-hunter.com\/fr\/product\/sillosocks-pinkfoot-flockedsox-sentry\/","url":"https:\/\/staging.lucky-hunter.com\/fr\/product\/sillosocks-pinkfoot-flockedsox-sentry\/","name":"Sillosocks Pinkfoot Flockedsox - Sentry | Lucky Hunter","isPartOf":{"@id":"https:\/\/staging.lucky-hunter.com\/#website"},"primaryImageOfPage":{"@id":"https:\/\/staging.lucky-hunter.com\/fr\/product\/sillosocks-pinkfoot-flockedsox-sentry\/#primaryimage"},"image":{"@id":"https:\/\/staging.lucky-hunter.com\/fr\/product\/sillosocks-pinkfoot-flockedsox-sentry\/#primaryimage"},"thumbnailUrl":"https:\/\/staging.lucky-hunter.com\/wp-content\/uploads\/2017\/08\/LF-144-1.png","datePublished":"2017-08-16T14:44:33+00:00","dateModified":"2022-10-28T09:59:31+00:00","description":"Hybrid of solid body and windsock decoys. Sillosocks Pinkfoot Flockedsox are the perfect complement to your decoy spread on the hunt.","breadcrumb":{"@id":"https:\/\/staging.lucky-hunter.com\/fr\/product\/sillosocks-pinkfoot-flockedsox-sentry\/#breadcrumb"},"inLanguage":"fr-FR","potentialAction":[{"@type":"ReadAction","target":["https:\/\/staging.lucky-hunter.com\/fr\/product\/sillosocks-pinkfoot-flockedsox-sentry\/"]}]},{"@type":"ImageObject","inLanguage":"fr-FR","@id":"https:\/\/staging.lucky-hunter.com\/fr\/product\/sillosocks-pinkfoot-flockedsox-sentry\/#primaryimage","url":"https:\/\/staging.lucky-hunter.com\/wp-content\/uploads\/2017\/08\/LF-144-1.png","contentUrl":"https:\/\/staging.lucky-hunter.com\/wp-content\/uploads\/2017\/08\/LF-144-1.png","width":1000,"height":1000},{"@type":"BreadcrumbList","@id":"https:\/\/staging.lucky-hunter.com\/fr\/product\/sillosocks-pinkfoot-flockedsox-sentry\/#breadcrumb","itemListElement":[{"@type":"ListItem","position":1,"name":"Home","item":"https:\/\/staging.lucky-hunter.com\/fr\/"},{"@type":"ListItem","position":2,"name":"Boutique","item":"https:\/\/staging.lucky-hunter.com\/fr\/shop\/"},{"@type":"ListItem","position":3,"name":"Sillosocks Pinkfoot Flockedsox &#8211; Sentinelle"}]},{"@type":"WebSite","@id":"https:\/\/staging.lucky-hunter.com\/#website","url":"https:\/\/staging.lucky-hunter.com\/","name":"Lucky-Hunter","description":"Gear Up or Give Up","potentialAction":[{"@type":"SearchAction","target":{"@type":"EntryPoint","urlTemplate":"https:\/\/staging.lucky-hunter.com\/?s={search_term_string}"},"query-input":{"@type":"PropertyValueSpecification","valueRequired":true,"valueName":"search_term_string"}}],"inLanguage":"fr-FR"}]}},"_links":{"self":[{"href":"https:\/\/staging.lucky-hunter.com\/fr\/wp-json\/wp\/v2\/product\/31566"}],"collection":[{"href":"https:\/\/staging.lucky-hunter.com\/fr\/wp-json\/wp\/v2\/product"}],"about":[{"href":"https:\/\/staging.lucky-hunter.com\/fr\/wp-json\/wp\/v2\/types\/product"}],"wp:featuredmedia":[{"embeddable":true,"href":"https:\/\/staging.lucky-hunter.com\/fr\/wp-json\/wp\/v2\/media\/29406"}],"wp:attachment":[{"href":"https:\/\/staging.lucky-hunter.com\/fr\/wp-json\/wp\/v2\/media?parent=31566"}],"wp:term":[{"taxonomy":"product_brand","embeddable":true,"href":"https:\/\/staging.lucky-hunter.com\/fr\/wp-json\/wp\/v2\/product_brand?post=31566"},{"taxonomy":"product_cat","embeddable":true,"href":"https:\/\/staging.lucky-hunter.com\/fr\/wp-json\/wp\/v2\/product_cat?post=31566"},{"taxonomy":"product_tag","embeddable":true,"href":"https:\/\/staging.lucky-hunter.com\/fr\/wp-json\/wp\/v2\/product_tag?post=31566"}],"curies":[{"name":"wp","href":"https:\/\/api.w.org\/{rel}","templated":true}]}}