{"id":31565,"date":"2017-08-11T17:31:32","date_gmt":"2017-08-11T15:31:32","guid":{"rendered":"https:\/\/staging.lucky-hunter.com\/product\/ghg-canada-butt-feeder\/"},"modified":"2022-11-16T10:41:06","modified_gmt":"2022-11-16T09:41:06","slug":"ghg-canada-butt-feeder","status":"publish","type":"product","link":"https:\/\/staging.lucky-hunter.com\/fr\/product\/ghg-canada-butt-feeder\/","title":{"rendered":"GHG Canada Butt Up Feeder"},"content":{"rendered":"<p><iframe title=\"GHG Canada Butt Up Feeder | Feeding decoys for goose hunting\" width=\"1020\" height=\"574\" src=\"https:\/\/www.youtube.com\/embed\/OfnZ67q0gCQ?wmode=transparent&amp;rel=0&amp;feature=oembed&#038;enablejsapi=1&#038;origin=https:\/\/staging.lucky-hunter.com\" frameborder=\"0\" allow=\"accelerometer; autoplay; clipboard-write; encrypted-media; gyroscope; picture-in-picture\" allowfullscreen><\/iframe><\/p>\n<h2><strong>GHG Canada Butt Up Feeders\u00a0: des nouveaut\u00e9s pour le chasseur d&#8217;oies s\u00e9rieux<\/strong><\/h2>\n<p>Les GHG Canada Butt Up Feeders sont le compl\u00e9ment parfait \u00e0 votre troupeau de leurres. Il est important d&#8217;ajouter du r\u00e9alisme \u00e0 votre troupeau, les mangeurs sont donc essentiels. Ils sont donc indispensables lorsque vous d\u00e9cidez de la propagation et de la disposition de votre leurre.<\/p>\n<p>Ces leurres donnent l\u2019expression naturelle d&#8217;une propagation calme et paisible des bernaches du Canada. Plus la propagation est naturelle, plus elle a de chances d&#8217;attirer les vraies bernaches. Par cons\u00e9quent, plus la propagation est r\u00e9aliste, plus vous reviendrez avec des oies\u00a0!<\/p>\n<p>Greenhead Gear est reconnu dans le monde entier pour fournir certains des leurres les plus raffin\u00e9s du march\u00e9, avec des d\u00e9tails et des couleurs tr\u00e8s naturels. ils sont \u00e9galement tr\u00e8s durables, vous n&#8217;avez donc pas besoin d&#8217;acheter de nouveaux leurres ann\u00e9e apr\u00e8s ann\u00e9e.<\/p>\n<p>Les leurres Canada sont fabriqu\u00e9s en poly\u00e9thyl\u00e8ne lourd et durable et sont dot\u00e9s de la quille stable 60\/40 Dura qui assure l&#8217;\u00e9quilibre sur l&#8217;eau, m\u00eame par vent fort.<\/p>\n<p>Vendus par lot de 2.<\/p>\n","protected":false},"excerpt":{"rendered":"<p>Canada Butt Up Feeders de la s\u00e9rie Greenhead Gear Pro Grade. Ces formes aident \u00e0 cr\u00e9er l\u2019illusion d\u2019une troupe de bernaches du Canada calme et paisible. Vendues par pack de 2.<\/p>\n","protected":false},"featured_media":29391,"template":"","meta":[],"product_brand":[8125],"product_cat":[8178],"product_tag":[9235],"yoast_head":"<!-- This site is optimized with the Yoast SEO plugin v24.3 - https:\/\/yoast.com\/wordpress\/plugins\/seo\/ -->\n<title>GHG Canada Butt Up Feeders Decoys | Lucky Hunter<\/title>\n<meta name=\"description\" content=\"High quality, GHG Canada Butt Up Feeders Decoys. Perfect for adding into your decoy spread for a realistic look and feel.\" \/>\n<meta name=\"robots\" content=\"noindex, follow, max-snippet:-1, max-image-preview:large, max-video-preview:-1\" \/>\n<meta property=\"og:locale\" content=\"fr_FR\" \/>\n<meta property=\"og:type\" content=\"article\" \/>\n<meta property=\"og:title\" content=\"GHG Canada Butt Up Feeders Decoys | Lucky Hunter\" \/>\n<meta property=\"og:description\" content=\"High quality, GHG Canada Butt Up Feeders Decoys. Perfect for adding into your decoy spread for a realistic look and feel.\" \/>\n<meta property=\"og:url\" content=\"https:\/\/staging.lucky-hunter.com\/product\/ghg-canada-butt-feeder\/\" \/>\n<meta property=\"og:site_name\" content=\"Lucky-Hunter\" \/>\n<meta property=\"article:modified_time\" content=\"2022-11-16T09:41:06+00:00\" \/>\n<meta property=\"og:image\" content=\"https:\/\/staging.lucky-hunter.com\/wp-content\/uploads\/2017\/08\/LF-99-GHG-PG-Canada-Butt-Upp-Feeder.png\" \/>\n\t<meta property=\"og:image:width\" content=\"1000\" \/>\n\t<meta property=\"og:image:height\" content=\"1000\" \/>\n\t<meta property=\"og:image:type\" content=\"image\/png\" \/>\n<meta name=\"twitter:card\" content=\"summary_large_image\" \/>\n<meta name=\"twitter:title\" content=\"GHG Canada Butt Up Feeders Decoys | Lucky Hunter\" \/>\n<meta name=\"twitter:description\" content=\"High quality, GHG Canada Butt Up Feeders Decoys. Perfect for adding into your decoy spread for a realistic look and feel.\" \/>\n<meta name=\"twitter:label1\" content=\"Dur\u00e9e de lecture estim\u00e9e\" \/>\n\t<meta name=\"twitter:data1\" content=\"1 minute\" \/>\n<script type=\"application\/ld+json\" class=\"yoast-schema-graph\">{\"@context\":\"https:\/\/schema.org\",\"@graph\":[{\"@type\":\"WebPage\",\"@id\":\"https:\/\/staging.lucky-hunter.com\/product\/ghg-canada-butt-feeder\/\",\"url\":\"https:\/\/staging.lucky-hunter.com\/product\/ghg-canada-butt-feeder\/\",\"name\":\"GHG Canada Butt Up Feeders Decoys | Lucky Hunter\",\"isPartOf\":{\"@id\":\"https:\/\/staging.lucky-hunter.com\/#website\"},\"primaryImageOfPage\":{\"@id\":\"https:\/\/staging.lucky-hunter.com\/product\/ghg-canada-butt-feeder\/#primaryimage\"},\"image\":{\"@id\":\"https:\/\/staging.lucky-hunter.com\/product\/ghg-canada-butt-feeder\/#primaryimage\"},\"thumbnailUrl\":\"https:\/\/staging.lucky-hunter.com\/wp-content\/uploads\/2017\/08\/LF-99-GHG-PG-Canada-Butt-Upp-Feeder.png\",\"datePublished\":\"2017-08-11T15:31:32+00:00\",\"dateModified\":\"2022-11-16T09:41:06+00:00\",\"description\":\"High quality, GHG Canada Butt Up Feeders Decoys. Perfect for adding into your decoy spread for a realistic look and feel.\",\"breadcrumb\":{\"@id\":\"https:\/\/staging.lucky-hunter.com\/product\/ghg-canada-butt-feeder\/#breadcrumb\"},\"inLanguage\":\"fr-FR\",\"potentialAction\":[{\"@type\":\"ReadAction\",\"target\":[\"https:\/\/staging.lucky-hunter.com\/product\/ghg-canada-butt-feeder\/\"]}]},{\"@type\":\"ImageObject\",\"inLanguage\":\"fr-FR\",\"@id\":\"https:\/\/staging.lucky-hunter.com\/product\/ghg-canada-butt-feeder\/#primaryimage\",\"url\":\"https:\/\/staging.lucky-hunter.com\/wp-content\/uploads\/2017\/08\/LF-99-GHG-PG-Canada-Butt-Upp-Feeder.png\",\"contentUrl\":\"https:\/\/staging.lucky-hunter.com\/wp-content\/uploads\/2017\/08\/LF-99-GHG-PG-Canada-Butt-Upp-Feeder.png\",\"width\":1000,\"height\":1000},{\"@type\":\"BreadcrumbList\",\"@id\":\"https:\/\/staging.lucky-hunter.com\/product\/ghg-canada-butt-feeder\/#breadcrumb\",\"itemListElement\":[{\"@type\":\"ListItem\",\"position\":1,\"name\":\"Home\",\"item\":\"https:\/\/staging.lucky-hunter.com\/fr\/\"},{\"@type\":\"ListItem\",\"position\":2,\"name\":\"Boutique\",\"item\":\"https:\/\/staging.lucky-hunter.com\/fr\/shop\/\"},{\"@type\":\"ListItem\",\"position\":3,\"name\":\"GHG Canada Butt Up Feeder\"}]},{\"@type\":\"WebSite\",\"@id\":\"https:\/\/staging.lucky-hunter.com\/#website\",\"url\":\"https:\/\/staging.lucky-hunter.com\/\",\"name\":\"Lucky-Hunter\",\"description\":\"Gear Up or Give Up\",\"potentialAction\":[{\"@type\":\"SearchAction\",\"target\":{\"@type\":\"EntryPoint\",\"urlTemplate\":\"https:\/\/staging.lucky-hunter.com\/?s={search_term_string}\"},\"query-input\":{\"@type\":\"PropertyValueSpecification\",\"valueRequired\":true,\"valueName\":\"search_term_string\"}}],\"inLanguage\":\"fr-FR\"}]}<\/script>\n<!-- \/ Yoast SEO plugin. -->","yoast_head_json":{"title":"GHG Canada Butt Up Feeders Decoys | Lucky Hunter","description":"High quality, GHG Canada Butt Up Feeders Decoys. Perfect for adding into your decoy spread for a realistic look and feel.","robots":{"index":"noindex","follow":"follow","max-snippet":"max-snippet:-1","max-image-preview":"max-image-preview:large","max-video-preview":"max-video-preview:-1"},"og_locale":"fr_FR","og_type":"article","og_title":"GHG Canada Butt Up Feeders Decoys | Lucky Hunter","og_description":"High quality, GHG Canada Butt Up Feeders Decoys. Perfect for adding into your decoy spread for a realistic look and feel.","og_url":"https:\/\/staging.lucky-hunter.com\/product\/ghg-canada-butt-feeder\/","og_site_name":"Lucky-Hunter","article_modified_time":"2022-11-16T09:41:06+00:00","og_image":[{"width":1000,"height":1000,"url":"https:\/\/staging.lucky-hunter.com\/wp-content\/uploads\/2017\/08\/LF-99-GHG-PG-Canada-Butt-Upp-Feeder.png","type":"image\/png"}],"twitter_card":"summary_large_image","twitter_title":"GHG Canada Butt Up Feeders Decoys | Lucky Hunter","twitter_description":"High quality, GHG Canada Butt Up Feeders Decoys. Perfect for adding into your decoy spread for a realistic look and feel.","twitter_misc":{"Dur\u00e9e de lecture estim\u00e9e":"1 minute"},"schema":{"@context":"https:\/\/schema.org","@graph":[{"@type":"WebPage","@id":"https:\/\/staging.lucky-hunter.com\/product\/ghg-canada-butt-feeder\/","url":"https:\/\/staging.lucky-hunter.com\/product\/ghg-canada-butt-feeder\/","name":"GHG Canada Butt Up Feeders Decoys | Lucky Hunter","isPartOf":{"@id":"https:\/\/staging.lucky-hunter.com\/#website"},"primaryImageOfPage":{"@id":"https:\/\/staging.lucky-hunter.com\/product\/ghg-canada-butt-feeder\/#primaryimage"},"image":{"@id":"https:\/\/staging.lucky-hunter.com\/product\/ghg-canada-butt-feeder\/#primaryimage"},"thumbnailUrl":"https:\/\/staging.lucky-hunter.com\/wp-content\/uploads\/2017\/08\/LF-99-GHG-PG-Canada-Butt-Upp-Feeder.png","datePublished":"2017-08-11T15:31:32+00:00","dateModified":"2022-11-16T09:41:06+00:00","description":"High quality, GHG Canada Butt Up Feeders Decoys. Perfect for adding into your decoy spread for a realistic look and feel.","breadcrumb":{"@id":"https:\/\/staging.lucky-hunter.com\/product\/ghg-canada-butt-feeder\/#breadcrumb"},"inLanguage":"fr-FR","potentialAction":[{"@type":"ReadAction","target":["https:\/\/staging.lucky-hunter.com\/product\/ghg-canada-butt-feeder\/"]}]},{"@type":"ImageObject","inLanguage":"fr-FR","@id":"https:\/\/staging.lucky-hunter.com\/product\/ghg-canada-butt-feeder\/#primaryimage","url":"https:\/\/staging.lucky-hunter.com\/wp-content\/uploads\/2017\/08\/LF-99-GHG-PG-Canada-Butt-Upp-Feeder.png","contentUrl":"https:\/\/staging.lucky-hunter.com\/wp-content\/uploads\/2017\/08\/LF-99-GHG-PG-Canada-Butt-Upp-Feeder.png","width":1000,"height":1000},{"@type":"BreadcrumbList","@id":"https:\/\/staging.lucky-hunter.com\/product\/ghg-canada-butt-feeder\/#breadcrumb","itemListElement":[{"@type":"ListItem","position":1,"name":"Home","item":"https:\/\/staging.lucky-hunter.com\/fr\/"},{"@type":"ListItem","position":2,"name":"Boutique","item":"https:\/\/staging.lucky-hunter.com\/fr\/shop\/"},{"@type":"ListItem","position":3,"name":"GHG Canada Butt Up Feeder"}]},{"@type":"WebSite","@id":"https:\/\/staging.lucky-hunter.com\/#website","url":"https:\/\/staging.lucky-hunter.com\/","name":"Lucky-Hunter","description":"Gear Up or Give Up","potentialAction":[{"@type":"SearchAction","target":{"@type":"EntryPoint","urlTemplate":"https:\/\/staging.lucky-hunter.com\/?s={search_term_string}"},"query-input":{"@type":"PropertyValueSpecification","valueRequired":true,"valueName":"search_term_string"}}],"inLanguage":"fr-FR"}]}},"_links":{"self":[{"href":"https:\/\/staging.lucky-hunter.com\/fr\/wp-json\/wp\/v2\/product\/31565"}],"collection":[{"href":"https:\/\/staging.lucky-hunter.com\/fr\/wp-json\/wp\/v2\/product"}],"about":[{"href":"https:\/\/staging.lucky-hunter.com\/fr\/wp-json\/wp\/v2\/types\/product"}],"wp:featuredmedia":[{"embeddable":true,"href":"https:\/\/staging.lucky-hunter.com\/fr\/wp-json\/wp\/v2\/media\/29391"}],"wp:attachment":[{"href":"https:\/\/staging.lucky-hunter.com\/fr\/wp-json\/wp\/v2\/media?parent=31565"}],"wp:term":[{"taxonomy":"product_brand","embeddable":true,"href":"https:\/\/staging.lucky-hunter.com\/fr\/wp-json\/wp\/v2\/product_brand?post=31565"},{"taxonomy":"product_cat","embeddable":true,"href":"https:\/\/staging.lucky-hunter.com\/fr\/wp-json\/wp\/v2\/product_cat?post=31565"},{"taxonomy":"product_tag","embeddable":true,"href":"https:\/\/staging.lucky-hunter.com\/fr\/wp-json\/wp\/v2\/product_tag?post=31565"}],"curies":[{"name":"wp","href":"https:\/\/api.w.org\/{rel}","templated":true}]}}