{"id":31559,"date":"2019-01-03T12:08:01","date_gmt":"2019-01-03T11:08:01","guid":{"rendered":"https:\/\/staging.lucky-hunter.com\/product\/ghg-pro-grade-eiders\/"},"modified":"2022-11-16T10:15:23","modified_gmt":"2022-11-16T09:15:23","slug":"ghg-pro-grade-eiders","status":"publish","type":"product","link":"https:\/\/staging.lucky-hunter.com\/fr\/product\/ghg-pro-grade-eiders\/","title":{"rendered":"GHG Pro-Grade Eiders"},"content":{"rendered":"<p><iframe title=\"GHG Pro-grade Eiders | Authentic decoys from Greenhead Gear\" width=\"1020\" height=\"574\" src=\"https:\/\/www.youtube.com\/embed\/l7c8XE1LIEI?wmode=transparent&amp;rel=0&amp;feature=oembed&#038;enablejsapi=1&#038;origin=https:\/\/staging.lucky-hunter.com\" frameborder=\"0\" allow=\"accelerometer; autoplay; clipboard-write; encrypted-media; gyroscope; picture-in-picture\" allowfullscreen><\/iframe><\/p>\n<h2><strong>GHG Pro-Grade Eiders &#8211; remplis de mousse pour une durabilit\u00e9 accrue<\/strong><\/h2>\n<p>Tr\u00e8s belles formes d\u2019eiders de la s\u00e9rie Pro Grade de Greenhead Gear, avec remplissage en mousse et quille lest\u00e9e 60\/40 qui assure stabilit\u00e9 et mouvements naturels sur l&#8217;eau.<\/p>\n<p>Elles sont con\u00e7ues pour \u00eatre efficaces pendant la chasse et pour supporter les \u00e9preuves. R\u00e9sistantes \u00e0 l&#8217;usure, ces formes dureront ann\u00e9e apr\u00e8s ann\u00e9e, m\u00eame avec les chasseurs de gibier d\u2019eau les plus coriaces.<\/p>\n<p>Le remplissage en mousse permet aux formes de continuer \u00e0 flotter m\u00eame si elles re\u00e7oivent de la chevrotine, ce qui aide \u00e0 prolonger encore plus leur dur\u00e9e de vie.<\/p>\n<p>Comme toutes les autres s\u00e9ries de canards de mer GHG, elles sont con\u00e7ues pour en voir de toutes les couleurs. Elles sont faites pour garder fi\u00e8re allure m\u00eame apr\u00e8s de nombreuses journ\u00e9es de chasse acharn\u00e9e.<\/p>\n<p>Contenu\u00a0:<\/p>\n<ul>\n<li>2 canards<\/li>\n<li>2 canes<\/li>\n<\/ul>\n","protected":false},"excerpt":{"rendered":"<p>Tr\u00e8s belles formes d\u2019eiders de la s\u00e9rie Pro Grade de Greenhead Gear, avec remplissage en mousse et quille lest\u00e9e 60\/40 qui assure stabilit\u00e9 et mouvements naturels sur l&#8217;eau.<\/p>\n","protected":false},"featured_media":29895,"template":"","meta":[],"product_brand":[8125],"product_cat":[8250],"product_tag":[9235],"yoast_head":"<!-- This site is optimized with the Yoast SEO plugin v24.3 - https:\/\/yoast.com\/wordpress\/plugins\/seo\/ -->\n<title>GHG Pro-Grade Eiders - Foam Filled Decoys | Lucky Hunter<\/title>\n<meta name=\"description\" content=\"GHG Pro-Grade Eiders are foam filled and hard wearing. With 60\/40 Durakeel technology, these keep floating. 4 decoys perfect for sea hunting.\" \/>\n<meta name=\"robots\" content=\"noindex, follow, max-snippet:-1, max-image-preview:large, max-video-preview:-1\" \/>\n<meta property=\"og:locale\" content=\"fr_FR\" \/>\n<meta property=\"og:type\" content=\"article\" \/>\n<meta property=\"og:title\" content=\"GHG Pro-Grade Eiders - Foam Filled Decoys | Lucky Hunter\" \/>\n<meta property=\"og:description\" content=\"GHG Pro-Grade Eiders are foam filled and hard wearing. With 60\/40 Durakeel technology, these keep floating. 4 decoys perfect for sea hunting.\" \/>\n<meta property=\"og:url\" content=\"https:\/\/staging.lucky-hunter.com\/fr\/product\/ghg-pro-grade-eiders\/\" \/>\n<meta property=\"og:site_name\" content=\"Lucky-Hunter\" \/>\n<meta property=\"article:modified_time\" content=\"2022-11-16T09:15:23+00:00\" \/>\n<meta property=\"og:image\" content=\"https:\/\/staging.lucky-hunter.com\/wp-content\/uploads\/2019\/01\/LF-98.png\" \/>\n\t<meta property=\"og:image:width\" content=\"1000\" \/>\n\t<meta property=\"og:image:height\" content=\"1000\" \/>\n\t<meta property=\"og:image:type\" content=\"image\/png\" \/>\n<meta name=\"twitter:card\" content=\"summary_large_image\" \/>\n<meta name=\"twitter:title\" content=\"GHG Pro-Grade Eiders - Foam Filled Decoys | Lucky Hunter\" \/>\n<meta name=\"twitter:description\" content=\"GHG Pro-Grade Eiders are foam filled and hard wearing. With 60\/40 Durakeel technology, these keep floating. 4 decoys perfect for sea hunting.\" \/>\n<meta name=\"twitter:label1\" content=\"Dur\u00e9e de lecture estim\u00e9e\" \/>\n\t<meta name=\"twitter:data1\" content=\"1 minute\" \/>\n<script type=\"application\/ld+json\" class=\"yoast-schema-graph\">{\"@context\":\"https:\/\/schema.org\",\"@graph\":[{\"@type\":\"WebPage\",\"@id\":\"https:\/\/staging.lucky-hunter.com\/fr\/product\/ghg-pro-grade-eiders\/\",\"url\":\"https:\/\/staging.lucky-hunter.com\/fr\/product\/ghg-pro-grade-eiders\/\",\"name\":\"GHG Pro-Grade Eiders - Foam Filled Decoys | Lucky Hunter\",\"isPartOf\":{\"@id\":\"https:\/\/staging.lucky-hunter.com\/#website\"},\"primaryImageOfPage\":{\"@id\":\"https:\/\/staging.lucky-hunter.com\/fr\/product\/ghg-pro-grade-eiders\/#primaryimage\"},\"image\":{\"@id\":\"https:\/\/staging.lucky-hunter.com\/fr\/product\/ghg-pro-grade-eiders\/#primaryimage\"},\"thumbnailUrl\":\"https:\/\/staging.lucky-hunter.com\/wp-content\/uploads\/2019\/01\/LF-98.png\",\"datePublished\":\"2019-01-03T11:08:01+00:00\",\"dateModified\":\"2022-11-16T09:15:23+00:00\",\"description\":\"GHG Pro-Grade Eiders are foam filled and hard wearing. With 60\/40 Durakeel technology, these keep floating. 4 decoys perfect for sea hunting.\",\"breadcrumb\":{\"@id\":\"https:\/\/staging.lucky-hunter.com\/fr\/product\/ghg-pro-grade-eiders\/#breadcrumb\"},\"inLanguage\":\"fr-FR\",\"potentialAction\":[{\"@type\":\"ReadAction\",\"target\":[\"https:\/\/staging.lucky-hunter.com\/fr\/product\/ghg-pro-grade-eiders\/\"]}]},{\"@type\":\"ImageObject\",\"inLanguage\":\"fr-FR\",\"@id\":\"https:\/\/staging.lucky-hunter.com\/fr\/product\/ghg-pro-grade-eiders\/#primaryimage\",\"url\":\"https:\/\/staging.lucky-hunter.com\/wp-content\/uploads\/2019\/01\/LF-98.png\",\"contentUrl\":\"https:\/\/staging.lucky-hunter.com\/wp-content\/uploads\/2019\/01\/LF-98.png\",\"width\":1000,\"height\":1000},{\"@type\":\"BreadcrumbList\",\"@id\":\"https:\/\/staging.lucky-hunter.com\/fr\/product\/ghg-pro-grade-eiders\/#breadcrumb\",\"itemListElement\":[{\"@type\":\"ListItem\",\"position\":1,\"name\":\"Home\",\"item\":\"https:\/\/staging.lucky-hunter.com\/fr\/\"},{\"@type\":\"ListItem\",\"position\":2,\"name\":\"Boutique\",\"item\":\"https:\/\/staging.lucky-hunter.com\/fr\/shop\/\"},{\"@type\":\"ListItem\",\"position\":3,\"name\":\"GHG Pro-Grade Eiders\"}]},{\"@type\":\"WebSite\",\"@id\":\"https:\/\/staging.lucky-hunter.com\/#website\",\"url\":\"https:\/\/staging.lucky-hunter.com\/\",\"name\":\"Lucky-Hunter\",\"description\":\"Gear Up or Give Up\",\"potentialAction\":[{\"@type\":\"SearchAction\",\"target\":{\"@type\":\"EntryPoint\",\"urlTemplate\":\"https:\/\/staging.lucky-hunter.com\/?s={search_term_string}\"},\"query-input\":{\"@type\":\"PropertyValueSpecification\",\"valueRequired\":true,\"valueName\":\"search_term_string\"}}],\"inLanguage\":\"fr-FR\"}]}<\/script>\n<!-- \/ Yoast SEO plugin. -->","yoast_head_json":{"title":"GHG Pro-Grade Eiders - Foam Filled Decoys | Lucky Hunter","description":"GHG Pro-Grade Eiders are foam filled and hard wearing. With 60\/40 Durakeel technology, these keep floating. 4 decoys perfect for sea hunting.","robots":{"index":"noindex","follow":"follow","max-snippet":"max-snippet:-1","max-image-preview":"max-image-preview:large","max-video-preview":"max-video-preview:-1"},"og_locale":"fr_FR","og_type":"article","og_title":"GHG Pro-Grade Eiders - Foam Filled Decoys | Lucky Hunter","og_description":"GHG Pro-Grade Eiders are foam filled and hard wearing. With 60\/40 Durakeel technology, these keep floating. 4 decoys perfect for sea hunting.","og_url":"https:\/\/staging.lucky-hunter.com\/fr\/product\/ghg-pro-grade-eiders\/","og_site_name":"Lucky-Hunter","article_modified_time":"2022-11-16T09:15:23+00:00","og_image":[{"width":1000,"height":1000,"url":"https:\/\/staging.lucky-hunter.com\/wp-content\/uploads\/2019\/01\/LF-98.png","type":"image\/png"}],"twitter_card":"summary_large_image","twitter_title":"GHG Pro-Grade Eiders - Foam Filled Decoys | Lucky Hunter","twitter_description":"GHG Pro-Grade Eiders are foam filled and hard wearing. With 60\/40 Durakeel technology, these keep floating. 4 decoys perfect for sea hunting.","twitter_misc":{"Dur\u00e9e de lecture estim\u00e9e":"1 minute"},"schema":{"@context":"https:\/\/schema.org","@graph":[{"@type":"WebPage","@id":"https:\/\/staging.lucky-hunter.com\/fr\/product\/ghg-pro-grade-eiders\/","url":"https:\/\/staging.lucky-hunter.com\/fr\/product\/ghg-pro-grade-eiders\/","name":"GHG Pro-Grade Eiders - Foam Filled Decoys | Lucky Hunter","isPartOf":{"@id":"https:\/\/staging.lucky-hunter.com\/#website"},"primaryImageOfPage":{"@id":"https:\/\/staging.lucky-hunter.com\/fr\/product\/ghg-pro-grade-eiders\/#primaryimage"},"image":{"@id":"https:\/\/staging.lucky-hunter.com\/fr\/product\/ghg-pro-grade-eiders\/#primaryimage"},"thumbnailUrl":"https:\/\/staging.lucky-hunter.com\/wp-content\/uploads\/2019\/01\/LF-98.png","datePublished":"2019-01-03T11:08:01+00:00","dateModified":"2022-11-16T09:15:23+00:00","description":"GHG Pro-Grade Eiders are foam filled and hard wearing. With 60\/40 Durakeel technology, these keep floating. 4 decoys perfect for sea hunting.","breadcrumb":{"@id":"https:\/\/staging.lucky-hunter.com\/fr\/product\/ghg-pro-grade-eiders\/#breadcrumb"},"inLanguage":"fr-FR","potentialAction":[{"@type":"ReadAction","target":["https:\/\/staging.lucky-hunter.com\/fr\/product\/ghg-pro-grade-eiders\/"]}]},{"@type":"ImageObject","inLanguage":"fr-FR","@id":"https:\/\/staging.lucky-hunter.com\/fr\/product\/ghg-pro-grade-eiders\/#primaryimage","url":"https:\/\/staging.lucky-hunter.com\/wp-content\/uploads\/2019\/01\/LF-98.png","contentUrl":"https:\/\/staging.lucky-hunter.com\/wp-content\/uploads\/2019\/01\/LF-98.png","width":1000,"height":1000},{"@type":"BreadcrumbList","@id":"https:\/\/staging.lucky-hunter.com\/fr\/product\/ghg-pro-grade-eiders\/#breadcrumb","itemListElement":[{"@type":"ListItem","position":1,"name":"Home","item":"https:\/\/staging.lucky-hunter.com\/fr\/"},{"@type":"ListItem","position":2,"name":"Boutique","item":"https:\/\/staging.lucky-hunter.com\/fr\/shop\/"},{"@type":"ListItem","position":3,"name":"GHG Pro-Grade Eiders"}]},{"@type":"WebSite","@id":"https:\/\/staging.lucky-hunter.com\/#website","url":"https:\/\/staging.lucky-hunter.com\/","name":"Lucky-Hunter","description":"Gear Up or Give Up","potentialAction":[{"@type":"SearchAction","target":{"@type":"EntryPoint","urlTemplate":"https:\/\/staging.lucky-hunter.com\/?s={search_term_string}"},"query-input":{"@type":"PropertyValueSpecification","valueRequired":true,"valueName":"search_term_string"}}],"inLanguage":"fr-FR"}]}},"_links":{"self":[{"href":"https:\/\/staging.lucky-hunter.com\/fr\/wp-json\/wp\/v2\/product\/31559"}],"collection":[{"href":"https:\/\/staging.lucky-hunter.com\/fr\/wp-json\/wp\/v2\/product"}],"about":[{"href":"https:\/\/staging.lucky-hunter.com\/fr\/wp-json\/wp\/v2\/types\/product"}],"wp:featuredmedia":[{"embeddable":true,"href":"https:\/\/staging.lucky-hunter.com\/fr\/wp-json\/wp\/v2\/media\/29895"}],"wp:attachment":[{"href":"https:\/\/staging.lucky-hunter.com\/fr\/wp-json\/wp\/v2\/media?parent=31559"}],"wp:term":[{"taxonomy":"product_brand","embeddable":true,"href":"https:\/\/staging.lucky-hunter.com\/fr\/wp-json\/wp\/v2\/product_brand?post=31559"},{"taxonomy":"product_cat","embeddable":true,"href":"https:\/\/staging.lucky-hunter.com\/fr\/wp-json\/wp\/v2\/product_cat?post=31559"},{"taxonomy":"product_tag","embeddable":true,"href":"https:\/\/staging.lucky-hunter.com\/fr\/wp-json\/wp\/v2\/product_tag?post=31559"}],"curies":[{"name":"wp","href":"https:\/\/api.w.org\/{rel}","templated":true}]}}