{"id":31558,"date":"2019-11-10T10:28:01","date_gmt":"2019-11-10T09:28:01","guid":{"rendered":"https:\/\/staging.lucky-hunter.com\/product\/copperhead-deluxe-lanyard\/"},"modified":"2023-03-15T10:47:44","modified_gmt":"2023-03-15T09:47:44","slug":"copperhead-deluxe-lanyard","status":"publish","type":"product","link":"https:\/\/staging.lucky-hunter.com\/fr\/product\/copperhead-deluxe-lanyard\/","title":{"rendered":"Cordon Tour de Cou de Luxe Copperhead &#8211; Rig&#8217;Em Right Waterfowl"},"content":{"rendered":"<h2><strong>Cordon Tour de Cou de Luxe Copperhead &#8211; Rig&#8217;Em Right Waterfowl<\/strong><\/h2>\n<p>Gr\u00e2ce au nouveau cordon tour de cou Rig&#8217;Em Right Waterfowl, vous pouvez transporter jusqu\u2019\u00e0 4 appeaux et un sifflet pour chien.<\/p>\n<p>Fabriqu\u00e9 en paracorde de haute qualit\u00e9 et de couleur assortie. Ce cordon s\u2019int\u00e8gre parfaitement \u00e0 tous les principaux motifs de camouflage, tout en offrant le look et les performances haut de gamme d&#8217;un cordon \u00e0 appeaux personnalis\u00e9.<\/p>\n<p>Avec une large tresse autour du cou pour plus de confort et deux boucles par appeau, c&#8217;est la pi\u00e8ce ma\u00eetresse ultime pour vos appeaux pr\u00e9f\u00e9r\u00e9s.<\/p>\n<p>Confortable, r\u00e9sistant et \u00e9l\u00e9gant pour tous les chasseurs de gibier d&#8217;eau. \u00c9galement utilisable avec vos autres appeaux &#8211; le cordon n\u2019est pas limit\u00e9 \u00e0 la chasse \u00e0 la sauvagine.<\/p>\n<p>Parfait pour les ranger et les avoir \u00e0 port\u00e9e de main pendant la chasse.<\/p>\n","protected":false},"excerpt":{"rendered":"<p>Gr\u00e2ce au nouveau cordon tour de cou Copperhead Deluxe de Rig&#8217;Em Right Waterfowl, vous pouvez transporter jusqu\u2019\u00e0 4 appeaux et un sifflet pour chien. Fabriqu\u00e9 en paracorde de haute qualit\u00e9 et de couleur assortie, ce cordon s\u2019int\u00e8gre parfaitement \u00e0 tous les principaux motifs de camouflage.<\/p>\n","protected":false},"featured_media":30546,"template":"","meta":[],"product_brand":[8127],"product_cat":[9341],"product_tag":[9446,9235],"yoast_head":"<!-- This site is optimized with the Yoast SEO plugin v24.3 - https:\/\/yoast.com\/wordpress\/plugins\/seo\/ -->\n<title>Copperhead Deluxe Lanyard - 4 Call Lanyard | Lucky Hunter<\/title>\n<meta name=\"description\" content=\"Secure up to 4 calls and a dog whistle with the new Copperhead Deluxe lanyard by Rig&#039;Em Right Waterfowl. Made with high quality, colour-matched para-cord.\" \/>\n<meta name=\"robots\" content=\"noindex, follow, max-snippet:-1, max-image-preview:large, max-video-preview:-1\" \/>\n<meta property=\"og:locale\" content=\"fr_FR\" \/>\n<meta property=\"og:type\" content=\"article\" \/>\n<meta property=\"og:title\" content=\"Copperhead Deluxe Lanyard - 4 Call Lanyard | Lucky Hunter\" \/>\n<meta property=\"og:description\" content=\"Secure up to 4 calls and a dog whistle with the new Copperhead Deluxe lanyard by Rig&#039;Em Right Waterfowl. Made with high quality, colour-matched para-cord.\" \/>\n<meta property=\"og:url\" content=\"https:\/\/staging.lucky-hunter.com\/product\/copperhead-deluxe-lanyard\/\" \/>\n<meta property=\"og:site_name\" content=\"Lucky-Hunter\" \/>\n<meta property=\"article:modified_time\" content=\"2023-03-15T09:47:44+00:00\" \/>\n<meta property=\"og:image\" content=\"https:\/\/staging.lucky-hunter.com\/wp-content\/uploads\/2019\/11\/LK-266.png\" \/>\n\t<meta property=\"og:image:width\" content=\"1000\" \/>\n\t<meta property=\"og:image:height\" content=\"1000\" \/>\n\t<meta property=\"og:image:type\" content=\"image\/png\" \/>\n<meta name=\"twitter:card\" content=\"summary_large_image\" \/>\n<meta name=\"twitter:title\" content=\"Copperhead Deluxe Lanyard - 4 Call Lanyard | Lucky Hunter\" \/>\n<meta name=\"twitter:description\" content=\"Secure up to 4 calls and a dog whistle with the new Copperhead Deluxe lanyard by Rig&#039;Em Right Waterfowl. Made with high quality, colour-matched para-cord.\" \/>\n<meta name=\"twitter:label1\" content=\"Dur\u00e9e de lecture estim\u00e9e\" \/>\n\t<meta name=\"twitter:data1\" content=\"1 minute\" \/>\n<script type=\"application\/ld+json\" class=\"yoast-schema-graph\">{\"@context\":\"https:\/\/schema.org\",\"@graph\":[{\"@type\":\"WebPage\",\"@id\":\"https:\/\/staging.lucky-hunter.com\/product\/copperhead-deluxe-lanyard\/\",\"url\":\"https:\/\/staging.lucky-hunter.com\/product\/copperhead-deluxe-lanyard\/\",\"name\":\"Copperhead Deluxe Lanyard - 4 Call Lanyard | Lucky Hunter\",\"isPartOf\":{\"@id\":\"https:\/\/staging.lucky-hunter.com\/#website\"},\"primaryImageOfPage\":{\"@id\":\"https:\/\/staging.lucky-hunter.com\/product\/copperhead-deluxe-lanyard\/#primaryimage\"},\"image\":{\"@id\":\"https:\/\/staging.lucky-hunter.com\/product\/copperhead-deluxe-lanyard\/#primaryimage\"},\"thumbnailUrl\":\"https:\/\/staging.lucky-hunter.com\/wp-content\/uploads\/2019\/11\/LK-266.png\",\"datePublished\":\"2019-11-10T09:28:01+00:00\",\"dateModified\":\"2023-03-15T09:47:44+00:00\",\"description\":\"Secure up to 4 calls and a dog whistle with the new Copperhead Deluxe lanyard by Rig'Em Right Waterfowl. Made with high quality, colour-matched para-cord.\",\"breadcrumb\":{\"@id\":\"https:\/\/staging.lucky-hunter.com\/product\/copperhead-deluxe-lanyard\/#breadcrumb\"},\"inLanguage\":\"fr-FR\",\"potentialAction\":[{\"@type\":\"ReadAction\",\"target\":[\"https:\/\/staging.lucky-hunter.com\/product\/copperhead-deluxe-lanyard\/\"]}]},{\"@type\":\"ImageObject\",\"inLanguage\":\"fr-FR\",\"@id\":\"https:\/\/staging.lucky-hunter.com\/product\/copperhead-deluxe-lanyard\/#primaryimage\",\"url\":\"https:\/\/staging.lucky-hunter.com\/wp-content\/uploads\/2019\/11\/LK-266.png\",\"contentUrl\":\"https:\/\/staging.lucky-hunter.com\/wp-content\/uploads\/2019\/11\/LK-266.png\",\"width\":1000,\"height\":1000},{\"@type\":\"BreadcrumbList\",\"@id\":\"https:\/\/staging.lucky-hunter.com\/product\/copperhead-deluxe-lanyard\/#breadcrumb\",\"itemListElement\":[{\"@type\":\"ListItem\",\"position\":1,\"name\":\"Home\",\"item\":\"https:\/\/staging.lucky-hunter.com\/fr\/\"},{\"@type\":\"ListItem\",\"position\":2,\"name\":\"Boutique\",\"item\":\"https:\/\/staging.lucky-hunter.com\/fr\/shop\/\"},{\"@type\":\"ListItem\",\"position\":3,\"name\":\"Cordon Tour de Cou de Luxe Copperhead &#8211; Rig&#8217;Em Right Waterfowl\"}]},{\"@type\":\"WebSite\",\"@id\":\"https:\/\/staging.lucky-hunter.com\/#website\",\"url\":\"https:\/\/staging.lucky-hunter.com\/\",\"name\":\"Lucky-Hunter\",\"description\":\"Gear Up or Give Up\",\"potentialAction\":[{\"@type\":\"SearchAction\",\"target\":{\"@type\":\"EntryPoint\",\"urlTemplate\":\"https:\/\/staging.lucky-hunter.com\/?s={search_term_string}\"},\"query-input\":{\"@type\":\"PropertyValueSpecification\",\"valueRequired\":true,\"valueName\":\"search_term_string\"}}],\"inLanguage\":\"fr-FR\"}]}<\/script>\n<!-- \/ Yoast SEO plugin. -->","yoast_head_json":{"title":"Copperhead Deluxe Lanyard - 4 Call Lanyard | Lucky Hunter","description":"Secure up to 4 calls and a dog whistle with the new Copperhead Deluxe lanyard by Rig'Em Right Waterfowl. Made with high quality, colour-matched para-cord.","robots":{"index":"noindex","follow":"follow","max-snippet":"max-snippet:-1","max-image-preview":"max-image-preview:large","max-video-preview":"max-video-preview:-1"},"og_locale":"fr_FR","og_type":"article","og_title":"Copperhead Deluxe Lanyard - 4 Call Lanyard | Lucky Hunter","og_description":"Secure up to 4 calls and a dog whistle with the new Copperhead Deluxe lanyard by Rig'Em Right Waterfowl. Made with high quality, colour-matched para-cord.","og_url":"https:\/\/staging.lucky-hunter.com\/product\/copperhead-deluxe-lanyard\/","og_site_name":"Lucky-Hunter","article_modified_time":"2023-03-15T09:47:44+00:00","og_image":[{"width":1000,"height":1000,"url":"https:\/\/staging.lucky-hunter.com\/wp-content\/uploads\/2019\/11\/LK-266.png","type":"image\/png"}],"twitter_card":"summary_large_image","twitter_title":"Copperhead Deluxe Lanyard - 4 Call Lanyard | Lucky Hunter","twitter_description":"Secure up to 4 calls and a dog whistle with the new Copperhead Deluxe lanyard by Rig'Em Right Waterfowl. Made with high quality, colour-matched para-cord.","twitter_misc":{"Dur\u00e9e de lecture estim\u00e9e":"1 minute"},"schema":{"@context":"https:\/\/schema.org","@graph":[{"@type":"WebPage","@id":"https:\/\/staging.lucky-hunter.com\/product\/copperhead-deluxe-lanyard\/","url":"https:\/\/staging.lucky-hunter.com\/product\/copperhead-deluxe-lanyard\/","name":"Copperhead Deluxe Lanyard - 4 Call Lanyard | Lucky Hunter","isPartOf":{"@id":"https:\/\/staging.lucky-hunter.com\/#website"},"primaryImageOfPage":{"@id":"https:\/\/staging.lucky-hunter.com\/product\/copperhead-deluxe-lanyard\/#primaryimage"},"image":{"@id":"https:\/\/staging.lucky-hunter.com\/product\/copperhead-deluxe-lanyard\/#primaryimage"},"thumbnailUrl":"https:\/\/staging.lucky-hunter.com\/wp-content\/uploads\/2019\/11\/LK-266.png","datePublished":"2019-11-10T09:28:01+00:00","dateModified":"2023-03-15T09:47:44+00:00","description":"Secure up to 4 calls and a dog whistle with the new Copperhead Deluxe lanyard by Rig'Em Right Waterfowl. Made with high quality, colour-matched para-cord.","breadcrumb":{"@id":"https:\/\/staging.lucky-hunter.com\/product\/copperhead-deluxe-lanyard\/#breadcrumb"},"inLanguage":"fr-FR","potentialAction":[{"@type":"ReadAction","target":["https:\/\/staging.lucky-hunter.com\/product\/copperhead-deluxe-lanyard\/"]}]},{"@type":"ImageObject","inLanguage":"fr-FR","@id":"https:\/\/staging.lucky-hunter.com\/product\/copperhead-deluxe-lanyard\/#primaryimage","url":"https:\/\/staging.lucky-hunter.com\/wp-content\/uploads\/2019\/11\/LK-266.png","contentUrl":"https:\/\/staging.lucky-hunter.com\/wp-content\/uploads\/2019\/11\/LK-266.png","width":1000,"height":1000},{"@type":"BreadcrumbList","@id":"https:\/\/staging.lucky-hunter.com\/product\/copperhead-deluxe-lanyard\/#breadcrumb","itemListElement":[{"@type":"ListItem","position":1,"name":"Home","item":"https:\/\/staging.lucky-hunter.com\/fr\/"},{"@type":"ListItem","position":2,"name":"Boutique","item":"https:\/\/staging.lucky-hunter.com\/fr\/shop\/"},{"@type":"ListItem","position":3,"name":"Cordon Tour de Cou de Luxe Copperhead &#8211; Rig&#8217;Em Right Waterfowl"}]},{"@type":"WebSite","@id":"https:\/\/staging.lucky-hunter.com\/#website","url":"https:\/\/staging.lucky-hunter.com\/","name":"Lucky-Hunter","description":"Gear Up or Give Up","potentialAction":[{"@type":"SearchAction","target":{"@type":"EntryPoint","urlTemplate":"https:\/\/staging.lucky-hunter.com\/?s={search_term_string}"},"query-input":{"@type":"PropertyValueSpecification","valueRequired":true,"valueName":"search_term_string"}}],"inLanguage":"fr-FR"}]}},"_links":{"self":[{"href":"https:\/\/staging.lucky-hunter.com\/fr\/wp-json\/wp\/v2\/product\/31558"}],"collection":[{"href":"https:\/\/staging.lucky-hunter.com\/fr\/wp-json\/wp\/v2\/product"}],"about":[{"href":"https:\/\/staging.lucky-hunter.com\/fr\/wp-json\/wp\/v2\/types\/product"}],"wp:featuredmedia":[{"embeddable":true,"href":"https:\/\/staging.lucky-hunter.com\/fr\/wp-json\/wp\/v2\/media\/30546"}],"wp:attachment":[{"href":"https:\/\/staging.lucky-hunter.com\/fr\/wp-json\/wp\/v2\/media?parent=31558"}],"wp:term":[{"taxonomy":"product_brand","embeddable":true,"href":"https:\/\/staging.lucky-hunter.com\/fr\/wp-json\/wp\/v2\/product_brand?post=31558"},{"taxonomy":"product_cat","embeddable":true,"href":"https:\/\/staging.lucky-hunter.com\/fr\/wp-json\/wp\/v2\/product_cat?post=31558"},{"taxonomy":"product_tag","embeddable":true,"href":"https:\/\/staging.lucky-hunter.com\/fr\/wp-json\/wp\/v2\/product_tag?post=31558"}],"curies":[{"name":"wp","href":"https:\/\/api.w.org\/{rel}","templated":true}]}}