{"id":31557,"date":"2016-11-07T16:10:35","date_gmt":"2016-11-07T15:10:35","guid":{"rendered":"https:\/\/staging.lucky-hunter.com\/product\/jagtstol-marsh-seat-fra-avery\/"},"modified":"2025-07-08T13:09:08","modified_gmt":"2025-07-08T11:09:08","slug":"siege-de-marais-avery","status":"publish","type":"product","link":"https:\/\/staging.lucky-hunter.com\/fr\/product\/siege-de-marais-avery\/","title":{"rendered":"Si\u00e8ge de Marais &#8211; Avery"},"content":{"rendered":"<h1><strong>Le si\u00e8ge de chasse ultime sp\u00e9cialement con\u00e7u pour chasser dans<\/strong> <b>les zones humides<\/b><\/h1>\n<p>L\u2019assise est en mousse de caoutchouc recouverte de tissu camouflage.<\/p>\n<p>Elle est tr\u00e8s confortable et peut se plier pour faciliter le transport.<\/p>\n<p>Son poids l\u00e9ger et son design compact font de ce si\u00e8ge le choix id\u00e9al pour la chasse dans les marais et les zones inond\u00e9es.<\/p>\n<p><strong>Caract\u00e9ristiques :<\/strong><\/p>\n<ul>\n<li>Fabrication l\u00e9g\u00e8re en aluminium r\u00e9sistant \u00e0 la rouille (p\u00e8se seulement 1,8 kg).<\/li>\n<li>Hauteur r\u00e9glable de 69 \u00e0 93 cm.<\/li>\n<li>L\u2019assise est recouverte de DuraMax\u2122 r\u00e9sistant aux d\u00e9chirures<\/li>\n<li>Assise et repose pieds pliants<\/li>\n<li>Sangle de transport int\u00e9gr\u00e9e.<\/li>\n<\/ul>\n","protected":false},"excerpt":{"rendered":"<p>Son poids l\u00e9ger et son design compact font de ce si\u00e8ge le choix id\u00e9al pour la chasse dans les marais et les zones inond\u00e9es. Confort maximal et transport facile.<\/p>\n","protected":false},"featured_media":28917,"template":"","meta":[],"product_brand":[8123],"product_cat":[9382],"product_tag":[9446,9235],"yoast_head":"<!-- This site is optimized with the Yoast SEO plugin v24.3 - https:\/\/yoast.com\/wordpress\/plugins\/seo\/ -->\n<title>Si\u00e8ge de Marais - Avery<\/title>\n<meta name=\"description\" content=\"Son poids l\u00e9ger et son design compact font de ce si\u00e8ge le choix id\u00e9al pour la chasse dans les marais et les zones inond\u00e9es. Confort maximal et transport facile.\" \/>\n<meta name=\"robots\" content=\"noindex, follow, max-snippet:-1, max-image-preview:large, max-video-preview:-1\" \/>\n<meta property=\"og:locale\" content=\"fr_FR\" \/>\n<meta property=\"og:type\" content=\"article\" \/>\n<meta property=\"og:title\" content=\"Si\u00e8ge de Marais - Avery\" \/>\n<meta property=\"og:description\" content=\"Son poids l\u00e9ger et son design compact font de ce si\u00e8ge le choix id\u00e9al pour la chasse dans les marais et les zones inond\u00e9es. Confort maximal et transport facile.\" \/>\n<meta property=\"og:url\" content=\"https:\/\/staging.lucky-hunter.com\/product\/jagtstol-marsh-seat-fra-avery\/\" \/>\n<meta property=\"og:site_name\" content=\"Lucky-Hunter\" \/>\n<meta property=\"article:modified_time\" content=\"2025-07-08T11:09:08+00:00\" \/>\n<meta property=\"og:image\" content=\"https:\/\/staging.lucky-hunter.com\/wp-content\/uploads\/2017\/06\/LF-120.png\" \/>\n\t<meta property=\"og:image:width\" content=\"1000\" \/>\n\t<meta property=\"og:image:height\" content=\"1000\" \/>\n\t<meta property=\"og:image:type\" content=\"image\/png\" \/>\n<meta name=\"twitter:card\" content=\"summary_large_image\" \/>\n<meta name=\"twitter:label1\" content=\"Dur\u00e9e de lecture estim\u00e9e\" \/>\n\t<meta name=\"twitter:data1\" content=\"1 minute\" \/>\n<script type=\"application\/ld+json\" class=\"yoast-schema-graph\">{\"@context\":\"https:\/\/schema.org\",\"@graph\":[{\"@type\":\"WebPage\",\"@id\":\"https:\/\/staging.lucky-hunter.com\/product\/jagtstol-marsh-seat-fra-avery\/\",\"url\":\"https:\/\/staging.lucky-hunter.com\/product\/jagtstol-marsh-seat-fra-avery\/\",\"name\":\"Si\u00e8ge de Marais - Avery\",\"isPartOf\":{\"@id\":\"https:\/\/staging.lucky-hunter.com\/#website\"},\"primaryImageOfPage\":{\"@id\":\"https:\/\/staging.lucky-hunter.com\/product\/jagtstol-marsh-seat-fra-avery\/#primaryimage\"},\"image\":{\"@id\":\"https:\/\/staging.lucky-hunter.com\/product\/jagtstol-marsh-seat-fra-avery\/#primaryimage\"},\"thumbnailUrl\":\"https:\/\/staging.lucky-hunter.com\/wp-content\/uploads\/2017\/06\/LF-120.png\",\"datePublished\":\"2016-11-07T15:10:35+00:00\",\"dateModified\":\"2025-07-08T11:09:08+00:00\",\"description\":\"Son poids l\u00e9ger et son design compact font de ce si\u00e8ge le choix id\u00e9al pour la chasse dans les marais et les zones inond\u00e9es. Confort maximal et transport facile.\",\"breadcrumb\":{\"@id\":\"https:\/\/staging.lucky-hunter.com\/product\/jagtstol-marsh-seat-fra-avery\/#breadcrumb\"},\"inLanguage\":\"fr-FR\",\"potentialAction\":[{\"@type\":\"ReadAction\",\"target\":[\"https:\/\/staging.lucky-hunter.com\/product\/jagtstol-marsh-seat-fra-avery\/\"]}]},{\"@type\":\"ImageObject\",\"inLanguage\":\"fr-FR\",\"@id\":\"https:\/\/staging.lucky-hunter.com\/product\/jagtstol-marsh-seat-fra-avery\/#primaryimage\",\"url\":\"https:\/\/staging.lucky-hunter.com\/wp-content\/uploads\/2017\/06\/LF-120.png\",\"contentUrl\":\"https:\/\/staging.lucky-hunter.com\/wp-content\/uploads\/2017\/06\/LF-120.png\",\"width\":1000,\"height\":1000},{\"@type\":\"BreadcrumbList\",\"@id\":\"https:\/\/staging.lucky-hunter.com\/product\/jagtstol-marsh-seat-fra-avery\/#breadcrumb\",\"itemListElement\":[{\"@type\":\"ListItem\",\"position\":1,\"name\":\"Home\",\"item\":\"https:\/\/staging.lucky-hunter.com\/fr\/\"},{\"@type\":\"ListItem\",\"position\":2,\"name\":\"Boutique\",\"item\":\"https:\/\/staging.lucky-hunter.com\/fr\/shop\/\"},{\"@type\":\"ListItem\",\"position\":3,\"name\":\"Si\u00e8ge de Marais &#8211; Avery\"}]},{\"@type\":\"WebSite\",\"@id\":\"https:\/\/staging.lucky-hunter.com\/#website\",\"url\":\"https:\/\/staging.lucky-hunter.com\/\",\"name\":\"Lucky-Hunter\",\"description\":\"Gear Up or Give Up\",\"potentialAction\":[{\"@type\":\"SearchAction\",\"target\":{\"@type\":\"EntryPoint\",\"urlTemplate\":\"https:\/\/staging.lucky-hunter.com\/?s={search_term_string}\"},\"query-input\":{\"@type\":\"PropertyValueSpecification\",\"valueRequired\":true,\"valueName\":\"search_term_string\"}}],\"inLanguage\":\"fr-FR\"}]}<\/script>\n<!-- \/ Yoast SEO plugin. -->","yoast_head_json":{"title":"Si\u00e8ge de Marais - Avery","description":"Son poids l\u00e9ger et son design compact font de ce si\u00e8ge le choix id\u00e9al pour la chasse dans les marais et les zones inond\u00e9es. Confort maximal et transport facile.","robots":{"index":"noindex","follow":"follow","max-snippet":"max-snippet:-1","max-image-preview":"max-image-preview:large","max-video-preview":"max-video-preview:-1"},"og_locale":"fr_FR","og_type":"article","og_title":"Si\u00e8ge de Marais - Avery","og_description":"Son poids l\u00e9ger et son design compact font de ce si\u00e8ge le choix id\u00e9al pour la chasse dans les marais et les zones inond\u00e9es. Confort maximal et transport facile.","og_url":"https:\/\/staging.lucky-hunter.com\/product\/jagtstol-marsh-seat-fra-avery\/","og_site_name":"Lucky-Hunter","article_modified_time":"2025-07-08T11:09:08+00:00","og_image":[{"width":1000,"height":1000,"url":"https:\/\/staging.lucky-hunter.com\/wp-content\/uploads\/2017\/06\/LF-120.png","type":"image\/png"}],"twitter_card":"summary_large_image","twitter_misc":{"Dur\u00e9e de lecture estim\u00e9e":"1 minute"},"schema":{"@context":"https:\/\/schema.org","@graph":[{"@type":"WebPage","@id":"https:\/\/staging.lucky-hunter.com\/product\/jagtstol-marsh-seat-fra-avery\/","url":"https:\/\/staging.lucky-hunter.com\/product\/jagtstol-marsh-seat-fra-avery\/","name":"Si\u00e8ge de Marais - Avery","isPartOf":{"@id":"https:\/\/staging.lucky-hunter.com\/#website"},"primaryImageOfPage":{"@id":"https:\/\/staging.lucky-hunter.com\/product\/jagtstol-marsh-seat-fra-avery\/#primaryimage"},"image":{"@id":"https:\/\/staging.lucky-hunter.com\/product\/jagtstol-marsh-seat-fra-avery\/#primaryimage"},"thumbnailUrl":"https:\/\/staging.lucky-hunter.com\/wp-content\/uploads\/2017\/06\/LF-120.png","datePublished":"2016-11-07T15:10:35+00:00","dateModified":"2025-07-08T11:09:08+00:00","description":"Son poids l\u00e9ger et son design compact font de ce si\u00e8ge le choix id\u00e9al pour la chasse dans les marais et les zones inond\u00e9es. Confort maximal et transport facile.","breadcrumb":{"@id":"https:\/\/staging.lucky-hunter.com\/product\/jagtstol-marsh-seat-fra-avery\/#breadcrumb"},"inLanguage":"fr-FR","potentialAction":[{"@type":"ReadAction","target":["https:\/\/staging.lucky-hunter.com\/product\/jagtstol-marsh-seat-fra-avery\/"]}]},{"@type":"ImageObject","inLanguage":"fr-FR","@id":"https:\/\/staging.lucky-hunter.com\/product\/jagtstol-marsh-seat-fra-avery\/#primaryimage","url":"https:\/\/staging.lucky-hunter.com\/wp-content\/uploads\/2017\/06\/LF-120.png","contentUrl":"https:\/\/staging.lucky-hunter.com\/wp-content\/uploads\/2017\/06\/LF-120.png","width":1000,"height":1000},{"@type":"BreadcrumbList","@id":"https:\/\/staging.lucky-hunter.com\/product\/jagtstol-marsh-seat-fra-avery\/#breadcrumb","itemListElement":[{"@type":"ListItem","position":1,"name":"Home","item":"https:\/\/staging.lucky-hunter.com\/fr\/"},{"@type":"ListItem","position":2,"name":"Boutique","item":"https:\/\/staging.lucky-hunter.com\/fr\/shop\/"},{"@type":"ListItem","position":3,"name":"Si\u00e8ge de Marais &#8211; Avery"}]},{"@type":"WebSite","@id":"https:\/\/staging.lucky-hunter.com\/#website","url":"https:\/\/staging.lucky-hunter.com\/","name":"Lucky-Hunter","description":"Gear Up or Give Up","potentialAction":[{"@type":"SearchAction","target":{"@type":"EntryPoint","urlTemplate":"https:\/\/staging.lucky-hunter.com\/?s={search_term_string}"},"query-input":{"@type":"PropertyValueSpecification","valueRequired":true,"valueName":"search_term_string"}}],"inLanguage":"fr-FR"}]}},"_links":{"self":[{"href":"https:\/\/staging.lucky-hunter.com\/fr\/wp-json\/wp\/v2\/product\/31557"}],"collection":[{"href":"https:\/\/staging.lucky-hunter.com\/fr\/wp-json\/wp\/v2\/product"}],"about":[{"href":"https:\/\/staging.lucky-hunter.com\/fr\/wp-json\/wp\/v2\/types\/product"}],"wp:featuredmedia":[{"embeddable":true,"href":"https:\/\/staging.lucky-hunter.com\/fr\/wp-json\/wp\/v2\/media\/28917"}],"wp:attachment":[{"href":"https:\/\/staging.lucky-hunter.com\/fr\/wp-json\/wp\/v2\/media?parent=31557"}],"wp:term":[{"taxonomy":"product_brand","embeddable":true,"href":"https:\/\/staging.lucky-hunter.com\/fr\/wp-json\/wp\/v2\/product_brand?post=31557"},{"taxonomy":"product_cat","embeddable":true,"href":"https:\/\/staging.lucky-hunter.com\/fr\/wp-json\/wp\/v2\/product_cat?post=31557"},{"taxonomy":"product_tag","embeddable":true,"href":"https:\/\/staging.lucky-hunter.com\/fr\/wp-json\/wp\/v2\/product_tag?post=31557"}],"curies":[{"name":"wp","href":"https:\/\/api.w.org\/{rel}","templated":true}]}}