{"id":31556,"date":"2020-12-16T11:19:07","date_gmt":"2020-12-16T10:19:07","guid":{"rendered":"https:\/\/staging.lucky-hunter.com\/product\/tripod-camo-chair-hunters-specialities\/"},"modified":"2022-11-15T16:00:32","modified_gmt":"2022-11-15T15:00:32","slug":"tripod-camo-chair-hunters-specialities","status":"publish","type":"product","link":"https:\/\/staging.lucky-hunter.com\/fr\/product\/tripod-camo-chair-hunters-specialities\/","title":{"rendered":"Chaise Tripode Camoufl\u00e9e &#8211; Hunters Specialties"},"content":{"rendered":"<h1><strong>Meilleure vente aux \u00c9tats-Unis &#8211; Chaise de chasse pliante<\/strong><\/h1>\n<p>Cette nouvelle chaise de chasse pliante du fabricant am\u00e9ricain Hunters Specialties est id\u00e9ale pour la p\u00eache et pour tous types de chasse.<\/p>\n<p>Elle est tr\u00e8s l\u00e9g\u00e8re et comporte une sangle pratique pour que vous puissiez facilement la transporter sur votre \u00e9paule.<\/p>\n<p>Emportez-la avec vous au bord du lac ou du rivage pour la chasse au canard, dans l\u2019aff\u00fbt pour la chasse au corbeau, \u00e0 la lisi\u00e8re de la for\u00eat pour la chasse au renard, etc. Les possibilit\u00e9s sont nombreuses.<\/p>\n<p>La chaise de chasse se compose de tubes durables en acier enduit de poudre et d\u2019une magnifique assise triangulaire avec camouflage Realtree\u00ae Xtra Green.<\/p>\n<p>Hauteur : 47 cm<\/p>\n<p>Poids : Environ 1,3 kg<\/p>\n<p>Charge max. : Env. 100 kg.<\/p>\n","protected":false},"excerpt":{"rendered":"<p>Cette nouvelle chaise de chasse pliante du fabricant am\u00e9ricain Hunters Specialties est id\u00e9ale pour la p\u00eache et pour tous types de chasse. Elle est tr\u00e8s l\u00e9g\u00e8re et comporte une sangle de transport pratique.<\/p>\n","protected":false},"featured_media":30112,"template":"","meta":[],"product_brand":[8193],"product_cat":[9382],"product_tag":[9446,9235,9443,9445],"yoast_head":"<!-- This site is optimized with the Yoast SEO plugin v24.3 - https:\/\/yoast.com\/wordpress\/plugins\/seo\/ -->\n<title>Tripod camo chair - Best Seller in the USA - Flexible hunting chair on Lucky-Hunter.com<\/title>\n<meta name=\"description\" content=\"This new folding hunting chair from Hunters Specialties is ideal for fishing and all types of hunting. Weighs very little and has a practical carrying strap\" \/>\n<meta name=\"robots\" content=\"noindex, follow, max-snippet:-1, max-image-preview:large, max-video-preview:-1\" \/>\n<meta property=\"og:locale\" content=\"fr_FR\" \/>\n<meta property=\"og:type\" content=\"article\" \/>\n<meta property=\"og:title\" content=\"Tripod camo chair - Best Seller in the USA - Flexible hunting chair on Lucky-Hunter.com\" \/>\n<meta property=\"og:description\" content=\"This new folding hunting chair from Hunters Specialties is ideal for fishing and all types of hunting. Weighs very little and has a practical carrying strap\" \/>\n<meta property=\"og:url\" content=\"https:\/\/staging.lucky-hunter.com\/fr\/product\/tripod-camo-chair-hunters-specialities\/\" \/>\n<meta property=\"og:site_name\" content=\"Lucky-Hunter\" \/>\n<meta property=\"article:modified_time\" content=\"2022-11-15T15:00:32+00:00\" \/>\n<meta property=\"og:image\" content=\"https:\/\/staging.lucky-hunter.com\/wp-content\/uploads\/2020\/12\/pu-19.png\" \/>\n\t<meta property=\"og:image:width\" content=\"1000\" \/>\n\t<meta property=\"og:image:height\" content=\"1000\" \/>\n\t<meta property=\"og:image:type\" content=\"image\/png\" \/>\n<meta name=\"twitter:card\" content=\"summary_large_image\" \/>\n<meta name=\"twitter:label1\" content=\"Dur\u00e9e de lecture estim\u00e9e\" \/>\n\t<meta name=\"twitter:data1\" content=\"1 minute\" \/>\n<script type=\"application\/ld+json\" class=\"yoast-schema-graph\">{\"@context\":\"https:\/\/schema.org\",\"@graph\":[{\"@type\":\"WebPage\",\"@id\":\"https:\/\/staging.lucky-hunter.com\/fr\/product\/tripod-camo-chair-hunters-specialities\/\",\"url\":\"https:\/\/staging.lucky-hunter.com\/fr\/product\/tripod-camo-chair-hunters-specialities\/\",\"name\":\"Tripod camo chair - Best Seller in the USA - Flexible hunting chair on Lucky-Hunter.com\",\"isPartOf\":{\"@id\":\"https:\/\/staging.lucky-hunter.com\/#website\"},\"primaryImageOfPage\":{\"@id\":\"https:\/\/staging.lucky-hunter.com\/fr\/product\/tripod-camo-chair-hunters-specialities\/#primaryimage\"},\"image\":{\"@id\":\"https:\/\/staging.lucky-hunter.com\/fr\/product\/tripod-camo-chair-hunters-specialities\/#primaryimage\"},\"thumbnailUrl\":\"https:\/\/staging.lucky-hunter.com\/wp-content\/uploads\/2020\/12\/pu-19.png\",\"datePublished\":\"2020-12-16T10:19:07+00:00\",\"dateModified\":\"2022-11-15T15:00:32+00:00\",\"description\":\"This new folding hunting chair from Hunters Specialties is ideal for fishing and all types of hunting. Weighs very little and has a practical carrying strap\",\"breadcrumb\":{\"@id\":\"https:\/\/staging.lucky-hunter.com\/fr\/product\/tripod-camo-chair-hunters-specialities\/#breadcrumb\"},\"inLanguage\":\"fr-FR\",\"potentialAction\":[{\"@type\":\"ReadAction\",\"target\":[\"https:\/\/staging.lucky-hunter.com\/fr\/product\/tripod-camo-chair-hunters-specialities\/\"]}]},{\"@type\":\"ImageObject\",\"inLanguage\":\"fr-FR\",\"@id\":\"https:\/\/staging.lucky-hunter.com\/fr\/product\/tripod-camo-chair-hunters-specialities\/#primaryimage\",\"url\":\"https:\/\/staging.lucky-hunter.com\/wp-content\/uploads\/2020\/12\/pu-19.png\",\"contentUrl\":\"https:\/\/staging.lucky-hunter.com\/wp-content\/uploads\/2020\/12\/pu-19.png\",\"width\":1000,\"height\":1000},{\"@type\":\"BreadcrumbList\",\"@id\":\"https:\/\/staging.lucky-hunter.com\/fr\/product\/tripod-camo-chair-hunters-specialities\/#breadcrumb\",\"itemListElement\":[{\"@type\":\"ListItem\",\"position\":1,\"name\":\"Home\",\"item\":\"https:\/\/staging.lucky-hunter.com\/fr\/\"},{\"@type\":\"ListItem\",\"position\":2,\"name\":\"Boutique\",\"item\":\"https:\/\/staging.lucky-hunter.com\/fr\/shop\/\"},{\"@type\":\"ListItem\",\"position\":3,\"name\":\"Chaise Tripode Camoufl\u00e9e &#8211; Hunters Specialties\"}]},{\"@type\":\"WebSite\",\"@id\":\"https:\/\/staging.lucky-hunter.com\/#website\",\"url\":\"https:\/\/staging.lucky-hunter.com\/\",\"name\":\"Lucky-Hunter\",\"description\":\"Gear Up or Give Up\",\"potentialAction\":[{\"@type\":\"SearchAction\",\"target\":{\"@type\":\"EntryPoint\",\"urlTemplate\":\"https:\/\/staging.lucky-hunter.com\/?s={search_term_string}\"},\"query-input\":{\"@type\":\"PropertyValueSpecification\",\"valueRequired\":true,\"valueName\":\"search_term_string\"}}],\"inLanguage\":\"fr-FR\"}]}<\/script>\n<!-- \/ Yoast SEO plugin. -->","yoast_head_json":{"title":"Tripod camo chair - Best Seller in the USA - Flexible hunting chair on Lucky-Hunter.com","description":"This new folding hunting chair from Hunters Specialties is ideal for fishing and all types of hunting. Weighs very little and has a practical carrying strap","robots":{"index":"noindex","follow":"follow","max-snippet":"max-snippet:-1","max-image-preview":"max-image-preview:large","max-video-preview":"max-video-preview:-1"},"og_locale":"fr_FR","og_type":"article","og_title":"Tripod camo chair - Best Seller in the USA - Flexible hunting chair on Lucky-Hunter.com","og_description":"This new folding hunting chair from Hunters Specialties is ideal for fishing and all types of hunting. Weighs very little and has a practical carrying strap","og_url":"https:\/\/staging.lucky-hunter.com\/fr\/product\/tripod-camo-chair-hunters-specialities\/","og_site_name":"Lucky-Hunter","article_modified_time":"2022-11-15T15:00:32+00:00","og_image":[{"width":1000,"height":1000,"url":"https:\/\/staging.lucky-hunter.com\/wp-content\/uploads\/2020\/12\/pu-19.png","type":"image\/png"}],"twitter_card":"summary_large_image","twitter_misc":{"Dur\u00e9e de lecture estim\u00e9e":"1 minute"},"schema":{"@context":"https:\/\/schema.org","@graph":[{"@type":"WebPage","@id":"https:\/\/staging.lucky-hunter.com\/fr\/product\/tripod-camo-chair-hunters-specialities\/","url":"https:\/\/staging.lucky-hunter.com\/fr\/product\/tripod-camo-chair-hunters-specialities\/","name":"Tripod camo chair - Best Seller in the USA - Flexible hunting chair on Lucky-Hunter.com","isPartOf":{"@id":"https:\/\/staging.lucky-hunter.com\/#website"},"primaryImageOfPage":{"@id":"https:\/\/staging.lucky-hunter.com\/fr\/product\/tripod-camo-chair-hunters-specialities\/#primaryimage"},"image":{"@id":"https:\/\/staging.lucky-hunter.com\/fr\/product\/tripod-camo-chair-hunters-specialities\/#primaryimage"},"thumbnailUrl":"https:\/\/staging.lucky-hunter.com\/wp-content\/uploads\/2020\/12\/pu-19.png","datePublished":"2020-12-16T10:19:07+00:00","dateModified":"2022-11-15T15:00:32+00:00","description":"This new folding hunting chair from Hunters Specialties is ideal for fishing and all types of hunting. Weighs very little and has a practical carrying strap","breadcrumb":{"@id":"https:\/\/staging.lucky-hunter.com\/fr\/product\/tripod-camo-chair-hunters-specialities\/#breadcrumb"},"inLanguage":"fr-FR","potentialAction":[{"@type":"ReadAction","target":["https:\/\/staging.lucky-hunter.com\/fr\/product\/tripod-camo-chair-hunters-specialities\/"]}]},{"@type":"ImageObject","inLanguage":"fr-FR","@id":"https:\/\/staging.lucky-hunter.com\/fr\/product\/tripod-camo-chair-hunters-specialities\/#primaryimage","url":"https:\/\/staging.lucky-hunter.com\/wp-content\/uploads\/2020\/12\/pu-19.png","contentUrl":"https:\/\/staging.lucky-hunter.com\/wp-content\/uploads\/2020\/12\/pu-19.png","width":1000,"height":1000},{"@type":"BreadcrumbList","@id":"https:\/\/staging.lucky-hunter.com\/fr\/product\/tripod-camo-chair-hunters-specialities\/#breadcrumb","itemListElement":[{"@type":"ListItem","position":1,"name":"Home","item":"https:\/\/staging.lucky-hunter.com\/fr\/"},{"@type":"ListItem","position":2,"name":"Boutique","item":"https:\/\/staging.lucky-hunter.com\/fr\/shop\/"},{"@type":"ListItem","position":3,"name":"Chaise Tripode Camoufl\u00e9e &#8211; Hunters Specialties"}]},{"@type":"WebSite","@id":"https:\/\/staging.lucky-hunter.com\/#website","url":"https:\/\/staging.lucky-hunter.com\/","name":"Lucky-Hunter","description":"Gear Up or Give Up","potentialAction":[{"@type":"SearchAction","target":{"@type":"EntryPoint","urlTemplate":"https:\/\/staging.lucky-hunter.com\/?s={search_term_string}"},"query-input":{"@type":"PropertyValueSpecification","valueRequired":true,"valueName":"search_term_string"}}],"inLanguage":"fr-FR"}]}},"_links":{"self":[{"href":"https:\/\/staging.lucky-hunter.com\/fr\/wp-json\/wp\/v2\/product\/31556"}],"collection":[{"href":"https:\/\/staging.lucky-hunter.com\/fr\/wp-json\/wp\/v2\/product"}],"about":[{"href":"https:\/\/staging.lucky-hunter.com\/fr\/wp-json\/wp\/v2\/types\/product"}],"wp:featuredmedia":[{"embeddable":true,"href":"https:\/\/staging.lucky-hunter.com\/fr\/wp-json\/wp\/v2\/media\/30112"}],"wp:attachment":[{"href":"https:\/\/staging.lucky-hunter.com\/fr\/wp-json\/wp\/v2\/media?parent=31556"}],"wp:term":[{"taxonomy":"product_brand","embeddable":true,"href":"https:\/\/staging.lucky-hunter.com\/fr\/wp-json\/wp\/v2\/product_brand?post=31556"},{"taxonomy":"product_cat","embeddable":true,"href":"https:\/\/staging.lucky-hunter.com\/fr\/wp-json\/wp\/v2\/product_cat?post=31556"},{"taxonomy":"product_tag","embeddable":true,"href":"https:\/\/staging.lucky-hunter.com\/fr\/wp-json\/wp\/v2\/product_tag?post=31556"}],"curies":[{"name":"wp","href":"https:\/\/api.w.org\/{rel}","templated":true}]}}