{"id":31555,"date":"2020-11-01T11:14:57","date_gmt":"2020-11-01T10:14:57","guid":{"rendered":"https:\/\/staging.lucky-hunter.com\/product\/banded-white-river-insulated-gloves-blades\/"},"modified":"2025-06-26T14:47:29","modified_gmt":"2025-06-26T12:47:29","slug":"gants-isoles-white-river-blades-banded","status":"publish","type":"product","link":"https:\/\/staging.lucky-hunter.com\/fr\/product\/gants-isoles-white-river-blades-banded\/","title":{"rendered":"Gants isol\u00e9s White River Blades &#8211; Banded"},"content":{"rendered":"<h1><strong>Les gants ultimes du chasseur passionn\u00e9<\/strong><\/h1>\n<p>Avoir les mains froides peut compliquer inutilement la chasse.<\/p>\n<p>Banded a pour objectif de cr\u00e9er des mod\u00e8les de gants qui procurent non seulement une protection efficace contre les \u00e9l\u00e9ments, mais aussi un niveau \u00e9lev\u00e9 de confort et de style.<\/p>\n<p>Gr\u00e2ce \u00e0 des recherches approfondies, des tests de mat\u00e9riaux et une fabrication pr\u00e9cise, Banded a d\u00e9velopp\u00e9 ces gants qui excellent en termes de fonctionnalit\u00e9 et de dext\u00e9rit\u00e9.<\/p>\n<p>Que vous partiez chasser dans la fra\u00eecheur d&#8217;un matin de mi-saison ou que vous vous pr\u00e9pariez pour une froide journ\u00e9e d&#8217;hiver, nous sommes convaincus que vous appr\u00e9cierez les performances exceptionnelles de cet excellent produit.<\/p>\n<p>Disponible en taille : XL<\/p>\n<p><strong>Caract\u00e9ristiques principales\u00a0:<\/strong><\/p>\n<ul>\n<li>Paume en cuir v\u00e9ritable.<\/li>\n<li>Technologie imperm\u00e9able et respirante SHEDS<\/li>\n<li>Technologie d&#8217;isolation HARS 280 g sur le dos des mains<\/li>\n<li>Technologie d&#8217;isolation HARS 170 g autour des paumes<\/li>\n<li>Sangles de poignets auto-agrippantes<\/li>\n<li>Cordons de serrage qui bloquent les \u00e9l\u00e9ments au niveau des poignets.<\/li>\n<\/ul>\n","protected":false},"excerpt":{"rendered":"<p>Les gants ultimes du chasseur passionn\u00e9. Avoir les mains froides peut compliquer inutilement la chasse.<\/p>\n<p>&nbsp;<\/p>\n","protected":false},"featured_media":30475,"template":"","meta":[],"product_brand":[8137],"product_cat":[9215],"product_tag":[],"yoast_head":"<!-- This site is optimized with the Yoast SEO plugin v24.3 - https:\/\/yoast.com\/wordpress\/plugins\/seo\/ -->\n<title>Gants isol\u00e9s White River Blades - Banded<\/title>\n<meta name=\"description\" content=\"Les gants ultimes du chasseur passionn\u00e9. Avoir les mains froides peut compliquer inutilement la chasse.\" \/>\n<meta name=\"robots\" content=\"noindex, follow, max-snippet:-1, max-image-preview:large, max-video-preview:-1\" \/>\n<meta property=\"og:locale\" content=\"fr_FR\" \/>\n<meta property=\"og:type\" content=\"article\" \/>\n<meta property=\"og:title\" content=\"Gants isol\u00e9s White River Blades - Banded\" \/>\n<meta property=\"og:description\" content=\"Les gants ultimes du chasseur passionn\u00e9. Avoir les mains froides peut compliquer inutilement la chasse.\" \/>\n<meta property=\"og:url\" content=\"https:\/\/staging.lucky-hunter.com\/fr\/product\/gants-isoles-white-river-blades-banded\/\" \/>\n<meta property=\"og:site_name\" content=\"Lucky-Hunter\" \/>\n<meta property=\"article:modified_time\" content=\"2025-06-26T12:47:29+00:00\" \/>\n<meta property=\"og:image\" content=\"https:\/\/staging.lucky-hunter.com\/wp-content\/uploads\/2020\/11\/PU-518.webp\" \/>\n\t<meta property=\"og:image:width\" content=\"1000\" \/>\n\t<meta property=\"og:image:height\" content=\"1000\" \/>\n\t<meta property=\"og:image:type\" content=\"image\/webp\" \/>\n<meta name=\"twitter:card\" content=\"summary_large_image\" \/>\n<meta name=\"twitter:label1\" content=\"Dur\u00e9e de lecture estim\u00e9e\" \/>\n\t<meta name=\"twitter:data1\" content=\"1 minute\" \/>\n<script type=\"application\/ld+json\" class=\"yoast-schema-graph\">{\"@context\":\"https:\/\/schema.org\",\"@graph\":[{\"@type\":\"WebPage\",\"@id\":\"https:\/\/staging.lucky-hunter.com\/fr\/product\/gants-isoles-white-river-blades-banded\/\",\"url\":\"https:\/\/staging.lucky-hunter.com\/fr\/product\/gants-isoles-white-river-blades-banded\/\",\"name\":\"Gants isol\u00e9s White River Blades - Banded\",\"isPartOf\":{\"@id\":\"https:\/\/staging.lucky-hunter.com\/#website\"},\"primaryImageOfPage\":{\"@id\":\"https:\/\/staging.lucky-hunter.com\/fr\/product\/gants-isoles-white-river-blades-banded\/#primaryimage\"},\"image\":{\"@id\":\"https:\/\/staging.lucky-hunter.com\/fr\/product\/gants-isoles-white-river-blades-banded\/#primaryimage\"},\"thumbnailUrl\":\"https:\/\/staging.lucky-hunter.com\/wp-content\/uploads\/2020\/11\/PU-518.webp\",\"datePublished\":\"2020-11-01T10:14:57+00:00\",\"dateModified\":\"2025-06-26T12:47:29+00:00\",\"description\":\"Les gants ultimes du chasseur passionn\u00e9. Avoir les mains froides peut compliquer inutilement la chasse.\",\"breadcrumb\":{\"@id\":\"https:\/\/staging.lucky-hunter.com\/fr\/product\/gants-isoles-white-river-blades-banded\/#breadcrumb\"},\"inLanguage\":\"fr-FR\",\"potentialAction\":[{\"@type\":\"ReadAction\",\"target\":[\"https:\/\/staging.lucky-hunter.com\/fr\/product\/gants-isoles-white-river-blades-banded\/\"]}]},{\"@type\":\"ImageObject\",\"inLanguage\":\"fr-FR\",\"@id\":\"https:\/\/staging.lucky-hunter.com\/fr\/product\/gants-isoles-white-river-blades-banded\/#primaryimage\",\"url\":\"https:\/\/staging.lucky-hunter.com\/wp-content\/uploads\/2020\/11\/PU-518.webp\",\"contentUrl\":\"https:\/\/staging.lucky-hunter.com\/wp-content\/uploads\/2020\/11\/PU-518.webp\",\"width\":1000,\"height\":1000},{\"@type\":\"BreadcrumbList\",\"@id\":\"https:\/\/staging.lucky-hunter.com\/fr\/product\/gants-isoles-white-river-blades-banded\/#breadcrumb\",\"itemListElement\":[{\"@type\":\"ListItem\",\"position\":1,\"name\":\"Home\",\"item\":\"https:\/\/staging.lucky-hunter.com\/fr\/\"},{\"@type\":\"ListItem\",\"position\":2,\"name\":\"Boutique\",\"item\":\"https:\/\/staging.lucky-hunter.com\/fr\/shop\/\"},{\"@type\":\"ListItem\",\"position\":3,\"name\":\"Gants isol\u00e9s White River Blades &#8211; Banded\"}]},{\"@type\":\"WebSite\",\"@id\":\"https:\/\/staging.lucky-hunter.com\/#website\",\"url\":\"https:\/\/staging.lucky-hunter.com\/\",\"name\":\"Lucky-Hunter\",\"description\":\"Gear Up or Give Up\",\"potentialAction\":[{\"@type\":\"SearchAction\",\"target\":{\"@type\":\"EntryPoint\",\"urlTemplate\":\"https:\/\/staging.lucky-hunter.com\/?s={search_term_string}\"},\"query-input\":{\"@type\":\"PropertyValueSpecification\",\"valueRequired\":true,\"valueName\":\"search_term_string\"}}],\"inLanguage\":\"fr-FR\"}]}<\/script>\n<!-- \/ Yoast SEO plugin. -->","yoast_head_json":{"title":"Gants isol\u00e9s White River Blades - Banded","description":"Les gants ultimes du chasseur passionn\u00e9. Avoir les mains froides peut compliquer inutilement la chasse.","robots":{"index":"noindex","follow":"follow","max-snippet":"max-snippet:-1","max-image-preview":"max-image-preview:large","max-video-preview":"max-video-preview:-1"},"og_locale":"fr_FR","og_type":"article","og_title":"Gants isol\u00e9s White River Blades - Banded","og_description":"Les gants ultimes du chasseur passionn\u00e9. Avoir les mains froides peut compliquer inutilement la chasse.","og_url":"https:\/\/staging.lucky-hunter.com\/fr\/product\/gants-isoles-white-river-blades-banded\/","og_site_name":"Lucky-Hunter","article_modified_time":"2025-06-26T12:47:29+00:00","og_image":[{"width":1000,"height":1000,"url":"https:\/\/staging.lucky-hunter.com\/wp-content\/uploads\/2020\/11\/PU-518.webp","type":"image\/webp"}],"twitter_card":"summary_large_image","twitter_misc":{"Dur\u00e9e de lecture estim\u00e9e":"1 minute"},"schema":{"@context":"https:\/\/schema.org","@graph":[{"@type":"WebPage","@id":"https:\/\/staging.lucky-hunter.com\/fr\/product\/gants-isoles-white-river-blades-banded\/","url":"https:\/\/staging.lucky-hunter.com\/fr\/product\/gants-isoles-white-river-blades-banded\/","name":"Gants isol\u00e9s White River Blades - Banded","isPartOf":{"@id":"https:\/\/staging.lucky-hunter.com\/#website"},"primaryImageOfPage":{"@id":"https:\/\/staging.lucky-hunter.com\/fr\/product\/gants-isoles-white-river-blades-banded\/#primaryimage"},"image":{"@id":"https:\/\/staging.lucky-hunter.com\/fr\/product\/gants-isoles-white-river-blades-banded\/#primaryimage"},"thumbnailUrl":"https:\/\/staging.lucky-hunter.com\/wp-content\/uploads\/2020\/11\/PU-518.webp","datePublished":"2020-11-01T10:14:57+00:00","dateModified":"2025-06-26T12:47:29+00:00","description":"Les gants ultimes du chasseur passionn\u00e9. Avoir les mains froides peut compliquer inutilement la chasse.","breadcrumb":{"@id":"https:\/\/staging.lucky-hunter.com\/fr\/product\/gants-isoles-white-river-blades-banded\/#breadcrumb"},"inLanguage":"fr-FR","potentialAction":[{"@type":"ReadAction","target":["https:\/\/staging.lucky-hunter.com\/fr\/product\/gants-isoles-white-river-blades-banded\/"]}]},{"@type":"ImageObject","inLanguage":"fr-FR","@id":"https:\/\/staging.lucky-hunter.com\/fr\/product\/gants-isoles-white-river-blades-banded\/#primaryimage","url":"https:\/\/staging.lucky-hunter.com\/wp-content\/uploads\/2020\/11\/PU-518.webp","contentUrl":"https:\/\/staging.lucky-hunter.com\/wp-content\/uploads\/2020\/11\/PU-518.webp","width":1000,"height":1000},{"@type":"BreadcrumbList","@id":"https:\/\/staging.lucky-hunter.com\/fr\/product\/gants-isoles-white-river-blades-banded\/#breadcrumb","itemListElement":[{"@type":"ListItem","position":1,"name":"Home","item":"https:\/\/staging.lucky-hunter.com\/fr\/"},{"@type":"ListItem","position":2,"name":"Boutique","item":"https:\/\/staging.lucky-hunter.com\/fr\/shop\/"},{"@type":"ListItem","position":3,"name":"Gants isol\u00e9s White River Blades &#8211; Banded"}]},{"@type":"WebSite","@id":"https:\/\/staging.lucky-hunter.com\/#website","url":"https:\/\/staging.lucky-hunter.com\/","name":"Lucky-Hunter","description":"Gear Up or Give Up","potentialAction":[{"@type":"SearchAction","target":{"@type":"EntryPoint","urlTemplate":"https:\/\/staging.lucky-hunter.com\/?s={search_term_string}"},"query-input":{"@type":"PropertyValueSpecification","valueRequired":true,"valueName":"search_term_string"}}],"inLanguage":"fr-FR"}]}},"_links":{"self":[{"href":"https:\/\/staging.lucky-hunter.com\/fr\/wp-json\/wp\/v2\/product\/31555"}],"collection":[{"href":"https:\/\/staging.lucky-hunter.com\/fr\/wp-json\/wp\/v2\/product"}],"about":[{"href":"https:\/\/staging.lucky-hunter.com\/fr\/wp-json\/wp\/v2\/types\/product"}],"wp:featuredmedia":[{"embeddable":true,"href":"https:\/\/staging.lucky-hunter.com\/fr\/wp-json\/wp\/v2\/media\/30475"}],"wp:attachment":[{"href":"https:\/\/staging.lucky-hunter.com\/fr\/wp-json\/wp\/v2\/media?parent=31555"}],"wp:term":[{"taxonomy":"product_brand","embeddable":true,"href":"https:\/\/staging.lucky-hunter.com\/fr\/wp-json\/wp\/v2\/product_brand?post=31555"},{"taxonomy":"product_cat","embeddable":true,"href":"https:\/\/staging.lucky-hunter.com\/fr\/wp-json\/wp\/v2\/product_cat?post=31555"},{"taxonomy":"product_tag","embeddable":true,"href":"https:\/\/staging.lucky-hunter.com\/fr\/wp-json\/wp\/v2\/product_tag?post=31555"}],"curies":[{"name":"wp","href":"https:\/\/api.w.org\/{rel}","templated":true}]}}