{"id":31553,"date":"2020-06-16T09:13:05","date_gmt":"2020-06-16T07:13:05","guid":{"rendered":"https:\/\/staging.lucky-hunter.com\/product\/banded-goose-tote-max5\/"},"modified":"2023-03-15T10:47:02","modified_gmt":"2023-03-15T09:47:02","slug":"banded-goose-tote-max5","status":"publish","type":"product","link":"https:\/\/staging.lucky-hunter.com\/fr\/product\/banded-goose-tote-max5\/","title":{"rendered":"Porte Gibier Banded Goose Tote"},"content":{"rendered":"<h2><strong>Porte Gibier Banded Goose Tote &#8211; nouveau porte gibier de la marque am\u00e9ricaine Banded<\/strong><\/h2>\n<div>Le fabricant am\u00e9ricain Banded a pour objectif de fabriquer des accessoires bien con\u00e7us, performants en toutes circonstances et garantissant des journ\u00e9es agr\u00e9ables sur le terrain.<\/div>\n<div><\/div>\n<div>Dot\u00e9 de 8 boucles en acier enduit de poudre qui peuvent \u00eatre maintenues en place pour que vous ne perdiez pas votre gibier.<\/div>\n<div><\/div>\n<div>Le tissu 900D tr\u00e8s r\u00e9sistant offre une durabilit\u00e9 optimale, et un renfort en toile a \u00e9t\u00e9 ajout\u00e9 pour plus de r\u00e9sistance. Ainsi, le produit r\u00e9sistera saison apr\u00e8s saison.<\/div>\n<div><\/div>\n<div>Le porte gibier est fait de n\u00e9opr\u00e8ne avec motif camouflage Realtree Max5 et une petite plaque en acier Banded compl\u00e8te le look.<\/div>\n<div><\/div>\n<h4>Caract\u00e9ristiques\u00a0:<\/h4>\n<div>\u2022fabriqu\u00e9 \u00e0 partir de tissu 900D tr\u00e8s r\u00e9sistant \u2022Envers antid\u00e9rapant pour plus de confort \u2022Toile renforc\u00e9e pour plus de r\u00e9sistance \u2022Anneaux m\u00e9talliques pour une capacit\u00e9 de charge plus lourde \u2022Anneau de suspension en acier<\/div>\n","protected":false},"excerpt":{"rendered":"<div>Voici le nouveau Banded Goose Tote, dot\u00e9 de 8 boucles en acier enduit de poudre qui peuvent \u00eatre maintenues en place pour que vous ne perdiez pas votre gibier.<\/div>\n<div><\/div>\n","protected":false},"featured_media":30397,"template":"","meta":[],"product_brand":[8137],"product_cat":[9354],"product_tag":[9446,9235,9443,9250],"yoast_head":"<!-- This site is optimized with the Yoast SEO plugin v24.3 - https:\/\/yoast.com\/wordpress\/plugins\/seo\/ -->\n<title>Banded Goose Tote Max5 - Tough Goose Carrier | Lucky Hunter<\/title>\n<meta name=\"description\" content=\"Banded Goose Tote in Max5 camo is ideal for your wildfowling experience. Made from 900D fabric, this is designed to last hunt after hunt.\" \/>\n<meta name=\"robots\" content=\"noindex, follow, max-snippet:-1, max-image-preview:large, max-video-preview:-1\" \/>\n<meta property=\"og:locale\" content=\"fr_FR\" \/>\n<meta property=\"og:type\" content=\"article\" \/>\n<meta property=\"og:title\" content=\"Banded Goose Tote Max5 - Neoprene Goose Carrier | Lucky Hunter\" \/>\n<meta property=\"og:description\" content=\"Banded Goose Tote in Max5 camo is ideal for your wildfowling experience. Made from 900D fabric, this is designed to last hunt after hunt.\" \/>\n<meta property=\"og:url\" content=\"https:\/\/staging.lucky-hunter.com\/product\/banded-goose-tote-max5\/\" \/>\n<meta property=\"og:site_name\" content=\"Lucky-Hunter\" \/>\n<meta property=\"article:modified_time\" content=\"2023-03-15T09:47:02+00:00\" \/>\n<meta property=\"og:image\" content=\"https:\/\/staging.lucky-hunter.com\/wp-content\/uploads\/2020\/06\/pu-512.png\" \/>\n\t<meta property=\"og:image:width\" content=\"1000\" \/>\n\t<meta property=\"og:image:height\" content=\"1000\" \/>\n\t<meta property=\"og:image:type\" content=\"image\/png\" \/>\n<meta name=\"twitter:card\" content=\"summary_large_image\" \/>\n<meta name=\"twitter:title\" content=\"Banded Goose Tote Max5 - Neoprene Goose Carrier | Lucky Hunter\" \/>\n<meta name=\"twitter:description\" content=\"Banded Goose Tote in Max5 camo is ideal for your wildfowling experience. Made from 900D fabric, this is designed to last hunt after hunt.\" \/>\n<meta name=\"twitter:label1\" content=\"Dur\u00e9e de lecture estim\u00e9e\" \/>\n\t<meta name=\"twitter:data1\" content=\"1 minute\" \/>\n<script type=\"application\/ld+json\" class=\"yoast-schema-graph\">{\"@context\":\"https:\/\/schema.org\",\"@graph\":[{\"@type\":\"WebPage\",\"@id\":\"https:\/\/staging.lucky-hunter.com\/product\/banded-goose-tote-max5\/\",\"url\":\"https:\/\/staging.lucky-hunter.com\/product\/banded-goose-tote-max5\/\",\"name\":\"Banded Goose Tote Max5 - Tough Goose Carrier | Lucky Hunter\",\"isPartOf\":{\"@id\":\"https:\/\/staging.lucky-hunter.com\/#website\"},\"primaryImageOfPage\":{\"@id\":\"https:\/\/staging.lucky-hunter.com\/product\/banded-goose-tote-max5\/#primaryimage\"},\"image\":{\"@id\":\"https:\/\/staging.lucky-hunter.com\/product\/banded-goose-tote-max5\/#primaryimage\"},\"thumbnailUrl\":\"https:\/\/staging.lucky-hunter.com\/wp-content\/uploads\/2020\/06\/pu-512.png\",\"datePublished\":\"2020-06-16T07:13:05+00:00\",\"dateModified\":\"2023-03-15T09:47:02+00:00\",\"description\":\"Banded Goose Tote in Max5 camo is ideal for your wildfowling experience. Made from 900D fabric, this is designed to last hunt after hunt.\",\"breadcrumb\":{\"@id\":\"https:\/\/staging.lucky-hunter.com\/product\/banded-goose-tote-max5\/#breadcrumb\"},\"inLanguage\":\"fr-FR\",\"potentialAction\":[{\"@type\":\"ReadAction\",\"target\":[\"https:\/\/staging.lucky-hunter.com\/product\/banded-goose-tote-max5\/\"]}]},{\"@type\":\"ImageObject\",\"inLanguage\":\"fr-FR\",\"@id\":\"https:\/\/staging.lucky-hunter.com\/product\/banded-goose-tote-max5\/#primaryimage\",\"url\":\"https:\/\/staging.lucky-hunter.com\/wp-content\/uploads\/2020\/06\/pu-512.png\",\"contentUrl\":\"https:\/\/staging.lucky-hunter.com\/wp-content\/uploads\/2020\/06\/pu-512.png\",\"width\":1000,\"height\":1000},{\"@type\":\"BreadcrumbList\",\"@id\":\"https:\/\/staging.lucky-hunter.com\/product\/banded-goose-tote-max5\/#breadcrumb\",\"itemListElement\":[{\"@type\":\"ListItem\",\"position\":1,\"name\":\"Home\",\"item\":\"https:\/\/staging.lucky-hunter.com\/fr\/\"},{\"@type\":\"ListItem\",\"position\":2,\"name\":\"Boutique\",\"item\":\"https:\/\/staging.lucky-hunter.com\/fr\/shop\/\"},{\"@type\":\"ListItem\",\"position\":3,\"name\":\"Porte Gibier Banded Goose Tote\"}]},{\"@type\":\"WebSite\",\"@id\":\"https:\/\/staging.lucky-hunter.com\/#website\",\"url\":\"https:\/\/staging.lucky-hunter.com\/\",\"name\":\"Lucky-Hunter\",\"description\":\"Gear Up or Give Up\",\"potentialAction\":[{\"@type\":\"SearchAction\",\"target\":{\"@type\":\"EntryPoint\",\"urlTemplate\":\"https:\/\/staging.lucky-hunter.com\/?s={search_term_string}\"},\"query-input\":{\"@type\":\"PropertyValueSpecification\",\"valueRequired\":true,\"valueName\":\"search_term_string\"}}],\"inLanguage\":\"fr-FR\"}]}<\/script>\n<!-- \/ Yoast SEO plugin. -->","yoast_head_json":{"title":"Banded Goose Tote Max5 - Tough Goose Carrier | Lucky Hunter","description":"Banded Goose Tote in Max5 camo is ideal for your wildfowling experience. Made from 900D fabric, this is designed to last hunt after hunt.","robots":{"index":"noindex","follow":"follow","max-snippet":"max-snippet:-1","max-image-preview":"max-image-preview:large","max-video-preview":"max-video-preview:-1"},"og_locale":"fr_FR","og_type":"article","og_title":"Banded Goose Tote Max5 - Neoprene Goose Carrier | Lucky Hunter","og_description":"Banded Goose Tote in Max5 camo is ideal for your wildfowling experience. Made from 900D fabric, this is designed to last hunt after hunt.","og_url":"https:\/\/staging.lucky-hunter.com\/product\/banded-goose-tote-max5\/","og_site_name":"Lucky-Hunter","article_modified_time":"2023-03-15T09:47:02+00:00","og_image":[{"width":1000,"height":1000,"url":"https:\/\/staging.lucky-hunter.com\/wp-content\/uploads\/2020\/06\/pu-512.png","type":"image\/png"}],"twitter_card":"summary_large_image","twitter_title":"Banded Goose Tote Max5 - Neoprene Goose Carrier | Lucky Hunter","twitter_description":"Banded Goose Tote in Max5 camo is ideal for your wildfowling experience. Made from 900D fabric, this is designed to last hunt after hunt.","twitter_misc":{"Dur\u00e9e de lecture estim\u00e9e":"1 minute"},"schema":{"@context":"https:\/\/schema.org","@graph":[{"@type":"WebPage","@id":"https:\/\/staging.lucky-hunter.com\/product\/banded-goose-tote-max5\/","url":"https:\/\/staging.lucky-hunter.com\/product\/banded-goose-tote-max5\/","name":"Banded Goose Tote Max5 - Tough Goose Carrier | Lucky Hunter","isPartOf":{"@id":"https:\/\/staging.lucky-hunter.com\/#website"},"primaryImageOfPage":{"@id":"https:\/\/staging.lucky-hunter.com\/product\/banded-goose-tote-max5\/#primaryimage"},"image":{"@id":"https:\/\/staging.lucky-hunter.com\/product\/banded-goose-tote-max5\/#primaryimage"},"thumbnailUrl":"https:\/\/staging.lucky-hunter.com\/wp-content\/uploads\/2020\/06\/pu-512.png","datePublished":"2020-06-16T07:13:05+00:00","dateModified":"2023-03-15T09:47:02+00:00","description":"Banded Goose Tote in Max5 camo is ideal for your wildfowling experience. Made from 900D fabric, this is designed to last hunt after hunt.","breadcrumb":{"@id":"https:\/\/staging.lucky-hunter.com\/product\/banded-goose-tote-max5\/#breadcrumb"},"inLanguage":"fr-FR","potentialAction":[{"@type":"ReadAction","target":["https:\/\/staging.lucky-hunter.com\/product\/banded-goose-tote-max5\/"]}]},{"@type":"ImageObject","inLanguage":"fr-FR","@id":"https:\/\/staging.lucky-hunter.com\/product\/banded-goose-tote-max5\/#primaryimage","url":"https:\/\/staging.lucky-hunter.com\/wp-content\/uploads\/2020\/06\/pu-512.png","contentUrl":"https:\/\/staging.lucky-hunter.com\/wp-content\/uploads\/2020\/06\/pu-512.png","width":1000,"height":1000},{"@type":"BreadcrumbList","@id":"https:\/\/staging.lucky-hunter.com\/product\/banded-goose-tote-max5\/#breadcrumb","itemListElement":[{"@type":"ListItem","position":1,"name":"Home","item":"https:\/\/staging.lucky-hunter.com\/fr\/"},{"@type":"ListItem","position":2,"name":"Boutique","item":"https:\/\/staging.lucky-hunter.com\/fr\/shop\/"},{"@type":"ListItem","position":3,"name":"Porte Gibier Banded Goose Tote"}]},{"@type":"WebSite","@id":"https:\/\/staging.lucky-hunter.com\/#website","url":"https:\/\/staging.lucky-hunter.com\/","name":"Lucky-Hunter","description":"Gear Up or Give Up","potentialAction":[{"@type":"SearchAction","target":{"@type":"EntryPoint","urlTemplate":"https:\/\/staging.lucky-hunter.com\/?s={search_term_string}"},"query-input":{"@type":"PropertyValueSpecification","valueRequired":true,"valueName":"search_term_string"}}],"inLanguage":"fr-FR"}]}},"_links":{"self":[{"href":"https:\/\/staging.lucky-hunter.com\/fr\/wp-json\/wp\/v2\/product\/31553"}],"collection":[{"href":"https:\/\/staging.lucky-hunter.com\/fr\/wp-json\/wp\/v2\/product"}],"about":[{"href":"https:\/\/staging.lucky-hunter.com\/fr\/wp-json\/wp\/v2\/types\/product"}],"wp:featuredmedia":[{"embeddable":true,"href":"https:\/\/staging.lucky-hunter.com\/fr\/wp-json\/wp\/v2\/media\/30397"}],"wp:attachment":[{"href":"https:\/\/staging.lucky-hunter.com\/fr\/wp-json\/wp\/v2\/media?parent=31553"}],"wp:term":[{"taxonomy":"product_brand","embeddable":true,"href":"https:\/\/staging.lucky-hunter.com\/fr\/wp-json\/wp\/v2\/product_brand?post=31553"},{"taxonomy":"product_cat","embeddable":true,"href":"https:\/\/staging.lucky-hunter.com\/fr\/wp-json\/wp\/v2\/product_cat?post=31553"},{"taxonomy":"product_tag","embeddable":true,"href":"https:\/\/staging.lucky-hunter.com\/fr\/wp-json\/wp\/v2\/product_tag?post=31553"}],"curies":[{"name":"wp","href":"https:\/\/api.w.org\/{rel}","templated":true}]}}