{"id":31551,"date":"2017-09-05T14:26:35","date_gmt":"2017-09-05T12:26:35","guid":{"rendered":"https:\/\/staging.lucky-hunter.com\/product\/wigeon-duck-call\/"},"modified":"2022-10-28T11:59:27","modified_gmt":"2022-10-28T09:59:27","slug":"wigeon-duck-call","status":"publish","type":"product","link":"https:\/\/staging.lucky-hunter.com\/fr\/product\/wigeon-duck-call\/","title":{"rendered":"Appeau \u00e0 Canard Siffleur"},"content":{"rendered":"<h2>Appeau \u00e0 canard siffleur<\/h2>\n<p>La chasse au Canard Siffleur est parmi les plus populaires en Europe, surtout tard dans la saison. Prenez de l\u2019avance sur vos comp\u00e9titeurs gr\u00e2ce \u00e0 cet appeau de haute qualit\u00e9. Une fois que vous aurez ma\u00eetris\u00e9 ce nouvel accessoire de votre arsenal de chasse, rien ne vous arr\u00eatera.<\/p>\n<p>Le Canard Siffleur a un cri \u00e9touff\u00e9 tr\u00e8s caract\u00e9ristique. Cependant, lors de la saison de reproduction, le m\u00e2le produit un long sifflement \u00e0 double tonalit\u00e9.<\/p>\n<p>Avec cet appeau \u00e0 canard siffleur de qualit\u00e9 en acrylique, vous pouvez tr\u00e8s facilement et pr\u00e9cis\u00e9ment reproduire ce \u00ab hui uu \u00bb \u00e0 la sonorit\u00e9 sp\u00e9ciale. C&#8217;est l\u2019appeau parfait si vous chassez pendant leur saison de reproduction.<\/p>\n<p>Appeau \u00e0 canard siffleur tr\u00e8s efficace et facile d\u2019utilisation.<\/p>\n","protected":false},"excerpt":{"rendered":"<p>Notre appeau \u00e0 canard siffleur le plus populaire : longue dur\u00e9e et de haute qualit\u00e9. Vous apprendrez \u00e0 ma\u00eetriser les sons n\u00e9cessaire pour votre prochaine chasse au canard.<\/p>\n","protected":false},"featured_media":29545,"template":"","meta":[],"product_brand":[8121],"product_cat":[8167],"product_tag":[9235],"yoast_head":"<!-- This site is optimized with the Yoast SEO plugin v24.3 - https:\/\/yoast.com\/wordpress\/plugins\/seo\/ -->\n<title>Wigeon Duck Game Call - High Quality Call | Lucky Hunter<\/title>\n<meta name=\"description\" content=\"Call in the hunt. With the high quality Wigeon duck call, you can bring the prey to you. Made to a high quality for out in the field.\" \/>\n<meta name=\"robots\" content=\"noindex, follow, max-snippet:-1, max-image-preview:large, max-video-preview:-1\" \/>\n<meta property=\"og:locale\" content=\"fr_FR\" \/>\n<meta property=\"og:type\" content=\"article\" \/>\n<meta property=\"og:title\" content=\"Wigeon Duck Game Call - High Quality Call | Lucky Hunter\" \/>\n<meta property=\"og:description\" content=\"Call in the hunt. With the high quality Wigeon duck call, you can bring the prey to you. Made to a high quality for out in the field.\" \/>\n<meta property=\"og:url\" content=\"https:\/\/staging.lucky-hunter.com\/product\/wigeon-duck-call\/\" \/>\n<meta property=\"og:site_name\" content=\"Lucky-Hunter\" \/>\n<meta property=\"article:modified_time\" content=\"2022-10-28T09:59:27+00:00\" \/>\n<meta property=\"og:image\" content=\"https:\/\/staging.lucky-hunter.com\/wp-content\/uploads\/2017\/11\/DGLK001.png\" \/>\n\t<meta property=\"og:image:width\" content=\"1000\" \/>\n\t<meta property=\"og:image:height\" content=\"1000\" \/>\n\t<meta property=\"og:image:type\" content=\"image\/png\" \/>\n<meta name=\"twitter:card\" content=\"summary_large_image\" \/>\n<meta name=\"twitter:title\" content=\"Wigeon Duck Game Call - High Quality Call | Lucky Hunter\" \/>\n<meta name=\"twitter:description\" content=\"Call in the hunt. With the high quality Wigeon duck call, you can bring the prey to you. Made to a high quality for out in the field.\" \/>\n<meta name=\"twitter:label1\" content=\"Dur\u00e9e de lecture estim\u00e9e\" \/>\n\t<meta name=\"twitter:data1\" content=\"1 minute\" \/>\n<script type=\"application\/ld+json\" class=\"yoast-schema-graph\">{\"@context\":\"https:\/\/schema.org\",\"@graph\":[{\"@type\":\"WebPage\",\"@id\":\"https:\/\/staging.lucky-hunter.com\/product\/wigeon-duck-call\/\",\"url\":\"https:\/\/staging.lucky-hunter.com\/product\/wigeon-duck-call\/\",\"name\":\"Wigeon Duck Game Call - High Quality Call | Lucky Hunter\",\"isPartOf\":{\"@id\":\"https:\/\/staging.lucky-hunter.com\/#website\"},\"primaryImageOfPage\":{\"@id\":\"https:\/\/staging.lucky-hunter.com\/product\/wigeon-duck-call\/#primaryimage\"},\"image\":{\"@id\":\"https:\/\/staging.lucky-hunter.com\/product\/wigeon-duck-call\/#primaryimage\"},\"thumbnailUrl\":\"https:\/\/staging.lucky-hunter.com\/wp-content\/uploads\/2017\/11\/DGLK001.png\",\"datePublished\":\"2017-09-05T12:26:35+00:00\",\"dateModified\":\"2022-10-28T09:59:27+00:00\",\"description\":\"Call in the hunt. With the high quality Wigeon duck call, you can bring the prey to you. Made to a high quality for out in the field.\",\"breadcrumb\":{\"@id\":\"https:\/\/staging.lucky-hunter.com\/product\/wigeon-duck-call\/#breadcrumb\"},\"inLanguage\":\"fr-FR\",\"potentialAction\":[{\"@type\":\"ReadAction\",\"target\":[\"https:\/\/staging.lucky-hunter.com\/product\/wigeon-duck-call\/\"]}]},{\"@type\":\"ImageObject\",\"inLanguage\":\"fr-FR\",\"@id\":\"https:\/\/staging.lucky-hunter.com\/product\/wigeon-duck-call\/#primaryimage\",\"url\":\"https:\/\/staging.lucky-hunter.com\/wp-content\/uploads\/2017\/11\/DGLK001.png\",\"contentUrl\":\"https:\/\/staging.lucky-hunter.com\/wp-content\/uploads\/2017\/11\/DGLK001.png\",\"width\":1000,\"height\":1000},{\"@type\":\"BreadcrumbList\",\"@id\":\"https:\/\/staging.lucky-hunter.com\/product\/wigeon-duck-call\/#breadcrumb\",\"itemListElement\":[{\"@type\":\"ListItem\",\"position\":1,\"name\":\"Home\",\"item\":\"https:\/\/staging.lucky-hunter.com\/fr\/\"},{\"@type\":\"ListItem\",\"position\":2,\"name\":\"Boutique\",\"item\":\"https:\/\/staging.lucky-hunter.com\/fr\/shop\/\"},{\"@type\":\"ListItem\",\"position\":3,\"name\":\"Appeau \u00e0 Canard Siffleur\"}]},{\"@type\":\"WebSite\",\"@id\":\"https:\/\/staging.lucky-hunter.com\/#website\",\"url\":\"https:\/\/staging.lucky-hunter.com\/\",\"name\":\"Lucky-Hunter\",\"description\":\"Gear Up or Give Up\",\"potentialAction\":[{\"@type\":\"SearchAction\",\"target\":{\"@type\":\"EntryPoint\",\"urlTemplate\":\"https:\/\/staging.lucky-hunter.com\/?s={search_term_string}\"},\"query-input\":{\"@type\":\"PropertyValueSpecification\",\"valueRequired\":true,\"valueName\":\"search_term_string\"}}],\"inLanguage\":\"fr-FR\"}]}<\/script>\n<!-- \/ Yoast SEO plugin. -->","yoast_head_json":{"title":"Wigeon Duck Game Call - High Quality Call | Lucky Hunter","description":"Call in the hunt. With the high quality Wigeon duck call, you can bring the prey to you. Made to a high quality for out in the field.","robots":{"index":"noindex","follow":"follow","max-snippet":"max-snippet:-1","max-image-preview":"max-image-preview:large","max-video-preview":"max-video-preview:-1"},"og_locale":"fr_FR","og_type":"article","og_title":"Wigeon Duck Game Call - High Quality Call | Lucky Hunter","og_description":"Call in the hunt. With the high quality Wigeon duck call, you can bring the prey to you. Made to a high quality for out in the field.","og_url":"https:\/\/staging.lucky-hunter.com\/product\/wigeon-duck-call\/","og_site_name":"Lucky-Hunter","article_modified_time":"2022-10-28T09:59:27+00:00","og_image":[{"width":1000,"height":1000,"url":"https:\/\/staging.lucky-hunter.com\/wp-content\/uploads\/2017\/11\/DGLK001.png","type":"image\/png"}],"twitter_card":"summary_large_image","twitter_title":"Wigeon Duck Game Call - High Quality Call | Lucky Hunter","twitter_description":"Call in the hunt. With the high quality Wigeon duck call, you can bring the prey to you. Made to a high quality for out in the field.","twitter_misc":{"Dur\u00e9e de lecture estim\u00e9e":"1 minute"},"schema":{"@context":"https:\/\/schema.org","@graph":[{"@type":"WebPage","@id":"https:\/\/staging.lucky-hunter.com\/product\/wigeon-duck-call\/","url":"https:\/\/staging.lucky-hunter.com\/product\/wigeon-duck-call\/","name":"Wigeon Duck Game Call - High Quality Call | Lucky Hunter","isPartOf":{"@id":"https:\/\/staging.lucky-hunter.com\/#website"},"primaryImageOfPage":{"@id":"https:\/\/staging.lucky-hunter.com\/product\/wigeon-duck-call\/#primaryimage"},"image":{"@id":"https:\/\/staging.lucky-hunter.com\/product\/wigeon-duck-call\/#primaryimage"},"thumbnailUrl":"https:\/\/staging.lucky-hunter.com\/wp-content\/uploads\/2017\/11\/DGLK001.png","datePublished":"2017-09-05T12:26:35+00:00","dateModified":"2022-10-28T09:59:27+00:00","description":"Call in the hunt. With the high quality Wigeon duck call, you can bring the prey to you. Made to a high quality for out in the field.","breadcrumb":{"@id":"https:\/\/staging.lucky-hunter.com\/product\/wigeon-duck-call\/#breadcrumb"},"inLanguage":"fr-FR","potentialAction":[{"@type":"ReadAction","target":["https:\/\/staging.lucky-hunter.com\/product\/wigeon-duck-call\/"]}]},{"@type":"ImageObject","inLanguage":"fr-FR","@id":"https:\/\/staging.lucky-hunter.com\/product\/wigeon-duck-call\/#primaryimage","url":"https:\/\/staging.lucky-hunter.com\/wp-content\/uploads\/2017\/11\/DGLK001.png","contentUrl":"https:\/\/staging.lucky-hunter.com\/wp-content\/uploads\/2017\/11\/DGLK001.png","width":1000,"height":1000},{"@type":"BreadcrumbList","@id":"https:\/\/staging.lucky-hunter.com\/product\/wigeon-duck-call\/#breadcrumb","itemListElement":[{"@type":"ListItem","position":1,"name":"Home","item":"https:\/\/staging.lucky-hunter.com\/fr\/"},{"@type":"ListItem","position":2,"name":"Boutique","item":"https:\/\/staging.lucky-hunter.com\/fr\/shop\/"},{"@type":"ListItem","position":3,"name":"Appeau \u00e0 Canard Siffleur"}]},{"@type":"WebSite","@id":"https:\/\/staging.lucky-hunter.com\/#website","url":"https:\/\/staging.lucky-hunter.com\/","name":"Lucky-Hunter","description":"Gear Up or Give Up","potentialAction":[{"@type":"SearchAction","target":{"@type":"EntryPoint","urlTemplate":"https:\/\/staging.lucky-hunter.com\/?s={search_term_string}"},"query-input":{"@type":"PropertyValueSpecification","valueRequired":true,"valueName":"search_term_string"}}],"inLanguage":"fr-FR"}]}},"_links":{"self":[{"href":"https:\/\/staging.lucky-hunter.com\/fr\/wp-json\/wp\/v2\/product\/31551"}],"collection":[{"href":"https:\/\/staging.lucky-hunter.com\/fr\/wp-json\/wp\/v2\/product"}],"about":[{"href":"https:\/\/staging.lucky-hunter.com\/fr\/wp-json\/wp\/v2\/types\/product"}],"wp:featuredmedia":[{"embeddable":true,"href":"https:\/\/staging.lucky-hunter.com\/fr\/wp-json\/wp\/v2\/media\/29545"}],"wp:attachment":[{"href":"https:\/\/staging.lucky-hunter.com\/fr\/wp-json\/wp\/v2\/media?parent=31551"}],"wp:term":[{"taxonomy":"product_brand","embeddable":true,"href":"https:\/\/staging.lucky-hunter.com\/fr\/wp-json\/wp\/v2\/product_brand?post=31551"},{"taxonomy":"product_cat","embeddable":true,"href":"https:\/\/staging.lucky-hunter.com\/fr\/wp-json\/wp\/v2\/product_cat?post=31551"},{"taxonomy":"product_tag","embeddable":true,"href":"https:\/\/staging.lucky-hunter.com\/fr\/wp-json\/wp\/v2\/product_tag?post=31551"}],"curies":[{"name":"wp","href":"https:\/\/api.w.org\/{rel}","templated":true}]}}