{"id":31550,"date":"2021-05-15T14:42:38","date_gmt":"2021-05-15T12:42:38","guid":{"rendered":"https:\/\/staging.lucky-hunter.com\/product\/rigem-right-12-slot-deluxe-duck-decoy-bag\/"},"modified":"2025-06-26T14:01:01","modified_gmt":"2025-06-26T12:01:01","slug":"sac-de-luxe-12-emplacements-pour-formes-de-canard-rigem-right","status":"publish","type":"product","link":"https:\/\/staging.lucky-hunter.com\/fr\/product\/sac-de-luxe-12-emplacements-pour-formes-de-canard-rigem-right\/","title":{"rendered":"Sac de Luxe 12 Emplacements &#8211; Rig\u00b4Em Right"},"content":{"rendered":"<h2><strong>Le sac ultime pour vos formes de canards, par Rig\u00b4Em Right<\/strong><\/h2>\n<p>Ce nouveau sac de luxe Rig\u2019Em Right avec 12 emplacements pour formes canards offre la protection ultime \u00e0 vos pr\u00e9cieux flotteurs.<\/p>\n<p>Fabriqu\u00e9 \u00e0 partir des mat\u00e9riaux les plus r\u00e9sistants, ce sac poss\u00e8de toutes les caract\u00e9ristiques dont les chasseurs exigeants peuvent avoir besoin. Il comporte un couvercle \u00e0 fermeture \u00e9clair pour une protection suppl\u00e9mentaire de vos leurres pendant le transport et lorsqu\u2019ils sont rang\u00e9s.<\/p>\n<p><span style=\"font-size: 14.4px;\">Int\u00e8gre le camouflage Gore Optifade Marsh \u00e9galement utilis\u00e9 par Sitka Gear.<\/span><\/p>\n<p><strong>Caract\u00e9ristiques :<\/strong><\/p>\n<ul>\n<li>C\u00f4t\u00e9s et dessus rembourr\u00e9s pour une protection ultime<\/li>\n<li>Poches int\u00e9gr\u00e9es dans chaque emplacement pour les poids des formes<\/li>\n<li>Trois poches int\u00e9rieures en maillage pour ranger divers objets<\/li>\n<li>Bondes au fond<\/li>\n<li>Bandouli\u00e8re rembourr\u00e9e et r\u00e9glable<\/li>\n<li>Poche avant extensible pour piquets de formes et autres articles de montage<\/li>\n<li>Panneau lat\u00e9ral rembourr\u00e9 pour plus de confort<\/li>\n<li>Couvercle \u00e0 fermeture \u00e9clair<\/li>\n<li>Fabrication robuste et durable<\/li>\n<li>Peut contenir 12 grandes formes de canards (taille Avian-X)<\/li>\n<li>Dimensions du sac : 107 x 28 x 40,5 cm<\/li>\n<li>Dimensions des emplacements : 19 x 19 cm<\/li>\n<\/ul>\n<p>&nbsp;<\/p>\n","protected":false},"excerpt":{"rendered":"<p>Ce nouveau sac de luxe Rig&#8217;Em Right \u00e0 12 emplacements pourformes de canard offre la protection ultime pour vos pr\u00e9cieux flotteur.<\/p>\n","protected":false},"featured_media":30474,"template":"","meta":[],"product_brand":[8127],"product_cat":[9321],"product_tag":[9235],"yoast_head":"<!-- This site is optimized with the Yoast SEO plugin v24.3 - https:\/\/yoast.com\/wordpress\/plugins\/seo\/ -->\n<title>Sac de Luxe 12 Emplacements pour formes de canard - Rig\u00b4Em Right<\/title>\n<meta name=\"description\" content=\"Ce nouveau sac de luxe Rig&#039;Em Right \u00e0 12 emplacements pourformes de canard offre la protection ultime pour vos pr\u00e9cieux flotteur.\" \/>\n<meta name=\"robots\" content=\"noindex, follow, max-snippet:-1, max-image-preview:large, max-video-preview:-1\" \/>\n<meta property=\"og:locale\" content=\"fr_FR\" \/>\n<meta property=\"og:type\" content=\"article\" \/>\n<meta property=\"og:title\" content=\"Sac de Luxe 12 Emplacements pour formes de canard - Rig\u00b4Em Right\" \/>\n<meta property=\"og:description\" content=\"Ce nouveau sac de luxe Rig&#039;Em Right \u00e0 12 emplacements pourformes de canard offre la protection ultime pour vos pr\u00e9cieux flotteur.\" \/>\n<meta property=\"og:url\" content=\"https:\/\/staging.lucky-hunter.com\/fr\/product\/sac-de-luxe-12-emplacements-pour-formes-de-canard-rigem-right\/\" \/>\n<meta property=\"og:site_name\" content=\"Lucky-Hunter\" \/>\n<meta property=\"article:modified_time\" content=\"2025-06-26T12:01:01+00:00\" \/>\n<meta property=\"og:image\" content=\"https:\/\/staging.lucky-hunter.com\/wp-content\/uploads\/2021\/05\/PU-228-A.png\" \/>\n\t<meta property=\"og:image:width\" content=\"1000\" \/>\n\t<meta property=\"og:image:height\" content=\"1000\" \/>\n\t<meta property=\"og:image:type\" content=\"image\/png\" \/>\n<meta name=\"twitter:card\" content=\"summary_large_image\" \/>\n<meta name=\"twitter:label1\" content=\"Dur\u00e9e de lecture estim\u00e9e\" \/>\n\t<meta name=\"twitter:data1\" content=\"1 minute\" \/>\n<script type=\"application\/ld+json\" class=\"yoast-schema-graph\">{\"@context\":\"https:\/\/schema.org\",\"@graph\":[{\"@type\":\"WebPage\",\"@id\":\"https:\/\/staging.lucky-hunter.com\/fr\/product\/sac-de-luxe-12-emplacements-pour-formes-de-canard-rigem-right\/\",\"url\":\"https:\/\/staging.lucky-hunter.com\/fr\/product\/sac-de-luxe-12-emplacements-pour-formes-de-canard-rigem-right\/\",\"name\":\"Sac de Luxe 12 Emplacements pour formes de canard - Rig\u00b4Em Right\",\"isPartOf\":{\"@id\":\"https:\/\/staging.lucky-hunter.com\/#website\"},\"primaryImageOfPage\":{\"@id\":\"https:\/\/staging.lucky-hunter.com\/fr\/product\/sac-de-luxe-12-emplacements-pour-formes-de-canard-rigem-right\/#primaryimage\"},\"image\":{\"@id\":\"https:\/\/staging.lucky-hunter.com\/fr\/product\/sac-de-luxe-12-emplacements-pour-formes-de-canard-rigem-right\/#primaryimage\"},\"thumbnailUrl\":\"https:\/\/staging.lucky-hunter.com\/wp-content\/uploads\/2021\/05\/PU-228-A.png\",\"datePublished\":\"2021-05-15T12:42:38+00:00\",\"dateModified\":\"2025-06-26T12:01:01+00:00\",\"description\":\"Ce nouveau sac de luxe Rig'Em Right \u00e0 12 emplacements pourformes de canard offre la protection ultime pour vos pr\u00e9cieux flotteur.\",\"breadcrumb\":{\"@id\":\"https:\/\/staging.lucky-hunter.com\/fr\/product\/sac-de-luxe-12-emplacements-pour-formes-de-canard-rigem-right\/#breadcrumb\"},\"inLanguage\":\"fr-FR\",\"potentialAction\":[{\"@type\":\"ReadAction\",\"target\":[\"https:\/\/staging.lucky-hunter.com\/fr\/product\/sac-de-luxe-12-emplacements-pour-formes-de-canard-rigem-right\/\"]}]},{\"@type\":\"ImageObject\",\"inLanguage\":\"fr-FR\",\"@id\":\"https:\/\/staging.lucky-hunter.com\/fr\/product\/sac-de-luxe-12-emplacements-pour-formes-de-canard-rigem-right\/#primaryimage\",\"url\":\"https:\/\/staging.lucky-hunter.com\/wp-content\/uploads\/2021\/05\/PU-228-A.png\",\"contentUrl\":\"https:\/\/staging.lucky-hunter.com\/wp-content\/uploads\/2021\/05\/PU-228-A.png\",\"width\":1000,\"height\":1000},{\"@type\":\"BreadcrumbList\",\"@id\":\"https:\/\/staging.lucky-hunter.com\/fr\/product\/sac-de-luxe-12-emplacements-pour-formes-de-canard-rigem-right\/#breadcrumb\",\"itemListElement\":[{\"@type\":\"ListItem\",\"position\":1,\"name\":\"Home\",\"item\":\"https:\/\/staging.lucky-hunter.com\/fr\/\"},{\"@type\":\"ListItem\",\"position\":2,\"name\":\"Boutique\",\"item\":\"https:\/\/staging.lucky-hunter.com\/fr\/shop\/\"},{\"@type\":\"ListItem\",\"position\":3,\"name\":\"Sac de Luxe 12 Emplacements &#8211; Rig\u00b4Em Right\"}]},{\"@type\":\"WebSite\",\"@id\":\"https:\/\/staging.lucky-hunter.com\/#website\",\"url\":\"https:\/\/staging.lucky-hunter.com\/\",\"name\":\"Lucky-Hunter\",\"description\":\"Gear Up or Give Up\",\"potentialAction\":[{\"@type\":\"SearchAction\",\"target\":{\"@type\":\"EntryPoint\",\"urlTemplate\":\"https:\/\/staging.lucky-hunter.com\/?s={search_term_string}\"},\"query-input\":{\"@type\":\"PropertyValueSpecification\",\"valueRequired\":true,\"valueName\":\"search_term_string\"}}],\"inLanguage\":\"fr-FR\"}]}<\/script>\n<!-- \/ Yoast SEO plugin. -->","yoast_head_json":{"title":"Sac de Luxe 12 Emplacements pour formes de canard - Rig\u00b4Em Right","description":"Ce nouveau sac de luxe Rig'Em Right \u00e0 12 emplacements pourformes de canard offre la protection ultime pour vos pr\u00e9cieux flotteur.","robots":{"index":"noindex","follow":"follow","max-snippet":"max-snippet:-1","max-image-preview":"max-image-preview:large","max-video-preview":"max-video-preview:-1"},"og_locale":"fr_FR","og_type":"article","og_title":"Sac de Luxe 12 Emplacements pour formes de canard - Rig\u00b4Em Right","og_description":"Ce nouveau sac de luxe Rig'Em Right \u00e0 12 emplacements pourformes de canard offre la protection ultime pour vos pr\u00e9cieux flotteur.","og_url":"https:\/\/staging.lucky-hunter.com\/fr\/product\/sac-de-luxe-12-emplacements-pour-formes-de-canard-rigem-right\/","og_site_name":"Lucky-Hunter","article_modified_time":"2025-06-26T12:01:01+00:00","og_image":[{"width":1000,"height":1000,"url":"https:\/\/staging.lucky-hunter.com\/wp-content\/uploads\/2021\/05\/PU-228-A.png","type":"image\/png"}],"twitter_card":"summary_large_image","twitter_misc":{"Dur\u00e9e de lecture estim\u00e9e":"1 minute"},"schema":{"@context":"https:\/\/schema.org","@graph":[{"@type":"WebPage","@id":"https:\/\/staging.lucky-hunter.com\/fr\/product\/sac-de-luxe-12-emplacements-pour-formes-de-canard-rigem-right\/","url":"https:\/\/staging.lucky-hunter.com\/fr\/product\/sac-de-luxe-12-emplacements-pour-formes-de-canard-rigem-right\/","name":"Sac de Luxe 12 Emplacements pour formes de canard - Rig\u00b4Em Right","isPartOf":{"@id":"https:\/\/staging.lucky-hunter.com\/#website"},"primaryImageOfPage":{"@id":"https:\/\/staging.lucky-hunter.com\/fr\/product\/sac-de-luxe-12-emplacements-pour-formes-de-canard-rigem-right\/#primaryimage"},"image":{"@id":"https:\/\/staging.lucky-hunter.com\/fr\/product\/sac-de-luxe-12-emplacements-pour-formes-de-canard-rigem-right\/#primaryimage"},"thumbnailUrl":"https:\/\/staging.lucky-hunter.com\/wp-content\/uploads\/2021\/05\/PU-228-A.png","datePublished":"2021-05-15T12:42:38+00:00","dateModified":"2025-06-26T12:01:01+00:00","description":"Ce nouveau sac de luxe Rig'Em Right \u00e0 12 emplacements pourformes de canard offre la protection ultime pour vos pr\u00e9cieux flotteur.","breadcrumb":{"@id":"https:\/\/staging.lucky-hunter.com\/fr\/product\/sac-de-luxe-12-emplacements-pour-formes-de-canard-rigem-right\/#breadcrumb"},"inLanguage":"fr-FR","potentialAction":[{"@type":"ReadAction","target":["https:\/\/staging.lucky-hunter.com\/fr\/product\/sac-de-luxe-12-emplacements-pour-formes-de-canard-rigem-right\/"]}]},{"@type":"ImageObject","inLanguage":"fr-FR","@id":"https:\/\/staging.lucky-hunter.com\/fr\/product\/sac-de-luxe-12-emplacements-pour-formes-de-canard-rigem-right\/#primaryimage","url":"https:\/\/staging.lucky-hunter.com\/wp-content\/uploads\/2021\/05\/PU-228-A.png","contentUrl":"https:\/\/staging.lucky-hunter.com\/wp-content\/uploads\/2021\/05\/PU-228-A.png","width":1000,"height":1000},{"@type":"BreadcrumbList","@id":"https:\/\/staging.lucky-hunter.com\/fr\/product\/sac-de-luxe-12-emplacements-pour-formes-de-canard-rigem-right\/#breadcrumb","itemListElement":[{"@type":"ListItem","position":1,"name":"Home","item":"https:\/\/staging.lucky-hunter.com\/fr\/"},{"@type":"ListItem","position":2,"name":"Boutique","item":"https:\/\/staging.lucky-hunter.com\/fr\/shop\/"},{"@type":"ListItem","position":3,"name":"Sac de Luxe 12 Emplacements &#8211; Rig\u00b4Em Right"}]},{"@type":"WebSite","@id":"https:\/\/staging.lucky-hunter.com\/#website","url":"https:\/\/staging.lucky-hunter.com\/","name":"Lucky-Hunter","description":"Gear Up or Give Up","potentialAction":[{"@type":"SearchAction","target":{"@type":"EntryPoint","urlTemplate":"https:\/\/staging.lucky-hunter.com\/?s={search_term_string}"},"query-input":{"@type":"PropertyValueSpecification","valueRequired":true,"valueName":"search_term_string"}}],"inLanguage":"fr-FR"}]}},"_links":{"self":[{"href":"https:\/\/staging.lucky-hunter.com\/fr\/wp-json\/wp\/v2\/product\/31550"}],"collection":[{"href":"https:\/\/staging.lucky-hunter.com\/fr\/wp-json\/wp\/v2\/product"}],"about":[{"href":"https:\/\/staging.lucky-hunter.com\/fr\/wp-json\/wp\/v2\/types\/product"}],"wp:featuredmedia":[{"embeddable":true,"href":"https:\/\/staging.lucky-hunter.com\/fr\/wp-json\/wp\/v2\/media\/30474"}],"wp:attachment":[{"href":"https:\/\/staging.lucky-hunter.com\/fr\/wp-json\/wp\/v2\/media?parent=31550"}],"wp:term":[{"taxonomy":"product_brand","embeddable":true,"href":"https:\/\/staging.lucky-hunter.com\/fr\/wp-json\/wp\/v2\/product_brand?post=31550"},{"taxonomy":"product_cat","embeddable":true,"href":"https:\/\/staging.lucky-hunter.com\/fr\/wp-json\/wp\/v2\/product_cat?post=31550"},{"taxonomy":"product_tag","embeddable":true,"href":"https:\/\/staging.lucky-hunter.com\/fr\/wp-json\/wp\/v2\/product_tag?post=31550"}],"curies":[{"name":"wp","href":"https:\/\/api.w.org\/{rel}","templated":true}]}}