{"id":31549,"date":"2021-09-23T15:42:59","date_gmt":"2021-09-23T13:42:59","guid":{"rendered":"https:\/\/staging.lucky-hunter.com\/product\/avery-fleece-neck-gaiter-max5\/"},"modified":"2025-06-24T16:04:55","modified_gmt":"2025-06-24T14:04:55","slug":"cache-cou-en-polaire-max7-avery","status":"publish","type":"product","link":"https:\/\/staging.lucky-hunter.com\/fr\/product\/cache-cou-en-polaire-max7-avery\/","title":{"rendered":"Cache-cou en Polaire Max7 &#8211; Avery"},"content":{"rendered":"<h2><strong>Cache-cou Avery en polaire douce et chaude<\/strong><\/h2>\n<p>Garder votre cou et votre t\u00eate au chaud par une journ\u00e9e froide vous permet de rester aussi longtemps que possible au lieu de rentrer t\u00f4t \u00e0 la maison. Le Cache-cou en Polaire Avery couvre \u00e9galement vos oreilles, pour encore plus de chaleur et de protection.<\/p>\n<p>Caract\u00e9ristiques du Cache-cou en Polaire Avery :<\/p>\n<ul>\n<li>Doublure douce en micro-polaire<\/li>\n<li>Lamination imperm\u00e9able, coupe-vent et respirante<\/li>\n<li>\u00c9paules profil\u00e9es &#8220;No Bunch&#8221;<\/li>\n<li>Ext\u00e9rieur en polaire bross\u00e9e<\/li>\n<li>Cordon de serrage \u00e9lastique avec arr\u00eat coulissant<\/li>\n<li>Caches-oreilles repliables<\/li>\n<li>Camouflage Mossy Oak Max7.<\/li>\n<li>Taille unique<\/li>\n<\/ul>\n","protected":false},"excerpt":{"rendered":"<p>Le Cache-cou en Polaire Avery couvre votre cou et vos oreilles pour encore plus de chaleur et de protection par temps froid et venteux.<\/p>\n","protected":false},"featured_media":56327,"template":"","meta":[],"product_brand":[8123],"product_cat":[9228],"product_tag":[9446,9235,9442],"yoast_head":"<!-- This site is optimized with the Yoast SEO plugin v24.3 - https:\/\/yoast.com\/wordpress\/plugins\/seo\/ -->\n<title>Cache-cou en Polaire Max7 - Avery<\/title>\n<meta name=\"description\" content=\"Le Cache-cou en Polaire Avery couvre votre cou et vos oreilles pour encore plus de chaleur et de protection par temps froid et venteux.\" \/>\n<meta name=\"robots\" content=\"noindex, follow, max-snippet:-1, max-image-preview:large, max-video-preview:-1\" \/>\n<meta property=\"og:locale\" content=\"fr_FR\" \/>\n<meta property=\"og:type\" content=\"article\" \/>\n<meta property=\"og:title\" content=\"Cache-cou en Polaire Max7 - Avery\" \/>\n<meta property=\"og:description\" content=\"Le Cache-cou en Polaire Avery couvre votre cou et vos oreilles pour encore plus de chaleur et de protection par temps froid et venteux.\" \/>\n<meta property=\"og:url\" content=\"https:\/\/staging.lucky-hunter.com\/product\/avery-fleece-neck-gaiter-max7\/\" \/>\n<meta property=\"og:site_name\" content=\"Lucky-Hunter\" \/>\n<meta property=\"article:modified_time\" content=\"2025-06-24T14:04:55+00:00\" \/>\n<meta property=\"og:image\" content=\"https:\/\/staging.lucky-hunter.com\/wp-content\/uploads\/2021\/09\/JB-0274.png\" \/>\n\t<meta property=\"og:image:width\" content=\"1000\" \/>\n\t<meta property=\"og:image:height\" content=\"1000\" \/>\n\t<meta property=\"og:image:type\" content=\"image\/png\" \/>\n<meta name=\"twitter:card\" content=\"summary_large_image\" \/>\n<meta name=\"twitter:label1\" content=\"Dur\u00e9e de lecture estim\u00e9e\" \/>\n\t<meta name=\"twitter:data1\" content=\"1 minute\" \/>\n<script type=\"application\/ld+json\" class=\"yoast-schema-graph\">{\"@context\":\"https:\/\/schema.org\",\"@graph\":[{\"@type\":\"WebPage\",\"@id\":\"https:\/\/staging.lucky-hunter.com\/product\/avery-fleece-neck-gaiter-max7\/\",\"url\":\"https:\/\/staging.lucky-hunter.com\/product\/avery-fleece-neck-gaiter-max7\/\",\"name\":\"Cache-cou en Polaire Max7 - Avery\",\"isPartOf\":{\"@id\":\"https:\/\/staging.lucky-hunter.com\/#website\"},\"primaryImageOfPage\":{\"@id\":\"https:\/\/staging.lucky-hunter.com\/product\/avery-fleece-neck-gaiter-max7\/#primaryimage\"},\"image\":{\"@id\":\"https:\/\/staging.lucky-hunter.com\/product\/avery-fleece-neck-gaiter-max7\/#primaryimage\"},\"thumbnailUrl\":\"https:\/\/staging.lucky-hunter.com\/wp-content\/uploads\/2021\/09\/JB-0274.png\",\"datePublished\":\"2021-09-23T13:42:59+00:00\",\"dateModified\":\"2025-06-24T14:04:55+00:00\",\"description\":\"Le Cache-cou en Polaire Avery couvre votre cou et vos oreilles pour encore plus de chaleur et de protection par temps froid et venteux.\",\"breadcrumb\":{\"@id\":\"https:\/\/staging.lucky-hunter.com\/product\/avery-fleece-neck-gaiter-max7\/#breadcrumb\"},\"inLanguage\":\"fr-FR\",\"potentialAction\":[{\"@type\":\"ReadAction\",\"target\":[\"https:\/\/staging.lucky-hunter.com\/product\/avery-fleece-neck-gaiter-max7\/\"]}]},{\"@type\":\"ImageObject\",\"inLanguage\":\"fr-FR\",\"@id\":\"https:\/\/staging.lucky-hunter.com\/product\/avery-fleece-neck-gaiter-max7\/#primaryimage\",\"url\":\"https:\/\/staging.lucky-hunter.com\/wp-content\/uploads\/2021\/09\/JB-0274.png\",\"contentUrl\":\"https:\/\/staging.lucky-hunter.com\/wp-content\/uploads\/2021\/09\/JB-0274.png\",\"width\":1000,\"height\":1000},{\"@type\":\"BreadcrumbList\",\"@id\":\"https:\/\/staging.lucky-hunter.com\/product\/avery-fleece-neck-gaiter-max7\/#breadcrumb\",\"itemListElement\":[{\"@type\":\"ListItem\",\"position\":1,\"name\":\"Home\",\"item\":\"https:\/\/staging.lucky-hunter.com\/fr\/\"},{\"@type\":\"ListItem\",\"position\":2,\"name\":\"Boutique\",\"item\":\"https:\/\/staging.lucky-hunter.com\/fr\/shop\/\"},{\"@type\":\"ListItem\",\"position\":3,\"name\":\"Cache-cou en Polaire Max7 &#8211; Avery\"}]},{\"@type\":\"WebSite\",\"@id\":\"https:\/\/staging.lucky-hunter.com\/#website\",\"url\":\"https:\/\/staging.lucky-hunter.com\/\",\"name\":\"Lucky-Hunter\",\"description\":\"Gear Up or Give Up\",\"potentialAction\":[{\"@type\":\"SearchAction\",\"target\":{\"@type\":\"EntryPoint\",\"urlTemplate\":\"https:\/\/staging.lucky-hunter.com\/?s={search_term_string}\"},\"query-input\":{\"@type\":\"PropertyValueSpecification\",\"valueRequired\":true,\"valueName\":\"search_term_string\"}}],\"inLanguage\":\"fr-FR\"}]}<\/script>\n<!-- \/ Yoast SEO plugin. -->","yoast_head_json":{"title":"Cache-cou en Polaire Max7 - Avery","description":"Le Cache-cou en Polaire Avery couvre votre cou et vos oreilles pour encore plus de chaleur et de protection par temps froid et venteux.","robots":{"index":"noindex","follow":"follow","max-snippet":"max-snippet:-1","max-image-preview":"max-image-preview:large","max-video-preview":"max-video-preview:-1"},"og_locale":"fr_FR","og_type":"article","og_title":"Cache-cou en Polaire Max7 - Avery","og_description":"Le Cache-cou en Polaire Avery couvre votre cou et vos oreilles pour encore plus de chaleur et de protection par temps froid et venteux.","og_url":"https:\/\/staging.lucky-hunter.com\/product\/avery-fleece-neck-gaiter-max7\/","og_site_name":"Lucky-Hunter","article_modified_time":"2025-06-24T14:04:55+00:00","og_image":[{"width":1000,"height":1000,"url":"https:\/\/staging.lucky-hunter.com\/wp-content\/uploads\/2021\/09\/JB-0274.png","type":"image\/png"}],"twitter_card":"summary_large_image","twitter_misc":{"Dur\u00e9e de lecture estim\u00e9e":"1 minute"},"schema":{"@context":"https:\/\/schema.org","@graph":[{"@type":"WebPage","@id":"https:\/\/staging.lucky-hunter.com\/product\/avery-fleece-neck-gaiter-max7\/","url":"https:\/\/staging.lucky-hunter.com\/product\/avery-fleece-neck-gaiter-max7\/","name":"Cache-cou en Polaire Max7 - Avery","isPartOf":{"@id":"https:\/\/staging.lucky-hunter.com\/#website"},"primaryImageOfPage":{"@id":"https:\/\/staging.lucky-hunter.com\/product\/avery-fleece-neck-gaiter-max7\/#primaryimage"},"image":{"@id":"https:\/\/staging.lucky-hunter.com\/product\/avery-fleece-neck-gaiter-max7\/#primaryimage"},"thumbnailUrl":"https:\/\/staging.lucky-hunter.com\/wp-content\/uploads\/2021\/09\/JB-0274.png","datePublished":"2021-09-23T13:42:59+00:00","dateModified":"2025-06-24T14:04:55+00:00","description":"Le Cache-cou en Polaire Avery couvre votre cou et vos oreilles pour encore plus de chaleur et de protection par temps froid et venteux.","breadcrumb":{"@id":"https:\/\/staging.lucky-hunter.com\/product\/avery-fleece-neck-gaiter-max7\/#breadcrumb"},"inLanguage":"fr-FR","potentialAction":[{"@type":"ReadAction","target":["https:\/\/staging.lucky-hunter.com\/product\/avery-fleece-neck-gaiter-max7\/"]}]},{"@type":"ImageObject","inLanguage":"fr-FR","@id":"https:\/\/staging.lucky-hunter.com\/product\/avery-fleece-neck-gaiter-max7\/#primaryimage","url":"https:\/\/staging.lucky-hunter.com\/wp-content\/uploads\/2021\/09\/JB-0274.png","contentUrl":"https:\/\/staging.lucky-hunter.com\/wp-content\/uploads\/2021\/09\/JB-0274.png","width":1000,"height":1000},{"@type":"BreadcrumbList","@id":"https:\/\/staging.lucky-hunter.com\/product\/avery-fleece-neck-gaiter-max7\/#breadcrumb","itemListElement":[{"@type":"ListItem","position":1,"name":"Home","item":"https:\/\/staging.lucky-hunter.com\/fr\/"},{"@type":"ListItem","position":2,"name":"Boutique","item":"https:\/\/staging.lucky-hunter.com\/fr\/shop\/"},{"@type":"ListItem","position":3,"name":"Cache-cou en Polaire Max7 &#8211; Avery"}]},{"@type":"WebSite","@id":"https:\/\/staging.lucky-hunter.com\/#website","url":"https:\/\/staging.lucky-hunter.com\/","name":"Lucky-Hunter","description":"Gear Up or Give Up","potentialAction":[{"@type":"SearchAction","target":{"@type":"EntryPoint","urlTemplate":"https:\/\/staging.lucky-hunter.com\/?s={search_term_string}"},"query-input":{"@type":"PropertyValueSpecification","valueRequired":true,"valueName":"search_term_string"}}],"inLanguage":"fr-FR"}]}},"_links":{"self":[{"href":"https:\/\/staging.lucky-hunter.com\/fr\/wp-json\/wp\/v2\/product\/31549"}],"collection":[{"href":"https:\/\/staging.lucky-hunter.com\/fr\/wp-json\/wp\/v2\/product"}],"about":[{"href":"https:\/\/staging.lucky-hunter.com\/fr\/wp-json\/wp\/v2\/types\/product"}],"wp:featuredmedia":[{"embeddable":true,"href":"https:\/\/staging.lucky-hunter.com\/fr\/wp-json\/wp\/v2\/media\/56327"}],"wp:attachment":[{"href":"https:\/\/staging.lucky-hunter.com\/fr\/wp-json\/wp\/v2\/media?parent=31549"}],"wp:term":[{"taxonomy":"product_brand","embeddable":true,"href":"https:\/\/staging.lucky-hunter.com\/fr\/wp-json\/wp\/v2\/product_brand?post=31549"},{"taxonomy":"product_cat","embeddable":true,"href":"https:\/\/staging.lucky-hunter.com\/fr\/wp-json\/wp\/v2\/product_cat?post=31549"},{"taxonomy":"product_tag","embeddable":true,"href":"https:\/\/staging.lucky-hunter.com\/fr\/wp-json\/wp\/v2\/product_tag?post=31549"}],"curies":[{"name":"wp","href":"https:\/\/api.w.org\/{rel}","templated":true}]}}