{"id":31547,"date":"2021-03-04T11:38:51","date_gmt":"2021-03-04T10:38:51","guid":{"rendered":"https:\/\/staging.lucky-hunter.com\/product\/beavertail-predator-blind-with-spring-backrest\/"},"modified":"2022-11-15T15:58:06","modified_gmt":"2022-11-15T14:58:06","slug":"beavertail-predator-blind-with-spring-backrest","status":"publish","type":"product","link":"https:\/\/staging.lucky-hunter.com\/fr\/product\/beavertail-predator-blind-with-spring-backrest\/","title":{"rendered":"Aff\u00fbt avec Dossier \u00e0 Ressort Beavertail Predator"},"content":{"rendered":"<h1><strong>Nouveaut\u00e9 2021 pour les chasseurs d&#8217;oiseaux &#8211; Beavertail Predator<\/strong><\/h1>\n<p>Pour la saison \u00e0 venir, nous proposons cet incroyable aff\u00fbt de chez Explore Beavertail qui combine aff\u00fbt couch\u00e9 et bateau furtif.<\/p>\n<p><span style=\"font-size: 14.4px;\">Le Predator de Beavertail est roto-moul\u00e9 avec le m\u00eame plastique durable et de haute qualit\u00e9 que nous connaissons d\u00e9j\u00e0 gr\u00e2ce \u00e0 notre c\u00e9l\u00e8bre bateau Beavertail Final Attack.<\/span><\/p>\n<p>L\u2019aff\u00fbt est parfait pour la chasse aux oiseaux dans les roseaux et dans les zones humides.<\/p>\n<p>Avec un poids de seulement 15 kilos, il est facile \u00e0 tra\u00eener jusqu&#8217;\u00e0 l&#8217;endroit de votre choix et vous pouvez en profiter pour transporter vos formes et votre \u00e9quipement de chasse \u00e0 l\u2019int\u00e9rieur.<\/p>\n<p>Vous pouvez tirer parti de notre filet de camouflage 3D Avery &#8211; dont la taille est suffisante pour dissimuler enti\u00e8rement l\u2019aff\u00fbt &#8211; auquel vous pouvez ajouter des roseaux et des herbes de la zone qui vous entoure.<\/p>\n<p>Le Predator de Beavertail est dot\u00e9 d\u2019un ing\u00e9nieux dossier \u00e0 ressort qui vous aide \u00e0 vous relever pour tirer plus facilement.<\/p>\n<p><strong>Caract\u00e9ristiques\u00a0:<\/strong><\/p>\n<ul>\n<li>Couleur : Marron Marais, couleur originale de Beavertail<\/li>\n<li>Plastique poly\u00e9thyl\u00e8ne roto-moul\u00e9 tr\u00e8s r\u00e9sistant<\/li>\n<li>Dossier \u00e0 ressort<\/li>\n<li>Espace de rangement sous le dossier<\/li>\n<li>Appui-t\u00eate rempli de mousse<\/li>\n<li>cale-pieds personnalis\u00e9s<\/li>\n<li>Maintien d\u2019\u00e9paules et accoudoirs<\/li>\n<li>Si\u00e8ge enveloppant<\/li>\n<li>Porte-cartouches encastr\u00e9<\/li>\n<li>Dimensions en cm : 200 L x 90 l x 28 H<\/li>\n<li>Poids\u00a0: environ 15 kg<\/li>\n<\/ul>\n<p><iframe title=\"Beavertail Predator Blind\" width=\"1020\" height=\"574\" src=\"https:\/\/www.youtube.com\/embed\/V_n9j-Lbypw?start=78&#038;wmode=transparent&amp;rel=0&amp;feature=oembed&#038;enablejsapi=1&#038;origin=https:\/\/staging.lucky-hunter.com\" frameborder=\"0\" allow=\"accelerometer; autoplay; clipboard-write; encrypted-media; gyroscope; picture-in-picture\" allowfullscreen><\/iframe><\/p>\n<div class=\"video video-fit mb\" style=\"padding-top:56.25%;\"><p><iframe title=\"Beavertail predator blind\" width=\"1020\" height=\"574\" src=\"https:\/\/www.youtube.com\/embed\/be2JEnQ6JIM?wmode=transparent&amp;rel=0&amp;feature=oembed\" frameborder=\"0\" allow=\"accelerometer; autoplay; clipboard-write; encrypted-media; gyroscope; picture-in-picture\" allowfullscreen><\/iframe><\/p>\n<\/div>\n","protected":false},"excerpt":{"rendered":"<p>For the coming season, we offer this exciting blind from American Explore Beavertail, which is a combination of a layout blind and a sneak boat.<\/p>\n","protected":false},"featured_media":30200,"template":"","meta":[],"product_brand":[8133],"product_cat":[8161],"product_tag":[9446,9235],"yoast_head":"<!-- This site is optimized with the Yoast SEO plugin v24.3 - https:\/\/yoast.com\/wordpress\/plugins\/seo\/ -->\n<title>Beavertail Predator Blind with spring backrest - Buy on Lucky-Hunter.com<\/title>\n<meta name=\"description\" content=\"Hunting blind from American Explore Beavertail which is a combination of a layout blind and a sneak boat. Weight only 15 kgs.\" \/>\n<meta name=\"robots\" content=\"noindex, follow, max-snippet:-1, max-image-preview:large, max-video-preview:-1\" \/>\n<meta property=\"og:locale\" content=\"fr_FR\" \/>\n<meta property=\"og:type\" content=\"article\" \/>\n<meta property=\"og:title\" content=\"Beavertail Predator Blind with spring backrest - Buy on Lucky-Hunter.com\" \/>\n<meta property=\"og:description\" content=\"Hunting blind from American Explore Beavertail which is a combination of a layout blind and a sneak boat. Weight only 15 kgs.\" \/>\n<meta property=\"og:url\" content=\"https:\/\/staging.lucky-hunter.com\/fr\/product\/beavertail-predator-blind-with-spring-backrest\/\" \/>\n<meta property=\"og:site_name\" content=\"Lucky-Hunter\" \/>\n<meta property=\"article:modified_time\" content=\"2022-11-15T14:58:06+00:00\" \/>\n<meta property=\"og:image\" content=\"https:\/\/staging.lucky-hunter.com\/wp-content\/uploads\/2021\/03\/JP-13-B.png\" \/>\n\t<meta property=\"og:image:width\" content=\"1000\" \/>\n\t<meta property=\"og:image:height\" content=\"1000\" \/>\n\t<meta property=\"og:image:type\" content=\"image\/png\" \/>\n<meta name=\"twitter:card\" content=\"summary_large_image\" \/>\n<meta name=\"twitter:label1\" content=\"Dur\u00e9e de lecture estim\u00e9e\" \/>\n\t<meta name=\"twitter:data1\" content=\"1 minute\" \/>\n<script type=\"application\/ld+json\" class=\"yoast-schema-graph\">{\"@context\":\"https:\/\/schema.org\",\"@graph\":[{\"@type\":\"WebPage\",\"@id\":\"https:\/\/staging.lucky-hunter.com\/fr\/product\/beavertail-predator-blind-with-spring-backrest\/\",\"url\":\"https:\/\/staging.lucky-hunter.com\/fr\/product\/beavertail-predator-blind-with-spring-backrest\/\",\"name\":\"Beavertail Predator Blind with spring backrest - Buy on Lucky-Hunter.com\",\"isPartOf\":{\"@id\":\"https:\/\/staging.lucky-hunter.com\/#website\"},\"primaryImageOfPage\":{\"@id\":\"https:\/\/staging.lucky-hunter.com\/fr\/product\/beavertail-predator-blind-with-spring-backrest\/#primaryimage\"},\"image\":{\"@id\":\"https:\/\/staging.lucky-hunter.com\/fr\/product\/beavertail-predator-blind-with-spring-backrest\/#primaryimage\"},\"thumbnailUrl\":\"https:\/\/staging.lucky-hunter.com\/wp-content\/uploads\/2021\/03\/JP-13-B.png\",\"datePublished\":\"2021-03-04T10:38:51+00:00\",\"dateModified\":\"2022-11-15T14:58:06+00:00\",\"description\":\"Hunting blind from American Explore Beavertail which is a combination of a layout blind and a sneak boat. Weight only 15 kgs.\",\"breadcrumb\":{\"@id\":\"https:\/\/staging.lucky-hunter.com\/fr\/product\/beavertail-predator-blind-with-spring-backrest\/#breadcrumb\"},\"inLanguage\":\"fr-FR\",\"potentialAction\":[{\"@type\":\"ReadAction\",\"target\":[\"https:\/\/staging.lucky-hunter.com\/fr\/product\/beavertail-predator-blind-with-spring-backrest\/\"]}]},{\"@type\":\"ImageObject\",\"inLanguage\":\"fr-FR\",\"@id\":\"https:\/\/staging.lucky-hunter.com\/fr\/product\/beavertail-predator-blind-with-spring-backrest\/#primaryimage\",\"url\":\"https:\/\/staging.lucky-hunter.com\/wp-content\/uploads\/2021\/03\/JP-13-B.png\",\"contentUrl\":\"https:\/\/staging.lucky-hunter.com\/wp-content\/uploads\/2021\/03\/JP-13-B.png\",\"width\":1000,\"height\":1000},{\"@type\":\"BreadcrumbList\",\"@id\":\"https:\/\/staging.lucky-hunter.com\/fr\/product\/beavertail-predator-blind-with-spring-backrest\/#breadcrumb\",\"itemListElement\":[{\"@type\":\"ListItem\",\"position\":1,\"name\":\"Home\",\"item\":\"https:\/\/staging.lucky-hunter.com\/fr\/\"},{\"@type\":\"ListItem\",\"position\":2,\"name\":\"Boutique\",\"item\":\"https:\/\/staging.lucky-hunter.com\/fr\/shop\/\"},{\"@type\":\"ListItem\",\"position\":3,\"name\":\"Aff\u00fbt avec Dossier \u00e0 Ressort Beavertail Predator\"}]},{\"@type\":\"WebSite\",\"@id\":\"https:\/\/staging.lucky-hunter.com\/#website\",\"url\":\"https:\/\/staging.lucky-hunter.com\/\",\"name\":\"Lucky-Hunter\",\"description\":\"Gear Up or Give Up\",\"potentialAction\":[{\"@type\":\"SearchAction\",\"target\":{\"@type\":\"EntryPoint\",\"urlTemplate\":\"https:\/\/staging.lucky-hunter.com\/?s={search_term_string}\"},\"query-input\":{\"@type\":\"PropertyValueSpecification\",\"valueRequired\":true,\"valueName\":\"search_term_string\"}}],\"inLanguage\":\"fr-FR\"}]}<\/script>\n<!-- \/ Yoast SEO plugin. -->","yoast_head_json":{"title":"Beavertail Predator Blind with spring backrest - Buy on Lucky-Hunter.com","description":"Hunting blind from American Explore Beavertail which is a combination of a layout blind and a sneak boat. Weight only 15 kgs.","robots":{"index":"noindex","follow":"follow","max-snippet":"max-snippet:-1","max-image-preview":"max-image-preview:large","max-video-preview":"max-video-preview:-1"},"og_locale":"fr_FR","og_type":"article","og_title":"Beavertail Predator Blind with spring backrest - Buy on Lucky-Hunter.com","og_description":"Hunting blind from American Explore Beavertail which is a combination of a layout blind and a sneak boat. Weight only 15 kgs.","og_url":"https:\/\/staging.lucky-hunter.com\/fr\/product\/beavertail-predator-blind-with-spring-backrest\/","og_site_name":"Lucky-Hunter","article_modified_time":"2022-11-15T14:58:06+00:00","og_image":[{"width":1000,"height":1000,"url":"https:\/\/staging.lucky-hunter.com\/wp-content\/uploads\/2021\/03\/JP-13-B.png","type":"image\/png"}],"twitter_card":"summary_large_image","twitter_misc":{"Dur\u00e9e de lecture estim\u00e9e":"1 minute"},"schema":{"@context":"https:\/\/schema.org","@graph":[{"@type":"WebPage","@id":"https:\/\/staging.lucky-hunter.com\/fr\/product\/beavertail-predator-blind-with-spring-backrest\/","url":"https:\/\/staging.lucky-hunter.com\/fr\/product\/beavertail-predator-blind-with-spring-backrest\/","name":"Beavertail Predator Blind with spring backrest - Buy on Lucky-Hunter.com","isPartOf":{"@id":"https:\/\/staging.lucky-hunter.com\/#website"},"primaryImageOfPage":{"@id":"https:\/\/staging.lucky-hunter.com\/fr\/product\/beavertail-predator-blind-with-spring-backrest\/#primaryimage"},"image":{"@id":"https:\/\/staging.lucky-hunter.com\/fr\/product\/beavertail-predator-blind-with-spring-backrest\/#primaryimage"},"thumbnailUrl":"https:\/\/staging.lucky-hunter.com\/wp-content\/uploads\/2021\/03\/JP-13-B.png","datePublished":"2021-03-04T10:38:51+00:00","dateModified":"2022-11-15T14:58:06+00:00","description":"Hunting blind from American Explore Beavertail which is a combination of a layout blind and a sneak boat. Weight only 15 kgs.","breadcrumb":{"@id":"https:\/\/staging.lucky-hunter.com\/fr\/product\/beavertail-predator-blind-with-spring-backrest\/#breadcrumb"},"inLanguage":"fr-FR","potentialAction":[{"@type":"ReadAction","target":["https:\/\/staging.lucky-hunter.com\/fr\/product\/beavertail-predator-blind-with-spring-backrest\/"]}]},{"@type":"ImageObject","inLanguage":"fr-FR","@id":"https:\/\/staging.lucky-hunter.com\/fr\/product\/beavertail-predator-blind-with-spring-backrest\/#primaryimage","url":"https:\/\/staging.lucky-hunter.com\/wp-content\/uploads\/2021\/03\/JP-13-B.png","contentUrl":"https:\/\/staging.lucky-hunter.com\/wp-content\/uploads\/2021\/03\/JP-13-B.png","width":1000,"height":1000},{"@type":"BreadcrumbList","@id":"https:\/\/staging.lucky-hunter.com\/fr\/product\/beavertail-predator-blind-with-spring-backrest\/#breadcrumb","itemListElement":[{"@type":"ListItem","position":1,"name":"Home","item":"https:\/\/staging.lucky-hunter.com\/fr\/"},{"@type":"ListItem","position":2,"name":"Boutique","item":"https:\/\/staging.lucky-hunter.com\/fr\/shop\/"},{"@type":"ListItem","position":3,"name":"Aff\u00fbt avec Dossier \u00e0 Ressort Beavertail Predator"}]},{"@type":"WebSite","@id":"https:\/\/staging.lucky-hunter.com\/#website","url":"https:\/\/staging.lucky-hunter.com\/","name":"Lucky-Hunter","description":"Gear Up or Give Up","potentialAction":[{"@type":"SearchAction","target":{"@type":"EntryPoint","urlTemplate":"https:\/\/staging.lucky-hunter.com\/?s={search_term_string}"},"query-input":{"@type":"PropertyValueSpecification","valueRequired":true,"valueName":"search_term_string"}}],"inLanguage":"fr-FR"}]}},"_links":{"self":[{"href":"https:\/\/staging.lucky-hunter.com\/fr\/wp-json\/wp\/v2\/product\/31547"}],"collection":[{"href":"https:\/\/staging.lucky-hunter.com\/fr\/wp-json\/wp\/v2\/product"}],"about":[{"href":"https:\/\/staging.lucky-hunter.com\/fr\/wp-json\/wp\/v2\/types\/product"}],"wp:featuredmedia":[{"embeddable":true,"href":"https:\/\/staging.lucky-hunter.com\/fr\/wp-json\/wp\/v2\/media\/30200"}],"wp:attachment":[{"href":"https:\/\/staging.lucky-hunter.com\/fr\/wp-json\/wp\/v2\/media?parent=31547"}],"wp:term":[{"taxonomy":"product_brand","embeddable":true,"href":"https:\/\/staging.lucky-hunter.com\/fr\/wp-json\/wp\/v2\/product_brand?post=31547"},{"taxonomy":"product_cat","embeddable":true,"href":"https:\/\/staging.lucky-hunter.com\/fr\/wp-json\/wp\/v2\/product_cat?post=31547"},{"taxonomy":"product_tag","embeddable":true,"href":"https:\/\/staging.lucky-hunter.com\/fr\/wp-json\/wp\/v2\/product_tag?post=31547"}],"curies":[{"name":"wp","href":"https:\/\/api.w.org\/{rel}","templated":true}]}}