{"id":31546,"date":"2022-06-16T13:36:49","date_gmt":"2022-06-16T11:36:49","guid":{"rendered":"https:\/\/staging.lucky-hunter.com\/product\/rigem-right-neoprene-hand-warmer-shell-belt\/"},"modified":"2025-06-24T14:20:46","modified_gmt":"2025-06-24T12:20:46","slug":"ceinture-en-neoprene-avec-poche-chauffe-mains-rigem-right","status":"publish","type":"product","link":"https:\/\/staging.lucky-hunter.com\/fr\/product\/ceinture-en-neoprene-avec-poche-chauffe-mains-rigem-right\/","title":{"rendered":"Ceinture en N\u00e9opr\u00e8ne avec Poche Chauffe-mains &#8211; Rig&#8217;Em Right"},"content":{"rendered":"<h2><strong>Rig&#8217;Em Right, fournisseur d\u2019\u00e9quipement pour fervents chasseurs de gibier d\u2019eau<\/strong><\/h2>\n<div>La Ceinture Rig&#8217;Em Right en N\u00e9opr\u00e8ne avec Poche Chauffe-mains et Cartouchi\u00e8re est con\u00e7ue pour optimiser la chaleur et la facilit\u00e9 d\u2019acc\u00e8s.<\/div>\n<div><\/div>\n<div><strong>Caract\u00e9ristiques\u00a0:<\/strong><\/div>\n<ul>\n<li>Emplacements de cartouches \u00e0 acc\u00e8s rapide pour garder vos munitions \u00e0 port\u00e9e de main et pr\u00eates \u00e0 \u00eatre recharg\u00e9es.<\/li>\n<li>Les poches int\u00e9rieures \u00e0 fermeture \u00e9clair sont id\u00e9ales pour ranger le permis de chasse, les cl\u00e9s, etc.<\/li>\n<li>Peut se fixer aux waders ou autour de votre taille avec la ceinture int\u00e9gr\u00e9e.<\/li>\n<li>Gr\u00e2ce \u00e0 la doublure en polaire douce, les mains restent au chaud et sont toujours pr\u00eates pour la g\u00e2chette.<\/li>\n<li>Disponible en camouflage GORE\u00ae OPTIFADE\u00ae Marsh.<\/li>\n<\/ul>\n","protected":false},"excerpt":{"rendered":"<p>La ceinture Rig&#8217;Em Right en n\u00e9opr\u00e8ne avec poche chauffe-mains et cartouchi\u00e8re est con\u00e7ue pour optimiser la chaleur et la facilit\u00e9 d\u2019acc\u00e8s.<\/p>\n","protected":false},"featured_media":53741,"template":"","meta":[],"product_brand":[8127],"product_cat":[9383],"product_tag":[9446,9235],"yoast_head":"<!-- This site is optimized with the Yoast SEO plugin v24.3 - https:\/\/yoast.com\/wordpress\/plugins\/seo\/ -->\n<title>Rig\u00b4Em Right Neoprene Hand Warmer Shell Belt for Diehard Waterfowlers<\/title>\n<meta name=\"description\" content=\"Rig&#039;Em Right&#039;s Neoprene Hand Warmer Shell Belt is designed for optimal warmth and accessibility.\" \/>\n<meta name=\"robots\" content=\"noindex, follow, max-snippet:-1, max-image-preview:large, max-video-preview:-1\" \/>\n<meta property=\"og:locale\" content=\"fr_FR\" \/>\n<meta property=\"og:type\" content=\"article\" \/>\n<meta property=\"og:title\" content=\"Rig\u00b4Em Right Neoprene Hand Warmer Shell Belt for Diehard Waterfowlers\" \/>\n<meta property=\"og:description\" content=\"Rig&#039;Em Right&#039;s Neoprene Hand Warmer Shell Belt is designed for optimal warmth and accessibility.\" \/>\n<meta property=\"og:url\" content=\"https:\/\/staging.lucky-hunter.com\/fr\/product\/ceinture-en-neoprene-avec-poche-chauffe-mains-rigem-right\/\" \/>\n<meta property=\"og:site_name\" content=\"Lucky-Hunter\" \/>\n<meta property=\"article:modified_time\" content=\"2025-06-24T12:20:46+00:00\" \/>\n<meta property=\"og:image\" content=\"https:\/\/staging.lucky-hunter.com\/wp-content\/uploads\/2022\/06\/PU-243.png\" \/>\n\t<meta property=\"og:image:width\" content=\"1000\" \/>\n\t<meta property=\"og:image:height\" content=\"1000\" \/>\n\t<meta property=\"og:image:type\" content=\"image\/png\" \/>\n<meta name=\"twitter:card\" content=\"summary_large_image\" \/>\n<meta name=\"twitter:label1\" content=\"Dur\u00e9e de lecture estim\u00e9e\" \/>\n\t<meta name=\"twitter:data1\" content=\"1 minute\" \/>\n<script type=\"application\/ld+json\" class=\"yoast-schema-graph\">{\"@context\":\"https:\/\/schema.org\",\"@graph\":[{\"@type\":\"WebPage\",\"@id\":\"https:\/\/staging.lucky-hunter.com\/fr\/product\/ceinture-en-neoprene-avec-poche-chauffe-mains-rigem-right\/\",\"url\":\"https:\/\/staging.lucky-hunter.com\/fr\/product\/ceinture-en-neoprene-avec-poche-chauffe-mains-rigem-right\/\",\"name\":\"Rig\u00b4Em Right Neoprene Hand Warmer Shell Belt for Diehard Waterfowlers\",\"isPartOf\":{\"@id\":\"https:\/\/staging.lucky-hunter.com\/#website\"},\"primaryImageOfPage\":{\"@id\":\"https:\/\/staging.lucky-hunter.com\/fr\/product\/ceinture-en-neoprene-avec-poche-chauffe-mains-rigem-right\/#primaryimage\"},\"image\":{\"@id\":\"https:\/\/staging.lucky-hunter.com\/fr\/product\/ceinture-en-neoprene-avec-poche-chauffe-mains-rigem-right\/#primaryimage\"},\"thumbnailUrl\":\"https:\/\/staging.lucky-hunter.com\/wp-content\/uploads\/2022\/06\/PU-243.png\",\"datePublished\":\"2022-06-16T11:36:49+00:00\",\"dateModified\":\"2025-06-24T12:20:46+00:00\",\"description\":\"Rig'Em Right's Neoprene Hand Warmer Shell Belt is designed for optimal warmth and accessibility.\",\"breadcrumb\":{\"@id\":\"https:\/\/staging.lucky-hunter.com\/fr\/product\/ceinture-en-neoprene-avec-poche-chauffe-mains-rigem-right\/#breadcrumb\"},\"inLanguage\":\"fr-FR\",\"potentialAction\":[{\"@type\":\"ReadAction\",\"target\":[\"https:\/\/staging.lucky-hunter.com\/fr\/product\/ceinture-en-neoprene-avec-poche-chauffe-mains-rigem-right\/\"]}]},{\"@type\":\"ImageObject\",\"inLanguage\":\"fr-FR\",\"@id\":\"https:\/\/staging.lucky-hunter.com\/fr\/product\/ceinture-en-neoprene-avec-poche-chauffe-mains-rigem-right\/#primaryimage\",\"url\":\"https:\/\/staging.lucky-hunter.com\/wp-content\/uploads\/2022\/06\/PU-243.png\",\"contentUrl\":\"https:\/\/staging.lucky-hunter.com\/wp-content\/uploads\/2022\/06\/PU-243.png\",\"width\":1000,\"height\":1000},{\"@type\":\"BreadcrumbList\",\"@id\":\"https:\/\/staging.lucky-hunter.com\/fr\/product\/ceinture-en-neoprene-avec-poche-chauffe-mains-rigem-right\/#breadcrumb\",\"itemListElement\":[{\"@type\":\"ListItem\",\"position\":1,\"name\":\"Home\",\"item\":\"https:\/\/staging.lucky-hunter.com\/fr\/\"},{\"@type\":\"ListItem\",\"position\":2,\"name\":\"Boutique\",\"item\":\"https:\/\/staging.lucky-hunter.com\/fr\/shop\/\"},{\"@type\":\"ListItem\",\"position\":3,\"name\":\"Ceinture en N\u00e9opr\u00e8ne avec Poche Chauffe-mains &#8211; Rig&#8217;Em Right\"}]},{\"@type\":\"WebSite\",\"@id\":\"https:\/\/staging.lucky-hunter.com\/#website\",\"url\":\"https:\/\/staging.lucky-hunter.com\/\",\"name\":\"Lucky-Hunter\",\"description\":\"Gear Up or Give Up\",\"potentialAction\":[{\"@type\":\"SearchAction\",\"target\":{\"@type\":\"EntryPoint\",\"urlTemplate\":\"https:\/\/staging.lucky-hunter.com\/?s={search_term_string}\"},\"query-input\":{\"@type\":\"PropertyValueSpecification\",\"valueRequired\":true,\"valueName\":\"search_term_string\"}}],\"inLanguage\":\"fr-FR\"}]}<\/script>\n<!-- \/ Yoast SEO plugin. -->","yoast_head_json":{"title":"Rig\u00b4Em Right Neoprene Hand Warmer Shell Belt for Diehard Waterfowlers","description":"Rig'Em Right's Neoprene Hand Warmer Shell Belt is designed for optimal warmth and accessibility.","robots":{"index":"noindex","follow":"follow","max-snippet":"max-snippet:-1","max-image-preview":"max-image-preview:large","max-video-preview":"max-video-preview:-1"},"og_locale":"fr_FR","og_type":"article","og_title":"Rig\u00b4Em Right Neoprene Hand Warmer Shell Belt for Diehard Waterfowlers","og_description":"Rig'Em Right's Neoprene Hand Warmer Shell Belt is designed for optimal warmth and accessibility.","og_url":"https:\/\/staging.lucky-hunter.com\/fr\/product\/ceinture-en-neoprene-avec-poche-chauffe-mains-rigem-right\/","og_site_name":"Lucky-Hunter","article_modified_time":"2025-06-24T12:20:46+00:00","og_image":[{"width":1000,"height":1000,"url":"https:\/\/staging.lucky-hunter.com\/wp-content\/uploads\/2022\/06\/PU-243.png","type":"image\/png"}],"twitter_card":"summary_large_image","twitter_misc":{"Dur\u00e9e de lecture estim\u00e9e":"1 minute"},"schema":{"@context":"https:\/\/schema.org","@graph":[{"@type":"WebPage","@id":"https:\/\/staging.lucky-hunter.com\/fr\/product\/ceinture-en-neoprene-avec-poche-chauffe-mains-rigem-right\/","url":"https:\/\/staging.lucky-hunter.com\/fr\/product\/ceinture-en-neoprene-avec-poche-chauffe-mains-rigem-right\/","name":"Rig\u00b4Em Right Neoprene Hand Warmer Shell Belt for Diehard Waterfowlers","isPartOf":{"@id":"https:\/\/staging.lucky-hunter.com\/#website"},"primaryImageOfPage":{"@id":"https:\/\/staging.lucky-hunter.com\/fr\/product\/ceinture-en-neoprene-avec-poche-chauffe-mains-rigem-right\/#primaryimage"},"image":{"@id":"https:\/\/staging.lucky-hunter.com\/fr\/product\/ceinture-en-neoprene-avec-poche-chauffe-mains-rigem-right\/#primaryimage"},"thumbnailUrl":"https:\/\/staging.lucky-hunter.com\/wp-content\/uploads\/2022\/06\/PU-243.png","datePublished":"2022-06-16T11:36:49+00:00","dateModified":"2025-06-24T12:20:46+00:00","description":"Rig'Em Right's Neoprene Hand Warmer Shell Belt is designed for optimal warmth and accessibility.","breadcrumb":{"@id":"https:\/\/staging.lucky-hunter.com\/fr\/product\/ceinture-en-neoprene-avec-poche-chauffe-mains-rigem-right\/#breadcrumb"},"inLanguage":"fr-FR","potentialAction":[{"@type":"ReadAction","target":["https:\/\/staging.lucky-hunter.com\/fr\/product\/ceinture-en-neoprene-avec-poche-chauffe-mains-rigem-right\/"]}]},{"@type":"ImageObject","inLanguage":"fr-FR","@id":"https:\/\/staging.lucky-hunter.com\/fr\/product\/ceinture-en-neoprene-avec-poche-chauffe-mains-rigem-right\/#primaryimage","url":"https:\/\/staging.lucky-hunter.com\/wp-content\/uploads\/2022\/06\/PU-243.png","contentUrl":"https:\/\/staging.lucky-hunter.com\/wp-content\/uploads\/2022\/06\/PU-243.png","width":1000,"height":1000},{"@type":"BreadcrumbList","@id":"https:\/\/staging.lucky-hunter.com\/fr\/product\/ceinture-en-neoprene-avec-poche-chauffe-mains-rigem-right\/#breadcrumb","itemListElement":[{"@type":"ListItem","position":1,"name":"Home","item":"https:\/\/staging.lucky-hunter.com\/fr\/"},{"@type":"ListItem","position":2,"name":"Boutique","item":"https:\/\/staging.lucky-hunter.com\/fr\/shop\/"},{"@type":"ListItem","position":3,"name":"Ceinture en N\u00e9opr\u00e8ne avec Poche Chauffe-mains &#8211; Rig&#8217;Em Right"}]},{"@type":"WebSite","@id":"https:\/\/staging.lucky-hunter.com\/#website","url":"https:\/\/staging.lucky-hunter.com\/","name":"Lucky-Hunter","description":"Gear Up or Give Up","potentialAction":[{"@type":"SearchAction","target":{"@type":"EntryPoint","urlTemplate":"https:\/\/staging.lucky-hunter.com\/?s={search_term_string}"},"query-input":{"@type":"PropertyValueSpecification","valueRequired":true,"valueName":"search_term_string"}}],"inLanguage":"fr-FR"}]}},"_links":{"self":[{"href":"https:\/\/staging.lucky-hunter.com\/fr\/wp-json\/wp\/v2\/product\/31546"}],"collection":[{"href":"https:\/\/staging.lucky-hunter.com\/fr\/wp-json\/wp\/v2\/product"}],"about":[{"href":"https:\/\/staging.lucky-hunter.com\/fr\/wp-json\/wp\/v2\/types\/product"}],"wp:featuredmedia":[{"embeddable":true,"href":"https:\/\/staging.lucky-hunter.com\/fr\/wp-json\/wp\/v2\/media\/53741"}],"wp:attachment":[{"href":"https:\/\/staging.lucky-hunter.com\/fr\/wp-json\/wp\/v2\/media?parent=31546"}],"wp:term":[{"taxonomy":"product_brand","embeddable":true,"href":"https:\/\/staging.lucky-hunter.com\/fr\/wp-json\/wp\/v2\/product_brand?post=31546"},{"taxonomy":"product_cat","embeddable":true,"href":"https:\/\/staging.lucky-hunter.com\/fr\/wp-json\/wp\/v2\/product_cat?post=31546"},{"taxonomy":"product_tag","embeddable":true,"href":"https:\/\/staging.lucky-hunter.com\/fr\/wp-json\/wp\/v2\/product_tag?post=31546"}],"curies":[{"name":"wp","href":"https:\/\/api.w.org\/{rel}","templated":true}]}}