{"id":31545,"date":"2022-06-16T14:38:30","date_gmt":"2022-06-16T12:38:30","guid":{"rendered":"https:\/\/staging.lucky-hunter.com\/product\/rigem-right-big-limit-game-strap-neck-style\/"},"modified":"2025-06-24T14:17:36","modified_gmt":"2025-06-24T12:17:36","slug":"sangle-porte-gibier-big-limit-rigem-right","status":"publish","type":"product","link":"https:\/\/staging.lucky-hunter.com\/fr\/product\/sangle-porte-gibier-big-limit-rigem-right\/","title":{"rendered":"Sangle Porte Gibier Big Limit &#8211; Rig&#8217;Em Right"},"content":{"rendered":"<p>La sangle porte-gibier de luxe Big Limit\u2122 de Rig&#8217;Em Right est dot\u00e9e d&#8217;une \u00e9pauli\u00e8re ergonomique rembourr\u00e9e et antid\u00e9rapante qui peut se porter autour du cou ou sur l&#8217;\u00e9paule. Parfait pour ces journ\u00e9es o\u00f9 vous avez repouss\u00e9 les limites et dont vous vous souviendrez longtemps.<\/p>\n<p>Le support en m\u00e9tal robuste maintient les oiseaux morts bien attach\u00e9s par le cou, et le mousqueton surdimensionn\u00e9 en m\u00e9tal r\u00e9sistera aux oies et aux canards les plus lourds.<\/p>\n<div>Forme incurv\u00e9e pour les longues marches et les limites \u00e9lev\u00e9es.<\/div>\n<p>Fabrication robuste et durable.<\/p>\n","protected":false},"excerpt":{"rendered":"<p>La sangle porte-gibier de luxe Rig&#8217;Em Right est dot\u00e9e d&#8217;une \u00e9pauli\u00e8re ergonomique rembourr\u00e9e antid\u00e9rapante qui se porte autour du cou ou sur l&#8217;\u00e9paule.<\/p>\n","protected":false},"featured_media":56279,"template":"","meta":[],"product_brand":[8127],"product_cat":[9354],"product_tag":[9446,9235],"yoast_head":"<!-- This site is optimized with the Yoast SEO plugin v24.3 - https:\/\/yoast.com\/wordpress\/plugins\/seo\/ -->\n<title>Sangle Porte Gibier Big Limit - Rig&#039;Em Right<\/title>\n<meta name=\"description\" content=\"La sangle porte-gibier de luxe Rig&#039;Em Right est dot\u00e9e d&#039;une \u00e9pauli\u00e8re ergonomique rembourr\u00e9e antid\u00e9rapante qui se porte autour du cou ou sur l&#039;\u00e9paule.\" \/>\n<meta name=\"robots\" content=\"noindex, follow, max-snippet:-1, max-image-preview:large, max-video-preview:-1\" \/>\n<meta property=\"og:locale\" content=\"fr_FR\" \/>\n<meta property=\"og:type\" content=\"article\" \/>\n<meta property=\"og:title\" content=\"Sangle Porte Gibier Big Limit - Rig&#039;Em Right\" \/>\n<meta property=\"og:description\" content=\"La sangle porte-gibier de luxe Rig&#039;Em Right est dot\u00e9e d&#039;une \u00e9pauli\u00e8re ergonomique rembourr\u00e9e antid\u00e9rapante qui se porte autour du cou ou sur l&#039;\u00e9paule.\" \/>\n<meta property=\"og:url\" content=\"https:\/\/staging.lucky-hunter.com\/fr\/product\/sangle-porte-gibier-big-limit-rigem-right\/\" \/>\n<meta property=\"og:site_name\" content=\"Lucky-Hunter\" \/>\n<meta property=\"article:modified_time\" content=\"2025-06-24T12:17:36+00:00\" \/>\n<meta property=\"og:image\" content=\"https:\/\/staging.lucky-hunter.com\/wp-content\/uploads\/2022\/06\/PU-244.png\" \/>\n\t<meta property=\"og:image:width\" content=\"1000\" \/>\n\t<meta property=\"og:image:height\" content=\"1000\" \/>\n\t<meta property=\"og:image:type\" content=\"image\/png\" \/>\n<meta name=\"twitter:card\" content=\"summary_large_image\" \/>\n<meta name=\"twitter:label1\" content=\"Dur\u00e9e de lecture estim\u00e9e\" \/>\n\t<meta name=\"twitter:data1\" content=\"1 minute\" \/>\n<script type=\"application\/ld+json\" class=\"yoast-schema-graph\">{\"@context\":\"https:\/\/schema.org\",\"@graph\":[{\"@type\":\"WebPage\",\"@id\":\"https:\/\/staging.lucky-hunter.com\/fr\/product\/sangle-porte-gibier-big-limit-rigem-right\/\",\"url\":\"https:\/\/staging.lucky-hunter.com\/fr\/product\/sangle-porte-gibier-big-limit-rigem-right\/\",\"name\":\"Sangle Porte Gibier Big Limit - Rig'Em Right\",\"isPartOf\":{\"@id\":\"https:\/\/staging.lucky-hunter.com\/#website\"},\"primaryImageOfPage\":{\"@id\":\"https:\/\/staging.lucky-hunter.com\/fr\/product\/sangle-porte-gibier-big-limit-rigem-right\/#primaryimage\"},\"image\":{\"@id\":\"https:\/\/staging.lucky-hunter.com\/fr\/product\/sangle-porte-gibier-big-limit-rigem-right\/#primaryimage\"},\"thumbnailUrl\":\"https:\/\/staging.lucky-hunter.com\/wp-content\/uploads\/2022\/06\/PU-244.png\",\"datePublished\":\"2022-06-16T12:38:30+00:00\",\"dateModified\":\"2025-06-24T12:17:36+00:00\",\"description\":\"La sangle porte-gibier de luxe Rig'Em Right est dot\u00e9e d'une \u00e9pauli\u00e8re ergonomique rembourr\u00e9e antid\u00e9rapante qui se porte autour du cou ou sur l'\u00e9paule.\",\"breadcrumb\":{\"@id\":\"https:\/\/staging.lucky-hunter.com\/fr\/product\/sangle-porte-gibier-big-limit-rigem-right\/#breadcrumb\"},\"inLanguage\":\"fr-FR\",\"potentialAction\":[{\"@type\":\"ReadAction\",\"target\":[\"https:\/\/staging.lucky-hunter.com\/fr\/product\/sangle-porte-gibier-big-limit-rigem-right\/\"]}]},{\"@type\":\"ImageObject\",\"inLanguage\":\"fr-FR\",\"@id\":\"https:\/\/staging.lucky-hunter.com\/fr\/product\/sangle-porte-gibier-big-limit-rigem-right\/#primaryimage\",\"url\":\"https:\/\/staging.lucky-hunter.com\/wp-content\/uploads\/2022\/06\/PU-244.png\",\"contentUrl\":\"https:\/\/staging.lucky-hunter.com\/wp-content\/uploads\/2022\/06\/PU-244.png\",\"width\":1000,\"height\":1000,\"caption\":\"Rig\u00b4Em Right game strap\"},{\"@type\":\"BreadcrumbList\",\"@id\":\"https:\/\/staging.lucky-hunter.com\/fr\/product\/sangle-porte-gibier-big-limit-rigem-right\/#breadcrumb\",\"itemListElement\":[{\"@type\":\"ListItem\",\"position\":1,\"name\":\"Home\",\"item\":\"https:\/\/staging.lucky-hunter.com\/fr\/\"},{\"@type\":\"ListItem\",\"position\":2,\"name\":\"Boutique\",\"item\":\"https:\/\/staging.lucky-hunter.com\/fr\/shop\/\"},{\"@type\":\"ListItem\",\"position\":3,\"name\":\"Sangle Porte Gibier Big Limit &#8211; Rig&#8217;Em Right\"}]},{\"@type\":\"WebSite\",\"@id\":\"https:\/\/staging.lucky-hunter.com\/#website\",\"url\":\"https:\/\/staging.lucky-hunter.com\/\",\"name\":\"Lucky-Hunter\",\"description\":\"Gear Up or Give Up\",\"potentialAction\":[{\"@type\":\"SearchAction\",\"target\":{\"@type\":\"EntryPoint\",\"urlTemplate\":\"https:\/\/staging.lucky-hunter.com\/?s={search_term_string}\"},\"query-input\":{\"@type\":\"PropertyValueSpecification\",\"valueRequired\":true,\"valueName\":\"search_term_string\"}}],\"inLanguage\":\"fr-FR\"}]}<\/script>\n<!-- \/ Yoast SEO plugin. -->","yoast_head_json":{"title":"Sangle Porte Gibier Big Limit - Rig'Em Right","description":"La sangle porte-gibier de luxe Rig'Em Right est dot\u00e9e d'une \u00e9pauli\u00e8re ergonomique rembourr\u00e9e antid\u00e9rapante qui se porte autour du cou ou sur l'\u00e9paule.","robots":{"index":"noindex","follow":"follow","max-snippet":"max-snippet:-1","max-image-preview":"max-image-preview:large","max-video-preview":"max-video-preview:-1"},"og_locale":"fr_FR","og_type":"article","og_title":"Sangle Porte Gibier Big Limit - Rig'Em Right","og_description":"La sangle porte-gibier de luxe Rig'Em Right est dot\u00e9e d'une \u00e9pauli\u00e8re ergonomique rembourr\u00e9e antid\u00e9rapante qui se porte autour du cou ou sur l'\u00e9paule.","og_url":"https:\/\/staging.lucky-hunter.com\/fr\/product\/sangle-porte-gibier-big-limit-rigem-right\/","og_site_name":"Lucky-Hunter","article_modified_time":"2025-06-24T12:17:36+00:00","og_image":[{"width":1000,"height":1000,"url":"https:\/\/staging.lucky-hunter.com\/wp-content\/uploads\/2022\/06\/PU-244.png","type":"image\/png"}],"twitter_card":"summary_large_image","twitter_misc":{"Dur\u00e9e de lecture estim\u00e9e":"1 minute"},"schema":{"@context":"https:\/\/schema.org","@graph":[{"@type":"WebPage","@id":"https:\/\/staging.lucky-hunter.com\/fr\/product\/sangle-porte-gibier-big-limit-rigem-right\/","url":"https:\/\/staging.lucky-hunter.com\/fr\/product\/sangle-porte-gibier-big-limit-rigem-right\/","name":"Sangle Porte Gibier Big Limit - Rig'Em Right","isPartOf":{"@id":"https:\/\/staging.lucky-hunter.com\/#website"},"primaryImageOfPage":{"@id":"https:\/\/staging.lucky-hunter.com\/fr\/product\/sangle-porte-gibier-big-limit-rigem-right\/#primaryimage"},"image":{"@id":"https:\/\/staging.lucky-hunter.com\/fr\/product\/sangle-porte-gibier-big-limit-rigem-right\/#primaryimage"},"thumbnailUrl":"https:\/\/staging.lucky-hunter.com\/wp-content\/uploads\/2022\/06\/PU-244.png","datePublished":"2022-06-16T12:38:30+00:00","dateModified":"2025-06-24T12:17:36+00:00","description":"La sangle porte-gibier de luxe Rig'Em Right est dot\u00e9e d'une \u00e9pauli\u00e8re ergonomique rembourr\u00e9e antid\u00e9rapante qui se porte autour du cou ou sur l'\u00e9paule.","breadcrumb":{"@id":"https:\/\/staging.lucky-hunter.com\/fr\/product\/sangle-porte-gibier-big-limit-rigem-right\/#breadcrumb"},"inLanguage":"fr-FR","potentialAction":[{"@type":"ReadAction","target":["https:\/\/staging.lucky-hunter.com\/fr\/product\/sangle-porte-gibier-big-limit-rigem-right\/"]}]},{"@type":"ImageObject","inLanguage":"fr-FR","@id":"https:\/\/staging.lucky-hunter.com\/fr\/product\/sangle-porte-gibier-big-limit-rigem-right\/#primaryimage","url":"https:\/\/staging.lucky-hunter.com\/wp-content\/uploads\/2022\/06\/PU-244.png","contentUrl":"https:\/\/staging.lucky-hunter.com\/wp-content\/uploads\/2022\/06\/PU-244.png","width":1000,"height":1000,"caption":"Rig\u00b4Em Right game strap"},{"@type":"BreadcrumbList","@id":"https:\/\/staging.lucky-hunter.com\/fr\/product\/sangle-porte-gibier-big-limit-rigem-right\/#breadcrumb","itemListElement":[{"@type":"ListItem","position":1,"name":"Home","item":"https:\/\/staging.lucky-hunter.com\/fr\/"},{"@type":"ListItem","position":2,"name":"Boutique","item":"https:\/\/staging.lucky-hunter.com\/fr\/shop\/"},{"@type":"ListItem","position":3,"name":"Sangle Porte Gibier Big Limit &#8211; Rig&#8217;Em Right"}]},{"@type":"WebSite","@id":"https:\/\/staging.lucky-hunter.com\/#website","url":"https:\/\/staging.lucky-hunter.com\/","name":"Lucky-Hunter","description":"Gear Up or Give Up","potentialAction":[{"@type":"SearchAction","target":{"@type":"EntryPoint","urlTemplate":"https:\/\/staging.lucky-hunter.com\/?s={search_term_string}"},"query-input":{"@type":"PropertyValueSpecification","valueRequired":true,"valueName":"search_term_string"}}],"inLanguage":"fr-FR"}]}},"_links":{"self":[{"href":"https:\/\/staging.lucky-hunter.com\/fr\/wp-json\/wp\/v2\/product\/31545"}],"collection":[{"href":"https:\/\/staging.lucky-hunter.com\/fr\/wp-json\/wp\/v2\/product"}],"about":[{"href":"https:\/\/staging.lucky-hunter.com\/fr\/wp-json\/wp\/v2\/types\/product"}],"wp:featuredmedia":[{"embeddable":true,"href":"https:\/\/staging.lucky-hunter.com\/fr\/wp-json\/wp\/v2\/media\/56279"}],"wp:attachment":[{"href":"https:\/\/staging.lucky-hunter.com\/fr\/wp-json\/wp\/v2\/media?parent=31545"}],"wp:term":[{"taxonomy":"product_brand","embeddable":true,"href":"https:\/\/staging.lucky-hunter.com\/fr\/wp-json\/wp\/v2\/product_brand?post=31545"},{"taxonomy":"product_cat","embeddable":true,"href":"https:\/\/staging.lucky-hunter.com\/fr\/wp-json\/wp\/v2\/product_cat?post=31545"},{"taxonomy":"product_tag","embeddable":true,"href":"https:\/\/staging.lucky-hunter.com\/fr\/wp-json\/wp\/v2\/product_tag?post=31545"}],"curies":[{"name":"wp","href":"https:\/\/api.w.org\/{rel}","templated":true}]}}