{"id":31542,"date":"2018-05-17T09:50:19","date_gmt":"2018-05-17T07:50:19","guid":{"rendered":"https:\/\/staging.lucky-hunter.com\/product\/avery-sporting-dog-teal-ez-bird\/"},"modified":"2024-05-01T08:38:57","modified_gmt":"2024-05-01T06:38:57","slug":"avery-sporting-dog-teal-ez-bird","status":"publish","type":"product","link":"https:\/\/staging.lucky-hunter.com\/fr\/product\/avery-sporting-dog-teal-ez-bird\/","title":{"rendered":"Avery Sporting Dog &#8211; Sarcelle EZ Bird"},"content":{"rendered":"<p><iframe title=\"Avery Dummy\" width=\"1020\" height=\"574\" src=\"https:\/\/www.youtube.com\/embed\/9JOe2fY-vJs?wmode=transparent&amp;rel=0&amp;feature=oembed&#038;enablejsapi=1&#038;origin=https:\/\/staging.lucky-hunter.com\" frameborder=\"0\" allow=\"accelerometer; autoplay; clipboard-write; encrypted-media; gyroscope; picture-in-picture\" allowfullscreen><\/iframe><\/p>\n<h2><strong>ASD Sarcelle EZ Bird Mannequin de dressage pour votre chien de chasse<\/strong><\/h2>\n<p>Avery Sporting Dog a d\u00e9velopp\u00e9 cet oiseau d&#8217;entra\u00eenement plus vrai que nature afin que le dressage de votre chien de chasse soit aussi r\u00e9aliste que possible. La forme du mannequin permet \u00e0 votre chien d&#8217;apprendre rapidement et efficacement \u00e0 r\u00e9cup\u00e9rer la sauvagine que vous avez abattue.<\/p>\n<p><strong>Caract\u00e9ristiques\u00a0:<\/strong><\/p>\n<ul>\n<li>Rev\u00eatement V-Grip qui permet \u00e0 votre chien de bien tenir le corps entre ses dents.<\/li>\n<li>T\u00eate flottante et molle qui n&#8217;endommage pas les dents du chien<\/li>\n<li>Surface externe en PVC, r\u00e9sistante aux perforations<\/li>\n<li>Corde antid\u00e9rapante \u00e0 double n\u0153ud<\/li>\n<li>Dispose d&#8217;une poign\u00e9e LongThrow pour pouvoir le lancer loin avec pr\u00e9cision<\/li>\n<li>Rembourrage en mousse qui imite la texture d&#8217;un canard inerte<\/li>\n<li>Couleurs et d\u00e9tails naturels<\/li>\n<li>Fabriqu\u00e9 sans phtalates nocifs.<\/li>\n<li>Gr\u00e2ce \u00e0 son mat\u00e9riau robuste, l&#8217;oiseau d&#8217;entra\u00eenement est bien adapt\u00e9 pour des s\u00e9ances r\u00e9guli\u00e8res tout au long de l&#8217;ann\u00e9e.<\/li>\n<\/ul>\n<p>N&#8217;oubliez pas de r\u00e9compenser votre chien lorsqu&#8217;il a bien travaill\u00e9.<\/p>\n","protected":false},"excerpt":{"rendered":"<p>Avery Sporting Dog a d\u00e9velopp\u00e9 cet oiseau d&#8217;entra\u00eenement plus vrai que nature afin que le dressage de votre chien de chasse soit aussi r\u00e9aliste que possible.\u00a0Gr\u00e2ce \u00e0 son mat\u00e9riau robuste, l&#8217;oiseau d&#8217;entra\u00eenement est bien adapt\u00e9 pour des s\u00e9ances r\u00e9guli\u00e8res tout au long de l&#8217;ann\u00e9e.<\/p>\n","protected":false},"featured_media":29828,"template":"","meta":[],"product_brand":[8123],"product_cat":[8188],"product_tag":[9502],"yoast_head":"<!-- This site is optimized with the Yoast SEO plugin v24.3 - https:\/\/yoast.com\/wordpress\/plugins\/seo\/ -->\n<title>ASD Teal EZ Bird Mannequin de dressage Avery Sporting Dog | Chasseur chanceux<\/title>\n<meta name=\"description\" content=\"Entra\u00eenez votre chien de mani\u00e8re r\u00e9aliste. Le mannequin de dressage ASD Teal EZ Bird est parfait pour que votre chien apprenne la sensation d&#039;un oiseau.\" \/>\n<meta name=\"robots\" content=\"noindex, follow, max-snippet:-1, max-image-preview:large, max-video-preview:-1\" \/>\n<meta property=\"og:locale\" content=\"fr_FR\" \/>\n<meta property=\"og:type\" content=\"article\" \/>\n<meta property=\"og:title\" content=\"ASD Teal EZ Bird Mannequin de dressage Avery Sporting Dog | Chasseur chanceux\" \/>\n<meta property=\"og:description\" content=\"Entra\u00eenez votre chien de mani\u00e8re r\u00e9aliste. Le mannequin d&#039;entra\u00eenement Teal EZ Bird d&#039;Avery Sporting Dog est parfait pour que votre chien apprenne la sensation d&#039;un oiseau.\" \/>\n<meta property=\"og:url\" content=\"https:\/\/staging.lucky-hunter.com\/product\/avery-sporting-dog-teal-ez-flasher\/\" \/>\n<meta property=\"og:site_name\" content=\"Lucky-Hunter\" \/>\n<meta property=\"article:modified_time\" content=\"2024-05-01T06:38:57+00:00\" \/>\n<meta property=\"og:image\" content=\"https:\/\/staging.lucky-hunter.com\/wp-content\/uploads\/2018\/05\/JH-63.png\" \/>\n\t<meta property=\"og:image:width\" content=\"1000\" \/>\n\t<meta property=\"og:image:height\" content=\"1000\" \/>\n\t<meta property=\"og:image:type\" content=\"image\/png\" \/>\n<meta name=\"twitter:card\" content=\"summary_large_image\" \/>\n<meta name=\"twitter:title\" content=\"ASD Teal EZ Bird Mannequin de dressage Avery Sporting Dog | Chasseur chanceux\" \/>\n<meta name=\"twitter:description\" content=\"Entra\u00eenez votre chien de mani\u00e8re r\u00e9aliste. Le mannequin d&#039;entra\u00eenement Teal EZ Bird d&#039;Avery Sporting Dog est parfait pour que votre chien apprenne la sensation d&#039;un oiseau.\" \/>\n<meta name=\"twitter:label1\" content=\"Dur\u00e9e de lecture estim\u00e9e\" \/>\n\t<meta name=\"twitter:data1\" content=\"1 minute\" \/>\n<script type=\"application\/ld+json\" class=\"yoast-schema-graph\">{\"@context\":\"https:\/\/schema.org\",\"@graph\":[{\"@type\":\"WebPage\",\"@id\":\"https:\/\/staging.lucky-hunter.com\/product\/avery-sporting-dog-teal-ez-flasher\/\",\"url\":\"https:\/\/staging.lucky-hunter.com\/product\/avery-sporting-dog-teal-ez-flasher\/\",\"name\":\"ASD Teal EZ Bird Mannequin de dressage Avery Sporting Dog | Chasseur chanceux\",\"isPartOf\":{\"@id\":\"https:\/\/staging.lucky-hunter.com\/#website\"},\"primaryImageOfPage\":{\"@id\":\"https:\/\/staging.lucky-hunter.com\/product\/avery-sporting-dog-teal-ez-flasher\/#primaryimage\"},\"image\":{\"@id\":\"https:\/\/staging.lucky-hunter.com\/product\/avery-sporting-dog-teal-ez-flasher\/#primaryimage\"},\"thumbnailUrl\":\"https:\/\/staging.lucky-hunter.com\/wp-content\/uploads\/2018\/05\/JH-63.png\",\"datePublished\":\"2018-05-17T07:50:19+00:00\",\"dateModified\":\"2024-05-01T06:38:57+00:00\",\"description\":\"Entra\u00eenez votre chien de mani\u00e8re r\u00e9aliste. Le mannequin de dressage ASD Teal EZ Bird est parfait pour que votre chien apprenne la sensation d'un oiseau.\",\"breadcrumb\":{\"@id\":\"https:\/\/staging.lucky-hunter.com\/product\/avery-sporting-dog-teal-ez-flasher\/#breadcrumb\"},\"inLanguage\":\"fr-FR\",\"potentialAction\":[{\"@type\":\"ReadAction\",\"target\":[\"https:\/\/staging.lucky-hunter.com\/product\/avery-sporting-dog-teal-ez-flasher\/\"]}]},{\"@type\":\"ImageObject\",\"inLanguage\":\"fr-FR\",\"@id\":\"https:\/\/staging.lucky-hunter.com\/product\/avery-sporting-dog-teal-ez-flasher\/#primaryimage\",\"url\":\"https:\/\/staging.lucky-hunter.com\/wp-content\/uploads\/2018\/05\/JH-63.png\",\"contentUrl\":\"https:\/\/staging.lucky-hunter.com\/wp-content\/uploads\/2018\/05\/JH-63.png\",\"width\":1000,\"height\":1000},{\"@type\":\"BreadcrumbList\",\"@id\":\"https:\/\/staging.lucky-hunter.com\/product\/avery-sporting-dog-teal-ez-flasher\/#breadcrumb\",\"itemListElement\":[{\"@type\":\"ListItem\",\"position\":1,\"name\":\"Home\",\"item\":\"https:\/\/staging.lucky-hunter.com\/fr\/\"},{\"@type\":\"ListItem\",\"position\":2,\"name\":\"Boutique\",\"item\":\"https:\/\/staging.lucky-hunter.com\/fr\/shop\/\"},{\"@type\":\"ListItem\",\"position\":3,\"name\":\"Avery Sporting Dog &#8211; Sarcelle EZ Bird\"}]},{\"@type\":\"WebSite\",\"@id\":\"https:\/\/staging.lucky-hunter.com\/#website\",\"url\":\"https:\/\/staging.lucky-hunter.com\/\",\"name\":\"Lucky-Hunter\",\"description\":\"Gear Up or Give Up\",\"potentialAction\":[{\"@type\":\"SearchAction\",\"target\":{\"@type\":\"EntryPoint\",\"urlTemplate\":\"https:\/\/staging.lucky-hunter.com\/?s={search_term_string}\"},\"query-input\":{\"@type\":\"PropertyValueSpecification\",\"valueRequired\":true,\"valueName\":\"search_term_string\"}}],\"inLanguage\":\"fr-FR\"}]}<\/script>\n<!-- \/ Yoast SEO plugin. -->","yoast_head_json":{"title":"ASD Teal EZ Bird Mannequin de dressage Avery Sporting Dog | Chasseur chanceux","description":"Entra\u00eenez votre chien de mani\u00e8re r\u00e9aliste. Le mannequin de dressage ASD Teal EZ Bird est parfait pour que votre chien apprenne la sensation d'un oiseau.","robots":{"index":"noindex","follow":"follow","max-snippet":"max-snippet:-1","max-image-preview":"max-image-preview:large","max-video-preview":"max-video-preview:-1"},"og_locale":"fr_FR","og_type":"article","og_title":"ASD Teal EZ Bird Mannequin de dressage Avery Sporting Dog | Chasseur chanceux","og_description":"Entra\u00eenez votre chien de mani\u00e8re r\u00e9aliste. Le mannequin d'entra\u00eenement Teal EZ Bird d'Avery Sporting Dog est parfait pour que votre chien apprenne la sensation d'un oiseau.","og_url":"https:\/\/staging.lucky-hunter.com\/product\/avery-sporting-dog-teal-ez-flasher\/","og_site_name":"Lucky-Hunter","article_modified_time":"2024-05-01T06:38:57+00:00","og_image":[{"width":1000,"height":1000,"url":"https:\/\/staging.lucky-hunter.com\/wp-content\/uploads\/2018\/05\/JH-63.png","type":"image\/png"}],"twitter_card":"summary_large_image","twitter_title":"ASD Teal EZ Bird Mannequin de dressage Avery Sporting Dog | Chasseur chanceux","twitter_description":"Entra\u00eenez votre chien de mani\u00e8re r\u00e9aliste. Le mannequin d'entra\u00eenement Teal EZ Bird d'Avery Sporting Dog est parfait pour que votre chien apprenne la sensation d'un oiseau.","twitter_misc":{"Dur\u00e9e de lecture estim\u00e9e":"1 minute"},"schema":{"@context":"https:\/\/schema.org","@graph":[{"@type":"WebPage","@id":"https:\/\/staging.lucky-hunter.com\/product\/avery-sporting-dog-teal-ez-flasher\/","url":"https:\/\/staging.lucky-hunter.com\/product\/avery-sporting-dog-teal-ez-flasher\/","name":"ASD Teal EZ Bird Mannequin de dressage Avery Sporting Dog | Chasseur chanceux","isPartOf":{"@id":"https:\/\/staging.lucky-hunter.com\/#website"},"primaryImageOfPage":{"@id":"https:\/\/staging.lucky-hunter.com\/product\/avery-sporting-dog-teal-ez-flasher\/#primaryimage"},"image":{"@id":"https:\/\/staging.lucky-hunter.com\/product\/avery-sporting-dog-teal-ez-flasher\/#primaryimage"},"thumbnailUrl":"https:\/\/staging.lucky-hunter.com\/wp-content\/uploads\/2018\/05\/JH-63.png","datePublished":"2018-05-17T07:50:19+00:00","dateModified":"2024-05-01T06:38:57+00:00","description":"Entra\u00eenez votre chien de mani\u00e8re r\u00e9aliste. Le mannequin de dressage ASD Teal EZ Bird est parfait pour que votre chien apprenne la sensation d'un oiseau.","breadcrumb":{"@id":"https:\/\/staging.lucky-hunter.com\/product\/avery-sporting-dog-teal-ez-flasher\/#breadcrumb"},"inLanguage":"fr-FR","potentialAction":[{"@type":"ReadAction","target":["https:\/\/staging.lucky-hunter.com\/product\/avery-sporting-dog-teal-ez-flasher\/"]}]},{"@type":"ImageObject","inLanguage":"fr-FR","@id":"https:\/\/staging.lucky-hunter.com\/product\/avery-sporting-dog-teal-ez-flasher\/#primaryimage","url":"https:\/\/staging.lucky-hunter.com\/wp-content\/uploads\/2018\/05\/JH-63.png","contentUrl":"https:\/\/staging.lucky-hunter.com\/wp-content\/uploads\/2018\/05\/JH-63.png","width":1000,"height":1000},{"@type":"BreadcrumbList","@id":"https:\/\/staging.lucky-hunter.com\/product\/avery-sporting-dog-teal-ez-flasher\/#breadcrumb","itemListElement":[{"@type":"ListItem","position":1,"name":"Home","item":"https:\/\/staging.lucky-hunter.com\/fr\/"},{"@type":"ListItem","position":2,"name":"Boutique","item":"https:\/\/staging.lucky-hunter.com\/fr\/shop\/"},{"@type":"ListItem","position":3,"name":"Avery Sporting Dog &#8211; Sarcelle EZ Bird"}]},{"@type":"WebSite","@id":"https:\/\/staging.lucky-hunter.com\/#website","url":"https:\/\/staging.lucky-hunter.com\/","name":"Lucky-Hunter","description":"Gear Up or Give Up","potentialAction":[{"@type":"SearchAction","target":{"@type":"EntryPoint","urlTemplate":"https:\/\/staging.lucky-hunter.com\/?s={search_term_string}"},"query-input":{"@type":"PropertyValueSpecification","valueRequired":true,"valueName":"search_term_string"}}],"inLanguage":"fr-FR"}]}},"_links":{"self":[{"href":"https:\/\/staging.lucky-hunter.com\/fr\/wp-json\/wp\/v2\/product\/31542"}],"collection":[{"href":"https:\/\/staging.lucky-hunter.com\/fr\/wp-json\/wp\/v2\/product"}],"about":[{"href":"https:\/\/staging.lucky-hunter.com\/fr\/wp-json\/wp\/v2\/types\/product"}],"wp:featuredmedia":[{"embeddable":true,"href":"https:\/\/staging.lucky-hunter.com\/fr\/wp-json\/wp\/v2\/media\/29828"}],"wp:attachment":[{"href":"https:\/\/staging.lucky-hunter.com\/fr\/wp-json\/wp\/v2\/media?parent=31542"}],"wp:term":[{"taxonomy":"product_brand","embeddable":true,"href":"https:\/\/staging.lucky-hunter.com\/fr\/wp-json\/wp\/v2\/product_brand?post=31542"},{"taxonomy":"product_cat","embeddable":true,"href":"https:\/\/staging.lucky-hunter.com\/fr\/wp-json\/wp\/v2\/product_cat?post=31542"},{"taxonomy":"product_tag","embeddable":true,"href":"https:\/\/staging.lucky-hunter.com\/fr\/wp-json\/wp\/v2\/product_tag?post=31542"}],"curies":[{"name":"wp","href":"https:\/\/api.w.org\/{rel}","templated":true}]}}