{"id":31541,"date":"2019-06-12T09:09:05","date_gmt":"2019-06-12T07:09:05","guid":{"rendered":"https:\/\/staging.lucky-hunter.com\/product\/banded-foldable-hunting-chair\/"},"modified":"2023-03-15T10:49:14","modified_gmt":"2023-03-15T09:49:14","slug":"banded-foldable-hunting-chair","status":"publish","type":"product","link":"https:\/\/staging.lucky-hunter.com\/fr\/product\/banded-foldable-hunting-chair\/","title":{"rendered":"Chaise de Chasse Pliante Banded"},"content":{"rendered":"<h2><strong>Chaise de Chasse Pliante Banded &#8211; avec assise confortable pivotante \u00e0 360 degr\u00e9s et dossier<\/strong><\/h2>\n<p>Le fabricant am\u00e9ricain Banded est \u00e0 l&#8217;origine de cette luxueuse chaise de chasse facile \u00e0 emporter \u00e0 la chasse, \u00e0 la p\u00eache, etc.<\/p>\n<p>L\u2019assise pivote rapidement pour des conditions de tir optimales.<\/p>\n<p>La chaise peut donc \u00eatre utilis\u00e9e \u00e0 votre avantage depuis un aff\u00fbt lors de la chasse aux canards, aux corbeaux, aux pigeons, etc.<\/p>\n<p>La Chaise d\u2019Aff\u00fbt Pivotante de Banded se compose d\u2019une structure stable en acier ainsi que d\u2019un dossier et d\u2019une assise rembourr\u00e9s et agr\u00e9ables qui r\u00e9sisteront \u00e0 la chasse par tous les temps.<\/p>\n<p>Le dossier constitue un atout suppl\u00e9mentaire et garantit une position confortable lorsque vous pr\u00e9voyez de chasser pendant de nombreuses heures.<\/p>\n<p>La chaise se plie enti\u00e8rement, elle est donc facile \u00e0 transporter et \u00e0 ranger.<\/p>\n<p><strong>Caract\u00e9ristiques:<\/strong><\/p>\n<ul>\n<li>Assise pivotante \u00e0 360 degr\u00e9s<\/li>\n<li>Tissu \u00e9tanche Dura-Max 600D<\/li>\n<li>Poids\u00a0: environ 5 kg<\/li>\n<li>Assise env. 43 x 36 x 5 cm<\/li>\n<li>Dossier env. 38 x 5 cm<\/li>\n<li>Charge max. 136 kg<\/li>\n<li>Design camouflage Max5.<\/li>\n<\/ul>\n","protected":false},"excerpt":{"rendered":"<p>Le fabricant am\u00e9ricain Banded est \u00e0 l&#8217;origine de cette luxueuse chaise de chasse facile \u00e0 emporter \u00e0 la chasse, \u00e0 la p\u00eache, etc. L\u2019assise pivote rapidement pour des conditions de tir optimales.<\/p>\n","protected":false},"featured_media":64328,"template":"","meta":[],"product_brand":[8137],"product_cat":[9382],"product_tag":[9235,9443,9250],"yoast_head":"<!-- This site is optimized with the Yoast SEO plugin v24.3 - https:\/\/yoast.com\/wordpress\/plugins\/seo\/ -->\n<title>Banded Foldable Hunting Chair - Deluxe Hunting Chair | Lucky Hunter<\/title>\n<meta name=\"description\" content=\"Banded Foldable Hunting Chair. 360-degree swivel, backrest and very comfortable seat. The ideal chair for hunting, fishing, camping and more.\" \/>\n<meta name=\"robots\" content=\"noindex, follow, max-snippet:-1, max-image-preview:large, max-video-preview:-1\" \/>\n<meta property=\"og:locale\" content=\"fr_FR\" \/>\n<meta property=\"og:type\" content=\"article\" \/>\n<meta property=\"og:title\" content=\"Banded Foldable Hunting Chair - Deluxe Hunting Chair | Lucky Hunter\" \/>\n<meta property=\"og:description\" content=\"Banded Foldable Hunting Chair. 360-degree swivel, backrest and very comfortable seat. The ideal chair for hunting, fishing, camping and more.\" \/>\n<meta property=\"og:url\" content=\"https:\/\/staging.lucky-hunter.com\/product\/banded-foldable-hunting-chair\/\" \/>\n<meta property=\"og:site_name\" content=\"Lucky-Hunter\" \/>\n<meta property=\"article:modified_time\" content=\"2023-03-15T09:49:14+00:00\" \/>\n<meta property=\"og:image\" content=\"https:\/\/staging.lucky-hunter.com\/wp-content\/uploads\/2019\/06\/PU-29.png\" \/>\n\t<meta property=\"og:image:width\" content=\"1000\" \/>\n\t<meta property=\"og:image:height\" content=\"1000\" \/>\n\t<meta property=\"og:image:type\" content=\"image\/png\" \/>\n<meta name=\"twitter:card\" content=\"summary_large_image\" \/>\n<meta name=\"twitter:title\" content=\"Banded Foldable Hunting Chair - Deluxe Hunting Chair | Lucky Hunter\" \/>\n<meta name=\"twitter:description\" content=\"Banded Foldable Hunting Chair. 360-degree swivel, backrest and very comfortable seat. The ideal chair for hunting, fishing, camping and more.\" \/>\n<meta name=\"twitter:label1\" content=\"Dur\u00e9e de lecture estim\u00e9e\" \/>\n\t<meta name=\"twitter:data1\" content=\"1 minute\" \/>\n<script type=\"application\/ld+json\" class=\"yoast-schema-graph\">{\"@context\":\"https:\/\/schema.org\",\"@graph\":[{\"@type\":\"WebPage\",\"@id\":\"https:\/\/staging.lucky-hunter.com\/product\/banded-foldable-hunting-chair\/\",\"url\":\"https:\/\/staging.lucky-hunter.com\/product\/banded-foldable-hunting-chair\/\",\"name\":\"Banded Foldable Hunting Chair - Deluxe Hunting Chair | Lucky Hunter\",\"isPartOf\":{\"@id\":\"https:\/\/staging.lucky-hunter.com\/#website\"},\"primaryImageOfPage\":{\"@id\":\"https:\/\/staging.lucky-hunter.com\/product\/banded-foldable-hunting-chair\/#primaryimage\"},\"image\":{\"@id\":\"https:\/\/staging.lucky-hunter.com\/product\/banded-foldable-hunting-chair\/#primaryimage\"},\"thumbnailUrl\":\"https:\/\/staging.lucky-hunter.com\/wp-content\/uploads\/2019\/06\/PU-29.png\",\"datePublished\":\"2019-06-12T07:09:05+00:00\",\"dateModified\":\"2023-03-15T09:49:14+00:00\",\"description\":\"Banded Foldable Hunting Chair. 360-degree swivel, backrest and very comfortable seat. The ideal chair for hunting, fishing, camping and more.\",\"breadcrumb\":{\"@id\":\"https:\/\/staging.lucky-hunter.com\/product\/banded-foldable-hunting-chair\/#breadcrumb\"},\"inLanguage\":\"fr-FR\",\"potentialAction\":[{\"@type\":\"ReadAction\",\"target\":[\"https:\/\/staging.lucky-hunter.com\/product\/banded-foldable-hunting-chair\/\"]}]},{\"@type\":\"ImageObject\",\"inLanguage\":\"fr-FR\",\"@id\":\"https:\/\/staging.lucky-hunter.com\/product\/banded-foldable-hunting-chair\/#primaryimage\",\"url\":\"https:\/\/staging.lucky-hunter.com\/wp-content\/uploads\/2019\/06\/PU-29.png\",\"contentUrl\":\"https:\/\/staging.lucky-hunter.com\/wp-content\/uploads\/2019\/06\/PU-29.png\",\"width\":1000,\"height\":1000},{\"@type\":\"BreadcrumbList\",\"@id\":\"https:\/\/staging.lucky-hunter.com\/product\/banded-foldable-hunting-chair\/#breadcrumb\",\"itemListElement\":[{\"@type\":\"ListItem\",\"position\":1,\"name\":\"Home\",\"item\":\"https:\/\/staging.lucky-hunter.com\/fr\/\"},{\"@type\":\"ListItem\",\"position\":2,\"name\":\"Boutique\",\"item\":\"https:\/\/staging.lucky-hunter.com\/fr\/shop\/\"},{\"@type\":\"ListItem\",\"position\":3,\"name\":\"Chaise de Chasse Pliante Banded\"}]},{\"@type\":\"WebSite\",\"@id\":\"https:\/\/staging.lucky-hunter.com\/#website\",\"url\":\"https:\/\/staging.lucky-hunter.com\/\",\"name\":\"Lucky-Hunter\",\"description\":\"Gear Up or Give Up\",\"potentialAction\":[{\"@type\":\"SearchAction\",\"target\":{\"@type\":\"EntryPoint\",\"urlTemplate\":\"https:\/\/staging.lucky-hunter.com\/?s={search_term_string}\"},\"query-input\":{\"@type\":\"PropertyValueSpecification\",\"valueRequired\":true,\"valueName\":\"search_term_string\"}}],\"inLanguage\":\"fr-FR\"}]}<\/script>\n<!-- \/ Yoast SEO plugin. -->","yoast_head_json":{"title":"Banded Foldable Hunting Chair - Deluxe Hunting Chair | Lucky Hunter","description":"Banded Foldable Hunting Chair. 360-degree swivel, backrest and very comfortable seat. The ideal chair for hunting, fishing, camping and more.","robots":{"index":"noindex","follow":"follow","max-snippet":"max-snippet:-1","max-image-preview":"max-image-preview:large","max-video-preview":"max-video-preview:-1"},"og_locale":"fr_FR","og_type":"article","og_title":"Banded Foldable Hunting Chair - Deluxe Hunting Chair | Lucky Hunter","og_description":"Banded Foldable Hunting Chair. 360-degree swivel, backrest and very comfortable seat. The ideal chair for hunting, fishing, camping and more.","og_url":"https:\/\/staging.lucky-hunter.com\/product\/banded-foldable-hunting-chair\/","og_site_name":"Lucky-Hunter","article_modified_time":"2023-03-15T09:49:14+00:00","og_image":[{"width":1000,"height":1000,"url":"https:\/\/staging.lucky-hunter.com\/wp-content\/uploads\/2019\/06\/PU-29.png","type":"image\/png"}],"twitter_card":"summary_large_image","twitter_title":"Banded Foldable Hunting Chair - Deluxe Hunting Chair | Lucky Hunter","twitter_description":"Banded Foldable Hunting Chair. 360-degree swivel, backrest and very comfortable seat. The ideal chair for hunting, fishing, camping and more.","twitter_misc":{"Dur\u00e9e de lecture estim\u00e9e":"1 minute"},"schema":{"@context":"https:\/\/schema.org","@graph":[{"@type":"WebPage","@id":"https:\/\/staging.lucky-hunter.com\/product\/banded-foldable-hunting-chair\/","url":"https:\/\/staging.lucky-hunter.com\/product\/banded-foldable-hunting-chair\/","name":"Banded Foldable Hunting Chair - Deluxe Hunting Chair | Lucky Hunter","isPartOf":{"@id":"https:\/\/staging.lucky-hunter.com\/#website"},"primaryImageOfPage":{"@id":"https:\/\/staging.lucky-hunter.com\/product\/banded-foldable-hunting-chair\/#primaryimage"},"image":{"@id":"https:\/\/staging.lucky-hunter.com\/product\/banded-foldable-hunting-chair\/#primaryimage"},"thumbnailUrl":"https:\/\/staging.lucky-hunter.com\/wp-content\/uploads\/2019\/06\/PU-29.png","datePublished":"2019-06-12T07:09:05+00:00","dateModified":"2023-03-15T09:49:14+00:00","description":"Banded Foldable Hunting Chair. 360-degree swivel, backrest and very comfortable seat. The ideal chair for hunting, fishing, camping and more.","breadcrumb":{"@id":"https:\/\/staging.lucky-hunter.com\/product\/banded-foldable-hunting-chair\/#breadcrumb"},"inLanguage":"fr-FR","potentialAction":[{"@type":"ReadAction","target":["https:\/\/staging.lucky-hunter.com\/product\/banded-foldable-hunting-chair\/"]}]},{"@type":"ImageObject","inLanguage":"fr-FR","@id":"https:\/\/staging.lucky-hunter.com\/product\/banded-foldable-hunting-chair\/#primaryimage","url":"https:\/\/staging.lucky-hunter.com\/wp-content\/uploads\/2019\/06\/PU-29.png","contentUrl":"https:\/\/staging.lucky-hunter.com\/wp-content\/uploads\/2019\/06\/PU-29.png","width":1000,"height":1000},{"@type":"BreadcrumbList","@id":"https:\/\/staging.lucky-hunter.com\/product\/banded-foldable-hunting-chair\/#breadcrumb","itemListElement":[{"@type":"ListItem","position":1,"name":"Home","item":"https:\/\/staging.lucky-hunter.com\/fr\/"},{"@type":"ListItem","position":2,"name":"Boutique","item":"https:\/\/staging.lucky-hunter.com\/fr\/shop\/"},{"@type":"ListItem","position":3,"name":"Chaise de Chasse Pliante Banded"}]},{"@type":"WebSite","@id":"https:\/\/staging.lucky-hunter.com\/#website","url":"https:\/\/staging.lucky-hunter.com\/","name":"Lucky-Hunter","description":"Gear Up or Give Up","potentialAction":[{"@type":"SearchAction","target":{"@type":"EntryPoint","urlTemplate":"https:\/\/staging.lucky-hunter.com\/?s={search_term_string}"},"query-input":{"@type":"PropertyValueSpecification","valueRequired":true,"valueName":"search_term_string"}}],"inLanguage":"fr-FR"}]}},"_links":{"self":[{"href":"https:\/\/staging.lucky-hunter.com\/fr\/wp-json\/wp\/v2\/product\/31541"}],"collection":[{"href":"https:\/\/staging.lucky-hunter.com\/fr\/wp-json\/wp\/v2\/product"}],"about":[{"href":"https:\/\/staging.lucky-hunter.com\/fr\/wp-json\/wp\/v2\/types\/product"}],"wp:featuredmedia":[{"embeddable":true,"href":"https:\/\/staging.lucky-hunter.com\/fr\/wp-json\/wp\/v2\/media\/64328"}],"wp:attachment":[{"href":"https:\/\/staging.lucky-hunter.com\/fr\/wp-json\/wp\/v2\/media?parent=31541"}],"wp:term":[{"taxonomy":"product_brand","embeddable":true,"href":"https:\/\/staging.lucky-hunter.com\/fr\/wp-json\/wp\/v2\/product_brand?post=31541"},{"taxonomy":"product_cat","embeddable":true,"href":"https:\/\/staging.lucky-hunter.com\/fr\/wp-json\/wp\/v2\/product_cat?post=31541"},{"taxonomy":"product_tag","embeddable":true,"href":"https:\/\/staging.lucky-hunter.com\/fr\/wp-json\/wp\/v2\/product_tag?post=31541"}],"curies":[{"name":"wp","href":"https:\/\/api.w.org\/{rel}","templated":true}]}}