{"id":31540,"date":"2022-04-12T12:10:15","date_gmt":"2022-04-12T10:10:15","guid":{"rendered":"https:\/\/staging.lucky-hunter.com\/product\/tickless-hunter\/"},"modified":"2025-06-24T14:35:30","modified_gmt":"2025-06-24T12:35:30","slug":"tickless-hunter","status":"publish","type":"product","link":"https:\/\/staging.lucky-hunter.com\/fr\/product\/tickless-hunter\/","title":{"rendered":"Tickless HUNTER"},"content":{"rendered":"<h2><strong>Tickless vous prot\u00e8ge contre les tiques et les puces &#8211; Sans aucun produit chimique !<\/strong><\/h2>\n<div>Tickless HUNTER est parfait pour repousser les attaques de tiques et de puces lorsque vous chassez, campez, faites de la randonn\u00e9e ou similaire.<\/div>\n<div><\/div>\n<div>Fixez l&#8217;appareil sur la partie externe de votre v\u00eatement (pas dans une poche). Il fonctionne en \u00e9mettant une s\u00e9rie d&#8217;impulsions ultrasonores qui sont imperceptibles pour les humains, les animaux domestiques ou la faune, mais d\u00e9rangent et \u00e9loignent les tiques et les puces.<\/div>\n<div><\/div>\n<div>L\u2019appareil n\u2019utilise aucun produit chimique !<\/div>\n<div><\/div>\n<div>Tickless HUNTER fonctionne dans un rayon d&#8217;env. 2 m\u00e8tres autour de vous et dure jusqu&#8217;\u00e0 3 000 heures. Il s\u2019agit donc d\u2019une protection vraiment efficace et bon march\u00e9.<\/div>\n<div><\/div>\n<div>L&#8217;appareil \u00e9tant tr\u00e8s r\u00e9sistant \u00e0 l&#8217;humidit\u00e9 (IP31), il peut \u00eatre utilis\u00e9 par temps de pluie et ce n&#8217;est pas grave s\u2019il re\u00e7oit des \u00e9claboussures.<\/div>\n<div><\/div>\n<div><strong>Remarque\u00a0! Tickless fonctionne dans un syst\u00e8me ferm\u00e9, de sorte que la batterie ne peut pas \u00eatre remplac\u00e9e. Si vous ouvrez l&#8217;appareil pour changer la pile, il cessera de fonctionner et ne sera plus couvert par la garantie.<\/strong><\/div>\n<div><\/div>\n<div>2 couleurs disponibles : Vert ou Orange<\/div>\n","protected":false},"excerpt":{"rendered":"<p>Tickless HUNTER est parfait pour repousser les attaques de tiques et de puces lorsque vous chassez, campez, faites de la randonn\u00e9e ou similaire.<\/p>\n","protected":false},"featured_media":30812,"template":"","meta":[],"product_brand":[9511],"product_cat":[9383],"product_tag":[],"yoast_head":"<!-- This site is optimized with the Yoast SEO plugin v24.3 - https:\/\/yoast.com\/wordpress\/plugins\/seo\/ -->\n<title>Tickless HUNTER | Tickless vous prot\u00e8ge contre les tiques et les puces<\/title>\n<meta name=\"description\" content=\"Tickless HUNTER est parfait pour repousser les attaques de tiques et de puces lorsque vous chassez, campez, faites de la randonn\u00e9e ou similaire.\" \/>\n<meta name=\"robots\" content=\"noindex, follow, max-snippet:-1, max-image-preview:large, max-video-preview:-1\" \/>\n<meta property=\"og:locale\" content=\"fr_FR\" \/>\n<meta property=\"og:type\" content=\"article\" \/>\n<meta property=\"og:title\" content=\"Tickless HUNTER | Tickless vous prot\u00e8ge contre les tiques et les puces\" \/>\n<meta property=\"og:description\" content=\"Tickless HUNTER est parfait pour repousser les attaques de tiques et de puces lorsque vous chassez, campez, faites de la randonn\u00e9e ou similaire.\" \/>\n<meta property=\"og:url\" content=\"https:\/\/staging.lucky-hunter.com\/product\/tickless-hunter\/\" \/>\n<meta property=\"og:site_name\" content=\"Lucky-Hunter\" \/>\n<meta property=\"article:modified_time\" content=\"2025-06-24T12:35:30+00:00\" \/>\n<meta property=\"og:image\" content=\"https:\/\/staging.lucky-hunter.com\/wp-content\/uploads\/2022\/04\/570221-510x510-1.png\" \/>\n\t<meta property=\"og:image:width\" content=\"510\" \/>\n\t<meta property=\"og:image:height\" content=\"510\" \/>\n\t<meta property=\"og:image:type\" content=\"image\/png\" \/>\n<meta name=\"twitter:card\" content=\"summary_large_image\" \/>\n<meta name=\"twitter:label1\" content=\"Dur\u00e9e de lecture estim\u00e9e\" \/>\n\t<meta name=\"twitter:data1\" content=\"1 minute\" \/>\n<script type=\"application\/ld+json\" class=\"yoast-schema-graph\">{\"@context\":\"https:\/\/schema.org\",\"@graph\":[{\"@type\":\"WebPage\",\"@id\":\"https:\/\/staging.lucky-hunter.com\/product\/tickless-hunter\/\",\"url\":\"https:\/\/staging.lucky-hunter.com\/product\/tickless-hunter\/\",\"name\":\"Tickless HUNTER | Tickless vous prot\u00e8ge contre les tiques et les puces\",\"isPartOf\":{\"@id\":\"https:\/\/staging.lucky-hunter.com\/#website\"},\"primaryImageOfPage\":{\"@id\":\"https:\/\/staging.lucky-hunter.com\/product\/tickless-hunter\/#primaryimage\"},\"image\":{\"@id\":\"https:\/\/staging.lucky-hunter.com\/product\/tickless-hunter\/#primaryimage\"},\"thumbnailUrl\":\"https:\/\/staging.lucky-hunter.com\/wp-content\/uploads\/2022\/04\/570221-510x510-1.png\",\"datePublished\":\"2022-04-12T10:10:15+00:00\",\"dateModified\":\"2025-06-24T12:35:30+00:00\",\"description\":\"Tickless HUNTER est parfait pour repousser les attaques de tiques et de puces lorsque vous chassez, campez, faites de la randonn\u00e9e ou similaire.\",\"breadcrumb\":{\"@id\":\"https:\/\/staging.lucky-hunter.com\/product\/tickless-hunter\/#breadcrumb\"},\"inLanguage\":\"fr-FR\",\"potentialAction\":[{\"@type\":\"ReadAction\",\"target\":[\"https:\/\/staging.lucky-hunter.com\/product\/tickless-hunter\/\"]}]},{\"@type\":\"ImageObject\",\"inLanguage\":\"fr-FR\",\"@id\":\"https:\/\/staging.lucky-hunter.com\/product\/tickless-hunter\/#primaryimage\",\"url\":\"https:\/\/staging.lucky-hunter.com\/wp-content\/uploads\/2022\/04\/570221-510x510-1.png\",\"contentUrl\":\"https:\/\/staging.lucky-hunter.com\/wp-content\/uploads\/2022\/04\/570221-510x510-1.png\",\"width\":510,\"height\":510},{\"@type\":\"BreadcrumbList\",\"@id\":\"https:\/\/staging.lucky-hunter.com\/product\/tickless-hunter\/#breadcrumb\",\"itemListElement\":[{\"@type\":\"ListItem\",\"position\":1,\"name\":\"Home\",\"item\":\"https:\/\/staging.lucky-hunter.com\/fr\/\"},{\"@type\":\"ListItem\",\"position\":2,\"name\":\"Boutique\",\"item\":\"https:\/\/staging.lucky-hunter.com\/fr\/shop\/\"},{\"@type\":\"ListItem\",\"position\":3,\"name\":\"Tickless HUNTER\"}]},{\"@type\":\"WebSite\",\"@id\":\"https:\/\/staging.lucky-hunter.com\/#website\",\"url\":\"https:\/\/staging.lucky-hunter.com\/\",\"name\":\"Lucky-Hunter\",\"description\":\"Gear Up or Give Up\",\"potentialAction\":[{\"@type\":\"SearchAction\",\"target\":{\"@type\":\"EntryPoint\",\"urlTemplate\":\"https:\/\/staging.lucky-hunter.com\/?s={search_term_string}\"},\"query-input\":{\"@type\":\"PropertyValueSpecification\",\"valueRequired\":true,\"valueName\":\"search_term_string\"}}],\"inLanguage\":\"fr-FR\"}]}<\/script>\n<!-- \/ Yoast SEO plugin. -->","yoast_head_json":{"title":"Tickless HUNTER | Tickless vous prot\u00e8ge contre les tiques et les puces","description":"Tickless HUNTER est parfait pour repousser les attaques de tiques et de puces lorsque vous chassez, campez, faites de la randonn\u00e9e ou similaire.","robots":{"index":"noindex","follow":"follow","max-snippet":"max-snippet:-1","max-image-preview":"max-image-preview:large","max-video-preview":"max-video-preview:-1"},"og_locale":"fr_FR","og_type":"article","og_title":"Tickless HUNTER | Tickless vous prot\u00e8ge contre les tiques et les puces","og_description":"Tickless HUNTER est parfait pour repousser les attaques de tiques et de puces lorsque vous chassez, campez, faites de la randonn\u00e9e ou similaire.","og_url":"https:\/\/staging.lucky-hunter.com\/product\/tickless-hunter\/","og_site_name":"Lucky-Hunter","article_modified_time":"2025-06-24T12:35:30+00:00","og_image":[{"width":510,"height":510,"url":"https:\/\/staging.lucky-hunter.com\/wp-content\/uploads\/2022\/04\/570221-510x510-1.png","type":"image\/png"}],"twitter_card":"summary_large_image","twitter_misc":{"Dur\u00e9e de lecture estim\u00e9e":"1 minute"},"schema":{"@context":"https:\/\/schema.org","@graph":[{"@type":"WebPage","@id":"https:\/\/staging.lucky-hunter.com\/product\/tickless-hunter\/","url":"https:\/\/staging.lucky-hunter.com\/product\/tickless-hunter\/","name":"Tickless HUNTER | Tickless vous prot\u00e8ge contre les tiques et les puces","isPartOf":{"@id":"https:\/\/staging.lucky-hunter.com\/#website"},"primaryImageOfPage":{"@id":"https:\/\/staging.lucky-hunter.com\/product\/tickless-hunter\/#primaryimage"},"image":{"@id":"https:\/\/staging.lucky-hunter.com\/product\/tickless-hunter\/#primaryimage"},"thumbnailUrl":"https:\/\/staging.lucky-hunter.com\/wp-content\/uploads\/2022\/04\/570221-510x510-1.png","datePublished":"2022-04-12T10:10:15+00:00","dateModified":"2025-06-24T12:35:30+00:00","description":"Tickless HUNTER est parfait pour repousser les attaques de tiques et de puces lorsque vous chassez, campez, faites de la randonn\u00e9e ou similaire.","breadcrumb":{"@id":"https:\/\/staging.lucky-hunter.com\/product\/tickless-hunter\/#breadcrumb"},"inLanguage":"fr-FR","potentialAction":[{"@type":"ReadAction","target":["https:\/\/staging.lucky-hunter.com\/product\/tickless-hunter\/"]}]},{"@type":"ImageObject","inLanguage":"fr-FR","@id":"https:\/\/staging.lucky-hunter.com\/product\/tickless-hunter\/#primaryimage","url":"https:\/\/staging.lucky-hunter.com\/wp-content\/uploads\/2022\/04\/570221-510x510-1.png","contentUrl":"https:\/\/staging.lucky-hunter.com\/wp-content\/uploads\/2022\/04\/570221-510x510-1.png","width":510,"height":510},{"@type":"BreadcrumbList","@id":"https:\/\/staging.lucky-hunter.com\/product\/tickless-hunter\/#breadcrumb","itemListElement":[{"@type":"ListItem","position":1,"name":"Home","item":"https:\/\/staging.lucky-hunter.com\/fr\/"},{"@type":"ListItem","position":2,"name":"Boutique","item":"https:\/\/staging.lucky-hunter.com\/fr\/shop\/"},{"@type":"ListItem","position":3,"name":"Tickless HUNTER"}]},{"@type":"WebSite","@id":"https:\/\/staging.lucky-hunter.com\/#website","url":"https:\/\/staging.lucky-hunter.com\/","name":"Lucky-Hunter","description":"Gear Up or Give Up","potentialAction":[{"@type":"SearchAction","target":{"@type":"EntryPoint","urlTemplate":"https:\/\/staging.lucky-hunter.com\/?s={search_term_string}"},"query-input":{"@type":"PropertyValueSpecification","valueRequired":true,"valueName":"search_term_string"}}],"inLanguage":"fr-FR"}]}},"_links":{"self":[{"href":"https:\/\/staging.lucky-hunter.com\/fr\/wp-json\/wp\/v2\/product\/31540"}],"collection":[{"href":"https:\/\/staging.lucky-hunter.com\/fr\/wp-json\/wp\/v2\/product"}],"about":[{"href":"https:\/\/staging.lucky-hunter.com\/fr\/wp-json\/wp\/v2\/types\/product"}],"wp:featuredmedia":[{"embeddable":true,"href":"https:\/\/staging.lucky-hunter.com\/fr\/wp-json\/wp\/v2\/media\/30812"}],"wp:attachment":[{"href":"https:\/\/staging.lucky-hunter.com\/fr\/wp-json\/wp\/v2\/media?parent=31540"}],"wp:term":[{"taxonomy":"product_brand","embeddable":true,"href":"https:\/\/staging.lucky-hunter.com\/fr\/wp-json\/wp\/v2\/product_brand?post=31540"},{"taxonomy":"product_cat","embeddable":true,"href":"https:\/\/staging.lucky-hunter.com\/fr\/wp-json\/wp\/v2\/product_cat?post=31540"},{"taxonomy":"product_tag","embeddable":true,"href":"https:\/\/staging.lucky-hunter.com\/fr\/wp-json\/wp\/v2\/product_tag?post=31540"}],"curies":[{"name":"wp","href":"https:\/\/api.w.org\/{rel}","templated":true}]}}