{"id":31537,"date":"2017-02-27T17:59:16","date_gmt":"2017-02-27T16:59:16","guid":{"rendered":"https:\/\/staging.lucky-hunter.com\/product\/maalskydning-2217-kaliber\/"},"modified":"2025-07-01T15:11:06","modified_gmt":"2025-07-01T13:11:06","slug":"arbre-de-tir-sur-cible-calibre-22","status":"publish","type":"product","link":"https:\/\/staging.lucky-hunter.com\/fr\/product\/arbre-de-tir-sur-cible-calibre-22\/","title":{"rendered":"Arbre de tir sur cible &#8211; Calibre 22"},"content":{"rendered":"<p>Avec cet astucieux dispositif de tir sur cible cible du fabricant am\u00e9ricain Do All Outdoors, vous pouvez travailler votre pr\u00e9cision ou d\u00e9fier un compagnon de chasse pour voir qui est le meilleur tireur.<\/p>\n<p>Les 6 cibles rondes tournent de droite \u00e0 gauche ou de gauche \u00e0 droite, et reviennent \u00e0 leur place automatiquement \u00e0 l&#8217;aide d&#8217;un m\u00e9canisme \u00e0 ressort.<\/p>\n<p>La cible peut \u00eatre utilis\u00e9e pour un canon de calibre 22\/17 \u00e0 une distance d&#8217;au moins 92 m\u00e8tres.<\/p>\n<p>Fabriqu\u00e9 en acier de haute qualit\u00e9.<\/p>\n<p>Poids : 8 kg.<\/p>\n","protected":false},"excerpt":{"rendered":"<p>Avec cet astucieux dispositif de tir sur cible cible du fabricant am\u00e9ricain Do All Outdoors, vous pouvez travailler votre pr\u00e9cision ou d\u00e9fier un compagnon de chasse pour voir qui est le meilleur tireur.<\/p>\n","protected":false},"featured_media":29992,"template":"","meta":[],"product_brand":[8134],"product_cat":[8172],"product_tag":[],"yoast_head":"<!-- This site is optimized with the Yoast SEO plugin v24.3 - https:\/\/yoast.com\/wordpress\/plugins\/seo\/ -->\n<title>Arbre de tir sur cible - Calibre 22<\/title>\n<meta name=\"description\" content=\"Avec cet astucieux dispositif de tir sur cible cible du fabricant am\u00e9ricain Do All Outdoors, vous pouvez travailler votre pr\u00e9cision.\" \/>\n<meta name=\"robots\" content=\"noindex, follow, max-snippet:-1, max-image-preview:large, max-video-preview:-1\" \/>\n<meta property=\"og:locale\" content=\"fr_FR\" \/>\n<meta property=\"og:type\" content=\"article\" \/>\n<meta property=\"og:title\" content=\"Arbre de tir sur cible - Calibre 22\" \/>\n<meta property=\"og:description\" content=\"Avec cet astucieux dispositif de tir sur cible cible du fabricant am\u00e9ricain Do All Outdoors, vous pouvez travailler votre pr\u00e9cision.\" \/>\n<meta property=\"og:url\" content=\"https:\/\/staging.lucky-hunter.com\/product\/target-2217-kaliber\/\" \/>\n<meta property=\"og:site_name\" content=\"Lucky-Hunter\" \/>\n<meta property=\"article:modified_time\" content=\"2025-07-01T13:11:06+00:00\" \/>\n<meta property=\"og:image\" content=\"https:\/\/staging.lucky-hunter.com\/wp-content\/uploads\/2017\/02\/SM-30.png\" \/>\n\t<meta property=\"og:image:width\" content=\"1200\" \/>\n\t<meta property=\"og:image:height\" content=\"1200\" \/>\n\t<meta property=\"og:image:type\" content=\"image\/png\" \/>\n<meta name=\"twitter:card\" content=\"summary_large_image\" \/>\n<meta name=\"twitter:label1\" content=\"Dur\u00e9e de lecture estim\u00e9e\" \/>\n\t<meta name=\"twitter:data1\" content=\"1 minute\" \/>\n<script type=\"application\/ld+json\" class=\"yoast-schema-graph\">{\"@context\":\"https:\/\/schema.org\",\"@graph\":[{\"@type\":\"WebPage\",\"@id\":\"https:\/\/staging.lucky-hunter.com\/product\/target-2217-kaliber\/\",\"url\":\"https:\/\/staging.lucky-hunter.com\/product\/target-2217-kaliber\/\",\"name\":\"Arbre de tir sur cible - Calibre 22\",\"isPartOf\":{\"@id\":\"https:\/\/staging.lucky-hunter.com\/#website\"},\"primaryImageOfPage\":{\"@id\":\"https:\/\/staging.lucky-hunter.com\/product\/target-2217-kaliber\/#primaryimage\"},\"image\":{\"@id\":\"https:\/\/staging.lucky-hunter.com\/product\/target-2217-kaliber\/#primaryimage\"},\"thumbnailUrl\":\"https:\/\/staging.lucky-hunter.com\/wp-content\/uploads\/2017\/02\/SM-30.png\",\"datePublished\":\"2017-02-27T16:59:16+00:00\",\"dateModified\":\"2025-07-01T13:11:06+00:00\",\"description\":\"Avec cet astucieux dispositif de tir sur cible cible du fabricant am\u00e9ricain Do All Outdoors, vous pouvez travailler votre pr\u00e9cision.\",\"breadcrumb\":{\"@id\":\"https:\/\/staging.lucky-hunter.com\/product\/target-2217-kaliber\/#breadcrumb\"},\"inLanguage\":\"fr-FR\",\"potentialAction\":[{\"@type\":\"ReadAction\",\"target\":[\"https:\/\/staging.lucky-hunter.com\/product\/target-2217-kaliber\/\"]}]},{\"@type\":\"ImageObject\",\"inLanguage\":\"fr-FR\",\"@id\":\"https:\/\/staging.lucky-hunter.com\/product\/target-2217-kaliber\/#primaryimage\",\"url\":\"https:\/\/staging.lucky-hunter.com\/wp-content\/uploads\/2017\/02\/SM-30.png\",\"contentUrl\":\"https:\/\/staging.lucky-hunter.com\/wp-content\/uploads\/2017\/02\/SM-30.png\",\"width\":1200,\"height\":1200},{\"@type\":\"BreadcrumbList\",\"@id\":\"https:\/\/staging.lucky-hunter.com\/product\/target-2217-kaliber\/#breadcrumb\",\"itemListElement\":[{\"@type\":\"ListItem\",\"position\":1,\"name\":\"Home\",\"item\":\"https:\/\/staging.lucky-hunter.com\/fr\/\"},{\"@type\":\"ListItem\",\"position\":2,\"name\":\"Boutique\",\"item\":\"https:\/\/staging.lucky-hunter.com\/fr\/shop\/\"},{\"@type\":\"ListItem\",\"position\":3,\"name\":\"Arbre de tir sur cible &#8211; Calibre 22\"}]},{\"@type\":\"WebSite\",\"@id\":\"https:\/\/staging.lucky-hunter.com\/#website\",\"url\":\"https:\/\/staging.lucky-hunter.com\/\",\"name\":\"Lucky-Hunter\",\"description\":\"Gear Up or Give Up\",\"potentialAction\":[{\"@type\":\"SearchAction\",\"target\":{\"@type\":\"EntryPoint\",\"urlTemplate\":\"https:\/\/staging.lucky-hunter.com\/?s={search_term_string}\"},\"query-input\":{\"@type\":\"PropertyValueSpecification\",\"valueRequired\":true,\"valueName\":\"search_term_string\"}}],\"inLanguage\":\"fr-FR\"}]}<\/script>\n<!-- \/ Yoast SEO plugin. -->","yoast_head_json":{"title":"Arbre de tir sur cible - Calibre 22","description":"Avec cet astucieux dispositif de tir sur cible cible du fabricant am\u00e9ricain Do All Outdoors, vous pouvez travailler votre pr\u00e9cision.","robots":{"index":"noindex","follow":"follow","max-snippet":"max-snippet:-1","max-image-preview":"max-image-preview:large","max-video-preview":"max-video-preview:-1"},"og_locale":"fr_FR","og_type":"article","og_title":"Arbre de tir sur cible - Calibre 22","og_description":"Avec cet astucieux dispositif de tir sur cible cible du fabricant am\u00e9ricain Do All Outdoors, vous pouvez travailler votre pr\u00e9cision.","og_url":"https:\/\/staging.lucky-hunter.com\/product\/target-2217-kaliber\/","og_site_name":"Lucky-Hunter","article_modified_time":"2025-07-01T13:11:06+00:00","og_image":[{"width":1200,"height":1200,"url":"https:\/\/staging.lucky-hunter.com\/wp-content\/uploads\/2017\/02\/SM-30.png","type":"image\/png"}],"twitter_card":"summary_large_image","twitter_misc":{"Dur\u00e9e de lecture estim\u00e9e":"1 minute"},"schema":{"@context":"https:\/\/schema.org","@graph":[{"@type":"WebPage","@id":"https:\/\/staging.lucky-hunter.com\/product\/target-2217-kaliber\/","url":"https:\/\/staging.lucky-hunter.com\/product\/target-2217-kaliber\/","name":"Arbre de tir sur cible - Calibre 22","isPartOf":{"@id":"https:\/\/staging.lucky-hunter.com\/#website"},"primaryImageOfPage":{"@id":"https:\/\/staging.lucky-hunter.com\/product\/target-2217-kaliber\/#primaryimage"},"image":{"@id":"https:\/\/staging.lucky-hunter.com\/product\/target-2217-kaliber\/#primaryimage"},"thumbnailUrl":"https:\/\/staging.lucky-hunter.com\/wp-content\/uploads\/2017\/02\/SM-30.png","datePublished":"2017-02-27T16:59:16+00:00","dateModified":"2025-07-01T13:11:06+00:00","description":"Avec cet astucieux dispositif de tir sur cible cible du fabricant am\u00e9ricain Do All Outdoors, vous pouvez travailler votre pr\u00e9cision.","breadcrumb":{"@id":"https:\/\/staging.lucky-hunter.com\/product\/target-2217-kaliber\/#breadcrumb"},"inLanguage":"fr-FR","potentialAction":[{"@type":"ReadAction","target":["https:\/\/staging.lucky-hunter.com\/product\/target-2217-kaliber\/"]}]},{"@type":"ImageObject","inLanguage":"fr-FR","@id":"https:\/\/staging.lucky-hunter.com\/product\/target-2217-kaliber\/#primaryimage","url":"https:\/\/staging.lucky-hunter.com\/wp-content\/uploads\/2017\/02\/SM-30.png","contentUrl":"https:\/\/staging.lucky-hunter.com\/wp-content\/uploads\/2017\/02\/SM-30.png","width":1200,"height":1200},{"@type":"BreadcrumbList","@id":"https:\/\/staging.lucky-hunter.com\/product\/target-2217-kaliber\/#breadcrumb","itemListElement":[{"@type":"ListItem","position":1,"name":"Home","item":"https:\/\/staging.lucky-hunter.com\/fr\/"},{"@type":"ListItem","position":2,"name":"Boutique","item":"https:\/\/staging.lucky-hunter.com\/fr\/shop\/"},{"@type":"ListItem","position":3,"name":"Arbre de tir sur cible &#8211; Calibre 22"}]},{"@type":"WebSite","@id":"https:\/\/staging.lucky-hunter.com\/#website","url":"https:\/\/staging.lucky-hunter.com\/","name":"Lucky-Hunter","description":"Gear Up or Give Up","potentialAction":[{"@type":"SearchAction","target":{"@type":"EntryPoint","urlTemplate":"https:\/\/staging.lucky-hunter.com\/?s={search_term_string}"},"query-input":{"@type":"PropertyValueSpecification","valueRequired":true,"valueName":"search_term_string"}}],"inLanguage":"fr-FR"}]}},"_links":{"self":[{"href":"https:\/\/staging.lucky-hunter.com\/fr\/wp-json\/wp\/v2\/product\/31537"}],"collection":[{"href":"https:\/\/staging.lucky-hunter.com\/fr\/wp-json\/wp\/v2\/product"}],"about":[{"href":"https:\/\/staging.lucky-hunter.com\/fr\/wp-json\/wp\/v2\/types\/product"}],"wp:featuredmedia":[{"embeddable":true,"href":"https:\/\/staging.lucky-hunter.com\/fr\/wp-json\/wp\/v2\/media\/29992"}],"wp:attachment":[{"href":"https:\/\/staging.lucky-hunter.com\/fr\/wp-json\/wp\/v2\/media?parent=31537"}],"wp:term":[{"taxonomy":"product_brand","embeddable":true,"href":"https:\/\/staging.lucky-hunter.com\/fr\/wp-json\/wp\/v2\/product_brand?post=31537"},{"taxonomy":"product_cat","embeddable":true,"href":"https:\/\/staging.lucky-hunter.com\/fr\/wp-json\/wp\/v2\/product_cat?post=31537"},{"taxonomy":"product_tag","embeddable":true,"href":"https:\/\/staging.lucky-hunter.com\/fr\/wp-json\/wp\/v2\/product_tag?post=31537"}],"curies":[{"name":"wp","href":"https:\/\/api.w.org\/{rel}","templated":true}]}}