{"id":31536,"date":"2017-04-07T13:53:06","date_gmt":"2017-04-07T11:53:06","guid":{"rendered":"https:\/\/staging.lucky-hunter.com\/product\/rigem-right-neoprene-hand-warmer\/"},"modified":"2023-03-15T10:57:29","modified_gmt":"2023-03-15T09:57:29","slug":"rigem-right-neoprene-hand-warmer","status":"publish","type":"product","link":"https:\/\/staging.lucky-hunter.com\/fr\/product\/rigem-right-neoprene-hand-warmer\/","title":{"rendered":"Poche Chauffe-mains en N\u00e9opr\u00e8ne Rig&#8217;Em Right"},"content":{"rendered":"<h2><strong>Ceinture \u00e0 \u00e9quipement avec poche chauffe-mains &#8211; Id\u00e9ale pour chasser dans toutes les circonstances<\/strong><\/h2>\n<p>Avec cette poche chauffe-mains Rig&#8217;Em Right en n\u00e9opr\u00e8ne, vous n&#8217;aurez plus besoin de porter d\u2019\u00e9pais gants encombrants lorsque vous chassez.<\/p>\n<p>La poche chauffe-mains est con\u00e7ue pour \u00eatre chaude et facile d\u2019acc\u00e8s.<\/p>\n<p>Dot\u00e9e de deux grandes pochettes cargo pour un acc\u00e8s rapide aux munitions sans les tracas des cartouchi\u00e8res \u00e0 emplacements individuels.<\/p>\n<p>Les pochettes \u00e9paisses en n\u00e9opr\u00e8ne prot\u00e8gent les munitions, et les poches int\u00e9rieures \u00e0 fermeture \u00e9clair sont id\u00e9ales pour ranger le permis de chasse, le t\u00e9l\u00e9phone portable, les appeaux, les cl\u00e9s ou d&#8217;autres objets de valeur.<\/p>\n<p>Comporte une ceinture amovible int\u00e9gr\u00e9e ainsi que des attaches m\u00e9talliques robustes qui permettent de fixer l\u2019accessoire \u00e0 des waders.<\/p>\n<p>Gr\u00e2ce \u00e0 la doublure en polaire douce, les mains restent au chaud et sont toujours pr\u00eates pour la g\u00e2chette.<\/p>\n<p>Fabriqu\u00e9 en n\u00e9opr\u00e8ne \u00e9pais pour une utilisation par tous les temps.<\/p>\n<p>Motif camouflage MAX5.<\/p>\n<div class=\"video video-fit mb\" style=\"padding-top:56.25%;\"><p><iframe width=\"1020\" height=\"574\" src=\"https:\/\/www.youtube.com\/embed\/42goXf0HVEE?wmode=transparent&amp;rel=0&amp;feature=oembed\" frameborder=\"0\" allowfullscreen><\/iframe><\/p>\n<\/div>\n","protected":false},"excerpt":{"rendered":"<p>With this Rig&#8217;Em Right neoprene hand warmer you no longer need to wear bulky gloves when you are hunting.\u00a0The hand warmer is designed for warmth and accessibility.<\/p>\n","protected":false},"featured_media":57392,"template":"","meta":[],"product_brand":[8127],"product_cat":[9383],"product_tag":[9235],"yoast_head":"<!-- This site is optimized with the Yoast SEO plugin v24.3 - https:\/\/yoast.com\/wordpress\/plugins\/seo\/ -->\n<title>Rig&#039;Em Right Neoprene Hand Warmer - Combined hand warmer and gear belt - Ideal for all hunting situations<\/title>\n<meta name=\"description\" content=\"With this Rig&#039;Em Right neoprene hand warmer you no longer need to wear bulky gloves when you are hunting. Features two large cargo pockets.\" \/>\n<meta name=\"robots\" content=\"noindex, follow, max-snippet:-1, max-image-preview:large, max-video-preview:-1\" \/>\n<meta property=\"og:locale\" content=\"fr_FR\" \/>\n<meta property=\"og:type\" content=\"article\" \/>\n<meta property=\"og:title\" content=\"Rig&#039;Em Right Neoprene Hand Warmer - Combined hand warmer and gear belt - Ideal for all hunting situations\" \/>\n<meta property=\"og:description\" content=\"With this Rig&#039;Em Right neoprene hand warmer you no longer need to wear bulky gloves when you are hunting. Features two large cargo pockets.\" \/>\n<meta property=\"og:url\" content=\"https:\/\/staging.lucky-hunter.com\/product\/rigem-right-neoprene-hand-warmer\/\" \/>\n<meta property=\"og:site_name\" content=\"Lucky-Hunter\" \/>\n<meta property=\"article:modified_time\" content=\"2023-03-15T09:57:29+00:00\" \/>\n<meta property=\"og:image\" content=\"https:\/\/staging.lucky-hunter.com\/wp-content\/uploads\/2017\/04\/PU-205-1.png\" \/>\n\t<meta property=\"og:image:width\" content=\"1000\" \/>\n\t<meta property=\"og:image:height\" content=\"1000\" \/>\n\t<meta property=\"og:image:type\" content=\"image\/png\" \/>\n<meta name=\"twitter:card\" content=\"summary_large_image\" \/>\n<meta name=\"twitter:label1\" content=\"Dur\u00e9e de lecture estim\u00e9e\" \/>\n\t<meta name=\"twitter:data1\" content=\"1 minute\" \/>\n<script type=\"application\/ld+json\" class=\"yoast-schema-graph\">{\"@context\":\"https:\/\/schema.org\",\"@graph\":[{\"@type\":\"WebPage\",\"@id\":\"https:\/\/staging.lucky-hunter.com\/product\/rigem-right-neoprene-hand-warmer\/\",\"url\":\"https:\/\/staging.lucky-hunter.com\/product\/rigem-right-neoprene-hand-warmer\/\",\"name\":\"Rig'Em Right Neoprene Hand Warmer - Combined hand warmer and gear belt - Ideal for all hunting situations\",\"isPartOf\":{\"@id\":\"https:\/\/staging.lucky-hunter.com\/#website\"},\"primaryImageOfPage\":{\"@id\":\"https:\/\/staging.lucky-hunter.com\/product\/rigem-right-neoprene-hand-warmer\/#primaryimage\"},\"image\":{\"@id\":\"https:\/\/staging.lucky-hunter.com\/product\/rigem-right-neoprene-hand-warmer\/#primaryimage\"},\"thumbnailUrl\":\"https:\/\/staging.lucky-hunter.com\/wp-content\/uploads\/2017\/04\/PU-205-1.png\",\"datePublished\":\"2017-04-07T11:53:06+00:00\",\"dateModified\":\"2023-03-15T09:57:29+00:00\",\"description\":\"With this Rig'Em Right neoprene hand warmer you no longer need to wear bulky gloves when you are hunting. Features two large cargo pockets.\",\"breadcrumb\":{\"@id\":\"https:\/\/staging.lucky-hunter.com\/product\/rigem-right-neoprene-hand-warmer\/#breadcrumb\"},\"inLanguage\":\"fr-FR\",\"potentialAction\":[{\"@type\":\"ReadAction\",\"target\":[\"https:\/\/staging.lucky-hunter.com\/product\/rigem-right-neoprene-hand-warmer\/\"]}]},{\"@type\":\"ImageObject\",\"inLanguage\":\"fr-FR\",\"@id\":\"https:\/\/staging.lucky-hunter.com\/product\/rigem-right-neoprene-hand-warmer\/#primaryimage\",\"url\":\"https:\/\/staging.lucky-hunter.com\/wp-content\/uploads\/2017\/04\/PU-205-1.png\",\"contentUrl\":\"https:\/\/staging.lucky-hunter.com\/wp-content\/uploads\/2017\/04\/PU-205-1.png\",\"width\":1000,\"height\":1000,\"caption\":\"rig'em right\"},{\"@type\":\"BreadcrumbList\",\"@id\":\"https:\/\/staging.lucky-hunter.com\/product\/rigem-right-neoprene-hand-warmer\/#breadcrumb\",\"itemListElement\":[{\"@type\":\"ListItem\",\"position\":1,\"name\":\"Home\",\"item\":\"https:\/\/staging.lucky-hunter.com\/fr\/\"},{\"@type\":\"ListItem\",\"position\":2,\"name\":\"Boutique\",\"item\":\"https:\/\/staging.lucky-hunter.com\/fr\/shop\/\"},{\"@type\":\"ListItem\",\"position\":3,\"name\":\"Poche Chauffe-mains en N\u00e9opr\u00e8ne Rig&#8217;Em Right\"}]},{\"@type\":\"WebSite\",\"@id\":\"https:\/\/staging.lucky-hunter.com\/#website\",\"url\":\"https:\/\/staging.lucky-hunter.com\/\",\"name\":\"Lucky-Hunter\",\"description\":\"Gear Up or Give Up\",\"potentialAction\":[{\"@type\":\"SearchAction\",\"target\":{\"@type\":\"EntryPoint\",\"urlTemplate\":\"https:\/\/staging.lucky-hunter.com\/?s={search_term_string}\"},\"query-input\":{\"@type\":\"PropertyValueSpecification\",\"valueRequired\":true,\"valueName\":\"search_term_string\"}}],\"inLanguage\":\"fr-FR\"}]}<\/script>\n<!-- \/ Yoast SEO plugin. -->","yoast_head_json":{"title":"Rig'Em Right Neoprene Hand Warmer - Combined hand warmer and gear belt - Ideal for all hunting situations","description":"With this Rig'Em Right neoprene hand warmer you no longer need to wear bulky gloves when you are hunting. Features two large cargo pockets.","robots":{"index":"noindex","follow":"follow","max-snippet":"max-snippet:-1","max-image-preview":"max-image-preview:large","max-video-preview":"max-video-preview:-1"},"og_locale":"fr_FR","og_type":"article","og_title":"Rig'Em Right Neoprene Hand Warmer - Combined hand warmer and gear belt - Ideal for all hunting situations","og_description":"With this Rig'Em Right neoprene hand warmer you no longer need to wear bulky gloves when you are hunting. Features two large cargo pockets.","og_url":"https:\/\/staging.lucky-hunter.com\/product\/rigem-right-neoprene-hand-warmer\/","og_site_name":"Lucky-Hunter","article_modified_time":"2023-03-15T09:57:29+00:00","og_image":[{"width":1000,"height":1000,"url":"https:\/\/staging.lucky-hunter.com\/wp-content\/uploads\/2017\/04\/PU-205-1.png","type":"image\/png"}],"twitter_card":"summary_large_image","twitter_misc":{"Dur\u00e9e de lecture estim\u00e9e":"1 minute"},"schema":{"@context":"https:\/\/schema.org","@graph":[{"@type":"WebPage","@id":"https:\/\/staging.lucky-hunter.com\/product\/rigem-right-neoprene-hand-warmer\/","url":"https:\/\/staging.lucky-hunter.com\/product\/rigem-right-neoprene-hand-warmer\/","name":"Rig'Em Right Neoprene Hand Warmer - Combined hand warmer and gear belt - Ideal for all hunting situations","isPartOf":{"@id":"https:\/\/staging.lucky-hunter.com\/#website"},"primaryImageOfPage":{"@id":"https:\/\/staging.lucky-hunter.com\/product\/rigem-right-neoprene-hand-warmer\/#primaryimage"},"image":{"@id":"https:\/\/staging.lucky-hunter.com\/product\/rigem-right-neoprene-hand-warmer\/#primaryimage"},"thumbnailUrl":"https:\/\/staging.lucky-hunter.com\/wp-content\/uploads\/2017\/04\/PU-205-1.png","datePublished":"2017-04-07T11:53:06+00:00","dateModified":"2023-03-15T09:57:29+00:00","description":"With this Rig'Em Right neoprene hand warmer you no longer need to wear bulky gloves when you are hunting. Features two large cargo pockets.","breadcrumb":{"@id":"https:\/\/staging.lucky-hunter.com\/product\/rigem-right-neoprene-hand-warmer\/#breadcrumb"},"inLanguage":"fr-FR","potentialAction":[{"@type":"ReadAction","target":["https:\/\/staging.lucky-hunter.com\/product\/rigem-right-neoprene-hand-warmer\/"]}]},{"@type":"ImageObject","inLanguage":"fr-FR","@id":"https:\/\/staging.lucky-hunter.com\/product\/rigem-right-neoprene-hand-warmer\/#primaryimage","url":"https:\/\/staging.lucky-hunter.com\/wp-content\/uploads\/2017\/04\/PU-205-1.png","contentUrl":"https:\/\/staging.lucky-hunter.com\/wp-content\/uploads\/2017\/04\/PU-205-1.png","width":1000,"height":1000,"caption":"rig'em right"},{"@type":"BreadcrumbList","@id":"https:\/\/staging.lucky-hunter.com\/product\/rigem-right-neoprene-hand-warmer\/#breadcrumb","itemListElement":[{"@type":"ListItem","position":1,"name":"Home","item":"https:\/\/staging.lucky-hunter.com\/fr\/"},{"@type":"ListItem","position":2,"name":"Boutique","item":"https:\/\/staging.lucky-hunter.com\/fr\/shop\/"},{"@type":"ListItem","position":3,"name":"Poche Chauffe-mains en N\u00e9opr\u00e8ne Rig&#8217;Em Right"}]},{"@type":"WebSite","@id":"https:\/\/staging.lucky-hunter.com\/#website","url":"https:\/\/staging.lucky-hunter.com\/","name":"Lucky-Hunter","description":"Gear Up or Give Up","potentialAction":[{"@type":"SearchAction","target":{"@type":"EntryPoint","urlTemplate":"https:\/\/staging.lucky-hunter.com\/?s={search_term_string}"},"query-input":{"@type":"PropertyValueSpecification","valueRequired":true,"valueName":"search_term_string"}}],"inLanguage":"fr-FR"}]}},"_links":{"self":[{"href":"https:\/\/staging.lucky-hunter.com\/fr\/wp-json\/wp\/v2\/product\/31536"}],"collection":[{"href":"https:\/\/staging.lucky-hunter.com\/fr\/wp-json\/wp\/v2\/product"}],"about":[{"href":"https:\/\/staging.lucky-hunter.com\/fr\/wp-json\/wp\/v2\/types\/product"}],"wp:featuredmedia":[{"embeddable":true,"href":"https:\/\/staging.lucky-hunter.com\/fr\/wp-json\/wp\/v2\/media\/57392"}],"wp:attachment":[{"href":"https:\/\/staging.lucky-hunter.com\/fr\/wp-json\/wp\/v2\/media?parent=31536"}],"wp:term":[{"taxonomy":"product_brand","embeddable":true,"href":"https:\/\/staging.lucky-hunter.com\/fr\/wp-json\/wp\/v2\/product_brand?post=31536"},{"taxonomy":"product_cat","embeddable":true,"href":"https:\/\/staging.lucky-hunter.com\/fr\/wp-json\/wp\/v2\/product_cat?post=31536"},{"taxonomy":"product_tag","embeddable":true,"href":"https:\/\/staging.lucky-hunter.com\/fr\/wp-json\/wp\/v2\/product_tag?post=31536"}],"curies":[{"name":"wp","href":"https:\/\/api.w.org\/{rel}","templated":true}]}}