{"id":31535,"date":"2016-11-07T16:17:00","date_gmt":"2016-11-07T15:17:00","guid":{"rendered":"https:\/\/staging.lucky-hunter.com\/product\/moonshine-feeder-light\/"},"modified":"2023-03-16T14:48:27","modified_gmt":"2023-03-16T13:48:27","slug":"moonshine-feeder-light","status":"publish","type":"product","link":"https:\/\/staging.lucky-hunter.com\/fr\/product\/moonshine-feeder-light\/","title":{"rendered":"Lampe d\u2019Agrainoir Moonshine"},"content":{"rendered":"<h2><strong>Lampe d\u2019Agrainoir Moonshine &#8211; id\u00e9ale pour la chasse nocturne aux pr\u00e9dateurs et aux sangliers<\/strong><\/h2>\n<p>La lampe d\u2019agrainoir Moonshine, de Wildgame Innovations, dispose de 16 puissantes LED vertes et d&#8217;un panneau solaire int\u00e9gr\u00e9.<\/p>\n<p>Fixez-la \u00e0 votre agrainoir et la lumi\u00e8re verte s&#8217;allumera chaque fois que le d\u00e9tecteur de mouvement int\u00e9gr\u00e9 est d\u00e9clench\u00e9.<\/p>\n<p>La lumi\u00e8re restera allum\u00e9e tant qu&#8217;il y aura de l&#8217;activit\u00e9 sur le site d&#8217;agrainage.<\/p>\n<p>Dot\u00e9 d&#8217;un panneau solaire int\u00e9gr\u00e9 et d&#8217;une batterie au lithium (1000 mAh). Ce dispositif constitue la lampe \u00e0 sanglier ultime, et vous pouvez \u00eatre s\u00fbr que le site d\u2019agrainage sera \u00e9clair\u00e9 la majeure partie de l&#8217;ann\u00e9e.<\/p>\n<p>Chaque LED verte est \u00e9quip\u00e9e d\u2019un prisme optique.<\/p>\n<p>La lampe est r\u00e9sistante aux \u00e9claboussures et fabriqu\u00e9e dans un mat\u00e9riau r\u00e9sistant aux intemp\u00e9ries.<\/p>\n<p>La lampe d\u2019agrainoir Moonshine offre suffisamment de visibilit\u00e9 pour tirer jusqu\u2019\u00e0 environ 92 m\u00e8tres.<\/p>\n<p>La lampe peut \u00eatre fix\u00e9e de plusieurs mani\u00e8res diff\u00e9rentes gr\u00e2ce aux diff\u00e9rentes options de montage.<\/p>\n<ul>\n<li>Installation facile sur n\u2019importe quel agrainoir<\/li>\n<li>Mat\u00e9riel d&#8217;installation inclus<\/li>\n<li>D\u00e9tecteur Infrarouge passif<\/li>\n<li>Panneau solaire int\u00e9gr\u00e9<\/li>\n<li>Interrupteur marche\/arr\u00eat (permet d\u2019\u00e9teindre le dispositif lorsqu&#8217;il n&#8217;est pas utilis\u00e9)<\/li>\n<li>Syst\u00e8me d&#8217;\u00e9clairage avec 16 LED vertes<\/li>\n<li>R\u00e9sistante aux intemp\u00e9ries<\/li>\n<li>Batterie lithium-ion int\u00e9gr\u00e9e<\/li>\n<li>Vis de montage incluses.<\/li>\n<\/ul>\n","protected":false},"excerpt":{"rendered":"<p>Moonshine feeder light from Wildgame Innovations has 16 powerful green LED and built-in solar panel. The built-in motion sensor switches the green light when the boars are in the field. The light will be on as long as there is activity at the feeding site.<\/p>\n","protected":false},"featured_media":29527,"template":"","meta":[],"product_brand":[8130],"product_cat":[8576],"product_tag":[9455],"yoast_head":"<!-- This site is optimized with the Yoast SEO plugin v24.3 - https:\/\/yoast.com\/wordpress\/plugins\/seo\/ -->\n<title>Moonshine Feeder Light - Night Time Predator Hunting | Lucky Hunter<\/title>\n<meta name=\"description\" content=\"Moonshine Feeder Light attaches to your feeding apparatus to illuminate the area without spooking the game! Solar powered with inbuilt motion sensor.\" \/>\n<meta name=\"robots\" content=\"noindex, follow, max-snippet:-1, max-image-preview:large, max-video-preview:-1\" \/>\n<meta property=\"og:locale\" content=\"fr_FR\" \/>\n<meta property=\"og:type\" content=\"article\" \/>\n<meta property=\"og:title\" content=\"Moonshine Feeder Light - Night Time Predator Hunting | Lucky Hunter\" \/>\n<meta property=\"og:description\" content=\"Moonshine Feeder Light attaches to your feeding apparatus to illuminate the area without spooking the game! Solar powered with inbuilt motion sensor.\" \/>\n<meta property=\"og:url\" content=\"https:\/\/staging.lucky-hunter.com\/product\/moonshine-feeder-light\/\" \/>\n<meta property=\"og:site_name\" content=\"Lucky-Hunter\" \/>\n<meta property=\"article:modified_time\" content=\"2023-03-16T13:48:27+00:00\" \/>\n<meta property=\"og:image\" content=\"https:\/\/staging.lucky-hunter.com\/wp-content\/uploads\/2016\/11\/PU-27-1.png\" \/>\n\t<meta property=\"og:image:width\" content=\"1000\" \/>\n\t<meta property=\"og:image:height\" content=\"1000\" \/>\n\t<meta property=\"og:image:type\" content=\"image\/png\" \/>\n<meta name=\"twitter:card\" content=\"summary_large_image\" \/>\n<meta name=\"twitter:label1\" content=\"Dur\u00e9e de lecture estim\u00e9e\" \/>\n\t<meta name=\"twitter:data1\" content=\"1 minute\" \/>\n<script type=\"application\/ld+json\" class=\"yoast-schema-graph\">{\"@context\":\"https:\/\/schema.org\",\"@graph\":[{\"@type\":\"WebPage\",\"@id\":\"https:\/\/staging.lucky-hunter.com\/product\/moonshine-feeder-light\/\",\"url\":\"https:\/\/staging.lucky-hunter.com\/product\/moonshine-feeder-light\/\",\"name\":\"Moonshine Feeder Light - Night Time Predator Hunting | Lucky Hunter\",\"isPartOf\":{\"@id\":\"https:\/\/staging.lucky-hunter.com\/#website\"},\"primaryImageOfPage\":{\"@id\":\"https:\/\/staging.lucky-hunter.com\/product\/moonshine-feeder-light\/#primaryimage\"},\"image\":{\"@id\":\"https:\/\/staging.lucky-hunter.com\/product\/moonshine-feeder-light\/#primaryimage\"},\"thumbnailUrl\":\"https:\/\/staging.lucky-hunter.com\/wp-content\/uploads\/2016\/11\/PU-27-1.png\",\"datePublished\":\"2016-11-07T15:17:00+00:00\",\"dateModified\":\"2023-03-16T13:48:27+00:00\",\"description\":\"Moonshine Feeder Light attaches to your feeding apparatus to illuminate the area without spooking the game! Solar powered with inbuilt motion sensor.\",\"breadcrumb\":{\"@id\":\"https:\/\/staging.lucky-hunter.com\/product\/moonshine-feeder-light\/#breadcrumb\"},\"inLanguage\":\"fr-FR\",\"potentialAction\":[{\"@type\":\"ReadAction\",\"target\":[\"https:\/\/staging.lucky-hunter.com\/product\/moonshine-feeder-light\/\"]}]},{\"@type\":\"ImageObject\",\"inLanguage\":\"fr-FR\",\"@id\":\"https:\/\/staging.lucky-hunter.com\/product\/moonshine-feeder-light\/#primaryimage\",\"url\":\"https:\/\/staging.lucky-hunter.com\/wp-content\/uploads\/2016\/11\/PU-27-1.png\",\"contentUrl\":\"https:\/\/staging.lucky-hunter.com\/wp-content\/uploads\/2016\/11\/PU-27-1.png\",\"width\":1000,\"height\":1000},{\"@type\":\"BreadcrumbList\",\"@id\":\"https:\/\/staging.lucky-hunter.com\/product\/moonshine-feeder-light\/#breadcrumb\",\"itemListElement\":[{\"@type\":\"ListItem\",\"position\":1,\"name\":\"Home\",\"item\":\"https:\/\/staging.lucky-hunter.com\/fr\/\"},{\"@type\":\"ListItem\",\"position\":2,\"name\":\"Boutique\",\"item\":\"https:\/\/staging.lucky-hunter.com\/fr\/shop\/\"},{\"@type\":\"ListItem\",\"position\":3,\"name\":\"Lampe d\u2019Agrainoir Moonshine\"}]},{\"@type\":\"WebSite\",\"@id\":\"https:\/\/staging.lucky-hunter.com\/#website\",\"url\":\"https:\/\/staging.lucky-hunter.com\/\",\"name\":\"Lucky-Hunter\",\"description\":\"Gear Up or Give Up\",\"potentialAction\":[{\"@type\":\"SearchAction\",\"target\":{\"@type\":\"EntryPoint\",\"urlTemplate\":\"https:\/\/staging.lucky-hunter.com\/?s={search_term_string}\"},\"query-input\":{\"@type\":\"PropertyValueSpecification\",\"valueRequired\":true,\"valueName\":\"search_term_string\"}}],\"inLanguage\":\"fr-FR\"}]}<\/script>\n<!-- \/ Yoast SEO plugin. -->","yoast_head_json":{"title":"Moonshine Feeder Light - Night Time Predator Hunting | Lucky Hunter","description":"Moonshine Feeder Light attaches to your feeding apparatus to illuminate the area without spooking the game! Solar powered with inbuilt motion sensor.","robots":{"index":"noindex","follow":"follow","max-snippet":"max-snippet:-1","max-image-preview":"max-image-preview:large","max-video-preview":"max-video-preview:-1"},"og_locale":"fr_FR","og_type":"article","og_title":"Moonshine Feeder Light - Night Time Predator Hunting | Lucky Hunter","og_description":"Moonshine Feeder Light attaches to your feeding apparatus to illuminate the area without spooking the game! Solar powered with inbuilt motion sensor.","og_url":"https:\/\/staging.lucky-hunter.com\/product\/moonshine-feeder-light\/","og_site_name":"Lucky-Hunter","article_modified_time":"2023-03-16T13:48:27+00:00","og_image":[{"width":1000,"height":1000,"url":"https:\/\/staging.lucky-hunter.com\/wp-content\/uploads\/2016\/11\/PU-27-1.png","type":"image\/png"}],"twitter_card":"summary_large_image","twitter_misc":{"Dur\u00e9e de lecture estim\u00e9e":"1 minute"},"schema":{"@context":"https:\/\/schema.org","@graph":[{"@type":"WebPage","@id":"https:\/\/staging.lucky-hunter.com\/product\/moonshine-feeder-light\/","url":"https:\/\/staging.lucky-hunter.com\/product\/moonshine-feeder-light\/","name":"Moonshine Feeder Light - Night Time Predator Hunting | Lucky Hunter","isPartOf":{"@id":"https:\/\/staging.lucky-hunter.com\/#website"},"primaryImageOfPage":{"@id":"https:\/\/staging.lucky-hunter.com\/product\/moonshine-feeder-light\/#primaryimage"},"image":{"@id":"https:\/\/staging.lucky-hunter.com\/product\/moonshine-feeder-light\/#primaryimage"},"thumbnailUrl":"https:\/\/staging.lucky-hunter.com\/wp-content\/uploads\/2016\/11\/PU-27-1.png","datePublished":"2016-11-07T15:17:00+00:00","dateModified":"2023-03-16T13:48:27+00:00","description":"Moonshine Feeder Light attaches to your feeding apparatus to illuminate the area without spooking the game! Solar powered with inbuilt motion sensor.","breadcrumb":{"@id":"https:\/\/staging.lucky-hunter.com\/product\/moonshine-feeder-light\/#breadcrumb"},"inLanguage":"fr-FR","potentialAction":[{"@type":"ReadAction","target":["https:\/\/staging.lucky-hunter.com\/product\/moonshine-feeder-light\/"]}]},{"@type":"ImageObject","inLanguage":"fr-FR","@id":"https:\/\/staging.lucky-hunter.com\/product\/moonshine-feeder-light\/#primaryimage","url":"https:\/\/staging.lucky-hunter.com\/wp-content\/uploads\/2016\/11\/PU-27-1.png","contentUrl":"https:\/\/staging.lucky-hunter.com\/wp-content\/uploads\/2016\/11\/PU-27-1.png","width":1000,"height":1000},{"@type":"BreadcrumbList","@id":"https:\/\/staging.lucky-hunter.com\/product\/moonshine-feeder-light\/#breadcrumb","itemListElement":[{"@type":"ListItem","position":1,"name":"Home","item":"https:\/\/staging.lucky-hunter.com\/fr\/"},{"@type":"ListItem","position":2,"name":"Boutique","item":"https:\/\/staging.lucky-hunter.com\/fr\/shop\/"},{"@type":"ListItem","position":3,"name":"Lampe d\u2019Agrainoir Moonshine"}]},{"@type":"WebSite","@id":"https:\/\/staging.lucky-hunter.com\/#website","url":"https:\/\/staging.lucky-hunter.com\/","name":"Lucky-Hunter","description":"Gear Up or Give Up","potentialAction":[{"@type":"SearchAction","target":{"@type":"EntryPoint","urlTemplate":"https:\/\/staging.lucky-hunter.com\/?s={search_term_string}"},"query-input":{"@type":"PropertyValueSpecification","valueRequired":true,"valueName":"search_term_string"}}],"inLanguage":"fr-FR"}]}},"_links":{"self":[{"href":"https:\/\/staging.lucky-hunter.com\/fr\/wp-json\/wp\/v2\/product\/31535"}],"collection":[{"href":"https:\/\/staging.lucky-hunter.com\/fr\/wp-json\/wp\/v2\/product"}],"about":[{"href":"https:\/\/staging.lucky-hunter.com\/fr\/wp-json\/wp\/v2\/types\/product"}],"wp:featuredmedia":[{"embeddable":true,"href":"https:\/\/staging.lucky-hunter.com\/fr\/wp-json\/wp\/v2\/media\/29527"}],"wp:attachment":[{"href":"https:\/\/staging.lucky-hunter.com\/fr\/wp-json\/wp\/v2\/media?parent=31535"}],"wp:term":[{"taxonomy":"product_brand","embeddable":true,"href":"https:\/\/staging.lucky-hunter.com\/fr\/wp-json\/wp\/v2\/product_brand?post=31535"},{"taxonomy":"product_cat","embeddable":true,"href":"https:\/\/staging.lucky-hunter.com\/fr\/wp-json\/wp\/v2\/product_cat?post=31535"},{"taxonomy":"product_tag","embeddable":true,"href":"https:\/\/staging.lucky-hunter.com\/fr\/wp-json\/wp\/v2\/product_tag?post=31535"}],"curies":[{"name":"wp","href":"https:\/\/api.w.org\/{rel}","templated":true}]}}