{"id":31534,"date":"2016-11-07T16:15:13","date_gmt":"2016-11-07T15:15:13","guid":{"rendered":"https:\/\/staging.lucky-hunter.com\/product\/v-sharp-classic-ii\/"},"modified":"2022-11-16T11:34:38","modified_gmt":"2022-11-16T10:34:38","slug":"v-sharp-classic-ii","status":"publish","type":"product","link":"https:\/\/staging.lucky-hunter.com\/fr\/product\/v-sharp-classic-ii\/","title":{"rendered":"Aiguiseur de Couteaux Diamant &#8211; V-Sharp Classic II"},"content":{"rendered":"<h2><strong>V-Sharp Classic II &#8211; Id\u00e9al pour les chasseurs, les p\u00eacheurs, les chefs, etc.<\/strong><\/h2>\n<p>V-Sharp Classic II est un kit d\u2019aff\u00fbtage de couteaux professionnel fabriqu\u00e9 par la marque sud-africaine Warthog Sharpeners .<\/p>\n<p>Cet aiguiseur est le premier kit d\u2019aff\u00fbtage au monde avec 3 options de r\u00e9glage manuel de 20, 25 et 30 degr\u00e9s.<\/p>\n<p>L&#8217;aiguiseur est en acier, aluminium et plastique. Ces mat\u00e9riaux garantissent un r\u00e9sultat robuste qui permettra de nombreuses ann\u00e9es d&#8217;utilisation.<\/p>\n<p>Les lames s&#8217;aiguisent des deux c\u00f4t\u00e9s simultan\u00e9ment \u00e0 l&#8217;aide d&#8217;une technologie d\u2019aff\u00fbtage compacte et sophistiqu\u00e9e avec rev\u00eatement en diamant de 325 grains.<\/p>\n<p>Le kit est livr\u00e9 avec une base en caoutchouc solide et une surface noire enduite de poudre pour plus de durabilit\u00e9 et d&#8217;hygi\u00e8ne. Il est donc adapt\u00e9 \u00e0 une utilisation en cuisine.<\/p>\n<p>Id\u00e9al pour les chasseurs, les p\u00eacheurs, les cuisiniers et plus encore.<\/p>\n<p>Il est possible d\u2019acheter des pierres diamant\u00e9es de rechange, ce qui permet de prolonger encore plus la dur\u00e9e de vie du produit.<\/p>\n","protected":false},"excerpt":{"rendered":"<p>V-Sharp Classic II is a professional knife grinding set made by South African Warthog Sharpeners. The world&#8217;s first grinding set with 3 hand setting options of 20, 25 and 30 degrees<\/p>\n","protected":false},"featured_media":28493,"template":"","meta":[],"product_brand":[8129],"product_cat":[8155],"product_tag":[],"yoast_head":"<!-- This site is optimized with the Yoast SEO plugin v24.3 - https:\/\/yoast.com\/wordpress\/plugins\/seo\/ -->\n<title>V-Sharp Classic II - Great for Hunters, Fishers and Chefs Alike | Lucky Hunter<\/title>\n<meta name=\"description\" content=\"V-Sharp Classic II is a professional knife grinding set made by South African Warthog Sharpeners. 3 hand setting options of 20, 25 and 30 degrees.\" \/>\n<meta name=\"robots\" content=\"noindex, follow, max-snippet:-1, max-image-preview:large, max-video-preview:-1\" \/>\n<meta property=\"og:locale\" content=\"fr_FR\" \/>\n<meta property=\"og:type\" content=\"article\" \/>\n<meta property=\"og:title\" content=\"V-Sharp Classic II - Great for Hunters, Fishers and Chefs Alike | Lucky Hunter\" \/>\n<meta property=\"og:description\" content=\"V-Sharp Classic II is a professional knife grinding set made by South African Warthog Sharpeners. 3 hand setting options of 20, 25 and 30 degrees.\" \/>\n<meta property=\"og:url\" content=\"https:\/\/staging.lucky-hunter.com\/fr\/product\/v-sharp-classic-ii\/\" \/>\n<meta property=\"og:site_name\" content=\"Lucky-Hunter\" \/>\n<meta property=\"article:modified_time\" content=\"2022-11-16T10:34:38+00:00\" \/>\n<meta property=\"og:image\" content=\"https:\/\/staging.lucky-hunter.com\/wp-content\/uploads\/2016\/11\/540006.png\" \/>\n\t<meta property=\"og:image:width\" content=\"1000\" \/>\n\t<meta property=\"og:image:height\" content=\"1000\" \/>\n\t<meta property=\"og:image:type\" content=\"image\/png\" \/>\n<meta name=\"twitter:card\" content=\"summary_large_image\" \/>\n<meta name=\"twitter:title\" content=\"V-Sharp Classic II - Great for Hunters, Fishers and Chefs Alike | Lucky Hunter\" \/>\n<meta name=\"twitter:description\" content=\"V-Sharp Classic II is a professional knife grinding set made by South African Warthog Sharpeners. 3 hand setting options of 20, 25 and 30 degrees.\" \/>\n<meta name=\"twitter:label1\" content=\"Dur\u00e9e de lecture estim\u00e9e\" \/>\n\t<meta name=\"twitter:data1\" content=\"1 minute\" \/>\n<script type=\"application\/ld+json\" class=\"yoast-schema-graph\">{\"@context\":\"https:\/\/schema.org\",\"@graph\":[{\"@type\":\"WebPage\",\"@id\":\"https:\/\/staging.lucky-hunter.com\/fr\/product\/v-sharp-classic-ii\/\",\"url\":\"https:\/\/staging.lucky-hunter.com\/fr\/product\/v-sharp-classic-ii\/\",\"name\":\"V-Sharp Classic II - Great for Hunters, Fishers and Chefs Alike | Lucky Hunter\",\"isPartOf\":{\"@id\":\"https:\/\/staging.lucky-hunter.com\/#website\"},\"primaryImageOfPage\":{\"@id\":\"https:\/\/staging.lucky-hunter.com\/fr\/product\/v-sharp-classic-ii\/#primaryimage\"},\"image\":{\"@id\":\"https:\/\/staging.lucky-hunter.com\/fr\/product\/v-sharp-classic-ii\/#primaryimage\"},\"thumbnailUrl\":\"https:\/\/staging.lucky-hunter.com\/wp-content\/uploads\/2016\/11\/540006.png\",\"datePublished\":\"2016-11-07T15:15:13+00:00\",\"dateModified\":\"2022-11-16T10:34:38+00:00\",\"description\":\"V-Sharp Classic II is a professional knife grinding set made by South African Warthog Sharpeners. 3 hand setting options of 20, 25 and 30 degrees.\",\"breadcrumb\":{\"@id\":\"https:\/\/staging.lucky-hunter.com\/fr\/product\/v-sharp-classic-ii\/#breadcrumb\"},\"inLanguage\":\"fr-FR\",\"potentialAction\":[{\"@type\":\"ReadAction\",\"target\":[\"https:\/\/staging.lucky-hunter.com\/fr\/product\/v-sharp-classic-ii\/\"]}]},{\"@type\":\"ImageObject\",\"inLanguage\":\"fr-FR\",\"@id\":\"https:\/\/staging.lucky-hunter.com\/fr\/product\/v-sharp-classic-ii\/#primaryimage\",\"url\":\"https:\/\/staging.lucky-hunter.com\/wp-content\/uploads\/2016\/11\/540006.png\",\"contentUrl\":\"https:\/\/staging.lucky-hunter.com\/wp-content\/uploads\/2016\/11\/540006.png\",\"width\":1000,\"height\":1000},{\"@type\":\"BreadcrumbList\",\"@id\":\"https:\/\/staging.lucky-hunter.com\/fr\/product\/v-sharp-classic-ii\/#breadcrumb\",\"itemListElement\":[{\"@type\":\"ListItem\",\"position\":1,\"name\":\"Home\",\"item\":\"https:\/\/staging.lucky-hunter.com\/fr\/\"},{\"@type\":\"ListItem\",\"position\":2,\"name\":\"Boutique\",\"item\":\"https:\/\/staging.lucky-hunter.com\/fr\/shop\/\"},{\"@type\":\"ListItem\",\"position\":3,\"name\":\"Aiguiseur de Couteaux Diamant &#8211; V-Sharp Classic II\"}]},{\"@type\":\"WebSite\",\"@id\":\"https:\/\/staging.lucky-hunter.com\/#website\",\"url\":\"https:\/\/staging.lucky-hunter.com\/\",\"name\":\"Lucky-Hunter\",\"description\":\"Gear Up or Give Up\",\"potentialAction\":[{\"@type\":\"SearchAction\",\"target\":{\"@type\":\"EntryPoint\",\"urlTemplate\":\"https:\/\/staging.lucky-hunter.com\/?s={search_term_string}\"},\"query-input\":{\"@type\":\"PropertyValueSpecification\",\"valueRequired\":true,\"valueName\":\"search_term_string\"}}],\"inLanguage\":\"fr-FR\"}]}<\/script>\n<!-- \/ Yoast SEO plugin. -->","yoast_head_json":{"title":"V-Sharp Classic II - Great for Hunters, Fishers and Chefs Alike | Lucky Hunter","description":"V-Sharp Classic II is a professional knife grinding set made by South African Warthog Sharpeners. 3 hand setting options of 20, 25 and 30 degrees.","robots":{"index":"noindex","follow":"follow","max-snippet":"max-snippet:-1","max-image-preview":"max-image-preview:large","max-video-preview":"max-video-preview:-1"},"og_locale":"fr_FR","og_type":"article","og_title":"V-Sharp Classic II - Great for Hunters, Fishers and Chefs Alike | Lucky Hunter","og_description":"V-Sharp Classic II is a professional knife grinding set made by South African Warthog Sharpeners. 3 hand setting options of 20, 25 and 30 degrees.","og_url":"https:\/\/staging.lucky-hunter.com\/fr\/product\/v-sharp-classic-ii\/","og_site_name":"Lucky-Hunter","article_modified_time":"2022-11-16T10:34:38+00:00","og_image":[{"width":1000,"height":1000,"url":"https:\/\/staging.lucky-hunter.com\/wp-content\/uploads\/2016\/11\/540006.png","type":"image\/png"}],"twitter_card":"summary_large_image","twitter_title":"V-Sharp Classic II - Great for Hunters, Fishers and Chefs Alike | Lucky Hunter","twitter_description":"V-Sharp Classic II is a professional knife grinding set made by South African Warthog Sharpeners. 3 hand setting options of 20, 25 and 30 degrees.","twitter_misc":{"Dur\u00e9e de lecture estim\u00e9e":"1 minute"},"schema":{"@context":"https:\/\/schema.org","@graph":[{"@type":"WebPage","@id":"https:\/\/staging.lucky-hunter.com\/fr\/product\/v-sharp-classic-ii\/","url":"https:\/\/staging.lucky-hunter.com\/fr\/product\/v-sharp-classic-ii\/","name":"V-Sharp Classic II - Great for Hunters, Fishers and Chefs Alike | Lucky Hunter","isPartOf":{"@id":"https:\/\/staging.lucky-hunter.com\/#website"},"primaryImageOfPage":{"@id":"https:\/\/staging.lucky-hunter.com\/fr\/product\/v-sharp-classic-ii\/#primaryimage"},"image":{"@id":"https:\/\/staging.lucky-hunter.com\/fr\/product\/v-sharp-classic-ii\/#primaryimage"},"thumbnailUrl":"https:\/\/staging.lucky-hunter.com\/wp-content\/uploads\/2016\/11\/540006.png","datePublished":"2016-11-07T15:15:13+00:00","dateModified":"2022-11-16T10:34:38+00:00","description":"V-Sharp Classic II is a professional knife grinding set made by South African Warthog Sharpeners. 3 hand setting options of 20, 25 and 30 degrees.","breadcrumb":{"@id":"https:\/\/staging.lucky-hunter.com\/fr\/product\/v-sharp-classic-ii\/#breadcrumb"},"inLanguage":"fr-FR","potentialAction":[{"@type":"ReadAction","target":["https:\/\/staging.lucky-hunter.com\/fr\/product\/v-sharp-classic-ii\/"]}]},{"@type":"ImageObject","inLanguage":"fr-FR","@id":"https:\/\/staging.lucky-hunter.com\/fr\/product\/v-sharp-classic-ii\/#primaryimage","url":"https:\/\/staging.lucky-hunter.com\/wp-content\/uploads\/2016\/11\/540006.png","contentUrl":"https:\/\/staging.lucky-hunter.com\/wp-content\/uploads\/2016\/11\/540006.png","width":1000,"height":1000},{"@type":"BreadcrumbList","@id":"https:\/\/staging.lucky-hunter.com\/fr\/product\/v-sharp-classic-ii\/#breadcrumb","itemListElement":[{"@type":"ListItem","position":1,"name":"Home","item":"https:\/\/staging.lucky-hunter.com\/fr\/"},{"@type":"ListItem","position":2,"name":"Boutique","item":"https:\/\/staging.lucky-hunter.com\/fr\/shop\/"},{"@type":"ListItem","position":3,"name":"Aiguiseur de Couteaux Diamant &#8211; V-Sharp Classic II"}]},{"@type":"WebSite","@id":"https:\/\/staging.lucky-hunter.com\/#website","url":"https:\/\/staging.lucky-hunter.com\/","name":"Lucky-Hunter","description":"Gear Up or Give Up","potentialAction":[{"@type":"SearchAction","target":{"@type":"EntryPoint","urlTemplate":"https:\/\/staging.lucky-hunter.com\/?s={search_term_string}"},"query-input":{"@type":"PropertyValueSpecification","valueRequired":true,"valueName":"search_term_string"}}],"inLanguage":"fr-FR"}]}},"_links":{"self":[{"href":"https:\/\/staging.lucky-hunter.com\/fr\/wp-json\/wp\/v2\/product\/31534"}],"collection":[{"href":"https:\/\/staging.lucky-hunter.com\/fr\/wp-json\/wp\/v2\/product"}],"about":[{"href":"https:\/\/staging.lucky-hunter.com\/fr\/wp-json\/wp\/v2\/types\/product"}],"wp:featuredmedia":[{"embeddable":true,"href":"https:\/\/staging.lucky-hunter.com\/fr\/wp-json\/wp\/v2\/media\/28493"}],"wp:attachment":[{"href":"https:\/\/staging.lucky-hunter.com\/fr\/wp-json\/wp\/v2\/media?parent=31534"}],"wp:term":[{"taxonomy":"product_brand","embeddable":true,"href":"https:\/\/staging.lucky-hunter.com\/fr\/wp-json\/wp\/v2\/product_brand?post=31534"},{"taxonomy":"product_cat","embeddable":true,"href":"https:\/\/staging.lucky-hunter.com\/fr\/wp-json\/wp\/v2\/product_cat?post=31534"},{"taxonomy":"product_tag","embeddable":true,"href":"https:\/\/staging.lucky-hunter.com\/fr\/wp-json\/wp\/v2\/product_tag?post=31534"}],"curies":[{"name":"wp","href":"https:\/\/api.w.org\/{rel}","templated":true}]}}