{"id":31532,"date":"2022-03-23T12:12:16","date_gmt":"2022-03-23T11:12:16","guid":{"rendered":"https:\/\/staging.lucky-hunter.com\/product\/tickless-pet\/"},"modified":"2023-04-17T13:51:05","modified_gmt":"2023-04-17T11:51:05","slug":"tickless-pet","status":"publish","type":"product","link":"https:\/\/staging.lucky-hunter.com\/fr\/product\/tickless-pet\/","title":{"rendered":"Tickless PET"},"content":{"rendered":"<h2>Tickless PET prot\u00e8ge votre meilleur ami contre les tiques et les puces &#8211; Sans aucun produit chimique !<\/h2>\n<p>L&#8217;appareil Tickless PET se place dans le collier du chien et \u00e9met des ultrasons qui repoussent les attaques des tiques et des puces ! Les ultrasons ne peuvent \u00eatre entendus ni par les humains ni par les chiens, et ils ne d\u00e9rangent en rien votre animal de compagnie. L\u2019appareil est totalement exempt de produits chimiques, vous pouvez ainsi promener votre chien \u00e0 l&#8217;ext\u00e9rieur sans aucun risque. Tickless PET fonctionne dans un rayon de 1,5 m\u00e8tre autour de votre animal et \u00e9loigne les nuisibles pendant 9 \u00e0 12 mois !<\/p>\n<p>Il s\u2019agit donc d\u2019une protection efficace \u00e0 petit prix L&#8217;appareil fonctionne en \u00e9mettant une fr\u00e9quence ultrasonore qui perturbe le mode d&#8217;attaque des tiques et des puces, de sorte qu&#8217;elles n&#8217;atterrissent pas sur votre animal de compagnie lorsqu&#8217;il court dans les bois ou passe pr\u00e8s d\u2019elles.<\/p>\n<p>Dans l&#8217;ensemble, c\u2019est un appareil tr\u00e8s simple et qui donne de bons r\u00e9sultats. Les piles de votre Tickless PET ne peuvent pas \u00eatre remplac\u00e9es et l&#8217;appareil ne s&#8217;\u00e9teint pas.<\/p>\n<p>Il fonctionne simplement 24 heures sur 24 \u00e0 partir du jour o\u00f9 vous l&#8217;activez et pendant 9 \u00e0 12 mois. Il dispose \u00e9galement d\u2019un petit bouton intelligent pour que vous puissiez voir s&#8217;il est toujours actif. Gr\u00e2ce \u00e0 cette fonctionnalit\u00e9, vous pouvez facilement savoir si votre chien est prot\u00e9g\u00e9 ou non. Disponible dans 5 couleurs diff\u00e9rentes :<\/p>\n<p>Orange, Beige, Noir, Marron ou Rose https:\/\/www.youtube.com\/watch?v=F57qqevvHuQ<\/p>\n<p><iframe title=\"Tickless Pet chemical-free tick and flea repeller Instructions\" width=\"1020\" height=\"574\" src=\"https:\/\/www.youtube.com\/embed\/F57qqevvHuQ?wmode=transparent&amp;rel=0&amp;feature=oembed&#038;enablejsapi=1&#038;origin=https:\/\/staging.lucky-hunter.com\" frameborder=\"0\" allow=\"accelerometer; autoplay; clipboard-write; encrypted-media; gyroscope; picture-in-picture; web-share\" allowfullscreen><\/iframe><\/p>\n<p><iframe title=\"Tickless How it works\" width=\"1020\" height=\"574\" src=\"https:\/\/www.youtube.com\/embed\/NAz7cBC1Zq4?wmode=transparent&amp;rel=0&amp;feature=oembed&#038;enablejsapi=1&#038;origin=https:\/\/staging.lucky-hunter.com\" frameborder=\"0\" allow=\"accelerometer; autoplay; clipboard-write; encrypted-media; gyroscope; picture-in-picture; web-share\" allowfullscreen><\/iframe><\/p>\n","protected":false},"excerpt":{"rendered":"<p>Prot\u00e9gez votre chien de chasse contre les tiques, les puces et les autres nuisibles gr\u00e2ce \u00e0 l\u2019ing\u00e9nieux appareil Tickless PET.<br \/>\nAvec ses fr\u00e9quences ultrasonores inoffensives, il maintient les tiques et les puces suffisamment loin de votre chien &#8211; sans aucun produit chimique, sans aucun danger !<\/p>\n","protected":false},"featured_media":30778,"template":"","meta":[],"product_brand":[9511],"product_cat":[9340],"product_tag":[9502],"yoast_head":"<!-- This site is optimized with the Yoast SEO plugin v24.3 - https:\/\/yoast.com\/wordpress\/plugins\/seo\/ -->\n<title>Tickless PET | Keep your dog tickfree with LuckyHunter.com<\/title>\n<meta name=\"description\" content=\"Keep your hunting dog free of ticks, fleas and other creeps, with this smart Tickless PET device. its chemical-free and completely safe!\" \/>\n<meta name=\"robots\" content=\"noindex, follow, max-snippet:-1, max-image-preview:large, max-video-preview:-1\" \/>\n<meta property=\"og:locale\" content=\"fr_FR\" \/>\n<meta property=\"og:type\" content=\"article\" \/>\n<meta property=\"og:title\" content=\"Tickless PET | Keep your dog tickfree with LuckyHunter.com\" \/>\n<meta property=\"og:description\" content=\"Keep your hunting dog free of ticks, fleas and other creeps, with this smart Tickless PET device. its chemical-free and completely safe!\" \/>\n<meta property=\"og:url\" content=\"https:\/\/staging.lucky-hunter.com\/product\/tickless-pet\/\" \/>\n<meta property=\"og:site_name\" content=\"Lucky-Hunter\" \/>\n<meta property=\"article:modified_time\" content=\"2023-04-17T11:51:05+00:00\" \/>\n<meta property=\"og:image\" content=\"https:\/\/staging.lucky-hunter.com\/wp-content\/uploads\/2022\/03\/57020x.png\" \/>\n\t<meta property=\"og:image:width\" content=\"1000\" \/>\n\t<meta property=\"og:image:height\" content=\"1000\" \/>\n\t<meta property=\"og:image:type\" content=\"image\/png\" \/>\n<meta name=\"twitter:card\" content=\"summary_large_image\" \/>\n<meta name=\"twitter:label1\" content=\"Dur\u00e9e de lecture estim\u00e9e\" \/>\n\t<meta name=\"twitter:data1\" content=\"2 minutes\" \/>\n<script type=\"application\/ld+json\" class=\"yoast-schema-graph\">{\"@context\":\"https:\/\/schema.org\",\"@graph\":[{\"@type\":\"WebPage\",\"@id\":\"https:\/\/staging.lucky-hunter.com\/product\/tickless-pet\/\",\"url\":\"https:\/\/staging.lucky-hunter.com\/product\/tickless-pet\/\",\"name\":\"Tickless PET | Keep your dog tickfree with LuckyHunter.com\",\"isPartOf\":{\"@id\":\"https:\/\/staging.lucky-hunter.com\/#website\"},\"primaryImageOfPage\":{\"@id\":\"https:\/\/staging.lucky-hunter.com\/product\/tickless-pet\/#primaryimage\"},\"image\":{\"@id\":\"https:\/\/staging.lucky-hunter.com\/product\/tickless-pet\/#primaryimage\"},\"thumbnailUrl\":\"https:\/\/staging.lucky-hunter.com\/wp-content\/uploads\/2022\/03\/57020x.png\",\"datePublished\":\"2022-03-23T11:12:16+00:00\",\"dateModified\":\"2023-04-17T11:51:05+00:00\",\"description\":\"Keep your hunting dog free of ticks, fleas and other creeps, with this smart Tickless PET device. its chemical-free and completely safe!\",\"breadcrumb\":{\"@id\":\"https:\/\/staging.lucky-hunter.com\/product\/tickless-pet\/#breadcrumb\"},\"inLanguage\":\"fr-FR\",\"potentialAction\":[{\"@type\":\"ReadAction\",\"target\":[\"https:\/\/staging.lucky-hunter.com\/product\/tickless-pet\/\"]}]},{\"@type\":\"ImageObject\",\"inLanguage\":\"fr-FR\",\"@id\":\"https:\/\/staging.lucky-hunter.com\/product\/tickless-pet\/#primaryimage\",\"url\":\"https:\/\/staging.lucky-hunter.com\/wp-content\/uploads\/2022\/03\/57020x.png\",\"contentUrl\":\"https:\/\/staging.lucky-hunter.com\/wp-content\/uploads\/2022\/03\/57020x.png\",\"width\":1000,\"height\":1000},{\"@type\":\"BreadcrumbList\",\"@id\":\"https:\/\/staging.lucky-hunter.com\/product\/tickless-pet\/#breadcrumb\",\"itemListElement\":[{\"@type\":\"ListItem\",\"position\":1,\"name\":\"Home\",\"item\":\"https:\/\/staging.lucky-hunter.com\/fr\/\"},{\"@type\":\"ListItem\",\"position\":2,\"name\":\"Boutique\",\"item\":\"https:\/\/staging.lucky-hunter.com\/fr\/shop\/\"},{\"@type\":\"ListItem\",\"position\":3,\"name\":\"Tickless PET\"}]},{\"@type\":\"WebSite\",\"@id\":\"https:\/\/staging.lucky-hunter.com\/#website\",\"url\":\"https:\/\/staging.lucky-hunter.com\/\",\"name\":\"Lucky-Hunter\",\"description\":\"Gear Up or Give Up\",\"potentialAction\":[{\"@type\":\"SearchAction\",\"target\":{\"@type\":\"EntryPoint\",\"urlTemplate\":\"https:\/\/staging.lucky-hunter.com\/?s={search_term_string}\"},\"query-input\":{\"@type\":\"PropertyValueSpecification\",\"valueRequired\":true,\"valueName\":\"search_term_string\"}}],\"inLanguage\":\"fr-FR\"}]}<\/script>\n<!-- \/ Yoast SEO plugin. -->","yoast_head_json":{"title":"Tickless PET | Keep your dog tickfree with LuckyHunter.com","description":"Keep your hunting dog free of ticks, fleas and other creeps, with this smart Tickless PET device. its chemical-free and completely safe!","robots":{"index":"noindex","follow":"follow","max-snippet":"max-snippet:-1","max-image-preview":"max-image-preview:large","max-video-preview":"max-video-preview:-1"},"og_locale":"fr_FR","og_type":"article","og_title":"Tickless PET | Keep your dog tickfree with LuckyHunter.com","og_description":"Keep your hunting dog free of ticks, fleas and other creeps, with this smart Tickless PET device. its chemical-free and completely safe!","og_url":"https:\/\/staging.lucky-hunter.com\/product\/tickless-pet\/","og_site_name":"Lucky-Hunter","article_modified_time":"2023-04-17T11:51:05+00:00","og_image":[{"width":1000,"height":1000,"url":"https:\/\/staging.lucky-hunter.com\/wp-content\/uploads\/2022\/03\/57020x.png","type":"image\/png"}],"twitter_card":"summary_large_image","twitter_misc":{"Dur\u00e9e de lecture estim\u00e9e":"2 minutes"},"schema":{"@context":"https:\/\/schema.org","@graph":[{"@type":"WebPage","@id":"https:\/\/staging.lucky-hunter.com\/product\/tickless-pet\/","url":"https:\/\/staging.lucky-hunter.com\/product\/tickless-pet\/","name":"Tickless PET | Keep your dog tickfree with LuckyHunter.com","isPartOf":{"@id":"https:\/\/staging.lucky-hunter.com\/#website"},"primaryImageOfPage":{"@id":"https:\/\/staging.lucky-hunter.com\/product\/tickless-pet\/#primaryimage"},"image":{"@id":"https:\/\/staging.lucky-hunter.com\/product\/tickless-pet\/#primaryimage"},"thumbnailUrl":"https:\/\/staging.lucky-hunter.com\/wp-content\/uploads\/2022\/03\/57020x.png","datePublished":"2022-03-23T11:12:16+00:00","dateModified":"2023-04-17T11:51:05+00:00","description":"Keep your hunting dog free of ticks, fleas and other creeps, with this smart Tickless PET device. its chemical-free and completely safe!","breadcrumb":{"@id":"https:\/\/staging.lucky-hunter.com\/product\/tickless-pet\/#breadcrumb"},"inLanguage":"fr-FR","potentialAction":[{"@type":"ReadAction","target":["https:\/\/staging.lucky-hunter.com\/product\/tickless-pet\/"]}]},{"@type":"ImageObject","inLanguage":"fr-FR","@id":"https:\/\/staging.lucky-hunter.com\/product\/tickless-pet\/#primaryimage","url":"https:\/\/staging.lucky-hunter.com\/wp-content\/uploads\/2022\/03\/57020x.png","contentUrl":"https:\/\/staging.lucky-hunter.com\/wp-content\/uploads\/2022\/03\/57020x.png","width":1000,"height":1000},{"@type":"BreadcrumbList","@id":"https:\/\/staging.lucky-hunter.com\/product\/tickless-pet\/#breadcrumb","itemListElement":[{"@type":"ListItem","position":1,"name":"Home","item":"https:\/\/staging.lucky-hunter.com\/fr\/"},{"@type":"ListItem","position":2,"name":"Boutique","item":"https:\/\/staging.lucky-hunter.com\/fr\/shop\/"},{"@type":"ListItem","position":3,"name":"Tickless PET"}]},{"@type":"WebSite","@id":"https:\/\/staging.lucky-hunter.com\/#website","url":"https:\/\/staging.lucky-hunter.com\/","name":"Lucky-Hunter","description":"Gear Up or Give Up","potentialAction":[{"@type":"SearchAction","target":{"@type":"EntryPoint","urlTemplate":"https:\/\/staging.lucky-hunter.com\/?s={search_term_string}"},"query-input":{"@type":"PropertyValueSpecification","valueRequired":true,"valueName":"search_term_string"}}],"inLanguage":"fr-FR"}]}},"_links":{"self":[{"href":"https:\/\/staging.lucky-hunter.com\/fr\/wp-json\/wp\/v2\/product\/31532"}],"collection":[{"href":"https:\/\/staging.lucky-hunter.com\/fr\/wp-json\/wp\/v2\/product"}],"about":[{"href":"https:\/\/staging.lucky-hunter.com\/fr\/wp-json\/wp\/v2\/types\/product"}],"wp:featuredmedia":[{"embeddable":true,"href":"https:\/\/staging.lucky-hunter.com\/fr\/wp-json\/wp\/v2\/media\/30778"}],"wp:attachment":[{"href":"https:\/\/staging.lucky-hunter.com\/fr\/wp-json\/wp\/v2\/media?parent=31532"}],"wp:term":[{"taxonomy":"product_brand","embeddable":true,"href":"https:\/\/staging.lucky-hunter.com\/fr\/wp-json\/wp\/v2\/product_brand?post=31532"},{"taxonomy":"product_cat","embeddable":true,"href":"https:\/\/staging.lucky-hunter.com\/fr\/wp-json\/wp\/v2\/product_cat?post=31532"},{"taxonomy":"product_tag","embeddable":true,"href":"https:\/\/staging.lucky-hunter.com\/fr\/wp-json\/wp\/v2\/product_tag?post=31532"}],"curies":[{"name":"wp","href":"https:\/\/api.w.org\/{rel}","templated":true}]}}