{"id":31530,"date":"2020-07-29T13:44:08","date_gmt":"2020-07-29T11:44:08","guid":{"rendered":"https:\/\/staging.lucky-hunter.com\/product\/avery-sporting-dog-wigeon-ez-bird\/"},"modified":"2024-07-03T04:30:31","modified_gmt":"2024-07-03T02:30:31","slug":"avery-sporting-dog-wigeon-ez-bird","status":"publish","type":"product","link":"https:\/\/staging.lucky-hunter.com\/fr\/product\/avery-sporting-dog-wigeon-ez-bird\/","title":{"rendered":"Avery Sporting Dog &#8211; Canard Siffleur EZ-Bird"},"content":{"rendered":"<h2><b>Avery Sporting Dog &#8211; Canard Siffleur EZ Bird<\/b><\/h2>\n<p>Avec deux tiers de la taille et du poids d&#8217;un oiseau adulte de taille normale, les mannequins Avery EZ sont parfaits pour le dressage. Ils permettent aux chiens plus jeunes ou plus petits de gagner en confiance et d\u2019apprendre \u00e0 rapporter l&#8217;oiseau syst\u00e9matiquement.<\/p>\n<p><span style=\"font-weight: 400;\">Rempli de mousse dense pour la flottabilit\u00e9 et pour que la texture ressemble \u00e0 celle d&#8217;un vrai canard, le corps est \u00e9galement recouvert de PVC qui emp\u00eache le chien de serrer trop fort.<\/span><\/p>\n<p>Le rev\u00eatement sur\u00e9lev\u00e9 pour les dents V-Grip permet \u00e0 votre chien de saisir fermement l&#8217;oiseau, et la t\u00eate flottante en plastique dur le d\u00e9couragera de secouer l\u2019oiseau. En somme, cela entra\u00eenera le chien \u00e0 porter l&#8217;oiseau correctement lorsqu\u2019il va le chercher.<\/p>\n<p>Le corps de l&#8217;oiseau comporte une longue corde de lancer avec une poign\u00e9e int\u00e9gr\u00e9e, ce qui facilite le lancer sur terre comme dans l&#8217;eau et garantit une bonne pr\u00e9cision. Disponible dans des couleurs r\u00e9alistes et en forme de colvert. Ne laissez pas votre chien s\u2019ennuyer, variez les mannequins d\u2019entra\u00eenement.<\/p>\n<p>{7>Produit sans phtalates nocifs.&lt;7}<\/p>\n<p><span style=\"font-weight: 400;\">Amusez votre chien avec des mannequins vari\u00e9s pour l&#8217;entra\u00eenement.<\/span><\/p>\n<p><span style=\"font-weight: 400;\">Fabriqu\u00e9 sans phtalates nocifs.<\/span><\/p>\n<p><span style=\"font-weight: 400;\"><div class=\"video video-fit mb\" style=\"padding-top:56.25%;\"><p><iframe title=\"Avery Dummy\" width=\"1020\" height=\"574\" src=\"https:\/\/www.youtube.com\/embed\/9JOe2fY-vJs?wmode=transparent&amp;rel=0&amp;feature=oembed\" frameborder=\"0\" allow=\"accelerometer; autoplay; encrypted-media; gyroscope; picture-in-picture\" allowfullscreen><\/iframe><\/p>\n<\/div><\/span><\/p>\n","protected":false},"excerpt":{"rendered":"<p>Les mannequins d&#8217;entra\u00eenement Avery EZ Bird Retriever mesurent 2\/3 de la taille et du poids d&#8217;un oiseau adulte de taille normale, ce qui permet aux chiens plus jeunes ou plus petits de gagner en confiance pour r\u00e9cup\u00e9rer l&#8217;oiseau \u00e0 port\u00e9e de main de mani\u00e8re coh\u00e9rente.<\/p>\n","protected":false},"featured_media":30461,"template":"","meta":[],"product_brand":[8123],"product_cat":[8188],"product_tag":[],"yoast_head":"<!-- This site is optimized with the Yoast SEO plugin v24.3 - https:\/\/yoast.com\/wordpress\/plugins\/seo\/ -->\n<title>Avery Sporting Dog Wigeon EZ-Bird - Dressage de chiens de chasse | Chasseur chanceux<\/title>\n<meta name=\"description\" content=\"Avery Sporting Dog Wigeon EZ-Bird est un excellent outil pour dresser votre chien de chasse. Fabriqu\u00e9 en plastique souple et facile \u00e0 saisir, il est sans danger pour votre chien et id\u00e9al pour l&#039;entra\u00eenement.\" \/>\n<meta name=\"robots\" content=\"noindex, follow, max-snippet:-1, max-image-preview:large, max-video-preview:-1\" \/>\n<meta property=\"og:locale\" content=\"fr_FR\" \/>\n<meta property=\"og:type\" content=\"article\" \/>\n<meta property=\"og:title\" content=\"Avery Sporting Dog Wigeon EZ-Bird - Dressage de chiens de chasse | Chasseur chanceux\" \/>\n<meta property=\"og:description\" content=\"Avery Sporting Dog Wigeon EZ-Bird est un excellent outil pour dresser votre chien de chasse. Fabriqu\u00e9 en plastique souple et facile \u00e0 saisir, il est sans danger pour votre chien et id\u00e9al pour l&#039;entra\u00eenement.\" \/>\n<meta property=\"og:url\" content=\"https:\/\/staging.lucky-hunter.com\/fr\/product\/avery-sporting-dog-wigeon-ez-bird\/\" \/>\n<meta property=\"og:site_name\" content=\"Lucky-Hunter\" \/>\n<meta property=\"article:modified_time\" content=\"2024-07-03T02:30:31+00:00\" \/>\n<meta property=\"og:image\" content=\"https:\/\/staging.lucky-hunter.com\/wp-content\/uploads\/2020\/07\/JH-59.png\" \/>\n\t<meta property=\"og:image:width\" content=\"1000\" \/>\n\t<meta property=\"og:image:height\" content=\"1000\" \/>\n\t<meta property=\"og:image:type\" content=\"image\/png\" \/>\n<meta name=\"twitter:card\" content=\"summary_large_image\" \/>\n<meta name=\"twitter:label1\" content=\"Dur\u00e9e de lecture estim\u00e9e\" \/>\n\t<meta name=\"twitter:data1\" content=\"1 minute\" \/>\n<script type=\"application\/ld+json\" class=\"yoast-schema-graph\">{\"@context\":\"https:\/\/schema.org\",\"@graph\":[{\"@type\":\"WebPage\",\"@id\":\"https:\/\/staging.lucky-hunter.com\/fr\/product\/avery-sporting-dog-wigeon-ez-bird\/\",\"url\":\"https:\/\/staging.lucky-hunter.com\/fr\/product\/avery-sporting-dog-wigeon-ez-bird\/\",\"name\":\"Avery Sporting Dog Wigeon EZ-Bird - Dressage de chiens de chasse | Chasseur chanceux\",\"isPartOf\":{\"@id\":\"https:\/\/staging.lucky-hunter.com\/#website\"},\"primaryImageOfPage\":{\"@id\":\"https:\/\/staging.lucky-hunter.com\/fr\/product\/avery-sporting-dog-wigeon-ez-bird\/#primaryimage\"},\"image\":{\"@id\":\"https:\/\/staging.lucky-hunter.com\/fr\/product\/avery-sporting-dog-wigeon-ez-bird\/#primaryimage\"},\"thumbnailUrl\":\"https:\/\/staging.lucky-hunter.com\/wp-content\/uploads\/2020\/07\/JH-59.png\",\"datePublished\":\"2020-07-29T11:44:08+00:00\",\"dateModified\":\"2024-07-03T02:30:31+00:00\",\"description\":\"Avery Sporting Dog Wigeon EZ-Bird est un excellent outil pour dresser votre chien de chasse. Fabriqu\u00e9 en plastique souple et facile \u00e0 saisir, il est sans danger pour votre chien et id\u00e9al pour l'entra\u00eenement.\",\"breadcrumb\":{\"@id\":\"https:\/\/staging.lucky-hunter.com\/fr\/product\/avery-sporting-dog-wigeon-ez-bird\/#breadcrumb\"},\"inLanguage\":\"fr-FR\",\"potentialAction\":[{\"@type\":\"ReadAction\",\"target\":[\"https:\/\/staging.lucky-hunter.com\/fr\/product\/avery-sporting-dog-wigeon-ez-bird\/\"]}]},{\"@type\":\"ImageObject\",\"inLanguage\":\"fr-FR\",\"@id\":\"https:\/\/staging.lucky-hunter.com\/fr\/product\/avery-sporting-dog-wigeon-ez-bird\/#primaryimage\",\"url\":\"https:\/\/staging.lucky-hunter.com\/wp-content\/uploads\/2020\/07\/JH-59.png\",\"contentUrl\":\"https:\/\/staging.lucky-hunter.com\/wp-content\/uploads\/2020\/07\/JH-59.png\",\"width\":1000,\"height\":1000},{\"@type\":\"BreadcrumbList\",\"@id\":\"https:\/\/staging.lucky-hunter.com\/fr\/product\/avery-sporting-dog-wigeon-ez-bird\/#breadcrumb\",\"itemListElement\":[{\"@type\":\"ListItem\",\"position\":1,\"name\":\"Home\",\"item\":\"https:\/\/staging.lucky-hunter.com\/fr\/\"},{\"@type\":\"ListItem\",\"position\":2,\"name\":\"Boutique\",\"item\":\"https:\/\/staging.lucky-hunter.com\/fr\/shop\/\"},{\"@type\":\"ListItem\",\"position\":3,\"name\":\"Avery Sporting Dog &#8211; Canard Siffleur EZ-Bird\"}]},{\"@type\":\"WebSite\",\"@id\":\"https:\/\/staging.lucky-hunter.com\/#website\",\"url\":\"https:\/\/staging.lucky-hunter.com\/\",\"name\":\"Lucky-Hunter\",\"description\":\"Gear Up or Give Up\",\"potentialAction\":[{\"@type\":\"SearchAction\",\"target\":{\"@type\":\"EntryPoint\",\"urlTemplate\":\"https:\/\/staging.lucky-hunter.com\/?s={search_term_string}\"},\"query-input\":{\"@type\":\"PropertyValueSpecification\",\"valueRequired\":true,\"valueName\":\"search_term_string\"}}],\"inLanguage\":\"fr-FR\"}]}<\/script>\n<!-- \/ Yoast SEO plugin. -->","yoast_head_json":{"title":"Avery Sporting Dog Wigeon EZ-Bird - Dressage de chiens de chasse | Chasseur chanceux","description":"Avery Sporting Dog Wigeon EZ-Bird est un excellent outil pour dresser votre chien de chasse. Fabriqu\u00e9 en plastique souple et facile \u00e0 saisir, il est sans danger pour votre chien et id\u00e9al pour l'entra\u00eenement.","robots":{"index":"noindex","follow":"follow","max-snippet":"max-snippet:-1","max-image-preview":"max-image-preview:large","max-video-preview":"max-video-preview:-1"},"og_locale":"fr_FR","og_type":"article","og_title":"Avery Sporting Dog Wigeon EZ-Bird - Dressage de chiens de chasse | Chasseur chanceux","og_description":"Avery Sporting Dog Wigeon EZ-Bird est un excellent outil pour dresser votre chien de chasse. Fabriqu\u00e9 en plastique souple et facile \u00e0 saisir, il est sans danger pour votre chien et id\u00e9al pour l'entra\u00eenement.","og_url":"https:\/\/staging.lucky-hunter.com\/fr\/product\/avery-sporting-dog-wigeon-ez-bird\/","og_site_name":"Lucky-Hunter","article_modified_time":"2024-07-03T02:30:31+00:00","og_image":[{"width":1000,"height":1000,"url":"https:\/\/staging.lucky-hunter.com\/wp-content\/uploads\/2020\/07\/JH-59.png","type":"image\/png"}],"twitter_card":"summary_large_image","twitter_misc":{"Dur\u00e9e de lecture estim\u00e9e":"1 minute"},"schema":{"@context":"https:\/\/schema.org","@graph":[{"@type":"WebPage","@id":"https:\/\/staging.lucky-hunter.com\/fr\/product\/avery-sporting-dog-wigeon-ez-bird\/","url":"https:\/\/staging.lucky-hunter.com\/fr\/product\/avery-sporting-dog-wigeon-ez-bird\/","name":"Avery Sporting Dog Wigeon EZ-Bird - Dressage de chiens de chasse | Chasseur chanceux","isPartOf":{"@id":"https:\/\/staging.lucky-hunter.com\/#website"},"primaryImageOfPage":{"@id":"https:\/\/staging.lucky-hunter.com\/fr\/product\/avery-sporting-dog-wigeon-ez-bird\/#primaryimage"},"image":{"@id":"https:\/\/staging.lucky-hunter.com\/fr\/product\/avery-sporting-dog-wigeon-ez-bird\/#primaryimage"},"thumbnailUrl":"https:\/\/staging.lucky-hunter.com\/wp-content\/uploads\/2020\/07\/JH-59.png","datePublished":"2020-07-29T11:44:08+00:00","dateModified":"2024-07-03T02:30:31+00:00","description":"Avery Sporting Dog Wigeon EZ-Bird est un excellent outil pour dresser votre chien de chasse. Fabriqu\u00e9 en plastique souple et facile \u00e0 saisir, il est sans danger pour votre chien et id\u00e9al pour l'entra\u00eenement.","breadcrumb":{"@id":"https:\/\/staging.lucky-hunter.com\/fr\/product\/avery-sporting-dog-wigeon-ez-bird\/#breadcrumb"},"inLanguage":"fr-FR","potentialAction":[{"@type":"ReadAction","target":["https:\/\/staging.lucky-hunter.com\/fr\/product\/avery-sporting-dog-wigeon-ez-bird\/"]}]},{"@type":"ImageObject","inLanguage":"fr-FR","@id":"https:\/\/staging.lucky-hunter.com\/fr\/product\/avery-sporting-dog-wigeon-ez-bird\/#primaryimage","url":"https:\/\/staging.lucky-hunter.com\/wp-content\/uploads\/2020\/07\/JH-59.png","contentUrl":"https:\/\/staging.lucky-hunter.com\/wp-content\/uploads\/2020\/07\/JH-59.png","width":1000,"height":1000},{"@type":"BreadcrumbList","@id":"https:\/\/staging.lucky-hunter.com\/fr\/product\/avery-sporting-dog-wigeon-ez-bird\/#breadcrumb","itemListElement":[{"@type":"ListItem","position":1,"name":"Home","item":"https:\/\/staging.lucky-hunter.com\/fr\/"},{"@type":"ListItem","position":2,"name":"Boutique","item":"https:\/\/staging.lucky-hunter.com\/fr\/shop\/"},{"@type":"ListItem","position":3,"name":"Avery Sporting Dog &#8211; Canard Siffleur EZ-Bird"}]},{"@type":"WebSite","@id":"https:\/\/staging.lucky-hunter.com\/#website","url":"https:\/\/staging.lucky-hunter.com\/","name":"Lucky-Hunter","description":"Gear Up or Give Up","potentialAction":[{"@type":"SearchAction","target":{"@type":"EntryPoint","urlTemplate":"https:\/\/staging.lucky-hunter.com\/?s={search_term_string}"},"query-input":{"@type":"PropertyValueSpecification","valueRequired":true,"valueName":"search_term_string"}}],"inLanguage":"fr-FR"}]}},"_links":{"self":[{"href":"https:\/\/staging.lucky-hunter.com\/fr\/wp-json\/wp\/v2\/product\/31530"}],"collection":[{"href":"https:\/\/staging.lucky-hunter.com\/fr\/wp-json\/wp\/v2\/product"}],"about":[{"href":"https:\/\/staging.lucky-hunter.com\/fr\/wp-json\/wp\/v2\/types\/product"}],"wp:featuredmedia":[{"embeddable":true,"href":"https:\/\/staging.lucky-hunter.com\/fr\/wp-json\/wp\/v2\/media\/30461"}],"wp:attachment":[{"href":"https:\/\/staging.lucky-hunter.com\/fr\/wp-json\/wp\/v2\/media?parent=31530"}],"wp:term":[{"taxonomy":"product_brand","embeddable":true,"href":"https:\/\/staging.lucky-hunter.com\/fr\/wp-json\/wp\/v2\/product_brand?post=31530"},{"taxonomy":"product_cat","embeddable":true,"href":"https:\/\/staging.lucky-hunter.com\/fr\/wp-json\/wp\/v2\/product_cat?post=31530"},{"taxonomy":"product_tag","embeddable":true,"href":"https:\/\/staging.lucky-hunter.com\/fr\/wp-json\/wp\/v2\/product_tag?post=31530"}],"curies":[{"name":"wp","href":"https:\/\/api.w.org\/{rel}","templated":true}]}}