{"id":31528,"date":"2017-07-26T13:50:54","date_gmt":"2017-07-26T11:50:54","guid":{"rendered":"https:\/\/staging.lucky-hunter.com\/product\/avery-sporting-dog-hexabumper\/"},"modified":"2024-11-25T13:30:42","modified_gmt":"2024-11-25T12:30:42","slug":"avery-sporting-dog-hexabumper","status":"publish","type":"product","link":"https:\/\/staging.lucky-hunter.com\/fr\/product\/avery-sporting-dog-hexabumper\/","title":{"rendered":"Avery Sporting Dog Hexabumper"},"content":{"rendered":"<h2><strong>Avery Sporting Dog Hexabumper &#8211; outil d&#8217;entra\u00eenement pour chiens de chasse<\/strong><\/h2>\n<p>Lorsque vous entra\u00eenez votre chien de chasse, vous avez besoin du meilleur \u00e9quipement possible pour que l&#8217;entra\u00eenement soit fluide. L&#8217;Hexabumper ultra r\u00e9sistant d&#8217;Avery Sporting Dog est le partenaire id\u00e9al pour aider votre chien tout au long du processus.<\/p>\n<p>Flottant, ultra-durable et adapt\u00e9 aux chiens, l\u2019Hexabumper peut \u00eatre utilis\u00e9 seul ou avec des odeurs pour apprendre \u00e0 votre chien \u00e0 rapporter vos proies.<\/p>\n<p>Dispose d&#8217;une surface externe ferme, de six c\u00f4t\u00e9s plats et de l\u2019innovant motif VGrips d&#8217;Avery Sporting Dog. Ainsi, votre chien pourra le ramasser et le saisir confortablement.<\/p>\n<p>Dispose \u00e9galement d&#8217;une corde flottante, id\u00e9ale pour le lancer sur de longues distances car il flottera dans l\u2019eau et sera facile \u00e0 ramasser. De par sa conception, il est \u00e9tanche, sans valve, et il pourra toujours flotter m\u00eame apr\u00e8s des heures de pratique dans l&#8217;eau et \u00e0 l&#8217;ext\u00e9rieur.<\/p>\n<p>La taille de l&#8217;Hexabumper est tr\u00e8s similaire \u00e0 celle de nombreux gibiers \u00e0 plumes.<\/p>\n<p>De cette mani\u00e8re, votre chien de chasse peut se familiariser avec la taille et avec la texture du gibier \u00e0 plumes entre ses m\u00e2choires..<\/p>\n<p><strong>Couleurs:<\/strong> Produit sans phtalates nocifs, pour une exp\u00e9rience en toute s\u00e9curit\u00e9 pour vous et votre chien. {1>Couleurs :&lt;1} Orange ou Noir\/Blanc (Flasher).<\/p>\n","protected":false},"excerpt":{"rendered":"<p>Si votre chien s&#8217;entra\u00eene pour devenir un excellent retriever, vous voudrez le HexaBumper ultradurable, flottant et adapt\u00e9 aux chiens d&#8217;Avery Sporting Dog.<\/p>\n","protected":false},"featured_media":58024,"template":"","meta":[],"product_brand":[8123],"product_cat":[8188],"product_tag":[],"yoast_head":"<!-- This site is optimized with the Yoast SEO plugin v24.3 - https:\/\/yoast.com\/wordpress\/plugins\/seo\/ -->\n<title>Avery Sporting Dog Hexabumper - outil d&#039;entra\u00eenement pour chiens de chasse&lt;1}<\/title>\n<meta name=\"description\" content=\"Entra\u00eenez votre chien, efficacement. Avery Sporting Dog Hexabumper est parfait pour entra\u00eener votre chien de chasse \u00e0 la chasse au canard, \u00e0 l&#039;oie et \u00e0 la sauvagine.\" \/>\n<meta name=\"robots\" content=\"noindex, follow, max-snippet:-1, max-image-preview:large, max-video-preview:-1\" \/>\n<meta property=\"og:locale\" content=\"fr_FR\" \/>\n<meta property=\"og:type\" content=\"article\" \/>\n<meta property=\"og:title\" content=\"{1&gt;Avery Sporting Dog Hexabumper - outil d&#039;entra\u00eenement pour chiens de chasse&lt;1}\" \/>\n<meta property=\"og:description\" content=\"Entra\u00eenez votre chien, efficacement. Avery Sporting Dog Hexabumper est parfait pour entra\u00eener votre chien de chasse \u00e0 la chasse au canard, \u00e0 l&#039;oie et \u00e0 la sauvagine.\" \/>\n<meta property=\"og:url\" content=\"https:\/\/staging.lucky-hunter.com\/product\/avery-sporting-dog-hexabumper\/\" \/>\n<meta property=\"og:site_name\" content=\"Lucky-Hunter\" \/>\n<meta property=\"article:modified_time\" content=\"2024-11-25T12:30:42+00:00\" \/>\n<meta property=\"og:image\" content=\"https:\/\/staging.lucky-hunter.com\/wp-content\/uploads\/2019\/05\/JH-60-Orange-1.png\" \/>\n\t<meta property=\"og:image:width\" content=\"1000\" \/>\n\t<meta property=\"og:image:height\" content=\"1000\" \/>\n\t<meta property=\"og:image:type\" content=\"image\/png\" \/>\n<meta name=\"twitter:card\" content=\"summary_large_image\" \/>\n<meta name=\"twitter:title\" content=\"Avery Sporting Dog Hexabumper - outil d&#039;entra\u00eenement pour chiens de chasse&lt;1}\" \/>\n<meta name=\"twitter:description\" content=\"Entra\u00eenez votre chien, efficacement. Avery Sporting Dog Hexabumper est parfait pour entra\u00eener votre chien de chasse \u00e0 la chasse au canard, \u00e0 l&#039;oie et \u00e0 la sauvagine.\" \/>\n<meta name=\"twitter:label1\" content=\"Dur\u00e9e de lecture estim\u00e9e\" \/>\n\t<meta name=\"twitter:data1\" content=\"2 minutes\" \/>\n<script type=\"application\/ld+json\" class=\"yoast-schema-graph\">{\"@context\":\"https:\/\/schema.org\",\"@graph\":[{\"@type\":\"WebPage\",\"@id\":\"https:\/\/staging.lucky-hunter.com\/product\/avery-sporting-dog-hexabumper\/\",\"url\":\"https:\/\/staging.lucky-hunter.com\/product\/avery-sporting-dog-hexabumper\/\",\"name\":\"Avery Sporting Dog Hexabumper - outil d'entra\u00eenement pour chiens de chasse&lt;1}\",\"isPartOf\":{\"@id\":\"https:\/\/staging.lucky-hunter.com\/#website\"},\"primaryImageOfPage\":{\"@id\":\"https:\/\/staging.lucky-hunter.com\/product\/avery-sporting-dog-hexabumper\/#primaryimage\"},\"image\":{\"@id\":\"https:\/\/staging.lucky-hunter.com\/product\/avery-sporting-dog-hexabumper\/#primaryimage\"},\"thumbnailUrl\":\"https:\/\/staging.lucky-hunter.com\/wp-content\/uploads\/2019\/05\/JH-60-Orange-1.png\",\"datePublished\":\"2017-07-26T11:50:54+00:00\",\"dateModified\":\"2024-11-25T12:30:42+00:00\",\"description\":\"Entra\u00eenez votre chien, efficacement. Avery Sporting Dog Hexabumper est parfait pour entra\u00eener votre chien de chasse \u00e0 la chasse au canard, \u00e0 l'oie et \u00e0 la sauvagine.\",\"breadcrumb\":{\"@id\":\"https:\/\/staging.lucky-hunter.com\/product\/avery-sporting-dog-hexabumper\/#breadcrumb\"},\"inLanguage\":\"fr-FR\",\"potentialAction\":[{\"@type\":\"ReadAction\",\"target\":[\"https:\/\/staging.lucky-hunter.com\/product\/avery-sporting-dog-hexabumper\/\"]}]},{\"@type\":\"ImageObject\",\"inLanguage\":\"fr-FR\",\"@id\":\"https:\/\/staging.lucky-hunter.com\/product\/avery-sporting-dog-hexabumper\/#primaryimage\",\"url\":\"https:\/\/staging.lucky-hunter.com\/wp-content\/uploads\/2019\/05\/JH-60-Orange-1.png\",\"contentUrl\":\"https:\/\/staging.lucky-hunter.com\/wp-content\/uploads\/2019\/05\/JH-60-Orange-1.png\",\"width\":1000,\"height\":1000},{\"@type\":\"BreadcrumbList\",\"@id\":\"https:\/\/staging.lucky-hunter.com\/product\/avery-sporting-dog-hexabumper\/#breadcrumb\",\"itemListElement\":[{\"@type\":\"ListItem\",\"position\":1,\"name\":\"Home\",\"item\":\"https:\/\/staging.lucky-hunter.com\/fr\/\"},{\"@type\":\"ListItem\",\"position\":2,\"name\":\"Boutique\",\"item\":\"https:\/\/staging.lucky-hunter.com\/fr\/shop\/\"},{\"@type\":\"ListItem\",\"position\":3,\"name\":\"Avery Sporting Dog Hexabumper\"}]},{\"@type\":\"WebSite\",\"@id\":\"https:\/\/staging.lucky-hunter.com\/#website\",\"url\":\"https:\/\/staging.lucky-hunter.com\/\",\"name\":\"Lucky-Hunter\",\"description\":\"Gear Up or Give Up\",\"potentialAction\":[{\"@type\":\"SearchAction\",\"target\":{\"@type\":\"EntryPoint\",\"urlTemplate\":\"https:\/\/staging.lucky-hunter.com\/?s={search_term_string}\"},\"query-input\":{\"@type\":\"PropertyValueSpecification\",\"valueRequired\":true,\"valueName\":\"search_term_string\"}}],\"inLanguage\":\"fr-FR\"}]}<\/script>\n<!-- \/ Yoast SEO plugin. -->","yoast_head_json":{"title":"Avery Sporting Dog Hexabumper - outil d'entra\u00eenement pour chiens de chasse&lt;1}","description":"Entra\u00eenez votre chien, efficacement. Avery Sporting Dog Hexabumper est parfait pour entra\u00eener votre chien de chasse \u00e0 la chasse au canard, \u00e0 l'oie et \u00e0 la sauvagine.","robots":{"index":"noindex","follow":"follow","max-snippet":"max-snippet:-1","max-image-preview":"max-image-preview:large","max-video-preview":"max-video-preview:-1"},"og_locale":"fr_FR","og_type":"article","og_title":"{1>Avery Sporting Dog Hexabumper - outil d'entra\u00eenement pour chiens de chasse&lt;1}","og_description":"Entra\u00eenez votre chien, efficacement. Avery Sporting Dog Hexabumper est parfait pour entra\u00eener votre chien de chasse \u00e0 la chasse au canard, \u00e0 l'oie et \u00e0 la sauvagine.","og_url":"https:\/\/staging.lucky-hunter.com\/product\/avery-sporting-dog-hexabumper\/","og_site_name":"Lucky-Hunter","article_modified_time":"2024-11-25T12:30:42+00:00","og_image":[{"width":1000,"height":1000,"url":"https:\/\/staging.lucky-hunter.com\/wp-content\/uploads\/2019\/05\/JH-60-Orange-1.png","type":"image\/png"}],"twitter_card":"summary_large_image","twitter_title":"Avery Sporting Dog Hexabumper - outil d'entra\u00eenement pour chiens de chasse&lt;1}","twitter_description":"Entra\u00eenez votre chien, efficacement. Avery Sporting Dog Hexabumper est parfait pour entra\u00eener votre chien de chasse \u00e0 la chasse au canard, \u00e0 l'oie et \u00e0 la sauvagine.","twitter_misc":{"Dur\u00e9e de lecture estim\u00e9e":"2 minutes"},"schema":{"@context":"https:\/\/schema.org","@graph":[{"@type":"WebPage","@id":"https:\/\/staging.lucky-hunter.com\/product\/avery-sporting-dog-hexabumper\/","url":"https:\/\/staging.lucky-hunter.com\/product\/avery-sporting-dog-hexabumper\/","name":"Avery Sporting Dog Hexabumper - outil d'entra\u00eenement pour chiens de chasse&lt;1}","isPartOf":{"@id":"https:\/\/staging.lucky-hunter.com\/#website"},"primaryImageOfPage":{"@id":"https:\/\/staging.lucky-hunter.com\/product\/avery-sporting-dog-hexabumper\/#primaryimage"},"image":{"@id":"https:\/\/staging.lucky-hunter.com\/product\/avery-sporting-dog-hexabumper\/#primaryimage"},"thumbnailUrl":"https:\/\/staging.lucky-hunter.com\/wp-content\/uploads\/2019\/05\/JH-60-Orange-1.png","datePublished":"2017-07-26T11:50:54+00:00","dateModified":"2024-11-25T12:30:42+00:00","description":"Entra\u00eenez votre chien, efficacement. Avery Sporting Dog Hexabumper est parfait pour entra\u00eener votre chien de chasse \u00e0 la chasse au canard, \u00e0 l'oie et \u00e0 la sauvagine.","breadcrumb":{"@id":"https:\/\/staging.lucky-hunter.com\/product\/avery-sporting-dog-hexabumper\/#breadcrumb"},"inLanguage":"fr-FR","potentialAction":[{"@type":"ReadAction","target":["https:\/\/staging.lucky-hunter.com\/product\/avery-sporting-dog-hexabumper\/"]}]},{"@type":"ImageObject","inLanguage":"fr-FR","@id":"https:\/\/staging.lucky-hunter.com\/product\/avery-sporting-dog-hexabumper\/#primaryimage","url":"https:\/\/staging.lucky-hunter.com\/wp-content\/uploads\/2019\/05\/JH-60-Orange-1.png","contentUrl":"https:\/\/staging.lucky-hunter.com\/wp-content\/uploads\/2019\/05\/JH-60-Orange-1.png","width":1000,"height":1000},{"@type":"BreadcrumbList","@id":"https:\/\/staging.lucky-hunter.com\/product\/avery-sporting-dog-hexabumper\/#breadcrumb","itemListElement":[{"@type":"ListItem","position":1,"name":"Home","item":"https:\/\/staging.lucky-hunter.com\/fr\/"},{"@type":"ListItem","position":2,"name":"Boutique","item":"https:\/\/staging.lucky-hunter.com\/fr\/shop\/"},{"@type":"ListItem","position":3,"name":"Avery Sporting Dog Hexabumper"}]},{"@type":"WebSite","@id":"https:\/\/staging.lucky-hunter.com\/#website","url":"https:\/\/staging.lucky-hunter.com\/","name":"Lucky-Hunter","description":"Gear Up or Give Up","potentialAction":[{"@type":"SearchAction","target":{"@type":"EntryPoint","urlTemplate":"https:\/\/staging.lucky-hunter.com\/?s={search_term_string}"},"query-input":{"@type":"PropertyValueSpecification","valueRequired":true,"valueName":"search_term_string"}}],"inLanguage":"fr-FR"}]}},"_links":{"self":[{"href":"https:\/\/staging.lucky-hunter.com\/fr\/wp-json\/wp\/v2\/product\/31528"}],"collection":[{"href":"https:\/\/staging.lucky-hunter.com\/fr\/wp-json\/wp\/v2\/product"}],"about":[{"href":"https:\/\/staging.lucky-hunter.com\/fr\/wp-json\/wp\/v2\/types\/product"}],"wp:featuredmedia":[{"embeddable":true,"href":"https:\/\/staging.lucky-hunter.com\/fr\/wp-json\/wp\/v2\/media\/58024"}],"wp:attachment":[{"href":"https:\/\/staging.lucky-hunter.com\/fr\/wp-json\/wp\/v2\/media?parent=31528"}],"wp:term":[{"taxonomy":"product_brand","embeddable":true,"href":"https:\/\/staging.lucky-hunter.com\/fr\/wp-json\/wp\/v2\/product_brand?post=31528"},{"taxonomy":"product_cat","embeddable":true,"href":"https:\/\/staging.lucky-hunter.com\/fr\/wp-json\/wp\/v2\/product_cat?post=31528"},{"taxonomy":"product_tag","embeddable":true,"href":"https:\/\/staging.lucky-hunter.com\/fr\/wp-json\/wp\/v2\/product_tag?post=31528"}],"curies":[{"name":"wp","href":"https:\/\/api.w.org\/{rel}","templated":true}]}}