{"id":31527,"date":"2020-03-07T14:02:21","date_gmt":"2020-03-07T13:02:21","guid":{"rendered":"https:\/\/staging.lucky-hunter.com\/product\/outdoors-clay-cannon\/"},"modified":"2023-09-19T10:59:24","modified_gmt":"2023-09-19T08:59:24","slug":"outdoors-clay-cannon","status":"publish","type":"product","link":"https:\/\/staging.lucky-hunter.com\/fr\/product\/outdoors-clay-cannon\/","title":{"rendered":"Lanceur de Plateaux Do-All Outdoors Clay Cannon"},"content":{"rendered":"<h1><strong>Amusez-vous toute la journ\u00e9e avec vos amis gr\u00e2ce \u00e0 ce NOUVEAU lanceur de plateaux Do-All Outdoors<\/strong><\/h1>\n<div class=\"video video-fit mb\" style=\"padding-top:56.25%;\"><p><iframe width=\"1020\" height=\"574\" src=\"https:\/\/www.youtube.com\/embed\/mVRSwfkfBis?wmode=transparent&amp;rel=0&amp;feature=oembed\" frameborder=\"0\" allow=\"accelerometer; autoplay; encrypted-media; gyroscope; picture-in-picture\" allowfullscreen><\/iframe><\/p>\n<\/div>\n<p>Do-All Outdoors Clay Cannon est le premier lanceur de plateaux portable en son genre. Tr\u00e8s facile \u00e0 assembler, \u00e0 charger et \u00e0 utiliser, il est destin\u00e9 \u00e0 r\u00e9volutionner le monde du ball-trap<\/p>\n<p>Finie l\u2019\u00e9poque o\u00f9 l&#8217;on tra\u00eenait d&#8217;\u00e9normes machines dans le champ de ball-trap. Cet appareil astucieux est portatif et p\u00e8se moins de 230 g. Tout ce dont vous avez besoin, c\u2019est de ce lanceur, d\u2019une bo\u00eete de plateaux et d\u2019un ami pour les tirer au vol<\/p>\n<p>La facilit\u00e9 d\u2019utilisation de l\u2019appareil est telle qu\u2019il est presque aussi amusant de lancer les plateaux que de les abattre<\/p>\n<p>Le Clay Cannon peut lancer 3 tailles de plateaux diff\u00e9rentes &#8211; mini, midi et standard (non inclus). Il peut m\u00eame lancer deux plateaux \u00e0 la fois. Les lancers simples atteignent environ 55 m, tandis que les doubles atteignent environ 20 \u00e0 30 m.<\/p>\n<p>L&#8217;angle de lancement du canon permet aux plateaux de voler haut dans le ciel, pr\u00eats \u00e0 \u00eatre abattus. Id\u00e9al pour vous entra\u00eener avant votre saison pr\u00e9f\u00e9r\u00e9e, ou tout simplement pour aider un nouveau chasseur \u00e0 am\u00e9liorer sa pr\u00e9cision.<\/p>\n<p>Remarque &#8211; Lisez attentivement les instructions avant d&#8217;utiliser le produit.<\/p>\n","protected":false},"excerpt":{"rendered":"<p>Do-All Outdoors Clay Cannon est le premier lanceur de plateaux portable en son genre. Tr\u00e8s facile \u00e0 assembler, \u00e0 charger et \u00e0 utiliser, il est destin\u00e9 \u00e0 r\u00e9volutionner le monde du ball-trap !<\/p>\n","protected":false},"featured_media":30471,"template":"","meta":[],"product_brand":[9563],"product_cat":[8793],"product_tag":[],"yoast_head":"<!-- This site is optimized with the Yoast SEO plugin v24.3 - https:\/\/yoast.com\/wordpress\/plugins\/seo\/ -->\n<title>Do-All Clay Cannon - frappez le coup, \u00e0 chaque fois | Chasseur chanceux<\/title>\n<meta name=\"description\" content=\"Clay Cannon de Do-All Outdoors va r\u00e9volutionner la sc\u00e8ne de la chasse aux oiseaux en argile. Fini le temps des masses de machines.\" \/>\n<meta name=\"robots\" content=\"noindex, follow, max-snippet:-1, max-image-preview:large, max-video-preview:-1\" \/>\n<meta property=\"og:locale\" content=\"fr_FR\" \/>\n<meta property=\"og:type\" content=\"article\" \/>\n<meta property=\"og:title\" content=\"Do-All Clay Cannon - frappez le coup, \u00e0 chaque fois | Chasseur chanceux\" \/>\n<meta property=\"og:description\" content=\"Clay Cannon de Do-All Outdoors va r\u00e9volutionner la sc\u00e8ne de la chasse aux oiseaux en argile. Fini le temps des masses de machines.\" \/>\n<meta property=\"og:url\" content=\"https:\/\/staging.lucky-hunter.com\/fr\/product\/outdoors-clay-cannon\/\" \/>\n<meta property=\"og:site_name\" content=\"Lucky-Hunter\" \/>\n<meta property=\"article:modified_time\" content=\"2023-09-19T08:59:24+00:00\" \/>\n<meta property=\"og:image\" content=\"https:\/\/staging.lucky-hunter.com\/wp-content\/uploads\/2020\/03\/ST-45-1000.png\" \/>\n\t<meta property=\"og:image:width\" content=\"1000\" \/>\n\t<meta property=\"og:image:height\" content=\"1000\" \/>\n\t<meta property=\"og:image:type\" content=\"image\/png\" \/>\n<meta name=\"twitter:card\" content=\"summary_large_image\" \/>\n<meta name=\"twitter:label1\" content=\"Dur\u00e9e de lecture estim\u00e9e\" \/>\n\t<meta name=\"twitter:data1\" content=\"1 minute\" \/>\n<script type=\"application\/ld+json\" class=\"yoast-schema-graph\">{\"@context\":\"https:\/\/schema.org\",\"@graph\":[{\"@type\":\"WebPage\",\"@id\":\"https:\/\/staging.lucky-hunter.com\/fr\/product\/outdoors-clay-cannon\/\",\"url\":\"https:\/\/staging.lucky-hunter.com\/fr\/product\/outdoors-clay-cannon\/\",\"name\":\"Do-All Clay Cannon - frappez le coup, \u00e0 chaque fois | Chasseur chanceux\",\"isPartOf\":{\"@id\":\"https:\/\/staging.lucky-hunter.com\/#website\"},\"primaryImageOfPage\":{\"@id\":\"https:\/\/staging.lucky-hunter.com\/fr\/product\/outdoors-clay-cannon\/#primaryimage\"},\"image\":{\"@id\":\"https:\/\/staging.lucky-hunter.com\/fr\/product\/outdoors-clay-cannon\/#primaryimage\"},\"thumbnailUrl\":\"https:\/\/staging.lucky-hunter.com\/wp-content\/uploads\/2020\/03\/ST-45-1000.png\",\"datePublished\":\"2020-03-07T13:02:21+00:00\",\"dateModified\":\"2023-09-19T08:59:24+00:00\",\"description\":\"Clay Cannon de Do-All Outdoors va r\u00e9volutionner la sc\u00e8ne de la chasse aux oiseaux en argile. Fini le temps des masses de machines.\",\"breadcrumb\":{\"@id\":\"https:\/\/staging.lucky-hunter.com\/fr\/product\/outdoors-clay-cannon\/#breadcrumb\"},\"inLanguage\":\"fr-FR\",\"potentialAction\":[{\"@type\":\"ReadAction\",\"target\":[\"https:\/\/staging.lucky-hunter.com\/fr\/product\/outdoors-clay-cannon\/\"]}]},{\"@type\":\"ImageObject\",\"inLanguage\":\"fr-FR\",\"@id\":\"https:\/\/staging.lucky-hunter.com\/fr\/product\/outdoors-clay-cannon\/#primaryimage\",\"url\":\"https:\/\/staging.lucky-hunter.com\/wp-content\/uploads\/2020\/03\/ST-45-1000.png\",\"contentUrl\":\"https:\/\/staging.lucky-hunter.com\/wp-content\/uploads\/2020\/03\/ST-45-1000.png\",\"width\":1000,\"height\":1000},{\"@type\":\"BreadcrumbList\",\"@id\":\"https:\/\/staging.lucky-hunter.com\/fr\/product\/outdoors-clay-cannon\/#breadcrumb\",\"itemListElement\":[{\"@type\":\"ListItem\",\"position\":1,\"name\":\"Home\",\"item\":\"https:\/\/staging.lucky-hunter.com\/fr\/\"},{\"@type\":\"ListItem\",\"position\":2,\"name\":\"Boutique\",\"item\":\"https:\/\/staging.lucky-hunter.com\/fr\/shop\/\"},{\"@type\":\"ListItem\",\"position\":3,\"name\":\"Lanceur de Plateaux Do-All Outdoors Clay Cannon\"}]},{\"@type\":\"WebSite\",\"@id\":\"https:\/\/staging.lucky-hunter.com\/#website\",\"url\":\"https:\/\/staging.lucky-hunter.com\/\",\"name\":\"Lucky-Hunter\",\"description\":\"Gear Up or Give Up\",\"potentialAction\":[{\"@type\":\"SearchAction\",\"target\":{\"@type\":\"EntryPoint\",\"urlTemplate\":\"https:\/\/staging.lucky-hunter.com\/?s={search_term_string}\"},\"query-input\":{\"@type\":\"PropertyValueSpecification\",\"valueRequired\":true,\"valueName\":\"search_term_string\"}}],\"inLanguage\":\"fr-FR\"}]}<\/script>\n<!-- \/ Yoast SEO plugin. -->","yoast_head_json":{"title":"Do-All Clay Cannon - frappez le coup, \u00e0 chaque fois | Chasseur chanceux","description":"Clay Cannon de Do-All Outdoors va r\u00e9volutionner la sc\u00e8ne de la chasse aux oiseaux en argile. Fini le temps des masses de machines.","robots":{"index":"noindex","follow":"follow","max-snippet":"max-snippet:-1","max-image-preview":"max-image-preview:large","max-video-preview":"max-video-preview:-1"},"og_locale":"fr_FR","og_type":"article","og_title":"Do-All Clay Cannon - frappez le coup, \u00e0 chaque fois | Chasseur chanceux","og_description":"Clay Cannon de Do-All Outdoors va r\u00e9volutionner la sc\u00e8ne de la chasse aux oiseaux en argile. Fini le temps des masses de machines.","og_url":"https:\/\/staging.lucky-hunter.com\/fr\/product\/outdoors-clay-cannon\/","og_site_name":"Lucky-Hunter","article_modified_time":"2023-09-19T08:59:24+00:00","og_image":[{"width":1000,"height":1000,"url":"https:\/\/staging.lucky-hunter.com\/wp-content\/uploads\/2020\/03\/ST-45-1000.png","type":"image\/png"}],"twitter_card":"summary_large_image","twitter_misc":{"Dur\u00e9e de lecture estim\u00e9e":"1 minute"},"schema":{"@context":"https:\/\/schema.org","@graph":[{"@type":"WebPage","@id":"https:\/\/staging.lucky-hunter.com\/fr\/product\/outdoors-clay-cannon\/","url":"https:\/\/staging.lucky-hunter.com\/fr\/product\/outdoors-clay-cannon\/","name":"Do-All Clay Cannon - frappez le coup, \u00e0 chaque fois | Chasseur chanceux","isPartOf":{"@id":"https:\/\/staging.lucky-hunter.com\/#website"},"primaryImageOfPage":{"@id":"https:\/\/staging.lucky-hunter.com\/fr\/product\/outdoors-clay-cannon\/#primaryimage"},"image":{"@id":"https:\/\/staging.lucky-hunter.com\/fr\/product\/outdoors-clay-cannon\/#primaryimage"},"thumbnailUrl":"https:\/\/staging.lucky-hunter.com\/wp-content\/uploads\/2020\/03\/ST-45-1000.png","datePublished":"2020-03-07T13:02:21+00:00","dateModified":"2023-09-19T08:59:24+00:00","description":"Clay Cannon de Do-All Outdoors va r\u00e9volutionner la sc\u00e8ne de la chasse aux oiseaux en argile. Fini le temps des masses de machines.","breadcrumb":{"@id":"https:\/\/staging.lucky-hunter.com\/fr\/product\/outdoors-clay-cannon\/#breadcrumb"},"inLanguage":"fr-FR","potentialAction":[{"@type":"ReadAction","target":["https:\/\/staging.lucky-hunter.com\/fr\/product\/outdoors-clay-cannon\/"]}]},{"@type":"ImageObject","inLanguage":"fr-FR","@id":"https:\/\/staging.lucky-hunter.com\/fr\/product\/outdoors-clay-cannon\/#primaryimage","url":"https:\/\/staging.lucky-hunter.com\/wp-content\/uploads\/2020\/03\/ST-45-1000.png","contentUrl":"https:\/\/staging.lucky-hunter.com\/wp-content\/uploads\/2020\/03\/ST-45-1000.png","width":1000,"height":1000},{"@type":"BreadcrumbList","@id":"https:\/\/staging.lucky-hunter.com\/fr\/product\/outdoors-clay-cannon\/#breadcrumb","itemListElement":[{"@type":"ListItem","position":1,"name":"Home","item":"https:\/\/staging.lucky-hunter.com\/fr\/"},{"@type":"ListItem","position":2,"name":"Boutique","item":"https:\/\/staging.lucky-hunter.com\/fr\/shop\/"},{"@type":"ListItem","position":3,"name":"Lanceur de Plateaux Do-All Outdoors Clay Cannon"}]},{"@type":"WebSite","@id":"https:\/\/staging.lucky-hunter.com\/#website","url":"https:\/\/staging.lucky-hunter.com\/","name":"Lucky-Hunter","description":"Gear Up or Give Up","potentialAction":[{"@type":"SearchAction","target":{"@type":"EntryPoint","urlTemplate":"https:\/\/staging.lucky-hunter.com\/?s={search_term_string}"},"query-input":{"@type":"PropertyValueSpecification","valueRequired":true,"valueName":"search_term_string"}}],"inLanguage":"fr-FR"}]}},"_links":{"self":[{"href":"https:\/\/staging.lucky-hunter.com\/fr\/wp-json\/wp\/v2\/product\/31527"}],"collection":[{"href":"https:\/\/staging.lucky-hunter.com\/fr\/wp-json\/wp\/v2\/product"}],"about":[{"href":"https:\/\/staging.lucky-hunter.com\/fr\/wp-json\/wp\/v2\/types\/product"}],"wp:featuredmedia":[{"embeddable":true,"href":"https:\/\/staging.lucky-hunter.com\/fr\/wp-json\/wp\/v2\/media\/30471"}],"wp:attachment":[{"href":"https:\/\/staging.lucky-hunter.com\/fr\/wp-json\/wp\/v2\/media?parent=31527"}],"wp:term":[{"taxonomy":"product_brand","embeddable":true,"href":"https:\/\/staging.lucky-hunter.com\/fr\/wp-json\/wp\/v2\/product_brand?post=31527"},{"taxonomy":"product_cat","embeddable":true,"href":"https:\/\/staging.lucky-hunter.com\/fr\/wp-json\/wp\/v2\/product_cat?post=31527"},{"taxonomy":"product_tag","embeddable":true,"href":"https:\/\/staging.lucky-hunter.com\/fr\/wp-json\/wp\/v2\/product_tag?post=31527"}],"curies":[{"name":"wp","href":"https:\/\/api.w.org\/{rel}","templated":true}]}}