{"id":31526,"date":"2018-05-16T15:14:00","date_gmt":"2018-05-16T13:14:00","guid":{"rendered":"https:\/\/staging.lucky-hunter.com\/product\/balaclava-white\/"},"modified":"2022-10-28T11:59:20","modified_gmt":"2022-10-28T09:59:20","slug":"balaclava-white","status":"publish","type":"product","link":"https:\/\/staging.lucky-hunter.com\/fr\/product\/balaclava-white\/","title":{"rendered":"Cagoule Int\u00e9grale &#8211; Blanche"},"content":{"rendered":"<h2><strong>Cagoule &#8211; le camouflage parfait pour les chasseurs d&#8217;oies<\/strong><\/h2>\n<p>Cagoule int\u00e9grale en polaire douce et fine de haute qualit\u00e9. Elle est suffisamment fine pour \u00eatre port\u00e9e sous un bonnet pour plus de chaleur.<\/p>\n<p> La cagoule garde votre gorge et vos oreilles au chaud lorsque vous chassez durant les jours de froid, et c&#8217;est un compl\u00e9ment parfait pour le camouflage neige de votre aff\u00fbt. Comme le mat\u00e9riau est blanc, il se fond beaucoup plus facilement que la peau dans le paysage enneig\u00e9. Ainsi, votre proie a encore moins de chances de vous rep\u00e9rer.<\/p>\n<p>Fabriqu\u00e9e en polyester l\u00e9ger, elle est suffisamment l\u00e9g\u00e8re pour \u00eatre rang\u00e9e dans un sac avec d&#8217;autres \u00e9quipements de chasse. Elle se plie facilement et ne prend pas beaucoup de place. Gr\u00e2ce \u00e0 sa l\u00e9g\u00e8ret\u00e9, elle est confortable \u00e0 porter pendant de longues heures, sans probl\u00e8me de transpiration ou de sensation d&#8217;inconfort.<\/p>\n<p>Taille unique qui convient \u00e0 la plupart des gens.<\/p>\n<p>Elle peut \u00e9galement \u00eatre port\u00e9e sous un casque pour le v\u00e9lo, la moto, le ski, etc. Il s&#8217;agit d&#8217;une version moderne et \u00e9pur\u00e9e d&#8217;un grand classique des mois d\u2019hiver. Sa couleur et sa mati\u00e8re douce la rendent encore plus agr\u00e9able.<\/p>\n","protected":false},"excerpt":{"rendered":"<p>Cagoule int\u00e9grale en polaire douce et fine de haute qualit\u00e9. La cagoule garde votre gorge et vos oreilles au chaud lorsque vous chassez durant les jours de froid, et c&#8217;est un compl\u00e9ment parfait pour le camouflage neige de votre aff\u00fbt.<\/p>\n","protected":false},"featured_media":30667,"template":"","meta":[],"product_brand":[8121],"product_cat":[9141],"product_tag":[9446],"yoast_head":"<!-- This site is optimized with the Yoast SEO plugin v24.3 - https:\/\/yoast.com\/wordpress\/plugins\/seo\/ -->\n<title>Full face Balaclava in White - Perfect for Goose Hunting | Lucky Hunter<\/title>\n<meta name=\"description\" content=\"Full-face hat in soft and thin polar fleece quality. The balaclava keeps your throat and ears warm on cold hunting days. Perfect for goose hunting.\" \/>\n<meta name=\"robots\" content=\"noindex, follow, max-snippet:-1, max-image-preview:large, max-video-preview:-1\" \/>\n<meta property=\"og:locale\" content=\"fr_FR\" \/>\n<meta property=\"og:type\" content=\"article\" \/>\n<meta property=\"og:title\" content=\"Balaclava in White - Perfect for Goose Hunting | Lucky Hunter\" \/>\n<meta property=\"og:description\" content=\"Full-face hat in soft and thin polar fleece quality. The balaclava keeps your throat and ears warm on cold hunting days. Perfect for goose hunting.\" \/>\n<meta property=\"og:url\" content=\"https:\/\/staging.lucky-hunter.com\/fr\/product\/balaclava-white\/\" \/>\n<meta property=\"og:site_name\" content=\"Lucky-Hunter\" \/>\n<meta property=\"article:modified_time\" content=\"2022-10-28T09:59:20+00:00\" \/>\n<meta property=\"og:image\" content=\"https:\/\/staging.lucky-hunter.com\/wp-content\/uploads\/2018\/05\/pu-80.png.webp\" \/>\n\t<meta property=\"og:image:width\" content=\"1000\" \/>\n\t<meta property=\"og:image:height\" content=\"1000\" \/>\n\t<meta property=\"og:image:type\" content=\"image\/webp\" \/>\n<meta name=\"twitter:card\" content=\"summary_large_image\" \/>\n<meta name=\"twitter:title\" content=\"Balaclava in White | Lucky Hunter\" \/>\n<meta name=\"twitter:description\" content=\"Full-face hat in soft and thin polar fleece quality. The balaclava keeps your throat and ears warm on cold hunting days. Perfect for goose hunting.\" \/>\n<meta name=\"twitter:label1\" content=\"Dur\u00e9e de lecture estim\u00e9e\" \/>\n\t<meta name=\"twitter:data1\" content=\"1 minute\" \/>\n<script type=\"application\/ld+json\" class=\"yoast-schema-graph\">{\"@context\":\"https:\/\/schema.org\",\"@graph\":[{\"@type\":\"WebPage\",\"@id\":\"https:\/\/staging.lucky-hunter.com\/fr\/product\/balaclava-white\/\",\"url\":\"https:\/\/staging.lucky-hunter.com\/fr\/product\/balaclava-white\/\",\"name\":\"Full face Balaclava in White - Perfect for Goose Hunting | Lucky Hunter\",\"isPartOf\":{\"@id\":\"https:\/\/staging.lucky-hunter.com\/#website\"},\"primaryImageOfPage\":{\"@id\":\"https:\/\/staging.lucky-hunter.com\/fr\/product\/balaclava-white\/#primaryimage\"},\"image\":{\"@id\":\"https:\/\/staging.lucky-hunter.com\/fr\/product\/balaclava-white\/#primaryimage\"},\"thumbnailUrl\":\"https:\/\/staging.lucky-hunter.com\/wp-content\/uploads\/2018\/05\/pu-80.png.webp\",\"datePublished\":\"2018-05-16T13:14:00+00:00\",\"dateModified\":\"2022-10-28T09:59:20+00:00\",\"description\":\"Full-face hat in soft and thin polar fleece quality. The balaclava keeps your throat and ears warm on cold hunting days. Perfect for goose hunting.\",\"breadcrumb\":{\"@id\":\"https:\/\/staging.lucky-hunter.com\/fr\/product\/balaclava-white\/#breadcrumb\"},\"inLanguage\":\"fr-FR\",\"potentialAction\":[{\"@type\":\"ReadAction\",\"target\":[\"https:\/\/staging.lucky-hunter.com\/fr\/product\/balaclava-white\/\"]}]},{\"@type\":\"ImageObject\",\"inLanguage\":\"fr-FR\",\"@id\":\"https:\/\/staging.lucky-hunter.com\/fr\/product\/balaclava-white\/#primaryimage\",\"url\":\"https:\/\/staging.lucky-hunter.com\/wp-content\/uploads\/2018\/05\/pu-80.png.webp\",\"contentUrl\":\"https:\/\/staging.lucky-hunter.com\/wp-content\/uploads\/2018\/05\/pu-80.png.webp\",\"width\":1000,\"height\":1000},{\"@type\":\"BreadcrumbList\",\"@id\":\"https:\/\/staging.lucky-hunter.com\/fr\/product\/balaclava-white\/#breadcrumb\",\"itemListElement\":[{\"@type\":\"ListItem\",\"position\":1,\"name\":\"Home\",\"item\":\"https:\/\/staging.lucky-hunter.com\/fr\/\"},{\"@type\":\"ListItem\",\"position\":2,\"name\":\"Boutique\",\"item\":\"https:\/\/staging.lucky-hunter.com\/fr\/shop\/\"},{\"@type\":\"ListItem\",\"position\":3,\"name\":\"Cagoule Int\u00e9grale &#8211; Blanche\"}]},{\"@type\":\"WebSite\",\"@id\":\"https:\/\/staging.lucky-hunter.com\/#website\",\"url\":\"https:\/\/staging.lucky-hunter.com\/\",\"name\":\"Lucky-Hunter\",\"description\":\"Gear Up or Give Up\",\"potentialAction\":[{\"@type\":\"SearchAction\",\"target\":{\"@type\":\"EntryPoint\",\"urlTemplate\":\"https:\/\/staging.lucky-hunter.com\/?s={search_term_string}\"},\"query-input\":{\"@type\":\"PropertyValueSpecification\",\"valueRequired\":true,\"valueName\":\"search_term_string\"}}],\"inLanguage\":\"fr-FR\"}]}<\/script>\n<!-- \/ Yoast SEO plugin. -->","yoast_head_json":{"title":"Full face Balaclava in White - Perfect for Goose Hunting | Lucky Hunter","description":"Full-face hat in soft and thin polar fleece quality. The balaclava keeps your throat and ears warm on cold hunting days. Perfect for goose hunting.","robots":{"index":"noindex","follow":"follow","max-snippet":"max-snippet:-1","max-image-preview":"max-image-preview:large","max-video-preview":"max-video-preview:-1"},"og_locale":"fr_FR","og_type":"article","og_title":"Balaclava in White - Perfect for Goose Hunting | Lucky Hunter","og_description":"Full-face hat in soft and thin polar fleece quality. The balaclava keeps your throat and ears warm on cold hunting days. Perfect for goose hunting.","og_url":"https:\/\/staging.lucky-hunter.com\/fr\/product\/balaclava-white\/","og_site_name":"Lucky-Hunter","article_modified_time":"2022-10-28T09:59:20+00:00","og_image":[{"width":1000,"height":1000,"url":"https:\/\/staging.lucky-hunter.com\/wp-content\/uploads\/2018\/05\/pu-80.png.webp","type":"image\/webp"}],"twitter_card":"summary_large_image","twitter_title":"Balaclava in White | Lucky Hunter","twitter_description":"Full-face hat in soft and thin polar fleece quality. The balaclava keeps your throat and ears warm on cold hunting days. Perfect for goose hunting.","twitter_misc":{"Dur\u00e9e de lecture estim\u00e9e":"1 minute"},"schema":{"@context":"https:\/\/schema.org","@graph":[{"@type":"WebPage","@id":"https:\/\/staging.lucky-hunter.com\/fr\/product\/balaclava-white\/","url":"https:\/\/staging.lucky-hunter.com\/fr\/product\/balaclava-white\/","name":"Full face Balaclava in White - Perfect for Goose Hunting | Lucky Hunter","isPartOf":{"@id":"https:\/\/staging.lucky-hunter.com\/#website"},"primaryImageOfPage":{"@id":"https:\/\/staging.lucky-hunter.com\/fr\/product\/balaclava-white\/#primaryimage"},"image":{"@id":"https:\/\/staging.lucky-hunter.com\/fr\/product\/balaclava-white\/#primaryimage"},"thumbnailUrl":"https:\/\/staging.lucky-hunter.com\/wp-content\/uploads\/2018\/05\/pu-80.png.webp","datePublished":"2018-05-16T13:14:00+00:00","dateModified":"2022-10-28T09:59:20+00:00","description":"Full-face hat in soft and thin polar fleece quality. The balaclava keeps your throat and ears warm on cold hunting days. Perfect for goose hunting.","breadcrumb":{"@id":"https:\/\/staging.lucky-hunter.com\/fr\/product\/balaclava-white\/#breadcrumb"},"inLanguage":"fr-FR","potentialAction":[{"@type":"ReadAction","target":["https:\/\/staging.lucky-hunter.com\/fr\/product\/balaclava-white\/"]}]},{"@type":"ImageObject","inLanguage":"fr-FR","@id":"https:\/\/staging.lucky-hunter.com\/fr\/product\/balaclava-white\/#primaryimage","url":"https:\/\/staging.lucky-hunter.com\/wp-content\/uploads\/2018\/05\/pu-80.png.webp","contentUrl":"https:\/\/staging.lucky-hunter.com\/wp-content\/uploads\/2018\/05\/pu-80.png.webp","width":1000,"height":1000},{"@type":"BreadcrumbList","@id":"https:\/\/staging.lucky-hunter.com\/fr\/product\/balaclava-white\/#breadcrumb","itemListElement":[{"@type":"ListItem","position":1,"name":"Home","item":"https:\/\/staging.lucky-hunter.com\/fr\/"},{"@type":"ListItem","position":2,"name":"Boutique","item":"https:\/\/staging.lucky-hunter.com\/fr\/shop\/"},{"@type":"ListItem","position":3,"name":"Cagoule Int\u00e9grale &#8211; Blanche"}]},{"@type":"WebSite","@id":"https:\/\/staging.lucky-hunter.com\/#website","url":"https:\/\/staging.lucky-hunter.com\/","name":"Lucky-Hunter","description":"Gear Up or Give Up","potentialAction":[{"@type":"SearchAction","target":{"@type":"EntryPoint","urlTemplate":"https:\/\/staging.lucky-hunter.com\/?s={search_term_string}"},"query-input":{"@type":"PropertyValueSpecification","valueRequired":true,"valueName":"search_term_string"}}],"inLanguage":"fr-FR"}]}},"_links":{"self":[{"href":"https:\/\/staging.lucky-hunter.com\/fr\/wp-json\/wp\/v2\/product\/31526"}],"collection":[{"href":"https:\/\/staging.lucky-hunter.com\/fr\/wp-json\/wp\/v2\/product"}],"about":[{"href":"https:\/\/staging.lucky-hunter.com\/fr\/wp-json\/wp\/v2\/types\/product"}],"wp:featuredmedia":[{"embeddable":true,"href":"https:\/\/staging.lucky-hunter.com\/fr\/wp-json\/wp\/v2\/media\/30667"}],"wp:attachment":[{"href":"https:\/\/staging.lucky-hunter.com\/fr\/wp-json\/wp\/v2\/media?parent=31526"}],"wp:term":[{"taxonomy":"product_brand","embeddable":true,"href":"https:\/\/staging.lucky-hunter.com\/fr\/wp-json\/wp\/v2\/product_brand?post=31526"},{"taxonomy":"product_cat","embeddable":true,"href":"https:\/\/staging.lucky-hunter.com\/fr\/wp-json\/wp\/v2\/product_cat?post=31526"},{"taxonomy":"product_tag","embeddable":true,"href":"https:\/\/staging.lucky-hunter.com\/fr\/wp-json\/wp\/v2\/product_tag?post=31526"}],"curies":[{"name":"wp","href":"https:\/\/api.w.org\/{rel}","templated":true}]}}