{"id":31485,"date":"2020-09-01T13:38:27","date_gmt":"2020-09-01T11:38:27","guid":{"rendered":"https:\/\/staging.lucky-hunter.com\/product\/white-fleece-gloves\/"},"modified":"2025-06-26T15:04:14","modified_gmt":"2025-06-26T13:04:14","slug":"gants-blancs-en-polaire","status":"publish","type":"product","link":"https:\/\/staging.lucky-hunter.com\/fr\/product\/gants-blancs-en-polaire\/","title":{"rendered":"Gants blancs en polaire"},"content":{"rendered":"<h1><strong>Parfait pour chasser l\u2019oie et le canard en hiver<\/strong><\/h1>\n<p>Cette paire de gants polaires doux et chauds vient compl\u00e9ter votre camouflage blanc dans le bateau de chasse ou dans l\u2019aff\u00fbt.<\/p>\n<p>Les gants ont \u00e9t\u00e9 test\u00e9s et ils ne prennent pas de ton bleu brillant lorsqu&#8217;ils sont expos\u00e9s \u00e0 la lumi\u00e8re UV.<\/p>\n<p>Taille\u00a0: Taille unique.<\/p>\n","protected":false},"excerpt":{"rendered":"<p>Cette paire de gants polaires doux et chauds vient compl\u00e9ter votre camouflage blanc dans le bateau de chasse ou dans l\u2019aff\u00fbt.<\/p>\n","protected":false},"featured_media":30099,"template":"","meta":[],"product_brand":[8121],"product_cat":[9215],"product_tag":[9446,9235],"yoast_head":"<!-- This site is optimized with the Yoast SEO plugin v24.3 - https:\/\/yoast.com\/wordpress\/plugins\/seo\/ -->\n<title>Gants blancs en polaire - Lucky-Hunter.com<\/title>\n<meta name=\"description\" content=\"Cette paire de gants polaires doux et chauds vient compl\u00e9ter votre camouflage blanc dans le bateau de chasse ou dans l\u2019aff\u00fbt.\" \/>\n<meta name=\"robots\" content=\"noindex, follow, max-snippet:-1, max-image-preview:large, max-video-preview:-1\" \/>\n<meta property=\"og:locale\" content=\"fr_FR\" \/>\n<meta property=\"og:type\" content=\"article\" \/>\n<meta property=\"og:title\" content=\"Gants blancs en polaire - Lucky-Hunter.com\" \/>\n<meta property=\"og:description\" content=\"Cette paire de gants polaires doux et chauds vient compl\u00e9ter votre camouflage blanc dans le bateau de chasse ou dans l\u2019aff\u00fbt.\" \/>\n<meta property=\"og:url\" content=\"https:\/\/staging.lucky-hunter.com\/product\/white-fleece-gloves\/\" \/>\n<meta property=\"og:site_name\" content=\"Lucky-Hunter\" \/>\n<meta property=\"article:modified_time\" content=\"2025-06-26T13:04:14+00:00\" \/>\n<meta property=\"og:image\" content=\"https:\/\/staging.lucky-hunter.com\/wp-content\/uploads\/2020\/09\/PU-85.png\" \/>\n\t<meta property=\"og:image:width\" content=\"1000\" \/>\n\t<meta property=\"og:image:height\" content=\"1000\" \/>\n\t<meta property=\"og:image:type\" content=\"image\/png\" \/>\n<meta name=\"twitter:card\" content=\"summary_large_image\" \/>\n<meta name=\"twitter:label1\" content=\"Dur\u00e9e de lecture estim\u00e9e\" \/>\n\t<meta name=\"twitter:data1\" content=\"1 minute\" \/>\n<script type=\"application\/ld+json\" class=\"yoast-schema-graph\">{\"@context\":\"https:\/\/schema.org\",\"@graph\":[{\"@type\":\"WebPage\",\"@id\":\"https:\/\/staging.lucky-hunter.com\/product\/white-fleece-gloves\/\",\"url\":\"https:\/\/staging.lucky-hunter.com\/product\/white-fleece-gloves\/\",\"name\":\"Gants blancs en polaire - Lucky-Hunter.com\",\"isPartOf\":{\"@id\":\"https:\/\/staging.lucky-hunter.com\/#website\"},\"primaryImageOfPage\":{\"@id\":\"https:\/\/staging.lucky-hunter.com\/product\/white-fleece-gloves\/#primaryimage\"},\"image\":{\"@id\":\"https:\/\/staging.lucky-hunter.com\/product\/white-fleece-gloves\/#primaryimage\"},\"thumbnailUrl\":\"https:\/\/staging.lucky-hunter.com\/wp-content\/uploads\/2020\/09\/PU-85.png\",\"datePublished\":\"2020-09-01T11:38:27+00:00\",\"dateModified\":\"2025-06-26T13:04:14+00:00\",\"description\":\"Cette paire de gants polaires doux et chauds vient compl\u00e9ter votre camouflage blanc dans le bateau de chasse ou dans l\u2019aff\u00fbt.\",\"breadcrumb\":{\"@id\":\"https:\/\/staging.lucky-hunter.com\/product\/white-fleece-gloves\/#breadcrumb\"},\"inLanguage\":\"fr-FR\",\"potentialAction\":[{\"@type\":\"ReadAction\",\"target\":[\"https:\/\/staging.lucky-hunter.com\/product\/white-fleece-gloves\/\"]}]},{\"@type\":\"ImageObject\",\"inLanguage\":\"fr-FR\",\"@id\":\"https:\/\/staging.lucky-hunter.com\/product\/white-fleece-gloves\/#primaryimage\",\"url\":\"https:\/\/staging.lucky-hunter.com\/wp-content\/uploads\/2020\/09\/PU-85.png\",\"contentUrl\":\"https:\/\/staging.lucky-hunter.com\/wp-content\/uploads\/2020\/09\/PU-85.png\",\"width\":1000,\"height\":1000},{\"@type\":\"BreadcrumbList\",\"@id\":\"https:\/\/staging.lucky-hunter.com\/product\/white-fleece-gloves\/#breadcrumb\",\"itemListElement\":[{\"@type\":\"ListItem\",\"position\":1,\"name\":\"Home\",\"item\":\"https:\/\/staging.lucky-hunter.com\/fr\/\"},{\"@type\":\"ListItem\",\"position\":2,\"name\":\"Boutique\",\"item\":\"https:\/\/staging.lucky-hunter.com\/fr\/shop\/\"},{\"@type\":\"ListItem\",\"position\":3,\"name\":\"Gants blancs en polaire\"}]},{\"@type\":\"WebSite\",\"@id\":\"https:\/\/staging.lucky-hunter.com\/#website\",\"url\":\"https:\/\/staging.lucky-hunter.com\/\",\"name\":\"Lucky-Hunter\",\"description\":\"Gear Up or Give Up\",\"potentialAction\":[{\"@type\":\"SearchAction\",\"target\":{\"@type\":\"EntryPoint\",\"urlTemplate\":\"https:\/\/staging.lucky-hunter.com\/?s={search_term_string}\"},\"query-input\":{\"@type\":\"PropertyValueSpecification\",\"valueRequired\":true,\"valueName\":\"search_term_string\"}}],\"inLanguage\":\"fr-FR\"}]}<\/script>\n<!-- \/ Yoast SEO plugin. -->","yoast_head_json":{"title":"Gants blancs en polaire - Lucky-Hunter.com","description":"Cette paire de gants polaires doux et chauds vient compl\u00e9ter votre camouflage blanc dans le bateau de chasse ou dans l\u2019aff\u00fbt.","robots":{"index":"noindex","follow":"follow","max-snippet":"max-snippet:-1","max-image-preview":"max-image-preview:large","max-video-preview":"max-video-preview:-1"},"og_locale":"fr_FR","og_type":"article","og_title":"Gants blancs en polaire - Lucky-Hunter.com","og_description":"Cette paire de gants polaires doux et chauds vient compl\u00e9ter votre camouflage blanc dans le bateau de chasse ou dans l\u2019aff\u00fbt.","og_url":"https:\/\/staging.lucky-hunter.com\/product\/white-fleece-gloves\/","og_site_name":"Lucky-Hunter","article_modified_time":"2025-06-26T13:04:14+00:00","og_image":[{"width":1000,"height":1000,"url":"https:\/\/staging.lucky-hunter.com\/wp-content\/uploads\/2020\/09\/PU-85.png","type":"image\/png"}],"twitter_card":"summary_large_image","twitter_misc":{"Dur\u00e9e de lecture estim\u00e9e":"1 minute"},"schema":{"@context":"https:\/\/schema.org","@graph":[{"@type":"WebPage","@id":"https:\/\/staging.lucky-hunter.com\/product\/white-fleece-gloves\/","url":"https:\/\/staging.lucky-hunter.com\/product\/white-fleece-gloves\/","name":"Gants blancs en polaire - Lucky-Hunter.com","isPartOf":{"@id":"https:\/\/staging.lucky-hunter.com\/#website"},"primaryImageOfPage":{"@id":"https:\/\/staging.lucky-hunter.com\/product\/white-fleece-gloves\/#primaryimage"},"image":{"@id":"https:\/\/staging.lucky-hunter.com\/product\/white-fleece-gloves\/#primaryimage"},"thumbnailUrl":"https:\/\/staging.lucky-hunter.com\/wp-content\/uploads\/2020\/09\/PU-85.png","datePublished":"2020-09-01T11:38:27+00:00","dateModified":"2025-06-26T13:04:14+00:00","description":"Cette paire de gants polaires doux et chauds vient compl\u00e9ter votre camouflage blanc dans le bateau de chasse ou dans l\u2019aff\u00fbt.","breadcrumb":{"@id":"https:\/\/staging.lucky-hunter.com\/product\/white-fleece-gloves\/#breadcrumb"},"inLanguage":"fr-FR","potentialAction":[{"@type":"ReadAction","target":["https:\/\/staging.lucky-hunter.com\/product\/white-fleece-gloves\/"]}]},{"@type":"ImageObject","inLanguage":"fr-FR","@id":"https:\/\/staging.lucky-hunter.com\/product\/white-fleece-gloves\/#primaryimage","url":"https:\/\/staging.lucky-hunter.com\/wp-content\/uploads\/2020\/09\/PU-85.png","contentUrl":"https:\/\/staging.lucky-hunter.com\/wp-content\/uploads\/2020\/09\/PU-85.png","width":1000,"height":1000},{"@type":"BreadcrumbList","@id":"https:\/\/staging.lucky-hunter.com\/product\/white-fleece-gloves\/#breadcrumb","itemListElement":[{"@type":"ListItem","position":1,"name":"Home","item":"https:\/\/staging.lucky-hunter.com\/fr\/"},{"@type":"ListItem","position":2,"name":"Boutique","item":"https:\/\/staging.lucky-hunter.com\/fr\/shop\/"},{"@type":"ListItem","position":3,"name":"Gants blancs en polaire"}]},{"@type":"WebSite","@id":"https:\/\/staging.lucky-hunter.com\/#website","url":"https:\/\/staging.lucky-hunter.com\/","name":"Lucky-Hunter","description":"Gear Up or Give Up","potentialAction":[{"@type":"SearchAction","target":{"@type":"EntryPoint","urlTemplate":"https:\/\/staging.lucky-hunter.com\/?s={search_term_string}"},"query-input":{"@type":"PropertyValueSpecification","valueRequired":true,"valueName":"search_term_string"}}],"inLanguage":"fr-FR"}]}},"_links":{"self":[{"href":"https:\/\/staging.lucky-hunter.com\/fr\/wp-json\/wp\/v2\/product\/31485"}],"collection":[{"href":"https:\/\/staging.lucky-hunter.com\/fr\/wp-json\/wp\/v2\/product"}],"about":[{"href":"https:\/\/staging.lucky-hunter.com\/fr\/wp-json\/wp\/v2\/types\/product"}],"wp:featuredmedia":[{"embeddable":true,"href":"https:\/\/staging.lucky-hunter.com\/fr\/wp-json\/wp\/v2\/media\/30099"}],"wp:attachment":[{"href":"https:\/\/staging.lucky-hunter.com\/fr\/wp-json\/wp\/v2\/media?parent=31485"}],"wp:term":[{"taxonomy":"product_brand","embeddable":true,"href":"https:\/\/staging.lucky-hunter.com\/fr\/wp-json\/wp\/v2\/product_brand?post=31485"},{"taxonomy":"product_cat","embeddable":true,"href":"https:\/\/staging.lucky-hunter.com\/fr\/wp-json\/wp\/v2\/product_cat?post=31485"},{"taxonomy":"product_tag","embeddable":true,"href":"https:\/\/staging.lucky-hunter.com\/fr\/wp-json\/wp\/v2\/product_tag?post=31485"}],"curies":[{"name":"wp","href":"https:\/\/api.w.org\/{rel}","templated":true}]}}