{"id":31484,"date":"2016-11-07T16:17:41","date_gmt":"2016-11-07T15:17:41","guid":{"rendered":"https:\/\/staging.lucky-hunter.com\/product\/floating-swan-decoy-with-vacuum-bottom-in-natural-size\/"},"modified":"2025-07-02T12:11:24","modified_gmt":"2025-07-02T10:11:24","slug":"forme-de-cygne-en-taille-naturelle","status":"publish","type":"product","link":"https:\/\/staging.lucky-hunter.com\/fr\/product\/forme-de-cygne-en-taille-naturelle\/","title":{"rendered":"Forme de cygne"},"content":{"rendered":"<p><iframe title=\"Floating Swan decoy | Decoys for goose hunting\" width=\"1020\" height=\"574\" src=\"https:\/\/www.youtube.com\/embed\/RshbPIxFuV8?wmode=transparent&amp;rel=0&amp;feature=oembed&#038;enablejsapi=1&#038;origin=https:\/\/staging.lucky-hunter.com\" frameborder=\"0\" allow=\"accelerometer; autoplay; clipboard-write; encrypted-media; gyroscope; picture-in-picture; web-share\" referrerpolicy=\"strict-origin-when-cross-origin\" allowfullscreen><\/iframe><\/p>\n<p>Leurre de cygne flottant avec fond vide, taille r\u00e9elle.<\/p>\n<p>Lors de la mise en place de votre chasse \u00e0 l&#8217;oie, nous vous recommandons ce cygne entre vos leurres en forme d\u2019oies.<\/p>\n<p>La couleur blanche attire naturellement l&#8217;attention et signale aux oies qu&#8217;il est possible d&#8217;atterrir ici en toute s\u00e9curit\u00e9.<\/p>\n<p>La t\u00eate peut facilement \u00eatre retir\u00e9e, ce qui facilite le transport des leurres.<\/p>\n<p>Vendu \u00e0 l\u2019unit\u00e9.<\/p>\n","protected":false},"excerpt":{"rendered":"<p>Lors de la mise en place de votre chasse \u00e0 l&#8217;oie, nous vous recommandons ce cygne entre vos leurres en forme d\u2019oies.<\/p>\n","protected":false},"featured_media":30403,"template":"","meta":[],"product_brand":[],"product_cat":[9327],"product_tag":[],"yoast_head":"<!-- This site is optimized with the Yoast SEO plugin v24.3 - https:\/\/yoast.com\/wordpress\/plugins\/seo\/ -->\n<title>Forme de cygne en taille naturelle<\/title>\n<meta name=\"description\" content=\"Lors de la mise en place de votre chasse \u00e0 l&#039;oie, nous vous recommandons ce cygne entre vos leurres en forme d&#039;oies.\" \/>\n<meta name=\"robots\" content=\"noindex, follow, max-snippet:-1, max-image-preview:large, max-video-preview:-1\" \/>\n<meta property=\"og:locale\" content=\"fr_FR\" \/>\n<meta property=\"og:type\" content=\"article\" \/>\n<meta property=\"og:title\" content=\"Forme de cygne en taille naturelle\" \/>\n<meta property=\"og:description\" content=\"Lors de la mise en place de votre chasse \u00e0 l&#039;oie, nous vous recommandons ce cygne entre vos leurres en forme d&#039;oies.\" \/>\n<meta property=\"og:url\" content=\"https:\/\/staging.lucky-hunter.com\/product\/floating-swan-decoy-with-vacuum-bottom-in-natural-size\/\" \/>\n<meta property=\"og:site_name\" content=\"Lucky-Hunter\" \/>\n<meta property=\"article:modified_time\" content=\"2025-07-02T10:11:24+00:00\" \/>\n<meta property=\"og:image\" content=\"https:\/\/staging.lucky-hunter.com\/wp-content\/uploads\/2016\/11\/LF-81.png\" \/>\n\t<meta property=\"og:image:width\" content=\"1000\" \/>\n\t<meta property=\"og:image:height\" content=\"1000\" \/>\n\t<meta property=\"og:image:type\" content=\"image\/png\" \/>\n<meta name=\"twitter:card\" content=\"summary_large_image\" \/>\n<meta name=\"twitter:label1\" content=\"Dur\u00e9e de lecture estim\u00e9e\" \/>\n\t<meta name=\"twitter:data1\" content=\"1 minute\" \/>\n<script type=\"application\/ld+json\" class=\"yoast-schema-graph\">{\"@context\":\"https:\/\/schema.org\",\"@graph\":[{\"@type\":\"WebPage\",\"@id\":\"https:\/\/staging.lucky-hunter.com\/product\/floating-swan-decoy-with-vacuum-bottom-in-natural-size\/\",\"url\":\"https:\/\/staging.lucky-hunter.com\/product\/floating-swan-decoy-with-vacuum-bottom-in-natural-size\/\",\"name\":\"Forme de cygne en taille naturelle\",\"isPartOf\":{\"@id\":\"https:\/\/staging.lucky-hunter.com\/#website\"},\"primaryImageOfPage\":{\"@id\":\"https:\/\/staging.lucky-hunter.com\/product\/floating-swan-decoy-with-vacuum-bottom-in-natural-size\/#primaryimage\"},\"image\":{\"@id\":\"https:\/\/staging.lucky-hunter.com\/product\/floating-swan-decoy-with-vacuum-bottom-in-natural-size\/#primaryimage\"},\"thumbnailUrl\":\"https:\/\/staging.lucky-hunter.com\/wp-content\/uploads\/2016\/11\/LF-81.png\",\"datePublished\":\"2016-11-07T15:17:41+00:00\",\"dateModified\":\"2025-07-02T10:11:24+00:00\",\"description\":\"Lors de la mise en place de votre chasse \u00e0 l'oie, nous vous recommandons ce cygne entre vos leurres en forme d'oies.\",\"breadcrumb\":{\"@id\":\"https:\/\/staging.lucky-hunter.com\/product\/floating-swan-decoy-with-vacuum-bottom-in-natural-size\/#breadcrumb\"},\"inLanguage\":\"fr-FR\",\"potentialAction\":[{\"@type\":\"ReadAction\",\"target\":[\"https:\/\/staging.lucky-hunter.com\/product\/floating-swan-decoy-with-vacuum-bottom-in-natural-size\/\"]}]},{\"@type\":\"ImageObject\",\"inLanguage\":\"fr-FR\",\"@id\":\"https:\/\/staging.lucky-hunter.com\/product\/floating-swan-decoy-with-vacuum-bottom-in-natural-size\/#primaryimage\",\"url\":\"https:\/\/staging.lucky-hunter.com\/wp-content\/uploads\/2016\/11\/LF-81.png\",\"contentUrl\":\"https:\/\/staging.lucky-hunter.com\/wp-content\/uploads\/2016\/11\/LF-81.png\",\"width\":1000,\"height\":1000},{\"@type\":\"BreadcrumbList\",\"@id\":\"https:\/\/staging.lucky-hunter.com\/product\/floating-swan-decoy-with-vacuum-bottom-in-natural-size\/#breadcrumb\",\"itemListElement\":[{\"@type\":\"ListItem\",\"position\":1,\"name\":\"Home\",\"item\":\"https:\/\/staging.lucky-hunter.com\/fr\/\"},{\"@type\":\"ListItem\",\"position\":2,\"name\":\"Boutique\",\"item\":\"https:\/\/staging.lucky-hunter.com\/fr\/shop\/\"},{\"@type\":\"ListItem\",\"position\":3,\"name\":\"Forme de cygne\"}]},{\"@type\":\"WebSite\",\"@id\":\"https:\/\/staging.lucky-hunter.com\/#website\",\"url\":\"https:\/\/staging.lucky-hunter.com\/\",\"name\":\"Lucky-Hunter\",\"description\":\"Gear Up or Give Up\",\"potentialAction\":[{\"@type\":\"SearchAction\",\"target\":{\"@type\":\"EntryPoint\",\"urlTemplate\":\"https:\/\/staging.lucky-hunter.com\/?s={search_term_string}\"},\"query-input\":{\"@type\":\"PropertyValueSpecification\",\"valueRequired\":true,\"valueName\":\"search_term_string\"}}],\"inLanguage\":\"fr-FR\"}]}<\/script>\n<!-- \/ Yoast SEO plugin. -->","yoast_head_json":{"title":"Forme de cygne en taille naturelle","description":"Lors de la mise en place de votre chasse \u00e0 l'oie, nous vous recommandons ce cygne entre vos leurres en forme d'oies.","robots":{"index":"noindex","follow":"follow","max-snippet":"max-snippet:-1","max-image-preview":"max-image-preview:large","max-video-preview":"max-video-preview:-1"},"og_locale":"fr_FR","og_type":"article","og_title":"Forme de cygne en taille naturelle","og_description":"Lors de la mise en place de votre chasse \u00e0 l'oie, nous vous recommandons ce cygne entre vos leurres en forme d'oies.","og_url":"https:\/\/staging.lucky-hunter.com\/product\/floating-swan-decoy-with-vacuum-bottom-in-natural-size\/","og_site_name":"Lucky-Hunter","article_modified_time":"2025-07-02T10:11:24+00:00","og_image":[{"width":1000,"height":1000,"url":"https:\/\/staging.lucky-hunter.com\/wp-content\/uploads\/2016\/11\/LF-81.png","type":"image\/png"}],"twitter_card":"summary_large_image","twitter_misc":{"Dur\u00e9e de lecture estim\u00e9e":"1 minute"},"schema":{"@context":"https:\/\/schema.org","@graph":[{"@type":"WebPage","@id":"https:\/\/staging.lucky-hunter.com\/product\/floating-swan-decoy-with-vacuum-bottom-in-natural-size\/","url":"https:\/\/staging.lucky-hunter.com\/product\/floating-swan-decoy-with-vacuum-bottom-in-natural-size\/","name":"Forme de cygne en taille naturelle","isPartOf":{"@id":"https:\/\/staging.lucky-hunter.com\/#website"},"primaryImageOfPage":{"@id":"https:\/\/staging.lucky-hunter.com\/product\/floating-swan-decoy-with-vacuum-bottom-in-natural-size\/#primaryimage"},"image":{"@id":"https:\/\/staging.lucky-hunter.com\/product\/floating-swan-decoy-with-vacuum-bottom-in-natural-size\/#primaryimage"},"thumbnailUrl":"https:\/\/staging.lucky-hunter.com\/wp-content\/uploads\/2016\/11\/LF-81.png","datePublished":"2016-11-07T15:17:41+00:00","dateModified":"2025-07-02T10:11:24+00:00","description":"Lors de la mise en place de votre chasse \u00e0 l'oie, nous vous recommandons ce cygne entre vos leurres en forme d'oies.","breadcrumb":{"@id":"https:\/\/staging.lucky-hunter.com\/product\/floating-swan-decoy-with-vacuum-bottom-in-natural-size\/#breadcrumb"},"inLanguage":"fr-FR","potentialAction":[{"@type":"ReadAction","target":["https:\/\/staging.lucky-hunter.com\/product\/floating-swan-decoy-with-vacuum-bottom-in-natural-size\/"]}]},{"@type":"ImageObject","inLanguage":"fr-FR","@id":"https:\/\/staging.lucky-hunter.com\/product\/floating-swan-decoy-with-vacuum-bottom-in-natural-size\/#primaryimage","url":"https:\/\/staging.lucky-hunter.com\/wp-content\/uploads\/2016\/11\/LF-81.png","contentUrl":"https:\/\/staging.lucky-hunter.com\/wp-content\/uploads\/2016\/11\/LF-81.png","width":1000,"height":1000},{"@type":"BreadcrumbList","@id":"https:\/\/staging.lucky-hunter.com\/product\/floating-swan-decoy-with-vacuum-bottom-in-natural-size\/#breadcrumb","itemListElement":[{"@type":"ListItem","position":1,"name":"Home","item":"https:\/\/staging.lucky-hunter.com\/fr\/"},{"@type":"ListItem","position":2,"name":"Boutique","item":"https:\/\/staging.lucky-hunter.com\/fr\/shop\/"},{"@type":"ListItem","position":3,"name":"Forme de cygne"}]},{"@type":"WebSite","@id":"https:\/\/staging.lucky-hunter.com\/#website","url":"https:\/\/staging.lucky-hunter.com\/","name":"Lucky-Hunter","description":"Gear Up or Give Up","potentialAction":[{"@type":"SearchAction","target":{"@type":"EntryPoint","urlTemplate":"https:\/\/staging.lucky-hunter.com\/?s={search_term_string}"},"query-input":{"@type":"PropertyValueSpecification","valueRequired":true,"valueName":"search_term_string"}}],"inLanguage":"fr-FR"}]}},"_links":{"self":[{"href":"https:\/\/staging.lucky-hunter.com\/fr\/wp-json\/wp\/v2\/product\/31484"}],"collection":[{"href":"https:\/\/staging.lucky-hunter.com\/fr\/wp-json\/wp\/v2\/product"}],"about":[{"href":"https:\/\/staging.lucky-hunter.com\/fr\/wp-json\/wp\/v2\/types\/product"}],"wp:featuredmedia":[{"embeddable":true,"href":"https:\/\/staging.lucky-hunter.com\/fr\/wp-json\/wp\/v2\/media\/30403"}],"wp:attachment":[{"href":"https:\/\/staging.lucky-hunter.com\/fr\/wp-json\/wp\/v2\/media?parent=31484"}],"wp:term":[{"taxonomy":"product_brand","embeddable":true,"href":"https:\/\/staging.lucky-hunter.com\/fr\/wp-json\/wp\/v2\/product_brand?post=31484"},{"taxonomy":"product_cat","embeddable":true,"href":"https:\/\/staging.lucky-hunter.com\/fr\/wp-json\/wp\/v2\/product_cat?post=31484"},{"taxonomy":"product_tag","embeddable":true,"href":"https:\/\/staging.lucky-hunter.com\/fr\/wp-json\/wp\/v2\/product_tag?post=31484"}],"curies":[{"name":"wp","href":"https:\/\/api.w.org\/{rel}","templated":true}]}}