{"id":31483,"date":"2019-02-27T09:34:52","date_gmt":"2019-02-27T08:34:52","guid":{"rendered":"https:\/\/staging.lucky-hunter.com\/product\/rigem-right-low-rider-snow-cover-2\/"},"modified":"2022-11-16T10:14:08","modified_gmt":"2022-11-16T09:14:08","slug":"rigem-right-low-rider-snow-cover-2","status":"publish","type":"product","link":"https:\/\/staging.lucky-hunter.com\/fr\/product\/rigem-right-low-rider-snow-cover-2\/","title":{"rendered":"Rig&#8217;Em Right Housse de Neige pour Low Rider III"},"content":{"rendered":"<h2><strong>Rig&#8217;Em Right Housse de Neige pour Low Rider III &#8211; vous permet de rester cach\u00e9 m\u00eame apr\u00e8s les premi\u00e8res neiges<\/strong><\/h2>\n<p>Restez cach\u00e9 dans votre aff\u00fbt couch\u00e9, m\u00eame lorsque la neige commence \u00e0 tomber. Il peut \u00eatre difficile de se camoufler correctement lorsque le sol est recouvert de neige. Contrairement aux mois les plus chauds, durant lesquels vous pouvez utiliser des morceaux de la v\u00e9g\u00e9tation environnante, les mois d\u2019hiver n\u2019offrent pas beaucoup d\u2019options pour se dissimuler.<\/p>\n<p>Le meilleur aff\u00fbt couch\u00e9 au monde m\u00e9rite la meilleure housse de neige au monde. D\u00e9couvrez la Housse de Neige Rig&#8217;Em Right&#x2122; pour Aff\u00fbt Couch\u00e9 Low Rider III&#x2122;.<\/p>\n<p>Elle ne deviendra pas bleue \u00e0 cause de la neige, elle est \u00e9quip\u00e9e de nombreuses sangles \u00e0 v\u00e9g\u00e9tation pour vous aider \u00e0 vous cacher, et elle est con\u00e7ue pour de longues utilisations durant de nombreuses ann\u00e9es.<\/p>\n<p>En plus, elle s\u2019enfile comme un gant.<\/p>\n<p>Aff\u00fbt Couch\u00e9 Low Rider vendu s\u00e9par\u00e9ment.<\/p>\n","protected":false},"excerpt":{"rendered":"<p>Le meilleur aff\u00fbt couch\u00e9 au monde m\u00e9rite la meilleure housse de neige au monde.\u00a0Elle ne deviendra pas bleue \u00e0 cause de la neige, elle est \u00e9quip\u00e9e de nombreuses sangles \u00e0 v\u00e9g\u00e9tation pour vous aider \u00e0 vous cacher, et elle est con\u00e7ue pour de longues utilisations durant de nombreuses ann\u00e9es.<\/p>\n","protected":false},"featured_media":29413,"template":"","meta":[],"product_brand":[8127],"product_cat":[8164],"product_tag":[],"yoast_head":"<!-- This site is optimized with the Yoast SEO plugin v24.3 - https:\/\/yoast.com\/wordpress\/plugins\/seo\/ -->\n<title>Rig&#039;Em Right Low Rider III Snow Cover | Lucky Hunter<\/title>\n<meta name=\"description\" content=\"Stay hidden even in the snow. Rig&#039;Em Right Low Rider III Snow Cover is the perfect addition for keeping your low rider blind hidden in the snowfall.\" \/>\n<meta name=\"robots\" content=\"noindex, follow, max-snippet:-1, max-image-preview:large, max-video-preview:-1\" \/>\n<meta property=\"og:locale\" content=\"fr_FR\" \/>\n<meta property=\"og:type\" content=\"article\" \/>\n<meta property=\"og:title\" content=\"Rig&#039;Em Right Low Rider Snow Cover | Lucky Hunter\" \/>\n<meta property=\"og:description\" content=\"Stay hidden even in the snow. Rig&#039;Em Right Low Rider Snow Cover is the perfect addition for keeping your low rider blind hidden in the snowfall.\" \/>\n<meta property=\"og:url\" content=\"https:\/\/staging.lucky-hunter.com\/fr\/product\/rigem-right-low-rider-snow-cover-2\/\" \/>\n<meta property=\"og:site_name\" content=\"Lucky-Hunter\" \/>\n<meta property=\"article:modified_time\" content=\"2022-11-16T09:14:08+00:00\" \/>\n<meta property=\"og:image\" content=\"https:\/\/staging.lucky-hunter.com\/wp-content\/uploads\/2017\/04\/LS-205.png\" \/>\n\t<meta property=\"og:image:width\" content=\"1000\" \/>\n\t<meta property=\"og:image:height\" content=\"1000\" \/>\n\t<meta property=\"og:image:type\" content=\"image\/png\" \/>\n<meta name=\"twitter:card\" content=\"summary_large_image\" \/>\n<meta name=\"twitter:title\" content=\"Rig&#039;Em Right Low Rider Snow Cover | Lucky Hunter\" \/>\n<meta name=\"twitter:description\" content=\"Stay hidden even in the snow. Rig&#039;Em Right Low Rider Snow Cover is the perfect addition for keeping your low rider blind hidden in the snowfall.\" \/>\n<meta name=\"twitter:label1\" content=\"Dur\u00e9e de lecture estim\u00e9e\" \/>\n\t<meta name=\"twitter:data1\" content=\"1 minute\" \/>\n<script type=\"application\/ld+json\" class=\"yoast-schema-graph\">{\"@context\":\"https:\/\/schema.org\",\"@graph\":[{\"@type\":\"WebPage\",\"@id\":\"https:\/\/staging.lucky-hunter.com\/fr\/product\/rigem-right-low-rider-snow-cover-2\/\",\"url\":\"https:\/\/staging.lucky-hunter.com\/fr\/product\/rigem-right-low-rider-snow-cover-2\/\",\"name\":\"Rig'Em Right Low Rider III Snow Cover | Lucky Hunter\",\"isPartOf\":{\"@id\":\"https:\/\/staging.lucky-hunter.com\/#website\"},\"primaryImageOfPage\":{\"@id\":\"https:\/\/staging.lucky-hunter.com\/fr\/product\/rigem-right-low-rider-snow-cover-2\/#primaryimage\"},\"image\":{\"@id\":\"https:\/\/staging.lucky-hunter.com\/fr\/product\/rigem-right-low-rider-snow-cover-2\/#primaryimage\"},\"thumbnailUrl\":\"https:\/\/staging.lucky-hunter.com\/wp-content\/uploads\/2017\/04\/LS-205.png\",\"datePublished\":\"2019-02-27T08:34:52+00:00\",\"dateModified\":\"2022-11-16T09:14:08+00:00\",\"description\":\"Stay hidden even in the snow. Rig'Em Right Low Rider III Snow Cover is the perfect addition for keeping your low rider blind hidden in the snowfall.\",\"breadcrumb\":{\"@id\":\"https:\/\/staging.lucky-hunter.com\/fr\/product\/rigem-right-low-rider-snow-cover-2\/#breadcrumb\"},\"inLanguage\":\"fr-FR\",\"potentialAction\":[{\"@type\":\"ReadAction\",\"target\":[\"https:\/\/staging.lucky-hunter.com\/fr\/product\/rigem-right-low-rider-snow-cover-2\/\"]}]},{\"@type\":\"ImageObject\",\"inLanguage\":\"fr-FR\",\"@id\":\"https:\/\/staging.lucky-hunter.com\/fr\/product\/rigem-right-low-rider-snow-cover-2\/#primaryimage\",\"url\":\"https:\/\/staging.lucky-hunter.com\/wp-content\/uploads\/2017\/04\/LS-205.png\",\"contentUrl\":\"https:\/\/staging.lucky-hunter.com\/wp-content\/uploads\/2017\/04\/LS-205.png\",\"width\":1000,\"height\":1000,\"caption\":\"Rig'Em Right Low Rider III Snow Cover\"},{\"@type\":\"BreadcrumbList\",\"@id\":\"https:\/\/staging.lucky-hunter.com\/fr\/product\/rigem-right-low-rider-snow-cover-2\/#breadcrumb\",\"itemListElement\":[{\"@type\":\"ListItem\",\"position\":1,\"name\":\"Home\",\"item\":\"https:\/\/staging.lucky-hunter.com\/fr\/\"},{\"@type\":\"ListItem\",\"position\":2,\"name\":\"Boutique\",\"item\":\"https:\/\/staging.lucky-hunter.com\/fr\/shop\/\"},{\"@type\":\"ListItem\",\"position\":3,\"name\":\"Rig&#8217;Em Right Housse de Neige pour Low Rider III\"}]},{\"@type\":\"WebSite\",\"@id\":\"https:\/\/staging.lucky-hunter.com\/#website\",\"url\":\"https:\/\/staging.lucky-hunter.com\/\",\"name\":\"Lucky-Hunter\",\"description\":\"Gear Up or Give Up\",\"potentialAction\":[{\"@type\":\"SearchAction\",\"target\":{\"@type\":\"EntryPoint\",\"urlTemplate\":\"https:\/\/staging.lucky-hunter.com\/?s={search_term_string}\"},\"query-input\":{\"@type\":\"PropertyValueSpecification\",\"valueRequired\":true,\"valueName\":\"search_term_string\"}}],\"inLanguage\":\"fr-FR\"}]}<\/script>\n<!-- \/ Yoast SEO plugin. -->","yoast_head_json":{"title":"Rig'Em Right Low Rider III Snow Cover | Lucky Hunter","description":"Stay hidden even in the snow. Rig'Em Right Low Rider III Snow Cover is the perfect addition for keeping your low rider blind hidden in the snowfall.","robots":{"index":"noindex","follow":"follow","max-snippet":"max-snippet:-1","max-image-preview":"max-image-preview:large","max-video-preview":"max-video-preview:-1"},"og_locale":"fr_FR","og_type":"article","og_title":"Rig'Em Right Low Rider Snow Cover | Lucky Hunter","og_description":"Stay hidden even in the snow. Rig'Em Right Low Rider Snow Cover is the perfect addition for keeping your low rider blind hidden in the snowfall.","og_url":"https:\/\/staging.lucky-hunter.com\/fr\/product\/rigem-right-low-rider-snow-cover-2\/","og_site_name":"Lucky-Hunter","article_modified_time":"2022-11-16T09:14:08+00:00","og_image":[{"width":1000,"height":1000,"url":"https:\/\/staging.lucky-hunter.com\/wp-content\/uploads\/2017\/04\/LS-205.png","type":"image\/png"}],"twitter_card":"summary_large_image","twitter_title":"Rig'Em Right Low Rider Snow Cover | Lucky Hunter","twitter_description":"Stay hidden even in the snow. Rig'Em Right Low Rider Snow Cover is the perfect addition for keeping your low rider blind hidden in the snowfall.","twitter_misc":{"Dur\u00e9e de lecture estim\u00e9e":"1 minute"},"schema":{"@context":"https:\/\/schema.org","@graph":[{"@type":"WebPage","@id":"https:\/\/staging.lucky-hunter.com\/fr\/product\/rigem-right-low-rider-snow-cover-2\/","url":"https:\/\/staging.lucky-hunter.com\/fr\/product\/rigem-right-low-rider-snow-cover-2\/","name":"Rig'Em Right Low Rider III Snow Cover | Lucky Hunter","isPartOf":{"@id":"https:\/\/staging.lucky-hunter.com\/#website"},"primaryImageOfPage":{"@id":"https:\/\/staging.lucky-hunter.com\/fr\/product\/rigem-right-low-rider-snow-cover-2\/#primaryimage"},"image":{"@id":"https:\/\/staging.lucky-hunter.com\/fr\/product\/rigem-right-low-rider-snow-cover-2\/#primaryimage"},"thumbnailUrl":"https:\/\/staging.lucky-hunter.com\/wp-content\/uploads\/2017\/04\/LS-205.png","datePublished":"2019-02-27T08:34:52+00:00","dateModified":"2022-11-16T09:14:08+00:00","description":"Stay hidden even in the snow. Rig'Em Right Low Rider III Snow Cover is the perfect addition for keeping your low rider blind hidden in the snowfall.","breadcrumb":{"@id":"https:\/\/staging.lucky-hunter.com\/fr\/product\/rigem-right-low-rider-snow-cover-2\/#breadcrumb"},"inLanguage":"fr-FR","potentialAction":[{"@type":"ReadAction","target":["https:\/\/staging.lucky-hunter.com\/fr\/product\/rigem-right-low-rider-snow-cover-2\/"]}]},{"@type":"ImageObject","inLanguage":"fr-FR","@id":"https:\/\/staging.lucky-hunter.com\/fr\/product\/rigem-right-low-rider-snow-cover-2\/#primaryimage","url":"https:\/\/staging.lucky-hunter.com\/wp-content\/uploads\/2017\/04\/LS-205.png","contentUrl":"https:\/\/staging.lucky-hunter.com\/wp-content\/uploads\/2017\/04\/LS-205.png","width":1000,"height":1000,"caption":"Rig'Em Right Low Rider III Snow Cover"},{"@type":"BreadcrumbList","@id":"https:\/\/staging.lucky-hunter.com\/fr\/product\/rigem-right-low-rider-snow-cover-2\/#breadcrumb","itemListElement":[{"@type":"ListItem","position":1,"name":"Home","item":"https:\/\/staging.lucky-hunter.com\/fr\/"},{"@type":"ListItem","position":2,"name":"Boutique","item":"https:\/\/staging.lucky-hunter.com\/fr\/shop\/"},{"@type":"ListItem","position":3,"name":"Rig&#8217;Em Right Housse de Neige pour Low Rider III"}]},{"@type":"WebSite","@id":"https:\/\/staging.lucky-hunter.com\/#website","url":"https:\/\/staging.lucky-hunter.com\/","name":"Lucky-Hunter","description":"Gear Up or Give Up","potentialAction":[{"@type":"SearchAction","target":{"@type":"EntryPoint","urlTemplate":"https:\/\/staging.lucky-hunter.com\/?s={search_term_string}"},"query-input":{"@type":"PropertyValueSpecification","valueRequired":true,"valueName":"search_term_string"}}],"inLanguage":"fr-FR"}]}},"_links":{"self":[{"href":"https:\/\/staging.lucky-hunter.com\/fr\/wp-json\/wp\/v2\/product\/31483"}],"collection":[{"href":"https:\/\/staging.lucky-hunter.com\/fr\/wp-json\/wp\/v2\/product"}],"about":[{"href":"https:\/\/staging.lucky-hunter.com\/fr\/wp-json\/wp\/v2\/types\/product"}],"wp:featuredmedia":[{"embeddable":true,"href":"https:\/\/staging.lucky-hunter.com\/fr\/wp-json\/wp\/v2\/media\/29413"}],"wp:attachment":[{"href":"https:\/\/staging.lucky-hunter.com\/fr\/wp-json\/wp\/v2\/media?parent=31483"}],"wp:term":[{"taxonomy":"product_brand","embeddable":true,"href":"https:\/\/staging.lucky-hunter.com\/fr\/wp-json\/wp\/v2\/product_brand?post=31483"},{"taxonomy":"product_cat","embeddable":true,"href":"https:\/\/staging.lucky-hunter.com\/fr\/wp-json\/wp\/v2\/product_cat?post=31483"},{"taxonomy":"product_tag","embeddable":true,"href":"https:\/\/staging.lucky-hunter.com\/fr\/wp-json\/wp\/v2\/product_tag?post=31483"}],"curies":[{"name":"wp","href":"https:\/\/api.w.org\/{rel}","templated":true}]}}