{"id":31482,"date":"2017-04-18T16:43:40","date_gmt":"2017-04-18T14:43:40","guid":{"rendered":"https:\/\/staging.lucky-hunter.com\/product\/rigem-right-full-choke-floating-gun-case\/"},"modified":"2023-03-14T15:04:30","modified_gmt":"2023-03-14T14:04:30","slug":"rigem-right-full-choke-floating-gun-case","status":"publish","type":"product","link":"https:\/\/staging.lucky-hunter.com\/fr\/product\/rigem-right-full-choke-floating-gun-case\/","title":{"rendered":"Rig&#8217;Em Right \u00c9tui Flottant pour Fusil Full Choke &#8211; Optifade Marsh"},"content":{"rendered":"<h2><strong>Rig&#8217;Em Right \u00c9tui Flottant pour Fusil Full Choke &#8211; \u00e9tui \u00e0 fusil r\u00e9sistant et durable<\/strong><\/h2>\n<p>L&#8217;\u00c9tui Flottant pour Fusil Full Choke de Rig&#8217;Em Right est con\u00e7u et fabriqu\u00e9 pour les chasseurs de gibier d\u2019eau exigeants. Avec son \u00e9paisse coque flottante, cet \u00e9tui \u00e0 fusil est le compl\u00e9ment parfait du chasseur de gibier d\u2019eau.<\/p>\n<p>Tr\u00e8s rude pour l\u2019\u00e9quipement compar\u00e9e \u00e0 d\u2019autres sports, la chasse au gibier d\u2019eau n\u2019est pas recommand\u00e9e aux plus sensibles. L\u2019\u00e9quipement est en effet mis \u00e0 rude \u00e9preuve durant la pratique de ce sport. Rig&#8217;Em Right a donc utilis\u00e9 ses connaissances et son savoir faire pour cr\u00e9er de l\u2019\u00e9quipement de haute qualit\u00e9 sp\u00e9cialement adapt\u00e9 \u00e0 ce sport.<\/p>\n<p>Durable et r\u00e9sistant, cet \u00e9tui \u00e0 fusil est dot\u00e9 d&#8217;une \u00e9paisse coque ext\u00e9rieure r\u00e9sistante \u00e0 l\u2019eau, de ferrures en m\u00e9tal, d&#8217;un flotteur \u00e9pais, d&#8217;une bandouli\u00e8re r\u00e9glable rembourr\u00e9e et d&#8217;une pointe rigide en EVA.<\/p>\n<p>Design camouflage Optifade Marsh et 135 cm de long.<\/p>\n<div class=\"video video-fit mb\" style=\"padding-top:56.25%;\"><p><iframe width=\"1020\" height=\"574\" src=\"https:\/\/www.youtube.com\/embed\/W4oSZ64noRE?wmode=transparent&amp;rel=0&amp;feature=oembed\" frameborder=\"0\" allowfullscreen><\/iframe><\/p>\n<\/div>\n","protected":false},"excerpt":{"rendered":"<p>Rig\u2019Em Right\u2019s&#x2122; Full Choke&#x2122; Floating Gun Case is designed and built for the demanding waterfowler.\u00a0Waterfowl hunting is tougher on gear than any other sport, and Rig\u00b4Em Right took the finesse out of it.<\/p>\n","protected":false},"featured_media":30599,"template":"","meta":[],"product_brand":[9660],"product_cat":[9359],"product_tag":[],"yoast_head":"<!-- This site is optimized with the Yoast SEO plugin v24.3 - https:\/\/yoast.com\/wordpress\/plugins\/seo\/ -->\n<title>Rig&#039;Em Right Full Choke Floating Gun Case | Lucky Hunter<\/title>\n<meta name=\"description\" content=\"Durable and hard wearing. Rig&#039;Em Right Full Choke Floating Gun Case is the perfect choice for all waterfowlers. Take yours on the next hunt!\" \/>\n<meta name=\"robots\" content=\"noindex, follow, max-snippet:-1, max-image-preview:large, max-video-preview:-1\" \/>\n<meta property=\"og:locale\" content=\"fr_FR\" \/>\n<meta property=\"og:type\" content=\"article\" \/>\n<meta property=\"og:title\" content=\"Rig&#039;Em Right Full Choke Floating Gun Case | Lucky Hunter\" \/>\n<meta property=\"og:description\" content=\"Durable and hard wearing. Rig&#039;Em Right Full Choke Floating Gun Case is the perfect choice for all waterfowlers. Take yours on the next hunt!\" \/>\n<meta property=\"og:url\" content=\"https:\/\/staging.lucky-hunter.com\/fr\/product\/rigem-right-full-choke-floating-gun-case\/\" \/>\n<meta property=\"og:site_name\" content=\"Lucky-Hunter\" \/>\n<meta property=\"article:modified_time\" content=\"2023-03-14T14:04:30+00:00\" \/>\n<meta property=\"og:image\" content=\"https:\/\/staging.lucky-hunter.com\/wp-content\/uploads\/2017\/04\/PU-235-2.png\" \/>\n\t<meta property=\"og:image:width\" content=\"1000\" \/>\n\t<meta property=\"og:image:height\" content=\"1000\" \/>\n\t<meta property=\"og:image:type\" content=\"image\/png\" \/>\n<meta name=\"twitter:card\" content=\"summary_large_image\" \/>\n<meta name=\"twitter:title\" content=\"Rig&#039;Em Right Full Choke Floating Gun Case | Lucky Hunter\" \/>\n<meta name=\"twitter:description\" content=\"Durable and hard wearing. Rig&#039;Em Right Full Choke Floating Gun Case is the perfect choice for all waterfowlers. Take yours on the next hunt!\" \/>\n<meta name=\"twitter:label1\" content=\"Dur\u00e9e de lecture estim\u00e9e\" \/>\n\t<meta name=\"twitter:data1\" content=\"1 minute\" \/>\n<script type=\"application\/ld+json\" class=\"yoast-schema-graph\">{\"@context\":\"https:\/\/schema.org\",\"@graph\":[{\"@type\":\"WebPage\",\"@id\":\"https:\/\/staging.lucky-hunter.com\/fr\/product\/rigem-right-full-choke-floating-gun-case\/\",\"url\":\"https:\/\/staging.lucky-hunter.com\/fr\/product\/rigem-right-full-choke-floating-gun-case\/\",\"name\":\"Rig'Em Right Full Choke Floating Gun Case | Lucky Hunter\",\"isPartOf\":{\"@id\":\"https:\/\/staging.lucky-hunter.com\/#website\"},\"primaryImageOfPage\":{\"@id\":\"https:\/\/staging.lucky-hunter.com\/fr\/product\/rigem-right-full-choke-floating-gun-case\/#primaryimage\"},\"image\":{\"@id\":\"https:\/\/staging.lucky-hunter.com\/fr\/product\/rigem-right-full-choke-floating-gun-case\/#primaryimage\"},\"thumbnailUrl\":\"https:\/\/staging.lucky-hunter.com\/wp-content\/uploads\/2017\/04\/PU-235-2.png\",\"datePublished\":\"2017-04-18T14:43:40+00:00\",\"dateModified\":\"2023-03-14T14:04:30+00:00\",\"description\":\"Durable and hard wearing. Rig'Em Right Full Choke Floating Gun Case is the perfect choice for all waterfowlers. Take yours on the next hunt!\",\"breadcrumb\":{\"@id\":\"https:\/\/staging.lucky-hunter.com\/fr\/product\/rigem-right-full-choke-floating-gun-case\/#breadcrumb\"},\"inLanguage\":\"fr-FR\",\"potentialAction\":[{\"@type\":\"ReadAction\",\"target\":[\"https:\/\/staging.lucky-hunter.com\/fr\/product\/rigem-right-full-choke-floating-gun-case\/\"]}]},{\"@type\":\"ImageObject\",\"inLanguage\":\"fr-FR\",\"@id\":\"https:\/\/staging.lucky-hunter.com\/fr\/product\/rigem-right-full-choke-floating-gun-case\/#primaryimage\",\"url\":\"https:\/\/staging.lucky-hunter.com\/wp-content\/uploads\/2017\/04\/PU-235-2.png\",\"contentUrl\":\"https:\/\/staging.lucky-hunter.com\/wp-content\/uploads\/2017\/04\/PU-235-2.png\",\"width\":1000,\"height\":1000},{\"@type\":\"BreadcrumbList\",\"@id\":\"https:\/\/staging.lucky-hunter.com\/fr\/product\/rigem-right-full-choke-floating-gun-case\/#breadcrumb\",\"itemListElement\":[{\"@type\":\"ListItem\",\"position\":1,\"name\":\"Home\",\"item\":\"https:\/\/staging.lucky-hunter.com\/fr\/\"},{\"@type\":\"ListItem\",\"position\":2,\"name\":\"Boutique\",\"item\":\"https:\/\/staging.lucky-hunter.com\/fr\/shop\/\"},{\"@type\":\"ListItem\",\"position\":3,\"name\":\"Rig&#8217;Em Right \u00c9tui Flottant pour Fusil Full Choke &#8211; Optifade Marsh\"}]},{\"@type\":\"WebSite\",\"@id\":\"https:\/\/staging.lucky-hunter.com\/#website\",\"url\":\"https:\/\/staging.lucky-hunter.com\/\",\"name\":\"Lucky-Hunter\",\"description\":\"Gear Up or Give Up\",\"potentialAction\":[{\"@type\":\"SearchAction\",\"target\":{\"@type\":\"EntryPoint\",\"urlTemplate\":\"https:\/\/staging.lucky-hunter.com\/?s={search_term_string}\"},\"query-input\":{\"@type\":\"PropertyValueSpecification\",\"valueRequired\":true,\"valueName\":\"search_term_string\"}}],\"inLanguage\":\"fr-FR\"}]}<\/script>\n<!-- \/ Yoast SEO plugin. -->","yoast_head_json":{"title":"Rig'Em Right Full Choke Floating Gun Case | Lucky Hunter","description":"Durable and hard wearing. Rig'Em Right Full Choke Floating Gun Case is the perfect choice for all waterfowlers. Take yours on the next hunt!","robots":{"index":"noindex","follow":"follow","max-snippet":"max-snippet:-1","max-image-preview":"max-image-preview:large","max-video-preview":"max-video-preview:-1"},"og_locale":"fr_FR","og_type":"article","og_title":"Rig'Em Right Full Choke Floating Gun Case | Lucky Hunter","og_description":"Durable and hard wearing. Rig'Em Right Full Choke Floating Gun Case is the perfect choice for all waterfowlers. Take yours on the next hunt!","og_url":"https:\/\/staging.lucky-hunter.com\/fr\/product\/rigem-right-full-choke-floating-gun-case\/","og_site_name":"Lucky-Hunter","article_modified_time":"2023-03-14T14:04:30+00:00","og_image":[{"width":1000,"height":1000,"url":"https:\/\/staging.lucky-hunter.com\/wp-content\/uploads\/2017\/04\/PU-235-2.png","type":"image\/png"}],"twitter_card":"summary_large_image","twitter_title":"Rig'Em Right Full Choke Floating Gun Case | Lucky Hunter","twitter_description":"Durable and hard wearing. Rig'Em Right Full Choke Floating Gun Case is the perfect choice for all waterfowlers. Take yours on the next hunt!","twitter_misc":{"Dur\u00e9e de lecture estim\u00e9e":"1 minute"},"schema":{"@context":"https:\/\/schema.org","@graph":[{"@type":"WebPage","@id":"https:\/\/staging.lucky-hunter.com\/fr\/product\/rigem-right-full-choke-floating-gun-case\/","url":"https:\/\/staging.lucky-hunter.com\/fr\/product\/rigem-right-full-choke-floating-gun-case\/","name":"Rig'Em Right Full Choke Floating Gun Case | Lucky Hunter","isPartOf":{"@id":"https:\/\/staging.lucky-hunter.com\/#website"},"primaryImageOfPage":{"@id":"https:\/\/staging.lucky-hunter.com\/fr\/product\/rigem-right-full-choke-floating-gun-case\/#primaryimage"},"image":{"@id":"https:\/\/staging.lucky-hunter.com\/fr\/product\/rigem-right-full-choke-floating-gun-case\/#primaryimage"},"thumbnailUrl":"https:\/\/staging.lucky-hunter.com\/wp-content\/uploads\/2017\/04\/PU-235-2.png","datePublished":"2017-04-18T14:43:40+00:00","dateModified":"2023-03-14T14:04:30+00:00","description":"Durable and hard wearing. Rig'Em Right Full Choke Floating Gun Case is the perfect choice for all waterfowlers. Take yours on the next hunt!","breadcrumb":{"@id":"https:\/\/staging.lucky-hunter.com\/fr\/product\/rigem-right-full-choke-floating-gun-case\/#breadcrumb"},"inLanguage":"fr-FR","potentialAction":[{"@type":"ReadAction","target":["https:\/\/staging.lucky-hunter.com\/fr\/product\/rigem-right-full-choke-floating-gun-case\/"]}]},{"@type":"ImageObject","inLanguage":"fr-FR","@id":"https:\/\/staging.lucky-hunter.com\/fr\/product\/rigem-right-full-choke-floating-gun-case\/#primaryimage","url":"https:\/\/staging.lucky-hunter.com\/wp-content\/uploads\/2017\/04\/PU-235-2.png","contentUrl":"https:\/\/staging.lucky-hunter.com\/wp-content\/uploads\/2017\/04\/PU-235-2.png","width":1000,"height":1000},{"@type":"BreadcrumbList","@id":"https:\/\/staging.lucky-hunter.com\/fr\/product\/rigem-right-full-choke-floating-gun-case\/#breadcrumb","itemListElement":[{"@type":"ListItem","position":1,"name":"Home","item":"https:\/\/staging.lucky-hunter.com\/fr\/"},{"@type":"ListItem","position":2,"name":"Boutique","item":"https:\/\/staging.lucky-hunter.com\/fr\/shop\/"},{"@type":"ListItem","position":3,"name":"Rig&#8217;Em Right \u00c9tui Flottant pour Fusil Full Choke &#8211; Optifade Marsh"}]},{"@type":"WebSite","@id":"https:\/\/staging.lucky-hunter.com\/#website","url":"https:\/\/staging.lucky-hunter.com\/","name":"Lucky-Hunter","description":"Gear Up or Give Up","potentialAction":[{"@type":"SearchAction","target":{"@type":"EntryPoint","urlTemplate":"https:\/\/staging.lucky-hunter.com\/?s={search_term_string}"},"query-input":{"@type":"PropertyValueSpecification","valueRequired":true,"valueName":"search_term_string"}}],"inLanguage":"fr-FR"}]}},"_links":{"self":[{"href":"https:\/\/staging.lucky-hunter.com\/fr\/wp-json\/wp\/v2\/product\/31482"}],"collection":[{"href":"https:\/\/staging.lucky-hunter.com\/fr\/wp-json\/wp\/v2\/product"}],"about":[{"href":"https:\/\/staging.lucky-hunter.com\/fr\/wp-json\/wp\/v2\/types\/product"}],"wp:featuredmedia":[{"embeddable":true,"href":"https:\/\/staging.lucky-hunter.com\/fr\/wp-json\/wp\/v2\/media\/30599"}],"wp:attachment":[{"href":"https:\/\/staging.lucky-hunter.com\/fr\/wp-json\/wp\/v2\/media?parent=31482"}],"wp:term":[{"taxonomy":"product_brand","embeddable":true,"href":"https:\/\/staging.lucky-hunter.com\/fr\/wp-json\/wp\/v2\/product_brand?post=31482"},{"taxonomy":"product_cat","embeddable":true,"href":"https:\/\/staging.lucky-hunter.com\/fr\/wp-json\/wp\/v2\/product_cat?post=31482"},{"taxonomy":"product_tag","embeddable":true,"href":"https:\/\/staging.lucky-hunter.com\/fr\/wp-json\/wp\/v2\/product_tag?post=31482"}],"curies":[{"name":"wp","href":"https:\/\/api.w.org\/{rel}","templated":true}]}}