{"id":31446,"date":"2016-11-07T16:10:55","date_gmt":"2016-11-07T15:10:55","guid":{"rendered":"https:\/\/staging.lucky-hunter.com\/product\/foldable-field-hunting-blind\/"},"modified":"2023-03-15T11:04:12","modified_gmt":"2023-03-15T10:04:12","slug":"foldable-field-hunting-blind","status":"publish","type":"product","link":"https:\/\/staging.lucky-hunter.com\/fr\/product\/foldable-field-hunting-blind\/","title":{"rendered":"Aff\u00fbt de Chasse"},"content":{"rendered":"<h1><strong>Aff\u00fbt de chasse pliable : parfait pour la chasse aux oiseaux<\/strong><\/h1>\n<p>L\u2019aff\u00fbt se compose de 3 parois lat\u00e9rales, sans toit. La partie sup\u00e9rieure est faite de maillage transparent. Vous pouvez donc vous asseoir, observer les oiseaux qui viennent se poser, et sortir facilement de l\u2019aff\u00fbt sans \u00eatre limit\u00e9 par la hauteur.<\/p>\n<p>Fabriqu\u00e9 en tissu camouflage Durashell&#x2122; r\u00e9sistant \u00e0 l&#8217;eau. Vous pouvez donc l&#8217;utiliser par tous les temps, sans vous soucier de la pluie ou du soleil pendant la chasse.<\/p>\n<p>Taille : 145 x 145 cm.<br \/>\nDimensions pli\u00e9 : 105 x 10 cm.<\/p>\n<p>Cet excellent store de chasse pliable ne p\u00e8se que 3 kilos et est livr\u00e9 avec un \u00e9tui pour pouvoir facilement le transporter et le ranger lorsqu&#8217;il n&#8217;est pas utilis\u00e9.<\/p>\n","protected":false},"excerpt":{"rendered":"<p>L\u2019aff\u00fbt se compose de 3 parois lat\u00e9rales, sans toit.\u00a0La partie sup\u00e9rieure est faite de maillage transparent, vous pouvez donc vous asseoir et observer les oiseaux qui viennent se poser.<\/p>\n","protected":false},"featured_media":64677,"template":"","meta":[],"product_brand":[8121],"product_cat":[8166],"product_tag":[9443,9250],"yoast_head":"<!-- This site is optimized with the Yoast SEO plugin v24.3 - https:\/\/yoast.com\/wordpress\/plugins\/seo\/ -->\n<title>Aff\u00fbts pliables, Parfait pour la chasse aux oiseaux | Chasseur chanceux<\/title>\n<meta name=\"description\" content=\"Gardez un \u0153il sur votre prix. Ce store de chasse pliable de qualit\u00e9 a 3 parois et pas de toit pour vous permettre de voir les proies lorsqu&#039;elles volent vers vous.\" \/>\n<meta name=\"robots\" content=\"noindex, follow, max-snippet:-1, max-image-preview:large, max-video-preview:-1\" \/>\n<meta property=\"og:locale\" content=\"fr_FR\" \/>\n<meta property=\"og:type\" content=\"article\" \/>\n<meta property=\"og:title\" content=\"Store de chasse pliable Ameristep : Parfait pour la chasse aux oiseaux | Chasseur chanceux\" \/>\n<meta property=\"og:description\" content=\"Gardez un \u0153il sur votre prix. Le store de chasse pliable Ameristep a 3 parois et pas de toit pour vous permettre de voir les proies lorsqu&#039;elles volent vers vous.\" \/>\n<meta property=\"og:url\" content=\"https:\/\/staging.lucky-hunter.com\/product\/foldable-field-hunting-blind\/\" \/>\n<meta property=\"og:site_name\" content=\"Lucky-Hunter\" \/>\n<meta property=\"article:modified_time\" content=\"2023-03-15T10:04:12+00:00\" \/>\n<meta property=\"og:image\" content=\"https:\/\/staging.lucky-hunter.com\/wp-content\/uploads\/2016\/11\/foldbar-skjul-1.webp\" \/>\n\t<meta property=\"og:image:width\" content=\"1000\" \/>\n\t<meta property=\"og:image:height\" content=\"1000\" \/>\n\t<meta property=\"og:image:type\" content=\"image\/webp\" \/>\n<meta name=\"twitter:card\" content=\"summary_large_image\" \/>\n<meta name=\"twitter:title\" content=\"Store de chasse pliable Ameristep | Chasseur chanceux\" \/>\n<meta name=\"twitter:description\" content=\"Gardez un \u0153il sur votre prix. Le store de chasse pliable Ameristep a 3 parois et pas de toit pour vous permettre de voir les proies lorsqu&#039;elles volent vers vous.\" \/>\n<meta name=\"twitter:label1\" content=\"Dur\u00e9e de lecture estim\u00e9e\" \/>\n\t<meta name=\"twitter:data1\" content=\"1 minute\" \/>\n<script type=\"application\/ld+json\" class=\"yoast-schema-graph\">{\"@context\":\"https:\/\/schema.org\",\"@graph\":[{\"@type\":\"WebPage\",\"@id\":\"https:\/\/staging.lucky-hunter.com\/product\/foldable-field-hunting-blind\/\",\"url\":\"https:\/\/staging.lucky-hunter.com\/product\/foldable-field-hunting-blind\/\",\"name\":\"Aff\u00fbts pliables, Parfait pour la chasse aux oiseaux | Chasseur chanceux\",\"isPartOf\":{\"@id\":\"https:\/\/staging.lucky-hunter.com\/#website\"},\"primaryImageOfPage\":{\"@id\":\"https:\/\/staging.lucky-hunter.com\/product\/foldable-field-hunting-blind\/#primaryimage\"},\"image\":{\"@id\":\"https:\/\/staging.lucky-hunter.com\/product\/foldable-field-hunting-blind\/#primaryimage\"},\"thumbnailUrl\":\"https:\/\/staging.lucky-hunter.com\/wp-content\/uploads\/2016\/11\/foldbar-skjul-1.webp\",\"datePublished\":\"2016-11-07T15:10:55+00:00\",\"dateModified\":\"2023-03-15T10:04:12+00:00\",\"description\":\"Gardez un \u0153il sur votre prix. Ce store de chasse pliable de qualit\u00e9 a 3 parois et pas de toit pour vous permettre de voir les proies lorsqu'elles volent vers vous.\",\"breadcrumb\":{\"@id\":\"https:\/\/staging.lucky-hunter.com\/product\/foldable-field-hunting-blind\/#breadcrumb\"},\"inLanguage\":\"fr-FR\",\"potentialAction\":[{\"@type\":\"ReadAction\",\"target\":[\"https:\/\/staging.lucky-hunter.com\/product\/foldable-field-hunting-blind\/\"]}]},{\"@type\":\"ImageObject\",\"inLanguage\":\"fr-FR\",\"@id\":\"https:\/\/staging.lucky-hunter.com\/product\/foldable-field-hunting-blind\/#primaryimage\",\"url\":\"https:\/\/staging.lucky-hunter.com\/wp-content\/uploads\/2016\/11\/foldbar-skjul-1.webp\",\"contentUrl\":\"https:\/\/staging.lucky-hunter.com\/wp-content\/uploads\/2016\/11\/foldbar-skjul-1.webp\",\"width\":1000,\"height\":1000},{\"@type\":\"BreadcrumbList\",\"@id\":\"https:\/\/staging.lucky-hunter.com\/product\/foldable-field-hunting-blind\/#breadcrumb\",\"itemListElement\":[{\"@type\":\"ListItem\",\"position\":1,\"name\":\"Home\",\"item\":\"https:\/\/staging.lucky-hunter.com\/fr\/\"},{\"@type\":\"ListItem\",\"position\":2,\"name\":\"Boutique\",\"item\":\"https:\/\/staging.lucky-hunter.com\/fr\/shop\/\"},{\"@type\":\"ListItem\",\"position\":3,\"name\":\"Aff\u00fbt de Chasse\"}]},{\"@type\":\"WebSite\",\"@id\":\"https:\/\/staging.lucky-hunter.com\/#website\",\"url\":\"https:\/\/staging.lucky-hunter.com\/\",\"name\":\"Lucky-Hunter\",\"description\":\"Gear Up or Give Up\",\"potentialAction\":[{\"@type\":\"SearchAction\",\"target\":{\"@type\":\"EntryPoint\",\"urlTemplate\":\"https:\/\/staging.lucky-hunter.com\/?s={search_term_string}\"},\"query-input\":{\"@type\":\"PropertyValueSpecification\",\"valueRequired\":true,\"valueName\":\"search_term_string\"}}],\"inLanguage\":\"fr-FR\"}]}<\/script>\n<!-- \/ Yoast SEO plugin. -->","yoast_head_json":{"title":"Aff\u00fbts pliables, Parfait pour la chasse aux oiseaux | Chasseur chanceux","description":"Gardez un \u0153il sur votre prix. Ce store de chasse pliable de qualit\u00e9 a 3 parois et pas de toit pour vous permettre de voir les proies lorsqu'elles volent vers vous.","robots":{"index":"noindex","follow":"follow","max-snippet":"max-snippet:-1","max-image-preview":"max-image-preview:large","max-video-preview":"max-video-preview:-1"},"og_locale":"fr_FR","og_type":"article","og_title":"Store de chasse pliable Ameristep : Parfait pour la chasse aux oiseaux | Chasseur chanceux","og_description":"Gardez un \u0153il sur votre prix. Le store de chasse pliable Ameristep a 3 parois et pas de toit pour vous permettre de voir les proies lorsqu'elles volent vers vous.","og_url":"https:\/\/staging.lucky-hunter.com\/product\/foldable-field-hunting-blind\/","og_site_name":"Lucky-Hunter","article_modified_time":"2023-03-15T10:04:12+00:00","og_image":[{"width":1000,"height":1000,"url":"https:\/\/staging.lucky-hunter.com\/wp-content\/uploads\/2016\/11\/foldbar-skjul-1.webp","type":"image\/webp"}],"twitter_card":"summary_large_image","twitter_title":"Store de chasse pliable Ameristep | Chasseur chanceux","twitter_description":"Gardez un \u0153il sur votre prix. Le store de chasse pliable Ameristep a 3 parois et pas de toit pour vous permettre de voir les proies lorsqu'elles volent vers vous.","twitter_misc":{"Dur\u00e9e de lecture estim\u00e9e":"1 minute"},"schema":{"@context":"https:\/\/schema.org","@graph":[{"@type":"WebPage","@id":"https:\/\/staging.lucky-hunter.com\/product\/foldable-field-hunting-blind\/","url":"https:\/\/staging.lucky-hunter.com\/product\/foldable-field-hunting-blind\/","name":"Aff\u00fbts pliables, Parfait pour la chasse aux oiseaux | Chasseur chanceux","isPartOf":{"@id":"https:\/\/staging.lucky-hunter.com\/#website"},"primaryImageOfPage":{"@id":"https:\/\/staging.lucky-hunter.com\/product\/foldable-field-hunting-blind\/#primaryimage"},"image":{"@id":"https:\/\/staging.lucky-hunter.com\/product\/foldable-field-hunting-blind\/#primaryimage"},"thumbnailUrl":"https:\/\/staging.lucky-hunter.com\/wp-content\/uploads\/2016\/11\/foldbar-skjul-1.webp","datePublished":"2016-11-07T15:10:55+00:00","dateModified":"2023-03-15T10:04:12+00:00","description":"Gardez un \u0153il sur votre prix. Ce store de chasse pliable de qualit\u00e9 a 3 parois et pas de toit pour vous permettre de voir les proies lorsqu'elles volent vers vous.","breadcrumb":{"@id":"https:\/\/staging.lucky-hunter.com\/product\/foldable-field-hunting-blind\/#breadcrumb"},"inLanguage":"fr-FR","potentialAction":[{"@type":"ReadAction","target":["https:\/\/staging.lucky-hunter.com\/product\/foldable-field-hunting-blind\/"]}]},{"@type":"ImageObject","inLanguage":"fr-FR","@id":"https:\/\/staging.lucky-hunter.com\/product\/foldable-field-hunting-blind\/#primaryimage","url":"https:\/\/staging.lucky-hunter.com\/wp-content\/uploads\/2016\/11\/foldbar-skjul-1.webp","contentUrl":"https:\/\/staging.lucky-hunter.com\/wp-content\/uploads\/2016\/11\/foldbar-skjul-1.webp","width":1000,"height":1000},{"@type":"BreadcrumbList","@id":"https:\/\/staging.lucky-hunter.com\/product\/foldable-field-hunting-blind\/#breadcrumb","itemListElement":[{"@type":"ListItem","position":1,"name":"Home","item":"https:\/\/staging.lucky-hunter.com\/fr\/"},{"@type":"ListItem","position":2,"name":"Boutique","item":"https:\/\/staging.lucky-hunter.com\/fr\/shop\/"},{"@type":"ListItem","position":3,"name":"Aff\u00fbt de Chasse"}]},{"@type":"WebSite","@id":"https:\/\/staging.lucky-hunter.com\/#website","url":"https:\/\/staging.lucky-hunter.com\/","name":"Lucky-Hunter","description":"Gear Up or Give Up","potentialAction":[{"@type":"SearchAction","target":{"@type":"EntryPoint","urlTemplate":"https:\/\/staging.lucky-hunter.com\/?s={search_term_string}"},"query-input":{"@type":"PropertyValueSpecification","valueRequired":true,"valueName":"search_term_string"}}],"inLanguage":"fr-FR"}]}},"_links":{"self":[{"href":"https:\/\/staging.lucky-hunter.com\/fr\/wp-json\/wp\/v2\/product\/31446"}],"collection":[{"href":"https:\/\/staging.lucky-hunter.com\/fr\/wp-json\/wp\/v2\/product"}],"about":[{"href":"https:\/\/staging.lucky-hunter.com\/fr\/wp-json\/wp\/v2\/types\/product"}],"wp:featuredmedia":[{"embeddable":true,"href":"https:\/\/staging.lucky-hunter.com\/fr\/wp-json\/wp\/v2\/media\/64677"}],"wp:attachment":[{"href":"https:\/\/staging.lucky-hunter.com\/fr\/wp-json\/wp\/v2\/media?parent=31446"}],"wp:term":[{"taxonomy":"product_brand","embeddable":true,"href":"https:\/\/staging.lucky-hunter.com\/fr\/wp-json\/wp\/v2\/product_brand?post=31446"},{"taxonomy":"product_cat","embeddable":true,"href":"https:\/\/staging.lucky-hunter.com\/fr\/wp-json\/wp\/v2\/product_cat?post=31446"},{"taxonomy":"product_tag","embeddable":true,"href":"https:\/\/staging.lucky-hunter.com\/fr\/wp-json\/wp\/v2\/product_tag?post=31446"}],"curies":[{"name":"wp","href":"https:\/\/api.w.org\/{rel}","templated":true}]}}