{"id":31444,"date":"2016-11-07T16:09:51","date_gmt":"2016-11-07T15:09:51","guid":{"rendered":"https:\/\/staging.lucky-hunter.com\/product\/ghg-power-hunter\/"},"modified":"2022-11-16T13:27:23","modified_gmt":"2022-11-16T12:27:23","slug":"ghg-power-hunter","status":"publish","type":"product","link":"https:\/\/staging.lucky-hunter.com\/fr\/product\/ghg-power-hunter\/","title":{"rendered":"Aff\u00fbt Power Hunter GHG"},"content":{"rendered":"<h2><strong>L\u2019aff\u00fbt Power Hunter GHG &#8211; vous permet de rester couvert au milieu de l&#8217;action\u00a0!<\/strong><\/h2>\n<p>L\u2019aff\u00fbt Power Hunter KW1 de la marque am\u00e9ricaine Avery est extr\u00eamement l\u00e9ger et polyvalent et offre beaucoup d&#8217;espace. Cet aff\u00fbt offre une vue \u00e0 360 degr\u00e9s autour de vous.<\/p>\n<p>Le Power Hunter a un dessus rabattable incurv\u00e9 qui permet de regarder facilement \u00e0 l\u2019ext\u00e9rieur. Vous disposez \u00e9galement de beaucoup d&#8217;espace pour utiliser efficacement votre appeau de gibier.<\/p>\n<p>Utilisez votre aff\u00fbt Power Hunter avec une housse de camouflage Killer Weed. Il est parfait pour les champs de chaume, l&#8217;herbe ou les roseaux.<\/p>\n<p>Le cadre en aluminium tr\u00e8s r\u00e9sistant peut \u00eatre d\u00e9pli\u00e9, ce qui vous donne un total de 210 cm de longueur (195 cm \u00e0 l&#8217;int\u00e9rieur), 71 cm de largeur et 142 cm de hauteur.<\/p>\n<p>Le fauteuil inclinable est dot\u00e9 d\u2019un appui-t\u00eate et d\u2019un si\u00e8ge rembourr\u00e9s, ce qui vous permet de vous allonger confortablement pendant toute une journ\u00e9e de chasse.<\/p>\n<p>Le plus souvent, les oies se posent au milieu d&#8217;un champ o\u00f9 il leur est possible de trouver une cachette naturelle.<\/p>\n<p>Ainsi, pour profiter au maximum de la chasse \u00e0 l&#8217;oie, il sera n\u00e9cessaire de disposer d\u2019un aff\u00fbt. Cela vous permet d&#8217;\u00eatre camoufl\u00e9 dans la zone proche de vos leurres mais pas exactement o\u00f9 ils atterriront.<\/p>\n","protected":false},"excerpt":{"rendered":"<p>L\u2019aff\u00fbt Power Hunter de GHG est parfait pour la chasse \u00e0 l&#8217;oie dans les champs. Restez couvert avec le meilleur angle d\u2019attaque\u00a0!<\/p>\n","protected":false},"featured_media":29414,"template":"","meta":[],"product_brand":[8123],"product_cat":[8161],"product_tag":[9446,9235],"yoast_head":"<!-- This site is optimized with the Yoast SEO plugin v24.3 - https:\/\/yoast.com\/wordpress\/plugins\/seo\/ -->\n<title>GHG Power Hunter Layout Blind Green Head Gear | Lucky Hunter<\/title>\n<meta name=\"description\" content=\"This GHG Power Hunter Blind has the brand new Blades camouflage, that is particularly suitable for stubble, grass or reeds areas.\" \/>\n<meta name=\"robots\" content=\"noindex, follow, max-snippet:-1, max-image-preview:large, max-video-preview:-1\" \/>\n<meta property=\"og:locale\" content=\"fr_FR\" \/>\n<meta property=\"og:type\" content=\"article\" \/>\n<meta property=\"og:title\" content=\"GHG Power Hunter Layout Blind Green Head Gear | Lucky Hunter\" \/>\n<meta property=\"og:description\" content=\"This GHG Power Hunter Blind has the brand new Blades camouflage, that is particularly suitable for stubble, grass or reeds areas.\" \/>\n<meta property=\"og:url\" content=\"https:\/\/staging.lucky-hunter.com\/product\/ghg-power-hunter\/\" \/>\n<meta property=\"og:site_name\" content=\"Lucky-Hunter\" \/>\n<meta property=\"article:modified_time\" content=\"2022-11-16T12:27:23+00:00\" \/>\n<meta property=\"og:image\" content=\"https:\/\/staging.lucky-hunter.com\/wp-content\/uploads\/2016\/11\/LS-10.png\" \/>\n\t<meta property=\"og:image:width\" content=\"1000\" \/>\n\t<meta property=\"og:image:height\" content=\"1000\" \/>\n\t<meta property=\"og:image:type\" content=\"image\/png\" \/>\n<meta name=\"twitter:card\" content=\"summary_large_image\" \/>\n<meta name=\"twitter:title\" content=\"GHG Power Hunter Layout Blind Green Head Gear | Lucky Hunter\" \/>\n<meta name=\"twitter:description\" content=\"This GHG Power Hunter Blind has the brand new Blades camouflage, that is particularly suitable for stubble, grass or reeds areas.\" \/>\n<meta name=\"twitter:label1\" content=\"Dur\u00e9e de lecture estim\u00e9e\" \/>\n\t<meta name=\"twitter:data1\" content=\"1 minute\" \/>\n<script type=\"application\/ld+json\" class=\"yoast-schema-graph\">{\"@context\":\"https:\/\/schema.org\",\"@graph\":[{\"@type\":\"WebPage\",\"@id\":\"https:\/\/staging.lucky-hunter.com\/product\/ghg-power-hunter\/\",\"url\":\"https:\/\/staging.lucky-hunter.com\/product\/ghg-power-hunter\/\",\"name\":\"GHG Power Hunter Layout Blind Green Head Gear | Lucky Hunter\",\"isPartOf\":{\"@id\":\"https:\/\/staging.lucky-hunter.com\/#website\"},\"primaryImageOfPage\":{\"@id\":\"https:\/\/staging.lucky-hunter.com\/product\/ghg-power-hunter\/#primaryimage\"},\"image\":{\"@id\":\"https:\/\/staging.lucky-hunter.com\/product\/ghg-power-hunter\/#primaryimage\"},\"thumbnailUrl\":\"https:\/\/staging.lucky-hunter.com\/wp-content\/uploads\/2016\/11\/LS-10.png\",\"datePublished\":\"2016-11-07T15:09:51+00:00\",\"dateModified\":\"2022-11-16T12:27:23+00:00\",\"description\":\"This GHG Power Hunter Blind has the brand new Blades camouflage, that is particularly suitable for stubble, grass or reeds areas.\",\"breadcrumb\":{\"@id\":\"https:\/\/staging.lucky-hunter.com\/product\/ghg-power-hunter\/#breadcrumb\"},\"inLanguage\":\"fr-FR\",\"potentialAction\":[{\"@type\":\"ReadAction\",\"target\":[\"https:\/\/staging.lucky-hunter.com\/product\/ghg-power-hunter\/\"]}]},{\"@type\":\"ImageObject\",\"inLanguage\":\"fr-FR\",\"@id\":\"https:\/\/staging.lucky-hunter.com\/product\/ghg-power-hunter\/#primaryimage\",\"url\":\"https:\/\/staging.lucky-hunter.com\/wp-content\/uploads\/2016\/11\/LS-10.png\",\"contentUrl\":\"https:\/\/staging.lucky-hunter.com\/wp-content\/uploads\/2016\/11\/LS-10.png\",\"width\":1000,\"height\":1000},{\"@type\":\"BreadcrumbList\",\"@id\":\"https:\/\/staging.lucky-hunter.com\/product\/ghg-power-hunter\/#breadcrumb\",\"itemListElement\":[{\"@type\":\"ListItem\",\"position\":1,\"name\":\"Home\",\"item\":\"https:\/\/staging.lucky-hunter.com\/fr\/\"},{\"@type\":\"ListItem\",\"position\":2,\"name\":\"Boutique\",\"item\":\"https:\/\/staging.lucky-hunter.com\/fr\/shop\/\"},{\"@type\":\"ListItem\",\"position\":3,\"name\":\"Aff\u00fbt Power Hunter GHG\"}]},{\"@type\":\"WebSite\",\"@id\":\"https:\/\/staging.lucky-hunter.com\/#website\",\"url\":\"https:\/\/staging.lucky-hunter.com\/\",\"name\":\"Lucky-Hunter\",\"description\":\"Gear Up or Give Up\",\"potentialAction\":[{\"@type\":\"SearchAction\",\"target\":{\"@type\":\"EntryPoint\",\"urlTemplate\":\"https:\/\/staging.lucky-hunter.com\/?s={search_term_string}\"},\"query-input\":{\"@type\":\"PropertyValueSpecification\",\"valueRequired\":true,\"valueName\":\"search_term_string\"}}],\"inLanguage\":\"fr-FR\"}]}<\/script>\n<!-- \/ Yoast SEO plugin. -->","yoast_head_json":{"title":"GHG Power Hunter Layout Blind Green Head Gear | Lucky Hunter","description":"This GHG Power Hunter Blind has the brand new Blades camouflage, that is particularly suitable for stubble, grass or reeds areas.","robots":{"index":"noindex","follow":"follow","max-snippet":"max-snippet:-1","max-image-preview":"max-image-preview:large","max-video-preview":"max-video-preview:-1"},"og_locale":"fr_FR","og_type":"article","og_title":"GHG Power Hunter Layout Blind Green Head Gear | Lucky Hunter","og_description":"This GHG Power Hunter Blind has the brand new Blades camouflage, that is particularly suitable for stubble, grass or reeds areas.","og_url":"https:\/\/staging.lucky-hunter.com\/product\/ghg-power-hunter\/","og_site_name":"Lucky-Hunter","article_modified_time":"2022-11-16T12:27:23+00:00","og_image":[{"width":1000,"height":1000,"url":"https:\/\/staging.lucky-hunter.com\/wp-content\/uploads\/2016\/11\/LS-10.png","type":"image\/png"}],"twitter_card":"summary_large_image","twitter_title":"GHG Power Hunter Layout Blind Green Head Gear | Lucky Hunter","twitter_description":"This GHG Power Hunter Blind has the brand new Blades camouflage, that is particularly suitable for stubble, grass or reeds areas.","twitter_misc":{"Dur\u00e9e de lecture estim\u00e9e":"1 minute"},"schema":{"@context":"https:\/\/schema.org","@graph":[{"@type":"WebPage","@id":"https:\/\/staging.lucky-hunter.com\/product\/ghg-power-hunter\/","url":"https:\/\/staging.lucky-hunter.com\/product\/ghg-power-hunter\/","name":"GHG Power Hunter Layout Blind Green Head Gear | Lucky Hunter","isPartOf":{"@id":"https:\/\/staging.lucky-hunter.com\/#website"},"primaryImageOfPage":{"@id":"https:\/\/staging.lucky-hunter.com\/product\/ghg-power-hunter\/#primaryimage"},"image":{"@id":"https:\/\/staging.lucky-hunter.com\/product\/ghg-power-hunter\/#primaryimage"},"thumbnailUrl":"https:\/\/staging.lucky-hunter.com\/wp-content\/uploads\/2016\/11\/LS-10.png","datePublished":"2016-11-07T15:09:51+00:00","dateModified":"2022-11-16T12:27:23+00:00","description":"This GHG Power Hunter Blind has the brand new Blades camouflage, that is particularly suitable for stubble, grass or reeds areas.","breadcrumb":{"@id":"https:\/\/staging.lucky-hunter.com\/product\/ghg-power-hunter\/#breadcrumb"},"inLanguage":"fr-FR","potentialAction":[{"@type":"ReadAction","target":["https:\/\/staging.lucky-hunter.com\/product\/ghg-power-hunter\/"]}]},{"@type":"ImageObject","inLanguage":"fr-FR","@id":"https:\/\/staging.lucky-hunter.com\/product\/ghg-power-hunter\/#primaryimage","url":"https:\/\/staging.lucky-hunter.com\/wp-content\/uploads\/2016\/11\/LS-10.png","contentUrl":"https:\/\/staging.lucky-hunter.com\/wp-content\/uploads\/2016\/11\/LS-10.png","width":1000,"height":1000},{"@type":"BreadcrumbList","@id":"https:\/\/staging.lucky-hunter.com\/product\/ghg-power-hunter\/#breadcrumb","itemListElement":[{"@type":"ListItem","position":1,"name":"Home","item":"https:\/\/staging.lucky-hunter.com\/fr\/"},{"@type":"ListItem","position":2,"name":"Boutique","item":"https:\/\/staging.lucky-hunter.com\/fr\/shop\/"},{"@type":"ListItem","position":3,"name":"Aff\u00fbt Power Hunter GHG"}]},{"@type":"WebSite","@id":"https:\/\/staging.lucky-hunter.com\/#website","url":"https:\/\/staging.lucky-hunter.com\/","name":"Lucky-Hunter","description":"Gear Up or Give Up","potentialAction":[{"@type":"SearchAction","target":{"@type":"EntryPoint","urlTemplate":"https:\/\/staging.lucky-hunter.com\/?s={search_term_string}"},"query-input":{"@type":"PropertyValueSpecification","valueRequired":true,"valueName":"search_term_string"}}],"inLanguage":"fr-FR"}]}},"_links":{"self":[{"href":"https:\/\/staging.lucky-hunter.com\/fr\/wp-json\/wp\/v2\/product\/31444"}],"collection":[{"href":"https:\/\/staging.lucky-hunter.com\/fr\/wp-json\/wp\/v2\/product"}],"about":[{"href":"https:\/\/staging.lucky-hunter.com\/fr\/wp-json\/wp\/v2\/types\/product"}],"wp:featuredmedia":[{"embeddable":true,"href":"https:\/\/staging.lucky-hunter.com\/fr\/wp-json\/wp\/v2\/media\/29414"}],"wp:attachment":[{"href":"https:\/\/staging.lucky-hunter.com\/fr\/wp-json\/wp\/v2\/media?parent=31444"}],"wp:term":[{"taxonomy":"product_brand","embeddable":true,"href":"https:\/\/staging.lucky-hunter.com\/fr\/wp-json\/wp\/v2\/product_brand?post=31444"},{"taxonomy":"product_cat","embeddable":true,"href":"https:\/\/staging.lucky-hunter.com\/fr\/wp-json\/wp\/v2\/product_cat?post=31444"},{"taxonomy":"product_tag","embeddable":true,"href":"https:\/\/staging.lucky-hunter.com\/fr\/wp-json\/wp\/v2\/product_tag?post=31444"}],"curies":[{"name":"wp","href":"https:\/\/api.w.org\/{rel}","templated":true}]}}