{"id":31443,"date":"2016-11-07T16:23:42","date_gmt":"2016-11-07T15:23:42","guid":{"rendered":"https:\/\/staging.lucky-hunter.com\/product\/game-call-lanyard\/"},"modified":"2025-07-01T15:37:40","modified_gmt":"2025-07-01T13:37:40","slug":"longe-dappeau-de-gibier-pour-5-appeaux","status":"publish","type":"product","link":"https:\/\/staging.lucky-hunter.com\/fr\/product\/longe-dappeau-de-gibier-pour-5-appeaux\/","title":{"rendered":"Longe d&#8217;appeau de gibier"},"content":{"rendered":"<h2><strong>Longe de qualit\u00e9 pour vos appeaux de gibier<\/strong><\/h2>\n<p>Avec notre longe, vous pouvez passer rapidement d&#8217;un appeau de gibier \u00e0 l&#8217;autre en un clin d&#8217;\u0153il.<\/p>\n<p>La longe est d&#8217;une tr\u00e8s belle qualit\u00e9, en nylon r\u00e9sistant aux intemp\u00e9ries. Le large tour de cou tress\u00e9 offre un confort suppl\u00e9mentaire.<\/p>\n<p>Le remplacement et l&#8217;installation de vos appeaux de gibier dans les boucles s&#8217;effectuent facilement et rapidement.<\/p>\n<p>Peut accueillir 5 appeaux de gibier.<\/p>\n<p>La longe de qualit\u00e9 la moins ch\u00e8re du march\u00e9.<\/p>\n","protected":false},"excerpt":{"rendered":"<p>Avec notre longe, vous pouvez passer rapidement d&#8217;un appeau de gibier \u00e0 l&#8217;autre en un clin d&#8217;\u0153il. La longe est de tr\u00e8s bonne qualit\u00e9 et peut accueillir 5 appeaux.<\/p>\n","protected":false},"featured_media":29039,"template":"","meta":[],"product_brand":[],"product_cat":[9343],"product_tag":[],"yoast_head":"<!-- This site is optimized with the Yoast SEO plugin v24.3 - https:\/\/yoast.com\/wordpress\/plugins\/seo\/ -->\n<title>Longe d&#039;appeau de gibier pour 5 appeaux.<\/title>\n<meta name=\"description\" content=\"Avec notre longe, vous pouvez passer rapidement d&#039;un appeau de gibier \u00e0 l&#039;autre en un clin d&#039;\u0153il. La longe est d&#039;une tr\u00e8s belle qualit\u00e9.\" \/>\n<meta name=\"robots\" content=\"noindex, follow, max-snippet:-1, max-image-preview:large, max-video-preview:-1\" \/>\n<meta property=\"og:locale\" content=\"fr_FR\" \/>\n<meta property=\"og:type\" content=\"article\" \/>\n<meta property=\"og:title\" content=\"Longe d&#039;appeau de gibier pour 5 appeaux.\" \/>\n<meta property=\"og:description\" content=\"Avec notre longe, vous pouvez passer rapidement d&#039;un appeau de gibier \u00e0 l&#039;autre en un clin d&#039;\u0153il. La longe est d&#039;une tr\u00e8s belle qualit\u00e9.\" \/>\n<meta property=\"og:url\" content=\"https:\/\/staging.lucky-hunter.com\/fr\/product\/longe-dappeau-de-gibier-pour-5-appeaux\/\" \/>\n<meta property=\"og:site_name\" content=\"Lucky-Hunter\" \/>\n<meta property=\"article:modified_time\" content=\"2025-07-01T13:37:40+00:00\" \/>\n<meta property=\"og:image\" content=\"https:\/\/staging.lucky-hunter.com\/wp-content\/uploads\/2017\/06\/LK-250.png\" \/>\n\t<meta property=\"og:image:width\" content=\"1000\" \/>\n\t<meta property=\"og:image:height\" content=\"1000\" \/>\n\t<meta property=\"og:image:type\" content=\"image\/png\" \/>\n<meta name=\"twitter:card\" content=\"summary_large_image\" \/>\n<meta name=\"twitter:label1\" content=\"Dur\u00e9e de lecture estim\u00e9e\" \/>\n\t<meta name=\"twitter:data1\" content=\"1 minute\" \/>\n<script type=\"application\/ld+json\" class=\"yoast-schema-graph\">{\"@context\":\"https:\/\/schema.org\",\"@graph\":[{\"@type\":\"WebPage\",\"@id\":\"https:\/\/staging.lucky-hunter.com\/fr\/product\/longe-dappeau-de-gibier-pour-5-appeaux\/\",\"url\":\"https:\/\/staging.lucky-hunter.com\/fr\/product\/longe-dappeau-de-gibier-pour-5-appeaux\/\",\"name\":\"Longe d'appeau de gibier pour 5 appeaux.\",\"isPartOf\":{\"@id\":\"https:\/\/staging.lucky-hunter.com\/#website\"},\"primaryImageOfPage\":{\"@id\":\"https:\/\/staging.lucky-hunter.com\/fr\/product\/longe-dappeau-de-gibier-pour-5-appeaux\/#primaryimage\"},\"image\":{\"@id\":\"https:\/\/staging.lucky-hunter.com\/fr\/product\/longe-dappeau-de-gibier-pour-5-appeaux\/#primaryimage\"},\"thumbnailUrl\":\"https:\/\/staging.lucky-hunter.com\/wp-content\/uploads\/2017\/06\/LK-250.png\",\"datePublished\":\"2016-11-07T15:23:42+00:00\",\"dateModified\":\"2025-07-01T13:37:40+00:00\",\"description\":\"Avec notre longe, vous pouvez passer rapidement d'un appeau de gibier \u00e0 l'autre en un clin d'\u0153il. La longe est d'une tr\u00e8s belle qualit\u00e9.\",\"breadcrumb\":{\"@id\":\"https:\/\/staging.lucky-hunter.com\/fr\/product\/longe-dappeau-de-gibier-pour-5-appeaux\/#breadcrumb\"},\"inLanguage\":\"fr-FR\",\"potentialAction\":[{\"@type\":\"ReadAction\",\"target\":[\"https:\/\/staging.lucky-hunter.com\/fr\/product\/longe-dappeau-de-gibier-pour-5-appeaux\/\"]}]},{\"@type\":\"ImageObject\",\"inLanguage\":\"fr-FR\",\"@id\":\"https:\/\/staging.lucky-hunter.com\/fr\/product\/longe-dappeau-de-gibier-pour-5-appeaux\/#primaryimage\",\"url\":\"https:\/\/staging.lucky-hunter.com\/wp-content\/uploads\/2017\/06\/LK-250.png\",\"contentUrl\":\"https:\/\/staging.lucky-hunter.com\/wp-content\/uploads\/2017\/06\/LK-250.png\",\"width\":1000,\"height\":1000},{\"@type\":\"BreadcrumbList\",\"@id\":\"https:\/\/staging.lucky-hunter.com\/fr\/product\/longe-dappeau-de-gibier-pour-5-appeaux\/#breadcrumb\",\"itemListElement\":[{\"@type\":\"ListItem\",\"position\":1,\"name\":\"Home\",\"item\":\"https:\/\/staging.lucky-hunter.com\/fr\/\"},{\"@type\":\"ListItem\",\"position\":2,\"name\":\"Boutique\",\"item\":\"https:\/\/staging.lucky-hunter.com\/fr\/shop\/\"},{\"@type\":\"ListItem\",\"position\":3,\"name\":\"Longe d&#8217;appeau de gibier\"}]},{\"@type\":\"WebSite\",\"@id\":\"https:\/\/staging.lucky-hunter.com\/#website\",\"url\":\"https:\/\/staging.lucky-hunter.com\/\",\"name\":\"Lucky-Hunter\",\"description\":\"Gear Up or Give Up\",\"potentialAction\":[{\"@type\":\"SearchAction\",\"target\":{\"@type\":\"EntryPoint\",\"urlTemplate\":\"https:\/\/staging.lucky-hunter.com\/?s={search_term_string}\"},\"query-input\":{\"@type\":\"PropertyValueSpecification\",\"valueRequired\":true,\"valueName\":\"search_term_string\"}}],\"inLanguage\":\"fr-FR\"}]}<\/script>\n<!-- \/ Yoast SEO plugin. -->","yoast_head_json":{"title":"Longe d'appeau de gibier pour 5 appeaux.","description":"Avec notre longe, vous pouvez passer rapidement d'un appeau de gibier \u00e0 l'autre en un clin d'\u0153il. La longe est d'une tr\u00e8s belle qualit\u00e9.","robots":{"index":"noindex","follow":"follow","max-snippet":"max-snippet:-1","max-image-preview":"max-image-preview:large","max-video-preview":"max-video-preview:-1"},"og_locale":"fr_FR","og_type":"article","og_title":"Longe d'appeau de gibier pour 5 appeaux.","og_description":"Avec notre longe, vous pouvez passer rapidement d'un appeau de gibier \u00e0 l'autre en un clin d'\u0153il. La longe est d'une tr\u00e8s belle qualit\u00e9.","og_url":"https:\/\/staging.lucky-hunter.com\/fr\/product\/longe-dappeau-de-gibier-pour-5-appeaux\/","og_site_name":"Lucky-Hunter","article_modified_time":"2025-07-01T13:37:40+00:00","og_image":[{"width":1000,"height":1000,"url":"https:\/\/staging.lucky-hunter.com\/wp-content\/uploads\/2017\/06\/LK-250.png","type":"image\/png"}],"twitter_card":"summary_large_image","twitter_misc":{"Dur\u00e9e de lecture estim\u00e9e":"1 minute"},"schema":{"@context":"https:\/\/schema.org","@graph":[{"@type":"WebPage","@id":"https:\/\/staging.lucky-hunter.com\/fr\/product\/longe-dappeau-de-gibier-pour-5-appeaux\/","url":"https:\/\/staging.lucky-hunter.com\/fr\/product\/longe-dappeau-de-gibier-pour-5-appeaux\/","name":"Longe d'appeau de gibier pour 5 appeaux.","isPartOf":{"@id":"https:\/\/staging.lucky-hunter.com\/#website"},"primaryImageOfPage":{"@id":"https:\/\/staging.lucky-hunter.com\/fr\/product\/longe-dappeau-de-gibier-pour-5-appeaux\/#primaryimage"},"image":{"@id":"https:\/\/staging.lucky-hunter.com\/fr\/product\/longe-dappeau-de-gibier-pour-5-appeaux\/#primaryimage"},"thumbnailUrl":"https:\/\/staging.lucky-hunter.com\/wp-content\/uploads\/2017\/06\/LK-250.png","datePublished":"2016-11-07T15:23:42+00:00","dateModified":"2025-07-01T13:37:40+00:00","description":"Avec notre longe, vous pouvez passer rapidement d'un appeau de gibier \u00e0 l'autre en un clin d'\u0153il. La longe est d'une tr\u00e8s belle qualit\u00e9.","breadcrumb":{"@id":"https:\/\/staging.lucky-hunter.com\/fr\/product\/longe-dappeau-de-gibier-pour-5-appeaux\/#breadcrumb"},"inLanguage":"fr-FR","potentialAction":[{"@type":"ReadAction","target":["https:\/\/staging.lucky-hunter.com\/fr\/product\/longe-dappeau-de-gibier-pour-5-appeaux\/"]}]},{"@type":"ImageObject","inLanguage":"fr-FR","@id":"https:\/\/staging.lucky-hunter.com\/fr\/product\/longe-dappeau-de-gibier-pour-5-appeaux\/#primaryimage","url":"https:\/\/staging.lucky-hunter.com\/wp-content\/uploads\/2017\/06\/LK-250.png","contentUrl":"https:\/\/staging.lucky-hunter.com\/wp-content\/uploads\/2017\/06\/LK-250.png","width":1000,"height":1000},{"@type":"BreadcrumbList","@id":"https:\/\/staging.lucky-hunter.com\/fr\/product\/longe-dappeau-de-gibier-pour-5-appeaux\/#breadcrumb","itemListElement":[{"@type":"ListItem","position":1,"name":"Home","item":"https:\/\/staging.lucky-hunter.com\/fr\/"},{"@type":"ListItem","position":2,"name":"Boutique","item":"https:\/\/staging.lucky-hunter.com\/fr\/shop\/"},{"@type":"ListItem","position":3,"name":"Longe d&#8217;appeau de gibier"}]},{"@type":"WebSite","@id":"https:\/\/staging.lucky-hunter.com\/#website","url":"https:\/\/staging.lucky-hunter.com\/","name":"Lucky-Hunter","description":"Gear Up or Give Up","potentialAction":[{"@type":"SearchAction","target":{"@type":"EntryPoint","urlTemplate":"https:\/\/staging.lucky-hunter.com\/?s={search_term_string}"},"query-input":{"@type":"PropertyValueSpecification","valueRequired":true,"valueName":"search_term_string"}}],"inLanguage":"fr-FR"}]}},"_links":{"self":[{"href":"https:\/\/staging.lucky-hunter.com\/fr\/wp-json\/wp\/v2\/product\/31443"}],"collection":[{"href":"https:\/\/staging.lucky-hunter.com\/fr\/wp-json\/wp\/v2\/product"}],"about":[{"href":"https:\/\/staging.lucky-hunter.com\/fr\/wp-json\/wp\/v2\/types\/product"}],"wp:featuredmedia":[{"embeddable":true,"href":"https:\/\/staging.lucky-hunter.com\/fr\/wp-json\/wp\/v2\/media\/29039"}],"wp:attachment":[{"href":"https:\/\/staging.lucky-hunter.com\/fr\/wp-json\/wp\/v2\/media?parent=31443"}],"wp:term":[{"taxonomy":"product_brand","embeddable":true,"href":"https:\/\/staging.lucky-hunter.com\/fr\/wp-json\/wp\/v2\/product_brand?post=31443"},{"taxonomy":"product_cat","embeddable":true,"href":"https:\/\/staging.lucky-hunter.com\/fr\/wp-json\/wp\/v2\/product_cat?post=31443"},{"taxonomy":"product_tag","embeddable":true,"href":"https:\/\/staging.lucky-hunter.com\/fr\/wp-json\/wp\/v2\/product_tag?post=31443"}],"curies":[{"name":"wp","href":"https:\/\/api.w.org\/{rel}","templated":true}]}}