{"id":31402,"date":"2022-01-06T16:08:32","date_gmt":"2022-01-06T15:08:32","guid":{"rendered":"https:\/\/staging.lucky-hunter.com\/product\/the-natural-double-reed-call-for-mallards-and-black-ducks\/"},"modified":"2025-06-24T14:55:06","modified_gmt":"2025-06-24T12:55:06","slug":"appeau-de-colvert-a-anche-double-mick-lacy","status":"publish","type":"product","link":"https:\/\/staging.lucky-hunter.com\/fr\/product\/appeau-de-colvert-a-anche-double-mick-lacy\/","title":{"rendered":"Appeau de colvert \u00e0 anche double Mick Lacy"},"content":{"rendered":"<h2><strong><em>The Natural<\/em> &#8211; Appeau \u00e0 anche double pour colverts et canards noirs<\/strong><\/h2>\n<p>Cet appeau \u00e0 colvert, le plus vendu ,vous offre le meilleur des deux mondes\u00a0!<\/p>\n<p>Il \u00e9limine les grincements et les cris ind\u00e9sirables que l&#8217;on trouve parfois dans les appeaux \u00e0 anche unique, mais permet le tintement aigu pour lequel les anches simples sont c\u00e9l\u00e8bres.<\/p>\n<p>Les appeaux sont capables d\u2019\u00e9mettre des sons doux les jours calmes.<\/p>\n<p>Accord\u00e9 \u00e0 la main.<\/p>\n<p><strong>Indications sugg\u00e9r\u00e9es\u00a0:<\/strong><\/p>\n<ul>\n<li>Tenez l&#8217;appeau entre le pouce et l&#8217;index d&#8217;une main<\/li>\n<li>Utilisez votre autre main pour cr\u00e9er une caisse de r\u00e9sonance<\/li>\n<li>Pour imiter l&#8217;appel du colvert, soufflez les mots <em>\u00ab\u00a0hout, hout, hout\u00a0\u00bb<\/em> 4 \u00e0 6 fois<\/li>\n<li>La premi\u00e8re note est tenue pendant 2 secondes, suivie de 4 \u00e0 5 autres notes ex\u00e9cut\u00e9es en diminuant la dur\u00e9e de chacune d&#8217;entre elles<\/li>\n<li>Pour imiter le couac du colvert, soufflez les mots <em>\u00ab\u00a0hout, hout, hout\u00a0\u00bb<\/em> 2 \u00e0 4 fois<\/li>\n<li>L&#8217;appeau d&#8217;alimentation peut \u00eatre cr\u00e9\u00e9 en soufflant les mots <em>\u00ab\u00a0ticket, ticket\u00a0\u00bb<\/em> \u00e0 plusieurs reprises pour cr\u00e9er une s\u00e9rie de notes rapides<\/li>\n<li>Pour imiter un canard noir, vous devez souffler les notes en grognant en utilisant votre gorge pour donner un son plus profond.<\/li>\n<\/ul>\n","protected":false},"excerpt":{"rendered":"<p><em>The Natural<\/em> &#8211; Appeau \u00e0 anche double pour colverts et canards noirs. Cet appeau \u00e0 colvert, le plus vendu ,vous offre le meilleur des deux mondes\u00a0!<\/p>\n","protected":false},"featured_media":1516821,"template":"","meta":[],"product_brand":[8131],"product_cat":[8167],"product_tag":[9235],"yoast_head":"<!-- This site is optimized with the Yoast SEO plugin v24.3 - https:\/\/yoast.com\/wordpress\/plugins\/seo\/ -->\n<title>Appeau de colvert \u00e0 anche double Mick Lacy<\/title>\n<meta name=\"description\" content=\"The Natural - Appeau \u00e0 anche double pour colverts et canards noirs. Cet appeau \u00e0 colvert, le plus vendu ,vous offre le meilleur des deux mondes\u00a0!\" \/>\n<meta name=\"robots\" content=\"noindex, follow, max-snippet:-1, max-image-preview:large, max-video-preview:-1\" \/>\n<meta property=\"og:locale\" content=\"fr_FR\" \/>\n<meta property=\"og:type\" content=\"article\" \/>\n<meta property=\"og:title\" content=\"Appeau de colvert \u00e0 anche double Mick Lacy\" \/>\n<meta property=\"og:description\" content=\"The Natural - Appeau \u00e0 anche double pour colverts et canards noirs. Cet appeau \u00e0 colvert, le plus vendu ,vous offre le meilleur des deux mondes\u00a0!\" \/>\n<meta property=\"og:url\" content=\"https:\/\/staging.lucky-hunter.com\/fr\/product\/appeau-de-colvert-a-anche-double-mick-lacy\/\" \/>\n<meta property=\"og:site_name\" content=\"Lucky-Hunter\" \/>\n<meta property=\"article:modified_time\" content=\"2025-06-24T12:55:06+00:00\" \/>\n<meta property=\"og:image\" content=\"https:\/\/staging.lucky-hunter.com\/wp-content\/uploads\/2022\/01\/IMG_7664-removebg-e1758618233160.png\" \/>\n\t<meta property=\"og:image:width\" content=\"3024\" \/>\n\t<meta property=\"og:image:height\" content=\"4032\" \/>\n\t<meta property=\"og:image:type\" content=\"image\/png\" \/>\n<meta name=\"twitter:card\" content=\"summary_large_image\" \/>\n<meta name=\"twitter:label1\" content=\"Dur\u00e9e de lecture estim\u00e9e\" \/>\n\t<meta name=\"twitter:data1\" content=\"2 minutes\" \/>\n<script type=\"application\/ld+json\" class=\"yoast-schema-graph\">{\"@context\":\"https:\/\/schema.org\",\"@graph\":[{\"@type\":\"WebPage\",\"@id\":\"https:\/\/staging.lucky-hunter.com\/fr\/product\/appeau-de-colvert-a-anche-double-mick-lacy\/\",\"url\":\"https:\/\/staging.lucky-hunter.com\/fr\/product\/appeau-de-colvert-a-anche-double-mick-lacy\/\",\"name\":\"Appeau de colvert \u00e0 anche double Mick Lacy\",\"isPartOf\":{\"@id\":\"https:\/\/staging.lucky-hunter.com\/#website\"},\"primaryImageOfPage\":{\"@id\":\"https:\/\/staging.lucky-hunter.com\/fr\/product\/appeau-de-colvert-a-anche-double-mick-lacy\/#primaryimage\"},\"image\":{\"@id\":\"https:\/\/staging.lucky-hunter.com\/fr\/product\/appeau-de-colvert-a-anche-double-mick-lacy\/#primaryimage\"},\"thumbnailUrl\":\"https:\/\/staging.lucky-hunter.com\/wp-content\/uploads\/2022\/01\/IMG_7664-removebg-e1758618233160.png\",\"datePublished\":\"2022-01-06T15:08:32+00:00\",\"dateModified\":\"2025-06-24T12:55:06+00:00\",\"description\":\"The Natural - Appeau \u00e0 anche double pour colverts et canards noirs. Cet appeau \u00e0 colvert, le plus vendu ,vous offre le meilleur des deux mondes\u00a0!\",\"breadcrumb\":{\"@id\":\"https:\/\/staging.lucky-hunter.com\/fr\/product\/appeau-de-colvert-a-anche-double-mick-lacy\/#breadcrumb\"},\"inLanguage\":\"fr-FR\",\"potentialAction\":[{\"@type\":\"ReadAction\",\"target\":[\"https:\/\/staging.lucky-hunter.com\/fr\/product\/appeau-de-colvert-a-anche-double-mick-lacy\/\"]}]},{\"@type\":\"ImageObject\",\"inLanguage\":\"fr-FR\",\"@id\":\"https:\/\/staging.lucky-hunter.com\/fr\/product\/appeau-de-colvert-a-anche-double-mick-lacy\/#primaryimage\",\"url\":\"https:\/\/staging.lucky-hunter.com\/wp-content\/uploads\/2022\/01\/IMG_7664-removebg-e1758618233160.png\",\"contentUrl\":\"https:\/\/staging.lucky-hunter.com\/wp-content\/uploads\/2022\/01\/IMG_7664-removebg-e1758618233160.png\",\"width\":3024,\"height\":4032},{\"@type\":\"BreadcrumbList\",\"@id\":\"https:\/\/staging.lucky-hunter.com\/fr\/product\/appeau-de-colvert-a-anche-double-mick-lacy\/#breadcrumb\",\"itemListElement\":[{\"@type\":\"ListItem\",\"position\":1,\"name\":\"Home\",\"item\":\"https:\/\/staging.lucky-hunter.com\/fr\/\"},{\"@type\":\"ListItem\",\"position\":2,\"name\":\"Boutique\",\"item\":\"https:\/\/staging.lucky-hunter.com\/fr\/shop\/\"},{\"@type\":\"ListItem\",\"position\":3,\"name\":\"Appeau de colvert \u00e0 anche double Mick Lacy\"}]},{\"@type\":\"WebSite\",\"@id\":\"https:\/\/staging.lucky-hunter.com\/#website\",\"url\":\"https:\/\/staging.lucky-hunter.com\/\",\"name\":\"Lucky-Hunter\",\"description\":\"Gear Up or Give Up\",\"potentialAction\":[{\"@type\":\"SearchAction\",\"target\":{\"@type\":\"EntryPoint\",\"urlTemplate\":\"https:\/\/staging.lucky-hunter.com\/?s={search_term_string}\"},\"query-input\":{\"@type\":\"PropertyValueSpecification\",\"valueRequired\":true,\"valueName\":\"search_term_string\"}}],\"inLanguage\":\"fr-FR\"}]}<\/script>\n<!-- \/ Yoast SEO plugin. -->","yoast_head_json":{"title":"Appeau de colvert \u00e0 anche double Mick Lacy","description":"The Natural - Appeau \u00e0 anche double pour colverts et canards noirs. Cet appeau \u00e0 colvert, le plus vendu ,vous offre le meilleur des deux mondes\u00a0!","robots":{"index":"noindex","follow":"follow","max-snippet":"max-snippet:-1","max-image-preview":"max-image-preview:large","max-video-preview":"max-video-preview:-1"},"og_locale":"fr_FR","og_type":"article","og_title":"Appeau de colvert \u00e0 anche double Mick Lacy","og_description":"The Natural - Appeau \u00e0 anche double pour colverts et canards noirs. Cet appeau \u00e0 colvert, le plus vendu ,vous offre le meilleur des deux mondes\u00a0!","og_url":"https:\/\/staging.lucky-hunter.com\/fr\/product\/appeau-de-colvert-a-anche-double-mick-lacy\/","og_site_name":"Lucky-Hunter","article_modified_time":"2025-06-24T12:55:06+00:00","og_image":[{"url":"https:\/\/staging.lucky-hunter.com\/wp-content\/uploads\/2022\/01\/IMG_7664-removebg-e1758618233160.png","width":3024,"height":4032,"type":"image\/png"}],"twitter_card":"summary_large_image","twitter_misc":{"Dur\u00e9e de lecture estim\u00e9e":"2 minutes"},"schema":{"@context":"https:\/\/schema.org","@graph":[{"@type":"WebPage","@id":"https:\/\/staging.lucky-hunter.com\/fr\/product\/appeau-de-colvert-a-anche-double-mick-lacy\/","url":"https:\/\/staging.lucky-hunter.com\/fr\/product\/appeau-de-colvert-a-anche-double-mick-lacy\/","name":"Appeau de colvert \u00e0 anche double Mick Lacy","isPartOf":{"@id":"https:\/\/staging.lucky-hunter.com\/#website"},"primaryImageOfPage":{"@id":"https:\/\/staging.lucky-hunter.com\/fr\/product\/appeau-de-colvert-a-anche-double-mick-lacy\/#primaryimage"},"image":{"@id":"https:\/\/staging.lucky-hunter.com\/fr\/product\/appeau-de-colvert-a-anche-double-mick-lacy\/#primaryimage"},"thumbnailUrl":"https:\/\/staging.lucky-hunter.com\/wp-content\/uploads\/2022\/01\/IMG_7664-removebg-e1758618233160.png","datePublished":"2022-01-06T15:08:32+00:00","dateModified":"2025-06-24T12:55:06+00:00","description":"The Natural - Appeau \u00e0 anche double pour colverts et canards noirs. Cet appeau \u00e0 colvert, le plus vendu ,vous offre le meilleur des deux mondes\u00a0!","breadcrumb":{"@id":"https:\/\/staging.lucky-hunter.com\/fr\/product\/appeau-de-colvert-a-anche-double-mick-lacy\/#breadcrumb"},"inLanguage":"fr-FR","potentialAction":[{"@type":"ReadAction","target":["https:\/\/staging.lucky-hunter.com\/fr\/product\/appeau-de-colvert-a-anche-double-mick-lacy\/"]}]},{"@type":"ImageObject","inLanguage":"fr-FR","@id":"https:\/\/staging.lucky-hunter.com\/fr\/product\/appeau-de-colvert-a-anche-double-mick-lacy\/#primaryimage","url":"https:\/\/staging.lucky-hunter.com\/wp-content\/uploads\/2022\/01\/IMG_7664-removebg-e1758618233160.png","contentUrl":"https:\/\/staging.lucky-hunter.com\/wp-content\/uploads\/2022\/01\/IMG_7664-removebg-e1758618233160.png","width":3024,"height":4032},{"@type":"BreadcrumbList","@id":"https:\/\/staging.lucky-hunter.com\/fr\/product\/appeau-de-colvert-a-anche-double-mick-lacy\/#breadcrumb","itemListElement":[{"@type":"ListItem","position":1,"name":"Home","item":"https:\/\/staging.lucky-hunter.com\/fr\/"},{"@type":"ListItem","position":2,"name":"Boutique","item":"https:\/\/staging.lucky-hunter.com\/fr\/shop\/"},{"@type":"ListItem","position":3,"name":"Appeau de colvert \u00e0 anche double Mick Lacy"}]},{"@type":"WebSite","@id":"https:\/\/staging.lucky-hunter.com\/#website","url":"https:\/\/staging.lucky-hunter.com\/","name":"Lucky-Hunter","description":"Gear Up or Give Up","potentialAction":[{"@type":"SearchAction","target":{"@type":"EntryPoint","urlTemplate":"https:\/\/staging.lucky-hunter.com\/?s={search_term_string}"},"query-input":{"@type":"PropertyValueSpecification","valueRequired":true,"valueName":"search_term_string"}}],"inLanguage":"fr-FR"}]}},"_links":{"self":[{"href":"https:\/\/staging.lucky-hunter.com\/fr\/wp-json\/wp\/v2\/product\/31402"}],"collection":[{"href":"https:\/\/staging.lucky-hunter.com\/fr\/wp-json\/wp\/v2\/product"}],"about":[{"href":"https:\/\/staging.lucky-hunter.com\/fr\/wp-json\/wp\/v2\/types\/product"}],"wp:featuredmedia":[{"embeddable":true,"href":"https:\/\/staging.lucky-hunter.com\/fr\/wp-json\/wp\/v2\/media\/1516821"}],"wp:attachment":[{"href":"https:\/\/staging.lucky-hunter.com\/fr\/wp-json\/wp\/v2\/media?parent=31402"}],"wp:term":[{"taxonomy":"product_brand","embeddable":true,"href":"https:\/\/staging.lucky-hunter.com\/fr\/wp-json\/wp\/v2\/product_brand?post=31402"},{"taxonomy":"product_cat","embeddable":true,"href":"https:\/\/staging.lucky-hunter.com\/fr\/wp-json\/wp\/v2\/product_cat?post=31402"},{"taxonomy":"product_tag","embeddable":true,"href":"https:\/\/staging.lucky-hunter.com\/fr\/wp-json\/wp\/v2\/product_tag?post=31402"}],"curies":[{"name":"wp","href":"https:\/\/api.w.org\/{rel}","templated":true}]}}