{"id":31399,"date":"2020-06-11T15:29:56","date_gmt":"2020-06-11T13:29:56","guid":{"rendered":"https:\/\/staging.lucky-hunter.com\/product\/ghg-foam-filled-red-head-ducks-2\/"},"modified":"2022-11-16T09:36:04","modified_gmt":"2022-11-16T08:36:04","slug":"ghg-foam-filled-red-head-ducks","status":"publish","type":"product","link":"https:\/\/staging.lucky-hunter.com\/fr\/product\/ghg-foam-filled-red-head-ducks\/","title":{"rendered":"Fuligule \u00e0 t\u00eate rouge GHG remplis de mousse"},"content":{"rendered":"<p><iframe title=\"GHG Redhead | Foam filled duck decoys\" width=\"1020\" height=\"574\" src=\"https:\/\/www.youtube.com\/embed\/HhrnQjV6p68?wmode=transparent&amp;rel=0&amp;feature=oembed&#038;enablejsapi=1&#038;origin=https:\/\/staging.lucky-hunter.com\" frameborder=\"0\" allow=\"accelerometer; autoplay; clipboard-write; encrypted-media; gyroscope; picture-in-picture\" allowfullscreen><\/iframe><\/p>\n<h1><strong>Leurres GHG pour le chasseur de canard passionn\u00e9<\/strong><\/h1>\n<p>Les nouveaux fuligules \u00e0 t\u00eate rouge de l\u2019am\u00e9ricain GHG sont vraiment superbes et d\u00e9montre clairement pourquoi GHG est l&#8217;un des fabricants les plus reconnus du secteur.<\/p>\n<p>Vous obtenez une bo\u00eete de 6 malards surdimensionn\u00e9s pour assurer une meilleure visibilit\u00e9 pour les canards en vol.<\/p>\n<p>Le mat\u00e9riau est un plastique poly\u00e9thyl\u00e8ne ultra-r\u00e9sistant qui peut durer de nombreuses ann\u00e9es d&#8217;utilisation, et bien s\u00fbr, les sculpteurs et concepteurs de GHG ont travaill\u00e9 dur pour recr\u00e9er les d\u00e9tails et l\u2019anatomie r\u00e9aliste des plumes.<\/p>\n<p>Les leurres de fuligule \u00e0 t\u00eate rouge sont dot\u00e9s d\u2019une quille lest\u00e9e qui assure un flottement sans faille sur l&#8217;eau.<\/p>\n<p><strong>Informations sur les fuligules \u00e0 t\u00eate rouge\u00a0:<\/strong><\/p>\n<p>Le fuligule \u00e0 t\u00eate rouge (Aythya americana) est un canard plongeur de taille moyenne qui se distingue facilement des autres canards par la t\u00eate cuivr\u00e9e du m\u00e2le et son bec bleu vif pendant la saison de reproduction.<\/p>\n<p>Son habitat est constitu\u00e9 de petites zones humides semi-permanentes dans un pays non bois\u00e9 o\u00f9 l&#8217;eau est suffisamment profonde pour fournir une v\u00e9g\u00e9tation \u00e9mergente dense. Lors de l&#8217;hivernage, les rousses se d\u00e9placent vers de vastes \u00e9tendues d&#8217;eau pr\u00e8s de la c\u00f4te qui sont prot\u00e9g\u00e9es de l&#8217;action des vagues, mais peuvent \u00e9galement \u00eatre trouv\u00e9es dans des r\u00e9servoirs, des lacs, des zones humides de playa, des deltas de rivi\u00e8res d&#8217;eau douce, des marais c\u00f4tiers, des estuaires et des baies.<\/p>\n","protected":false},"excerpt":{"rendered":"<p>Les nouveaux leurres de canard roux surdimensionn\u00e9s GHG sont moul\u00e9s \u00e0 partir de sculptures originales de classe mondiale et produits avec des d\u00e9tails de plumes et une anatomie parfaits.<\/p>\n","protected":false},"featured_media":30395,"template":"","meta":[],"product_brand":[8125],"product_cat":[8187],"product_tag":[9235],"yoast_head":"<!-- This site is optimized with the Yoast SEO plugin v24.3 - https:\/\/yoast.com\/wordpress\/plugins\/seo\/ -->\n<title>GHG Foam filled Redhead Ducks - New GHG decoys for the passionate duck hunter. Lucky-hunter.com<\/title>\n<meta name=\"description\" content=\"The New GHG Over Size Redhead Duck Decoys are molded from original world-class carvings and produced with perfect feather details and anatomy.\" \/>\n<meta name=\"robots\" content=\"noindex, follow, max-snippet:-1, max-image-preview:large, max-video-preview:-1\" \/>\n<meta property=\"og:locale\" content=\"fr_FR\" \/>\n<meta property=\"og:type\" content=\"article\" \/>\n<meta property=\"og:title\" content=\"GHG Foam filled Redhead Ducks - New GHG decoys for the passionate duck hunter. Lucky-hunter.com\" \/>\n<meta property=\"og:description\" content=\"The New GHG Over Size Redhead Duck Decoys are molded from original world-class carvings and produced with perfect feather details and anatomy.\" \/>\n<meta property=\"og:url\" content=\"https:\/\/staging.lucky-hunter.com\/fr\/product\/ghg-foam-filled-red-head-ducks\/\" \/>\n<meta property=\"og:site_name\" content=\"Lucky-Hunter\" \/>\n<meta property=\"article:modified_time\" content=\"2022-11-16T08:36:04+00:00\" \/>\n<meta property=\"og:image\" content=\"https:\/\/staging.lucky-hunter.com\/wp-content\/uploads\/2020\/06\/lf-515_002.png\" \/>\n\t<meta property=\"og:image:width\" content=\"1000\" \/>\n\t<meta property=\"og:image:height\" content=\"1000\" \/>\n\t<meta property=\"og:image:type\" content=\"image\/png\" \/>\n<meta name=\"twitter:card\" content=\"summary_large_image\" \/>\n<meta name=\"twitter:label1\" content=\"Dur\u00e9e de lecture estim\u00e9e\" \/>\n\t<meta name=\"twitter:data1\" content=\"2 minutes\" \/>\n<script type=\"application\/ld+json\" class=\"yoast-schema-graph\">{\"@context\":\"https:\/\/schema.org\",\"@graph\":[{\"@type\":\"WebPage\",\"@id\":\"https:\/\/staging.lucky-hunter.com\/fr\/product\/ghg-foam-filled-red-head-ducks\/\",\"url\":\"https:\/\/staging.lucky-hunter.com\/fr\/product\/ghg-foam-filled-red-head-ducks\/\",\"name\":\"GHG Foam filled Redhead Ducks - New GHG decoys for the passionate duck hunter. Lucky-hunter.com\",\"isPartOf\":{\"@id\":\"https:\/\/staging.lucky-hunter.com\/#website\"},\"primaryImageOfPage\":{\"@id\":\"https:\/\/staging.lucky-hunter.com\/fr\/product\/ghg-foam-filled-red-head-ducks\/#primaryimage\"},\"image\":{\"@id\":\"https:\/\/staging.lucky-hunter.com\/fr\/product\/ghg-foam-filled-red-head-ducks\/#primaryimage\"},\"thumbnailUrl\":\"https:\/\/staging.lucky-hunter.com\/wp-content\/uploads\/2020\/06\/lf-515_002.png\",\"datePublished\":\"2020-06-11T13:29:56+00:00\",\"dateModified\":\"2022-11-16T08:36:04+00:00\",\"description\":\"The New GHG Over Size Redhead Duck Decoys are molded from original world-class carvings and produced with perfect feather details and anatomy.\",\"breadcrumb\":{\"@id\":\"https:\/\/staging.lucky-hunter.com\/fr\/product\/ghg-foam-filled-red-head-ducks\/#breadcrumb\"},\"inLanguage\":\"fr-FR\",\"potentialAction\":[{\"@type\":\"ReadAction\",\"target\":[\"https:\/\/staging.lucky-hunter.com\/fr\/product\/ghg-foam-filled-red-head-ducks\/\"]}]},{\"@type\":\"ImageObject\",\"inLanguage\":\"fr-FR\",\"@id\":\"https:\/\/staging.lucky-hunter.com\/fr\/product\/ghg-foam-filled-red-head-ducks\/#primaryimage\",\"url\":\"https:\/\/staging.lucky-hunter.com\/wp-content\/uploads\/2020\/06\/lf-515_002.png\",\"contentUrl\":\"https:\/\/staging.lucky-hunter.com\/wp-content\/uploads\/2020\/06\/lf-515_002.png\",\"width\":1000,\"height\":1000},{\"@type\":\"BreadcrumbList\",\"@id\":\"https:\/\/staging.lucky-hunter.com\/fr\/product\/ghg-foam-filled-red-head-ducks\/#breadcrumb\",\"itemListElement\":[{\"@type\":\"ListItem\",\"position\":1,\"name\":\"Home\",\"item\":\"https:\/\/staging.lucky-hunter.com\/fr\/\"},{\"@type\":\"ListItem\",\"position\":2,\"name\":\"Boutique\",\"item\":\"https:\/\/staging.lucky-hunter.com\/fr\/shop\/\"},{\"@type\":\"ListItem\",\"position\":3,\"name\":\"Fuligule \u00e0 t\u00eate rouge GHG remplis de mousse\"}]},{\"@type\":\"WebSite\",\"@id\":\"https:\/\/staging.lucky-hunter.com\/#website\",\"url\":\"https:\/\/staging.lucky-hunter.com\/\",\"name\":\"Lucky-Hunter\",\"description\":\"Gear Up or Give Up\",\"potentialAction\":[{\"@type\":\"SearchAction\",\"target\":{\"@type\":\"EntryPoint\",\"urlTemplate\":\"https:\/\/staging.lucky-hunter.com\/?s={search_term_string}\"},\"query-input\":{\"@type\":\"PropertyValueSpecification\",\"valueRequired\":true,\"valueName\":\"search_term_string\"}}],\"inLanguage\":\"fr-FR\"}]}<\/script>\n<!-- \/ Yoast SEO plugin. -->","yoast_head_json":{"title":"GHG Foam filled Redhead Ducks - New GHG decoys for the passionate duck hunter. Lucky-hunter.com","description":"The New GHG Over Size Redhead Duck Decoys are molded from original world-class carvings and produced with perfect feather details and anatomy.","robots":{"index":"noindex","follow":"follow","max-snippet":"max-snippet:-1","max-image-preview":"max-image-preview:large","max-video-preview":"max-video-preview:-1"},"og_locale":"fr_FR","og_type":"article","og_title":"GHG Foam filled Redhead Ducks - New GHG decoys for the passionate duck hunter. Lucky-hunter.com","og_description":"The New GHG Over Size Redhead Duck Decoys are molded from original world-class carvings and produced with perfect feather details and anatomy.","og_url":"https:\/\/staging.lucky-hunter.com\/fr\/product\/ghg-foam-filled-red-head-ducks\/","og_site_name":"Lucky-Hunter","article_modified_time":"2022-11-16T08:36:04+00:00","og_image":[{"width":1000,"height":1000,"url":"https:\/\/staging.lucky-hunter.com\/wp-content\/uploads\/2020\/06\/lf-515_002.png","type":"image\/png"}],"twitter_card":"summary_large_image","twitter_misc":{"Dur\u00e9e de lecture estim\u00e9e":"2 minutes"},"schema":{"@context":"https:\/\/schema.org","@graph":[{"@type":"WebPage","@id":"https:\/\/staging.lucky-hunter.com\/fr\/product\/ghg-foam-filled-red-head-ducks\/","url":"https:\/\/staging.lucky-hunter.com\/fr\/product\/ghg-foam-filled-red-head-ducks\/","name":"GHG Foam filled Redhead Ducks - New GHG decoys for the passionate duck hunter. Lucky-hunter.com","isPartOf":{"@id":"https:\/\/staging.lucky-hunter.com\/#website"},"primaryImageOfPage":{"@id":"https:\/\/staging.lucky-hunter.com\/fr\/product\/ghg-foam-filled-red-head-ducks\/#primaryimage"},"image":{"@id":"https:\/\/staging.lucky-hunter.com\/fr\/product\/ghg-foam-filled-red-head-ducks\/#primaryimage"},"thumbnailUrl":"https:\/\/staging.lucky-hunter.com\/wp-content\/uploads\/2020\/06\/lf-515_002.png","datePublished":"2020-06-11T13:29:56+00:00","dateModified":"2022-11-16T08:36:04+00:00","description":"The New GHG Over Size Redhead Duck Decoys are molded from original world-class carvings and produced with perfect feather details and anatomy.","breadcrumb":{"@id":"https:\/\/staging.lucky-hunter.com\/fr\/product\/ghg-foam-filled-red-head-ducks\/#breadcrumb"},"inLanguage":"fr-FR","potentialAction":[{"@type":"ReadAction","target":["https:\/\/staging.lucky-hunter.com\/fr\/product\/ghg-foam-filled-red-head-ducks\/"]}]},{"@type":"ImageObject","inLanguage":"fr-FR","@id":"https:\/\/staging.lucky-hunter.com\/fr\/product\/ghg-foam-filled-red-head-ducks\/#primaryimage","url":"https:\/\/staging.lucky-hunter.com\/wp-content\/uploads\/2020\/06\/lf-515_002.png","contentUrl":"https:\/\/staging.lucky-hunter.com\/wp-content\/uploads\/2020\/06\/lf-515_002.png","width":1000,"height":1000},{"@type":"BreadcrumbList","@id":"https:\/\/staging.lucky-hunter.com\/fr\/product\/ghg-foam-filled-red-head-ducks\/#breadcrumb","itemListElement":[{"@type":"ListItem","position":1,"name":"Home","item":"https:\/\/staging.lucky-hunter.com\/fr\/"},{"@type":"ListItem","position":2,"name":"Boutique","item":"https:\/\/staging.lucky-hunter.com\/fr\/shop\/"},{"@type":"ListItem","position":3,"name":"Fuligule \u00e0 t\u00eate rouge GHG remplis de mousse"}]},{"@type":"WebSite","@id":"https:\/\/staging.lucky-hunter.com\/#website","url":"https:\/\/staging.lucky-hunter.com\/","name":"Lucky-Hunter","description":"Gear Up or Give Up","potentialAction":[{"@type":"SearchAction","target":{"@type":"EntryPoint","urlTemplate":"https:\/\/staging.lucky-hunter.com\/?s={search_term_string}"},"query-input":{"@type":"PropertyValueSpecification","valueRequired":true,"valueName":"search_term_string"}}],"inLanguage":"fr-FR"}]}},"_links":{"self":[{"href":"https:\/\/staging.lucky-hunter.com\/fr\/wp-json\/wp\/v2\/product\/31399"}],"collection":[{"href":"https:\/\/staging.lucky-hunter.com\/fr\/wp-json\/wp\/v2\/product"}],"about":[{"href":"https:\/\/staging.lucky-hunter.com\/fr\/wp-json\/wp\/v2\/types\/product"}],"wp:featuredmedia":[{"embeddable":true,"href":"https:\/\/staging.lucky-hunter.com\/fr\/wp-json\/wp\/v2\/media\/30395"}],"wp:attachment":[{"href":"https:\/\/staging.lucky-hunter.com\/fr\/wp-json\/wp\/v2\/media?parent=31399"}],"wp:term":[{"taxonomy":"product_brand","embeddable":true,"href":"https:\/\/staging.lucky-hunter.com\/fr\/wp-json\/wp\/v2\/product_brand?post=31399"},{"taxonomy":"product_cat","embeddable":true,"href":"https:\/\/staging.lucky-hunter.com\/fr\/wp-json\/wp\/v2\/product_cat?post=31399"},{"taxonomy":"product_tag","embeddable":true,"href":"https:\/\/staging.lucky-hunter.com\/fr\/wp-json\/wp\/v2\/product_tag?post=31399"}],"curies":[{"name":"wp","href":"https:\/\/api.w.org\/{rel}","templated":true}]}}