{"id":31396,"date":"2022-06-16T12:25:46","date_gmt":"2022-06-16T10:25:46","guid":{"rendered":"https:\/\/staging.lucky-hunter.com\/product\/rigem-right-xtreme-ghillie-layout-blind-2\/"},"modified":"2022-11-15T14:48:56","modified_gmt":"2022-11-15T13:48:56","slug":"rigem-right-xtreme-ghillie-layout-blind","status":"publish","type":"product","link":"https:\/\/staging.lucky-hunter.com\/fr\/product\/rigem-right-xtreme-ghillie-layout-blind\/","title":{"rendered":"Aff\u00fbt Rig&#8217;Em Right Xtreme Ghillie"},"content":{"rendered":"<h2><strong>Rig&#8217;Em Right &#8211; \u00c9quipement pour chasseurs de gibier d\u2019eau purs et durs<\/strong><\/h2>\n<div>En mati\u00e8re de chasse au gibier d\u2019eau, se cacher est la premi\u00e8re cl\u00e9 du succ\u00e8s.<\/div>\n<div><\/div>\n<div>Le tout nouvel aff\u00fbt Xtreme Ghillie de Rig&#8217;Em Right\u00ae est le syst\u00e8me de dissimulation le plus efficace jamais con\u00e7u.<\/div>\n<div><\/div>\n<div>Dot\u00e9 de housses Ghillie interchangeables avec de nombreuses lani\u00e8res de chaume pour ajouter de la v\u00e9g\u00e9tation indig\u00e8ne, cet aff\u00fbt \u00e0 profil bas dispara\u00eet pratiquement sur le terrain.<\/div>\n<div><\/div>\n<div>De plus, cet aff\u00fbt est dot\u00e9 du dossier rembourr\u00e9 multicouche et de la housse imperm\u00e9able qui le caract\u00e9risent, pour une chaleur et un confort tout au long de la journ\u00e9e.<\/div>\n<div><\/div>\n<div>La conception unique du cadre offre une installation et un d\u00e9montage ultra-rapides et un rangement dans un espace r\u00e9duit.<\/div>\n<div><\/div>\n<div>Cet aff\u00fbt dispose de beaucoup d&#8217;espace sous l&#8217;appui-t\u00eate pour ranger du mat\u00e9riel suppl\u00e9mentaire &#8211; il s&#8217;agit d&#8217;un aff\u00fbt \u00e0 profil bas qui ne fait aucun compromis sur le confort pour la dissimulation.<\/div>\n<div><\/div>\n<div>Housse en mesh GORE\u00aeOPTIFADE\u00ae incluse.<\/div>\n<div><\/div>\n<div>Housse Field Green et housse Snow vendues s\u00e9par\u00e9ment<\/div>\n<div><\/div>\n<div><strong>Les mesures sont approximatives\u00a0:<\/strong><\/div>\n<ul>\n<li>Longueur\u00a0: 211 cm<\/li>\n<li>Largeur int\u00e9rieure\u00a0: 76 cm<\/li>\n<li>Hauteur appui-t\u00eate\u00a0: 38 cm<\/li>\n<li>Largeur int\u00e9rieure \u00e0 l&#8217;appui-t\u00eate\u00a0: 76 cm<\/li>\n<li>Largeur int\u00e9rieure \u00e0 la semelle\u00a0: 58,5 cm<\/li>\n<li>Hauteur int\u00e9rieure \u00e0 la semelle\u00a0: 33 cm<\/li>\n<li>Pli\u00e9\u00a0: 208 x 25 x 34 cm<\/li>\n<li>Poids\u00a0: 10 kg.<\/li>\n<\/ul>\n<div><strong>Instructions de montage ici\u00a0:\u00a0<\/strong><\/div>\n<div>https:\/\/cdn.shopify.com\/s\/files\/1\/0060\/0801\/2871\/files\/Xtreme_Ghillie_Instructions.pdf?v=1647014003<\/div>\n","protected":false},"excerpt":{"rendered":"<div>Le tout nouvel aff\u00fbt Xtreme Ghillie de Rig&#8217;Em Right\u00ae est le syst\u00e8me de dissimulation le plus efficace jamais con\u00e7u.<\/div>\n<div><\/div>\n","protected":false},"featured_media":55384,"template":"","meta":[],"product_brand":[8127],"product_cat":[8161],"product_tag":[],"yoast_head":"<!-- This site is optimized with the Yoast SEO plugin v24.3 - https:\/\/yoast.com\/wordpress\/plugins\/seo\/ -->\n<title>Aff\u00fbt Rig&#039;Em Right Xtreme Ghillie<\/title>\n<meta name=\"description\" content=\"Le tout nouvel aff\u00fbt Xtreme Ghillie de Rig&#039;Em Right\u00ae est le syst\u00e8me de dissimulation le plus efficace jamais con\u00e7u.\" \/>\n<meta name=\"robots\" content=\"noindex, follow, max-snippet:-1, max-image-preview:large, max-video-preview:-1\" \/>\n<meta property=\"og:locale\" content=\"fr_FR\" \/>\n<meta property=\"og:type\" content=\"article\" \/>\n<meta property=\"og:title\" content=\"Aff\u00fbt Rig&#039;Em Right Xtreme Ghillie\" \/>\n<meta property=\"og:description\" content=\"Le tout nouvel aff\u00fbt Xtreme Ghillie de Rig&#039;Em Right\u00ae est le syst\u00e8me de dissimulation le plus efficace jamais con\u00e7u.\" \/>\n<meta property=\"og:url\" content=\"https:\/\/staging.lucky-hunter.com\/fr\/product\/rigem-right-xtreme-ghillie-layout-blind\/\" \/>\n<meta property=\"og:site_name\" content=\"Lucky-Hunter\" \/>\n<meta property=\"article:modified_time\" content=\"2022-11-15T13:48:56+00:00\" \/>\n<meta property=\"og:image\" content=\"https:\/\/staging.lucky-hunter.com\/wp-content\/uploads\/2022\/06\/LS-219.png\" \/>\n\t<meta property=\"og:image:width\" content=\"1000\" \/>\n\t<meta property=\"og:image:height\" content=\"1000\" \/>\n\t<meta property=\"og:image:type\" content=\"image\/png\" \/>\n<meta name=\"twitter:card\" content=\"summary_large_image\" \/>\n<meta name=\"twitter:label1\" content=\"Dur\u00e9e de lecture estim\u00e9e\" \/>\n\t<meta name=\"twitter:data1\" content=\"1 minute\" \/>\n<script type=\"application\/ld+json\" class=\"yoast-schema-graph\">{\"@context\":\"https:\/\/schema.org\",\"@graph\":[{\"@type\":\"WebPage\",\"@id\":\"https:\/\/staging.lucky-hunter.com\/fr\/product\/rigem-right-xtreme-ghillie-layout-blind\/\",\"url\":\"https:\/\/staging.lucky-hunter.com\/fr\/product\/rigem-right-xtreme-ghillie-layout-blind\/\",\"name\":\"Aff\u00fbt Rig'Em Right Xtreme Ghillie\",\"isPartOf\":{\"@id\":\"https:\/\/staging.lucky-hunter.com\/#website\"},\"primaryImageOfPage\":{\"@id\":\"https:\/\/staging.lucky-hunter.com\/fr\/product\/rigem-right-xtreme-ghillie-layout-blind\/#primaryimage\"},\"image\":{\"@id\":\"https:\/\/staging.lucky-hunter.com\/fr\/product\/rigem-right-xtreme-ghillie-layout-blind\/#primaryimage\"},\"thumbnailUrl\":\"https:\/\/staging.lucky-hunter.com\/wp-content\/uploads\/2022\/06\/LS-219.png\",\"datePublished\":\"2022-06-16T10:25:46+00:00\",\"dateModified\":\"2022-11-15T13:48:56+00:00\",\"description\":\"Le tout nouvel aff\u00fbt Xtreme Ghillie de Rig'Em Right\u00ae est le syst\u00e8me de dissimulation le plus efficace jamais con\u00e7u.\",\"breadcrumb\":{\"@id\":\"https:\/\/staging.lucky-hunter.com\/fr\/product\/rigem-right-xtreme-ghillie-layout-blind\/#breadcrumb\"},\"inLanguage\":\"fr-FR\",\"potentialAction\":[{\"@type\":\"ReadAction\",\"target\":[\"https:\/\/staging.lucky-hunter.com\/fr\/product\/rigem-right-xtreme-ghillie-layout-blind\/\"]}]},{\"@type\":\"ImageObject\",\"inLanguage\":\"fr-FR\",\"@id\":\"https:\/\/staging.lucky-hunter.com\/fr\/product\/rigem-right-xtreme-ghillie-layout-blind\/#primaryimage\",\"url\":\"https:\/\/staging.lucky-hunter.com\/wp-content\/uploads\/2022\/06\/LS-219.png\",\"contentUrl\":\"https:\/\/staging.lucky-hunter.com\/wp-content\/uploads\/2022\/06\/LS-219.png\",\"width\":1000,\"height\":1000},{\"@type\":\"BreadcrumbList\",\"@id\":\"https:\/\/staging.lucky-hunter.com\/fr\/product\/rigem-right-xtreme-ghillie-layout-blind\/#breadcrumb\",\"itemListElement\":[{\"@type\":\"ListItem\",\"position\":1,\"name\":\"Home\",\"item\":\"https:\/\/staging.lucky-hunter.com\/fr\/\"},{\"@type\":\"ListItem\",\"position\":2,\"name\":\"Boutique\",\"item\":\"https:\/\/staging.lucky-hunter.com\/fr\/shop\/\"},{\"@type\":\"ListItem\",\"position\":3,\"name\":\"Aff\u00fbt Rig&#8217;Em Right Xtreme Ghillie\"}]},{\"@type\":\"WebSite\",\"@id\":\"https:\/\/staging.lucky-hunter.com\/#website\",\"url\":\"https:\/\/staging.lucky-hunter.com\/\",\"name\":\"Lucky-Hunter\",\"description\":\"Gear Up or Give Up\",\"potentialAction\":[{\"@type\":\"SearchAction\",\"target\":{\"@type\":\"EntryPoint\",\"urlTemplate\":\"https:\/\/staging.lucky-hunter.com\/?s={search_term_string}\"},\"query-input\":{\"@type\":\"PropertyValueSpecification\",\"valueRequired\":true,\"valueName\":\"search_term_string\"}}],\"inLanguage\":\"fr-FR\"}]}<\/script>\n<!-- \/ Yoast SEO plugin. -->","yoast_head_json":{"title":"Aff\u00fbt Rig'Em Right Xtreme Ghillie","description":"Le tout nouvel aff\u00fbt Xtreme Ghillie de Rig'Em Right\u00ae est le syst\u00e8me de dissimulation le plus efficace jamais con\u00e7u.","robots":{"index":"noindex","follow":"follow","max-snippet":"max-snippet:-1","max-image-preview":"max-image-preview:large","max-video-preview":"max-video-preview:-1"},"og_locale":"fr_FR","og_type":"article","og_title":"Aff\u00fbt Rig'Em Right Xtreme Ghillie","og_description":"Le tout nouvel aff\u00fbt Xtreme Ghillie de Rig'Em Right\u00ae est le syst\u00e8me de dissimulation le plus efficace jamais con\u00e7u.","og_url":"https:\/\/staging.lucky-hunter.com\/fr\/product\/rigem-right-xtreme-ghillie-layout-blind\/","og_site_name":"Lucky-Hunter","article_modified_time":"2022-11-15T13:48:56+00:00","og_image":[{"width":1000,"height":1000,"url":"https:\/\/staging.lucky-hunter.com\/wp-content\/uploads\/2022\/06\/LS-219.png","type":"image\/png"}],"twitter_card":"summary_large_image","twitter_misc":{"Dur\u00e9e de lecture estim\u00e9e":"1 minute"},"schema":{"@context":"https:\/\/schema.org","@graph":[{"@type":"WebPage","@id":"https:\/\/staging.lucky-hunter.com\/fr\/product\/rigem-right-xtreme-ghillie-layout-blind\/","url":"https:\/\/staging.lucky-hunter.com\/fr\/product\/rigem-right-xtreme-ghillie-layout-blind\/","name":"Aff\u00fbt Rig'Em Right Xtreme Ghillie","isPartOf":{"@id":"https:\/\/staging.lucky-hunter.com\/#website"},"primaryImageOfPage":{"@id":"https:\/\/staging.lucky-hunter.com\/fr\/product\/rigem-right-xtreme-ghillie-layout-blind\/#primaryimage"},"image":{"@id":"https:\/\/staging.lucky-hunter.com\/fr\/product\/rigem-right-xtreme-ghillie-layout-blind\/#primaryimage"},"thumbnailUrl":"https:\/\/staging.lucky-hunter.com\/wp-content\/uploads\/2022\/06\/LS-219.png","datePublished":"2022-06-16T10:25:46+00:00","dateModified":"2022-11-15T13:48:56+00:00","description":"Le tout nouvel aff\u00fbt Xtreme Ghillie de Rig'Em Right\u00ae est le syst\u00e8me de dissimulation le plus efficace jamais con\u00e7u.","breadcrumb":{"@id":"https:\/\/staging.lucky-hunter.com\/fr\/product\/rigem-right-xtreme-ghillie-layout-blind\/#breadcrumb"},"inLanguage":"fr-FR","potentialAction":[{"@type":"ReadAction","target":["https:\/\/staging.lucky-hunter.com\/fr\/product\/rigem-right-xtreme-ghillie-layout-blind\/"]}]},{"@type":"ImageObject","inLanguage":"fr-FR","@id":"https:\/\/staging.lucky-hunter.com\/fr\/product\/rigem-right-xtreme-ghillie-layout-blind\/#primaryimage","url":"https:\/\/staging.lucky-hunter.com\/wp-content\/uploads\/2022\/06\/LS-219.png","contentUrl":"https:\/\/staging.lucky-hunter.com\/wp-content\/uploads\/2022\/06\/LS-219.png","width":1000,"height":1000},{"@type":"BreadcrumbList","@id":"https:\/\/staging.lucky-hunter.com\/fr\/product\/rigem-right-xtreme-ghillie-layout-blind\/#breadcrumb","itemListElement":[{"@type":"ListItem","position":1,"name":"Home","item":"https:\/\/staging.lucky-hunter.com\/fr\/"},{"@type":"ListItem","position":2,"name":"Boutique","item":"https:\/\/staging.lucky-hunter.com\/fr\/shop\/"},{"@type":"ListItem","position":3,"name":"Aff\u00fbt Rig&#8217;Em Right Xtreme Ghillie"}]},{"@type":"WebSite","@id":"https:\/\/staging.lucky-hunter.com\/#website","url":"https:\/\/staging.lucky-hunter.com\/","name":"Lucky-Hunter","description":"Gear Up or Give Up","potentialAction":[{"@type":"SearchAction","target":{"@type":"EntryPoint","urlTemplate":"https:\/\/staging.lucky-hunter.com\/?s={search_term_string}"},"query-input":{"@type":"PropertyValueSpecification","valueRequired":true,"valueName":"search_term_string"}}],"inLanguage":"fr-FR"}]}},"_links":{"self":[{"href":"https:\/\/staging.lucky-hunter.com\/fr\/wp-json\/wp\/v2\/product\/31396"}],"collection":[{"href":"https:\/\/staging.lucky-hunter.com\/fr\/wp-json\/wp\/v2\/product"}],"about":[{"href":"https:\/\/staging.lucky-hunter.com\/fr\/wp-json\/wp\/v2\/types\/product"}],"wp:featuredmedia":[{"embeddable":true,"href":"https:\/\/staging.lucky-hunter.com\/fr\/wp-json\/wp\/v2\/media\/55384"}],"wp:attachment":[{"href":"https:\/\/staging.lucky-hunter.com\/fr\/wp-json\/wp\/v2\/media?parent=31396"}],"wp:term":[{"taxonomy":"product_brand","embeddable":true,"href":"https:\/\/staging.lucky-hunter.com\/fr\/wp-json\/wp\/v2\/product_brand?post=31396"},{"taxonomy":"product_cat","embeddable":true,"href":"https:\/\/staging.lucky-hunter.com\/fr\/wp-json\/wp\/v2\/product_cat?post=31396"},{"taxonomy":"product_tag","embeddable":true,"href":"https:\/\/staging.lucky-hunter.com\/fr\/wp-json\/wp\/v2\/product_tag?post=31396"}],"curies":[{"name":"wp","href":"https:\/\/api.w.org\/{rel}","templated":true}]}}